{"id":15736,"date":"2024-06-10T15:49:51","date_gmt":"2024-06-10T07:49:51","guid":{"rendered":"https:\/\/www.vapeswholesaler.com\/?post_type=product&#038;p=15736"},"modified":"2025-03-18T14:43:31","modified_gmt":"2025-03-18T06:43:31","slug":"bang-bc5000-disposable-vape-wholesale","status":"publish","type":"product","link":"https:\/\/www.vapeswholesaler.com\/hu\/termek\/bang-bc5000-disposable-vape-wholesale","title":{"rendered":"Bang BC5000 Eldobhat\u00f3 Vape nagykereskedelem"},"content":{"rendered":"<p><a href=\"https:\/\/www.vapeswholesaler.com\/hu\/product_brand\/bang\/\">Bang<\/a> BC5000 is a nice designed disposable vape, it comes with 13ml eliquid and with 50mg nicotine, it build with 650mah rechargeable battery which can support max 5000 puffs.<\/p>\n<p>Wholesale our Bang BC5000 with the best price and fast shipping!<\/p>\n<h2><strong><a href=\"https:\/\/www.facebook.com\/fred.luo.58\/\">Bang<\/a> BC5000 Box Disposable Vape Quick Detail<\/strong><\/h2>\n<ol>\n<li>Puffs: 5000<\/li>\n<li>Nicotine Salt: 5%<\/li>\n<li>Eliquid Capacity: 13ML<\/li>\n<li>Resistance: 1.2 ohm Mesh<\/li>\n<li>Body Weight: 52g<\/li>\n<li>Carton Size: 52.3*38*28.5cm<\/li>\n<li>Carton Weight: 16.5kg\/ 300 PCS<\/li>\n<li>T\u00f6lt\u0151port: C t\u00edpus<\/li>\n<\/ol>\n<h2><strong>\u00cdzek list\u00e1ja:<\/strong><\/h2>\n<ol>\n<li>K\u00e9k Razz j\u00e9g<\/li>\n<li>\u00c1fonya j\u00e9g<\/li>\n<li>\u00c1fonya citrom<\/li>\n<li>Cola Ice<\/li>\n<li>Energy<\/li>\n<li>Gumimaci<\/li>\n<li>Kiwi Passi\u00f3gy\u00fcm\u00f6lcs Guava<\/li>\n<li>Citromos menta<\/li>\n<li>Mango barack<\/li>\n<li>Orange Juice<\/li>\n<li>Barack j\u00e9g<\/li>\n<li>Barack mang\u00f3 g\u00f6r\u00f6gdinnye<\/li>\n<li>Anan\u00e1sz k\u00f3kusz<\/li>\n<li>Sakura sz\u0151l\u0151<\/li>\n<li>Savany\u00fa alma m\u00e1lna<\/li>\n<li>Eper ban\u00e1n<\/li>\n<li>Eper j\u00e9g<\/li>\n<li>Eper Kiwi<\/li>\n<li>Eper mang\u00f3<\/li>\n<li>Eper g\u00f6r\u00f6gdinnye<\/li>\n<li>H\u00e1romszoros bogy\u00f3s gy\u00fcm\u00f6lcs\u00f6k<\/li>\n<li>Tr\u00f3pusi sziv\u00e1rv\u00e1ny robban\u00e1s<\/li>\n<li>G\u00f6r\u00f6gdinnye r\u00e1g\u00f3gumi<\/li>\n<li>G\u00f6r\u00f6gdinnye j\u00e9g<\/li>\n<\/ol>\n<figure id=\"attachment_15746\" aria-describedby=\"caption-attachment-15746\" style=\"width: 800px\" class=\"wp-caption alignnone\"><img loading=\"lazy\" decoding=\"async\" class=\"wp-image-15746 size-full\" title=\"Bang BC5000 Disposable Vape Wholesale (11)\" src=\"https:\/\/www.vapeswholesaler.com\/wp-content\/uploads\/2024\/06\/Bang-BC5000-Disposable-Vape-Wholesale-11.jpg\" alt=\"Bang BC5000 Disposable Vape Wholesale (11)\" width=\"800\" height=\"800\" srcset=\"https:\/\/www.vapeswholesaler.com\/wp-content\/uploads\/2024\/06\/Bang-BC5000-Disposable-Vape-Wholesale-11.jpg 800w, https:\/\/www.vapeswholesaler.com\/wp-content\/uploads\/2024\/06\/Bang-BC5000-Disposable-Vape-Wholesale-11-300x300.jpg 300w, https:\/\/www.vapeswholesaler.com\/wp-content\/uploads\/2024\/06\/Bang-BC5000-Disposable-Vape-Wholesale-11-150x150.jpg 150w, https:\/\/www.vapeswholesaler.com\/wp-content\/uploads\/2024\/06\/Bang-BC5000-Disposable-Vape-Wholesale-11-768x768.jpg 768w, https:\/\/www.vapeswholesaler.com\/wp-content\/uploads\/2024\/06\/Bang-BC5000-Disposable-Vape-Wholesale-11-12x12.jpg 12w, https:\/\/www.vapeswholesaler.com\/wp-content\/uploads\/2024\/06\/Bang-BC5000-Disposable-Vape-Wholesale-11-247x247.jpg 247w, https:\/\/www.vapeswholesaler.com\/wp-content\/uploads\/2024\/06\/Bang-BC5000-Disposable-Vape-Wholesale-11-510x510.jpg 510w, https:\/\/www.vapeswholesaler.com\/wp-content\/uploads\/2024\/06\/Bang-BC5000-Disposable-Vape-Wholesale-11-100x100.jpg 100w\" sizes=\"auto, (max-width: 800px) 100vw, 800px\" \/><figcaption id=\"caption-attachment-15746\" class=\"wp-caption-text\">Bang BC5000 Eldobhat\u00f3 Vape nagykereskedelem<\/figcaption><\/figure>","protected":false},"excerpt":{"rendered":"<p>Minim\u00e1lis rendel\u00e9si mennyis\u00e9g:\u00a0<strong>50db <\/strong>(\u00cdzek kever\u00e9se)\u00a0\u00a0<strong>Ingyenes sz\u00e1ll\u00edt\u00e1s<\/strong><\/p>\n<p>\uff08<strong>0%\uff0c2%\uff0c3%\uff0c5%<\/strong>\uff09<\/p>","protected":false},"featured_media":15747,"comment_status":"open","ping_status":"closed","template":"","meta":[],"product_cat":[15],"product_tag":[388,391],"class_list":{"0":"post-15736","1":"product","2":"type-product","3":"status-publish","4":"has-post-thumbnail","6":"product_cat-disposable-vape","7":"product_tag-bang","8":"product_tag-5000-puffs","9":"product_brand-bang","11":"first","12":"outofstock","13":"shipping-taxable","14":"purchasable","15":"product-type-variable"},"aioseo_notices":[],"_links":{"self":[{"href":"https:\/\/www.vapeswholesaler.com\/hu\/wp-json\/wp\/v2\/product\/15736","targetHints":{"allow":["GET"]}}],"collection":[{"href":"https:\/\/www.vapeswholesaler.com\/hu\/wp-json\/wp\/v2\/product"}],"about":[{"href":"https:\/\/www.vapeswholesaler.com\/hu\/wp-json\/wp\/v2\/types\/product"}],"replies":[{"embeddable":true,"href":"https:\/\/www.vapeswholesaler.com\/hu\/wp-json\/wp\/v2\/comments?post=15736"}],"wp:featuredmedia":[{"embeddable":true,"href":"https:\/\/www.vapeswholesaler.com\/hu\/wp-json\/wp\/v2\/media\/15747"}],"wp:attachment":[{"href":"https:\/\/www.vapeswholesaler.com\/hu\/wp-json\/wp\/v2\/media?parent=15736"}],"wp:term":[{"taxonomy":"product_cat","embeddable":true,"href":"https:\/\/www.vapeswholesaler.com\/hu\/wp-json\/wp\/v2\/product_cat?post=15736"},{"taxonomy":"product_tag","embeddable":true,"href":"https:\/\/www.vapeswholesaler.com\/hu\/wp-json\/wp\/v2\/product_tag?post=15736"}],"curies":[{"name":"wp","href":"https:\/\/api.w.org\/{rel}","templated":true}]}}