{"id":15512,"date":"2024-05-21T15:21:21","date_gmt":"2024-05-21T15:21:21","guid":{"rendered":"https:\/\/www.vapeswholesaler.com\/?post_type=product&#038;p=15512"},"modified":"2025-11-20T11:23:29","modified_gmt":"2025-11-20T03:23:29","slug":"elf-bar-bc18000-eldobhato-vape-nagykereskedelem","status":"publish","type":"product","link":"https:\/\/www.vapeswholesaler.com\/hu\/termek\/elf-bar-bc18000-eldobhato-vape-nagykereskedelem","title":{"rendered":"Elf Bar BC18000 eldobhat\u00f3 Vape nagykereskedelem"},"content":{"rendered":"<p>Az Elf Bar BC18000 el\u0151ret\u00f6ltve van egy b\u0151s\u00e9ges 25ml e-levekkel, \u00fagy tervezt\u00e9k, hogy hosszabb ideig kiel\u00e9g\u00edtse a p\u00e1rologtat\u00e1si ig\u00e9nyeit. Az 5% nikotintartalom t\u00f6k\u00e9letes egyens\u00falyt teremt az el\u00e9gedetts\u00e9g \u00e9s a simas\u00e1g k\u00f6z\u00f6tt, \u00edgy minden egyes slukk ugyanolyan \u00e9lvezetes, mint az el\u0151z\u0151.<\/p>\n<p>Az Elf Bar BC18000 leny\u0171g\u00f6z\u0151 teljes\u00edtm\u00e9ny\u00e9nek k\u00f6z\u00e9ppontj\u00e1ban egy 650mAh-s \u00fajrat\u00f6lthet\u0151 akkumul\u00e1tor \u00e1ll, amely biztos\u00edtja, hogy a p\u00e1rolg\u00e1s \u00e9lvezete megszak\u00edt\u00e1s n\u00e9lk\u00fcl folytat\u00f3djon. A C t\u00edpus\u00fa t\u00f6lt\u0151port be\u00e9p\u00edt\u00e9se a k\u00e9nyelem cs\u00facs\u00e1t jelenti, amely gyors \u00e9s megb\u00edzhat\u00f3 energia-ut\u00e1np\u00f3tl\u00e1st biztos\u00edt.<\/p>\n<h2>Elf Bar BC18000 puff eldobhat\u00f3 Vape gyors r\u00e9szletek<\/h2>\n<p>M\u00e1rka: Elf Bar<br \/>\nT\u00edpus: BC18000<br \/>\nPuffok: 18000 Puffok<br \/>\nNikotin: 5%<br \/>\nE-juice Kapacit\u00e1s: 25 ML<br \/>\nAkkumul\u00e1tor kapacit\u00e1s: 650mAh ( \u00fajrat\u00f6lthet\u0151 )<br \/>\nT\u00f6lt\u0151port: C t\u00edpus<\/p>\n<h2>Elf Bar BC18000 \u00cdzek list\u00e1ja<\/h2>\n<p>Szeder cseresznye<br \/>\nK\u00e9k Razz j\u00e9g<br \/>\nCherry Lime<br \/>\nSz\u0151l\u0151 \u00e1fonya<br \/>\nSz\u0151l\u0151 j\u00e9g<br \/>\nKiwi Golgotavir\u00e1g Guava<br \/>\nBarack mang\u00f3 g\u00f6r\u00f6gdinnye<br \/>\nAnan\u00e1sz S\u00e1rk\u00e1nygy\u00fcm\u00f6lcs Grapefruit<br \/>\nSavany\u00fa alma<br \/>\nEper ban\u00e1n<br \/>\nEper Kiwi<br \/>\nBorsos menta<br \/>\nG\u00f6r\u00f6gdinnye j\u00e9g<br \/>\nKiwi anan\u00e1sz barack<br \/>\nGrapefruit golgotavir\u00e1g<\/p>\n<h2>Csomagol\u00e1s Tartalom:<\/h2>\n<p>Egyetlen kis csomaggal<br \/>\n10 db k\u00f6zepes dobozban.<br \/>\n200 db kartononk\u00e9nt<\/p>\n<div><\/div>\n<div>\n<h2><strong>A term\u00e9k jellemz\u0151i:<\/strong><\/h2>\n<ul>\n<li><strong>Massz\u00edv Puff sz\u00e1m:<\/strong>\u00a0Ak\u00e1r 18000 f\u00faj\u00e1st biztos\u00edt a tart\u00f3s el\u00e9gedetts\u00e9g \u00e9rdek\u00e9ben.<\/li>\n<li><strong>Nagyvonal\u00fa E-Juice mennyis\u00e9g:<\/strong>\u00a0El\u0151re felt\u00f6ltve 25 ml e-nedvvel a hosszabb p\u00e1rologtat\u00e1sokhoz.<\/li>\n<li><strong>Optim\u00e1lis nikotin er\u0151ss\u00e9g:<\/strong>\u00a05% nikotint tartalmaz a kiegyens\u00falyozott torok\u00fct\u00e9s \u00e9rdek\u00e9ben.<\/li>\n<li><strong>\u00dajrat\u00f6lthet\u0151 akkumul\u00e1tor:<\/strong>\u00a0650mAh-s akkumul\u00e1torral van felszerelve, hogy t\u00e1mogassa a kiterjedt puffsz\u00e1mot.<\/li>\n<li><strong>USB Type-C t\u00f6lt\u00e9s:<\/strong>\u00a0Modern \u00e9s hat\u00e9kony t\u00f6lt\u00e9si lehet\u0151s\u00e9g a minim\u00e1lis \u00e1ll\u00e1sid\u0151 \u00e9rdek\u00e9ben.<\/li>\n<li><strong>Sz\u00e9les \u00edzv\u00e1laszt\u00e9k:<\/strong>\u00a0V\u00e1lasszon a 15 finom \u00edzb\u0151l \u00e1ll\u00f3 sz\u00e9les list\u00e1b\u00f3l.<\/li>\n<\/ul>\n<figure id=\"attachment_15559\" aria-describedby=\"caption-attachment-15559\" style=\"width: 800px\" class=\"wp-caption alignnone\"><img loading=\"lazy\" decoding=\"async\" class=\"wp-image-15559 size-full\" title=\"Elf Bar BC18000 eldobhat\u00f3 vape nagykereskedelem g\u00f6r\u00f6gdinnye j\u00e9g 18000 Puffs\" src=\"https:\/\/www.vapeswholesaler.com\/wp-content\/uploads\/2024\/05\/Elf-Bar-BC18000-Disposable-Vape-Wholesale-Watermelon-Ice-18000-Puffs.jpg\" alt=\"Elf Bar BC18000 eldobhat\u00f3 vape nagykereskedelem g\u00f6r\u00f6gdinnye j\u00e9g 18000 Puffs\" width=\"800\" height=\"800\" srcset=\"https:\/\/www.vapeswholesaler.com\/wp-content\/uploads\/2024\/05\/Elf-Bar-BC18000-Disposable-Vape-Wholesale-Watermelon-Ice-18000-Puffs.jpg 800w, https:\/\/www.vapeswholesaler.com\/wp-content\/uploads\/2024\/05\/Elf-Bar-BC18000-Disposable-Vape-Wholesale-Watermelon-Ice-18000-Puffs-300x300.jpg 300w, https:\/\/www.vapeswholesaler.com\/wp-content\/uploads\/2024\/05\/Elf-Bar-BC18000-Disposable-Vape-Wholesale-Watermelon-Ice-18000-Puffs-150x150.jpg 150w, https:\/\/www.vapeswholesaler.com\/wp-content\/uploads\/2024\/05\/Elf-Bar-BC18000-Disposable-Vape-Wholesale-Watermelon-Ice-18000-Puffs-768x768.jpg 768w, https:\/\/www.vapeswholesaler.com\/wp-content\/uploads\/2024\/05\/Elf-Bar-BC18000-Disposable-Vape-Wholesale-Watermelon-Ice-18000-Puffs-12x12.jpg 12w, https:\/\/www.vapeswholesaler.com\/wp-content\/uploads\/2024\/05\/Elf-Bar-BC18000-Disposable-Vape-Wholesale-Watermelon-Ice-18000-Puffs-247x247.jpg 247w, https:\/\/www.vapeswholesaler.com\/wp-content\/uploads\/2024\/05\/Elf-Bar-BC18000-Disposable-Vape-Wholesale-Watermelon-Ice-18000-Puffs-510x510.jpg 510w, https:\/\/www.vapeswholesaler.com\/wp-content\/uploads\/2024\/05\/Elf-Bar-BC18000-Disposable-Vape-Wholesale-Watermelon-Ice-18000-Puffs-100x100.jpg 100w\" sizes=\"auto, (max-width: 800px) 100vw, 800px\" \/><figcaption id=\"caption-attachment-15559\" class=\"wp-caption-text\">Elf Bar BC18000 eldobhat\u00f3 Vape nagykereskedelem<\/figcaption><\/figure>\n<\/div>","protected":false},"excerpt":{"rendered":"<p>Minim\u00e1lis rendel\u00e9si mennyis\u00e9g: (Mix \u00edzek)\u00a0 <strong>Ingyenes sz\u00e1ll\u00edt\u00e1s<\/strong><\/p>\n<p>\uff08<strong>2%\uff0c5%<\/strong>\uff09<\/p>","protected":false},"featured_media":15559,"comment_status":"open","ping_status":"closed","template":"","meta":[],"product_cat":[15],"product_tag":[],"class_list":{"0":"post-15512","1":"product","2":"type-product","3":"status-publish","4":"has-post-thumbnail","6":"product_cat-disposable-vape","7":"product_brand-elf-bar","9":"first","10":"outofstock","11":"shipping-taxable","12":"purchasable","13":"product-type-variable","14":"has-default-attributes"},"aioseo_notices":[],"_links":{"self":[{"href":"https:\/\/www.vapeswholesaler.com\/hu\/wp-json\/wp\/v2\/product\/15512","targetHints":{"allow":["GET"]}}],"collection":[{"href":"https:\/\/www.vapeswholesaler.com\/hu\/wp-json\/wp\/v2\/product"}],"about":[{"href":"https:\/\/www.vapeswholesaler.com\/hu\/wp-json\/wp\/v2\/types\/product"}],"replies":[{"embeddable":true,"href":"https:\/\/www.vapeswholesaler.com\/hu\/wp-json\/wp\/v2\/comments?post=15512"}],"wp:featuredmedia":[{"embeddable":true,"href":"https:\/\/www.vapeswholesaler.com\/hu\/wp-json\/wp\/v2\/media\/15559"}],"wp:attachment":[{"href":"https:\/\/www.vapeswholesaler.com\/hu\/wp-json\/wp\/v2\/media?parent=15512"}],"wp:term":[{"taxonomy":"product_cat","embeddable":true,"href":"https:\/\/www.vapeswholesaler.com\/hu\/wp-json\/wp\/v2\/product_cat?post=15512"},{"taxonomy":"product_tag","embeddable":true,"href":"https:\/\/www.vapeswholesaler.com\/hu\/wp-json\/wp\/v2\/product_tag?post=15512"}],"curies":[{"name":"wp","href":"https:\/\/api.w.org\/{rel}","templated":true}]}}