{"id":24323,"date":"2025-10-11T20:35:14","date_gmt":"2025-10-11T12:35:14","guid":{"rendered":"https:\/\/www.vapeswholesaler.com\/?post_type=product&#038;p=24323"},"modified":"2025-10-11T20:35:14","modified_gmt":"2025-10-11T12:35:14","slug":"wholesale-waspe-aiviou-6in1-150k-disposable-vape","status":"publish","type":"product","link":"https:\/\/www.vapeswholesaler.com\/fr\/produit\/wholesale-waspe-aiviou-6in1-150k-disposable-vape","title":{"rendered":"Wholesale Waspe Aiviou 6In1 150K Disposable Vape"},"content":{"rendered":"<p><a href=\"https:\/\/www.vapeswholesaler.com\/fr\/marque_du_produit\/guepe\/\">Gu\u00eape<\/a> Aiviou 6in1 150K is our latest recommended disposable vape. Its unique feature allows switching between flavors by rotating the mouthpiece, enabling enjoyment of up to six distinct flavors. The powerful 64ml e-liquid tank delivers approximately 150000 puffs, perfectly addressing the short lifespan common in similar products while saving customers on usage costs.<\/p>\n<p>The device come with1.0ohm * 3 mesh coil ensures a smooth and consistent draw, Powered by a robust 650mAh battery, the Waspe 6in1 delivers ample power to keep you vaping from dawn till dusk. Choose from three nicotine options \u2013 0%, 2%, or 5% \u2013 to suit your preference and vaping needs.<\/p>\n<p>Similarly, the Waspe Aiviou 6in1 150K features the most popular LED display currently available on the market. It clearly and accurately shows battery level and e-liquid usage status, giving the entire product a more premium and user-friendly feel while enhancing its market competitiveness.<\/p>\n<h2><strong>Waspe Aiviou 6In1 150K Details:<\/strong><\/h2>\n<ul>\n<li>Puffs: 150000 Puffs<\/li>\n<li>Mesh Coil: 1.0ohm x 3<\/li>\n<li>E-liquid:64ml<\/li>\n<li>Nicotine:0%\/2%\/5%<\/li>\n<li>Batterie : 650mah<\/li>\n<li>Rechargeable:Type-C<\/li>\n<li>Affichage LED<\/li>\n<li>Product size: 53*46*138mm<\/li>\n<li>Product weight: 140g\/pcs<\/li>\n<\/ul>\n<h2><strong>Ar\u00f4mes disponibles\uff1a<\/strong><\/h2>\n<p>1. Watermelon Ice &amp; Lemon Lime &amp; Lemon Peach<br \/>\n2. Blueberry Ice &amp; Strawberry Kiwi &amp; Cherry Strawberry Ice<br \/>\n3. Red Bull Ice &amp; Raspberry Pomp &amp; Sour Mango Strawberry<br \/>\n4. Strawberry Watermelon &amp; Juicy Peach Ice &amp; Triple Berry Ice<br \/>\n5. Cherry Cola Ice &amp; Strawberry Red Bull Ice &amp; Watermelon Raspberry<br \/>\n6. Grape Ice &amp; Blue Razz Cherry &amp; Strawberry Ice<br \/>\n7. Mixed Berries &amp; Black Dragon Ice &amp; Strawberry Cherry Cola<br \/>\n8. Fizzy Cola Ice &amp; Energy Drink &amp; Cherry Ice<br \/>\n9. Strawberry Banana &amp; Kiwi Watermelon &amp; Coconut Strawberry<br \/>\n10. Red Bull Cola Ice &amp; Strawberry Raspberry Cherry &amp; Blackberry Dragon Fruit<br \/>\n11. Strawberry Watermelon Bubblegum &amp; Sour Mango Ice &amp; Strawberry Grape Ice<br \/>\n12. Melon Passion Fruit &amp; Blackberry Ice &amp; Apple Kiwi<\/p>\n<h2><strong>Liste d'emballage :<\/strong><\/h2>\n<p>1pcs par bo\u00eete individuelle<br \/>\n10 pi\u00e8ces par bo\u00eete de pr\u00e9sentation<br \/>\n160pcs\/ctn<br \/>\nPoids : 23 kg<\/p>\n<figure id=\"attachment_24309\" aria-describedby=\"caption-attachment-24309\" style=\"width: 1000px\" class=\"wp-caption alignnone\"><img loading=\"lazy\" decoding=\"async\" class=\"wp-image-24309 size-full\" title=\"Wholesale Waspe Aiviou 6 In 1 150k Disposable Vape 8\" src=\"https:\/\/www.vapeswholesaler.com\/wp-content\/uploads\/2025\/10\/Wholesale-Waspe-Aiviou-6-In-1-150k-Disposable-Vape-8.webp\" alt=\"Wholesale Waspe Aiviou 6 In 1 150k Disposable Vape 8\" width=\"1000\" height=\"312\" srcset=\"https:\/\/www.vapeswholesaler.com\/wp-content\/uploads\/2025\/10\/Wholesale-Waspe-Aiviou-6-In-1-150k-Disposable-Vape-8.webp 1000w, https:\/\/www.vapeswholesaler.com\/wp-content\/uploads\/2025\/10\/Wholesale-Waspe-Aiviou-6-In-1-150k-Disposable-Vape-8-300x94.webp 300w, https:\/\/www.vapeswholesaler.com\/wp-content\/uploads\/2025\/10\/Wholesale-Waspe-Aiviou-6-In-1-150k-Disposable-Vape-8-768x240.webp 768w, https:\/\/www.vapeswholesaler.com\/wp-content\/uploads\/2025\/10\/Wholesale-Waspe-Aiviou-6-In-1-150k-Disposable-Vape-8-18x6.webp 18w, https:\/\/www.vapeswholesaler.com\/wp-content\/uploads\/2025\/10\/Wholesale-Waspe-Aiviou-6-In-1-150k-Disposable-Vape-8-510x159.webp 510w\" sizes=\"auto, (max-width: 1000px) 100vw, 1000px\" \/><figcaption id=\"caption-attachment-24309\" class=\"wp-caption-text\">Wholesale Waspe Aiviou 6 In 1 150k Disposable Vape<\/figcaption><\/figure>\n<figure id=\"attachment_24310\" aria-describedby=\"caption-attachment-24310\" style=\"width: 1000px\" class=\"wp-caption alignnone\"><img loading=\"lazy\" decoding=\"async\" class=\"wp-image-24310 size-full\" title=\"Wholesale Waspe Aiviou 6 In 1 150k Disposable Vape 9\" src=\"https:\/\/www.vapeswholesaler.com\/wp-content\/uploads\/2025\/10\/Wholesale-Waspe-Aiviou-6-In-1-150k-Disposable-Vape-9.webp\" alt=\"Wholesale Waspe Aiviou 6 In 1 150k Disposable Vape 9\" width=\"1000\" height=\"917\" srcset=\"https:\/\/www.vapeswholesaler.com\/wp-content\/uploads\/2025\/10\/Wholesale-Waspe-Aiviou-6-In-1-150k-Disposable-Vape-9.webp 1000w, https:\/\/www.vapeswholesaler.com\/wp-content\/uploads\/2025\/10\/Wholesale-Waspe-Aiviou-6-In-1-150k-Disposable-Vape-9-300x275.webp 300w, https:\/\/www.vapeswholesaler.com\/wp-content\/uploads\/2025\/10\/Wholesale-Waspe-Aiviou-6-In-1-150k-Disposable-Vape-9-768x704.webp 768w, https:\/\/www.vapeswholesaler.com\/wp-content\/uploads\/2025\/10\/Wholesale-Waspe-Aiviou-6-In-1-150k-Disposable-Vape-9-13x12.webp 13w, https:\/\/www.vapeswholesaler.com\/wp-content\/uploads\/2025\/10\/Wholesale-Waspe-Aiviou-6-In-1-150k-Disposable-Vape-9-510x468.webp 510w\" sizes=\"auto, (max-width: 1000px) 100vw, 1000px\" \/><figcaption id=\"caption-attachment-24310\" class=\"wp-caption-text\">Wholesale Waspe Aiviou 6 In 1 150k Disposable Vape<\/figcaption><\/figure>\n<p>&nbsp;<\/p>\n<p>&nbsp;<\/p>","protected":false},"excerpt":{"rendered":"<p>Quantit\u00e9 minimale de commande :\u00a0<strong>50pcs<\/strong>\u00a0(M\u00e9lange de saveurs)<\/p>\n<p>\uff080%, 2%\uff0c5%\uff09<strong>Livraison gratuite<\/strong><\/p>","protected":false},"featured_media":24312,"comment_status":"open","ping_status":"closed","template":"","meta":[],"product_cat":[15],"product_tag":[442,396,406,441],"class_list":{"0":"post-24323","1":"product","2":"type-product","3":"status-publish","4":"has-post-thumbnail","6":"product_cat-disposable-vape","7":"product_tag-wholesale-waspe-150k","8":"product_tag-disposable-vape","9":"product_tag-vape-wholesale","10":"product_tag-waspe-150k","11":"product_brand-waspe","13":"first","14":"instock","15":"shipping-taxable","16":"purchasable","17":"product-type-variable","18":"has-default-attributes"},"aioseo_notices":[],"_links":{"self":[{"href":"https:\/\/www.vapeswholesaler.com\/fr\/wp-json\/wp\/v2\/product\/24323","targetHints":{"allow":["GET"]}}],"collection":[{"href":"https:\/\/www.vapeswholesaler.com\/fr\/wp-json\/wp\/v2\/product"}],"about":[{"href":"https:\/\/www.vapeswholesaler.com\/fr\/wp-json\/wp\/v2\/types\/product"}],"replies":[{"embeddable":true,"href":"https:\/\/www.vapeswholesaler.com\/fr\/wp-json\/wp\/v2\/comments?post=24323"}],"wp:featuredmedia":[{"embeddable":true,"href":"https:\/\/www.vapeswholesaler.com\/fr\/wp-json\/wp\/v2\/media\/24312"}],"wp:attachment":[{"href":"https:\/\/www.vapeswholesaler.com\/fr\/wp-json\/wp\/v2\/media?parent=24323"}],"wp:term":[{"taxonomy":"product_cat","embeddable":true,"href":"https:\/\/www.vapeswholesaler.com\/fr\/wp-json\/wp\/v2\/product_cat?post=24323"},{"taxonomy":"product_tag","embeddable":true,"href":"https:\/\/www.vapeswholesaler.com\/fr\/wp-json\/wp\/v2\/product_tag?post=24323"}],"curies":[{"name":"wp","href":"https:\/\/api.w.org\/{rel}","templated":true}]}}