{"id":23795,"date":"2025-08-06T15:38:05","date_gmt":"2025-08-06T07:38:05","guid":{"rendered":"https:\/\/www.vapeswholesaler.com\/?post_type=product&#038;p=23795"},"modified":"2026-04-12T21:21:24","modified_gmt":"2026-04-12T13:21:24","slug":"wholesale-happ-bar-gr50000-3-flavors-disposable-vape","status":"publish","type":"product","link":"https:\/\/www.vapeswholesaler.com\/fr\/produit\/wholesale-happ-bar-gr50000-3-flavors-disposable-vape","title":{"rendered":"Wholesale Happ Bar GR50000 3 Flavors Disposable Vape"},"content":{"rendered":"<p><a href=\"https:\/\/www.vapeswholesaler.com\/fr\/marque_du_produit\/joyeux-bar\/\"><strong>Happ Bar<\/strong> <\/a>GR50000 is the latest disposable Vape that can be used for approximately 50000 puffs. The product comes with two 20ml Pre Fill Tanks, with a total capacity of 40ml, and can be switched between three different flavors using the product&#8217;s built-in switch, such as A, AB, and B, allowing our customers to enjoy a more diverse range of flavors and giving the product excellent reviews.<\/p>\n<p>This product has stable performance. We have sold more than 100000 units worldwide and have been recognized by many distributors. It comes with a high-definition electronic display screen that can show the e-liquid consumption and battery power of the product at any time, making it more technologically advanced and intelligent.<\/p>\n<p>The Vape capacity 650 mAh, Also can be support the Type c rechargeable.Our products are well received by our customers and are of high quality. Currently, our European warehouse was opened, which greatly shortens the transportation time and brings our customers a more perfect shopping experience!<\/p>\n<h2><strong>Happ Bar GR50000 Details:<\/strong><\/h2>\n<ul>\n<li>Puffs : 50000 Puffs<\/li>\n<li>Nicotine Content: 2%, 5%<\/li>\n<li>Capacit\u00e9 de la batterie : 650mAh<\/li>\n<li>Rechargeable : Type-C<\/li>\n<li>Liquid Capacity: 20+20ml<\/li>\n<li>R\u00e9sistance : 1,0 ohm<\/li>\n<li>Flavors: 12 Flavors<\/li>\n<\/ul>\n<h2><strong>Saveurs disponibles :<\/strong><\/h2>\n<ol>\n<li>Watermelon Ice &amp; Strawberry Banana<\/li>\n<li>Raisin glac\u00e9 et fraise kiwi<\/li>\n<li>Cola Ice &amp; Fizzy Cherry<\/li>\n<li>Glace \u00e0 la fraise et p\u00eache \u00e0 la mangue Past\u00e8que<\/li>\n<li>Tropical Fruit &amp; Strawberry Watermelon<\/li>\n<li>Red Bull &amp; Cool Mint<\/li>\n<li>Strawberry Vanilla Cola &amp; Pineapple Coconut<\/li>\n<li>Watermelon Raspberry &amp; Love 66<\/li>\n<li>Mr Blue &amp; Lemon Ice<\/li>\n<li>Strawberry Raspberry Cherry &amp; Monster Peach<\/li>\n<li>Black Dragon Ice &amp; Peach Ice<\/li>\n<li>Peach Mango Pineapple &amp; Vanilla Ice<\/li>\n<\/ol>\n<h2><strong>Liste d'emballage :<\/strong><\/h2>\n<p>1pcs each Single box<br \/>\n10 pi\u00e8ces par bo\u00eete centrale<br \/>\n200pcs par carton<\/p>\n<figure id=\"attachment_23776\" aria-describedby=\"caption-attachment-23776\" style=\"width: 1000px\" class=\"wp-caption alignnone\"><img loading=\"lazy\" decoding=\"async\" class=\"wp-image-23776 size-full\" title=\"Wholesale Happ Bar GR50000 3 Flavors Disposable Vape 1\" src=\"https:\/\/www.vapeswholesaler.com\/wp-content\/uploads\/2025\/08\/Wholesale-Happ-Bar-GR50000-3-Flavors-Disposable-Vape-1.webp\" alt=\"Wholesale Happ Bar GR50000 3 Flavors Disposable Vape 1\" width=\"1000\" height=\"495\" srcset=\"https:\/\/www.vapeswholesaler.com\/wp-content\/uploads\/2025\/08\/Wholesale-Happ-Bar-GR50000-3-Flavors-Disposable-Vape-1.webp 1000w, https:\/\/www.vapeswholesaler.com\/wp-content\/uploads\/2025\/08\/Wholesale-Happ-Bar-GR50000-3-Flavors-Disposable-Vape-1-300x149.webp 300w, https:\/\/www.vapeswholesaler.com\/wp-content\/uploads\/2025\/08\/Wholesale-Happ-Bar-GR50000-3-Flavors-Disposable-Vape-1-768x380.webp 768w, https:\/\/www.vapeswholesaler.com\/wp-content\/uploads\/2025\/08\/Wholesale-Happ-Bar-GR50000-3-Flavors-Disposable-Vape-1-18x9.webp 18w, https:\/\/www.vapeswholesaler.com\/wp-content\/uploads\/2025\/08\/Wholesale-Happ-Bar-GR50000-3-Flavors-Disposable-Vape-1-510x252.webp 510w\" sizes=\"auto, (max-width: 1000px) 100vw, 1000px\" \/><figcaption id=\"caption-attachment-23776\" class=\"wp-caption-text\">Wholesale Happ Bar GR50000 3 Flavors Disposable Vape<\/figcaption><\/figure>\n<figure id=\"attachment_23777\" aria-describedby=\"caption-attachment-23777\" style=\"width: 1000px\" class=\"wp-caption alignnone\"><img loading=\"lazy\" decoding=\"async\" class=\"wp-image-23777 size-full\" title=\"Wholesale Happ Bar GR50000 3 Flavors Disposable Vape 2\" src=\"https:\/\/www.vapeswholesaler.com\/wp-content\/uploads\/2025\/08\/Wholesale-Happ-Bar-GR50000-3-Flavors-Disposable-Vape-2.webp\" alt=\"Wholesale Happ Bar GR50000 3 Flavors Disposable Vape 2\" width=\"1000\" height=\"495\" srcset=\"https:\/\/www.vapeswholesaler.com\/wp-content\/uploads\/2025\/08\/Wholesale-Happ-Bar-GR50000-3-Flavors-Disposable-Vape-2.webp 1000w, https:\/\/www.vapeswholesaler.com\/wp-content\/uploads\/2025\/08\/Wholesale-Happ-Bar-GR50000-3-Flavors-Disposable-Vape-2-300x149.webp 300w, https:\/\/www.vapeswholesaler.com\/wp-content\/uploads\/2025\/08\/Wholesale-Happ-Bar-GR50000-3-Flavors-Disposable-Vape-2-768x380.webp 768w, https:\/\/www.vapeswholesaler.com\/wp-content\/uploads\/2025\/08\/Wholesale-Happ-Bar-GR50000-3-Flavors-Disposable-Vape-2-18x9.webp 18w, https:\/\/www.vapeswholesaler.com\/wp-content\/uploads\/2025\/08\/Wholesale-Happ-Bar-GR50000-3-Flavors-Disposable-Vape-2-510x252.webp 510w\" sizes=\"auto, (max-width: 1000px) 100vw, 1000px\" \/><figcaption id=\"caption-attachment-23777\" class=\"wp-caption-text\">Wholesale Happ Bar GR50000 3 Flavors Disposable Vape<\/figcaption><\/figure>\n<figure id=\"attachment_23778\" aria-describedby=\"caption-attachment-23778\" style=\"width: 1000px\" class=\"wp-caption alignnone\"><img loading=\"lazy\" decoding=\"async\" class=\"wp-image-23778 size-full\" title=\"Wholesale Happ Bar GR50000 3 Flavors Disposable Vape 3\" src=\"https:\/\/www.vapeswholesaler.com\/wp-content\/uploads\/2025\/08\/Wholesale-Happ-Bar-GR50000-3-Flavors-Disposable-Vape-3.webp\" alt=\"Wholesale Happ Bar GR50000 3 Flavors Disposable Vape 3\" width=\"1000\" height=\"2012\" srcset=\"https:\/\/www.vapeswholesaler.com\/wp-content\/uploads\/2025\/08\/Wholesale-Happ-Bar-GR50000-3-Flavors-Disposable-Vape-3.webp 1000w, https:\/\/www.vapeswholesaler.com\/wp-content\/uploads\/2025\/08\/Wholesale-Happ-Bar-GR50000-3-Flavors-Disposable-Vape-3-149x300.webp 149w, https:\/\/www.vapeswholesaler.com\/wp-content\/uploads\/2025\/08\/Wholesale-Happ-Bar-GR50000-3-Flavors-Disposable-Vape-3-509x1024.webp 509w, https:\/\/www.vapeswholesaler.com\/wp-content\/uploads\/2025\/08\/Wholesale-Happ-Bar-GR50000-3-Flavors-Disposable-Vape-3-768x1545.webp 768w, https:\/\/www.vapeswholesaler.com\/wp-content\/uploads\/2025\/08\/Wholesale-Happ-Bar-GR50000-3-Flavors-Disposable-Vape-3-763x1536.webp 763w, https:\/\/www.vapeswholesaler.com\/wp-content\/uploads\/2025\/08\/Wholesale-Happ-Bar-GR50000-3-Flavors-Disposable-Vape-3-6x12.webp 6w, https:\/\/www.vapeswholesaler.com\/wp-content\/uploads\/2025\/08\/Wholesale-Happ-Bar-GR50000-3-Flavors-Disposable-Vape-3-510x1026.webp 510w\" sizes=\"auto, (max-width: 1000px) 100vw, 1000px\" \/><figcaption id=\"caption-attachment-23778\" class=\"wp-caption-text\">Wholesale Happ Bar GR50000 3 Flavors Disposable Vape<\/figcaption><\/figure>\n<p>&nbsp;<\/p>\n<p>&nbsp;<\/p>\n<p>&nbsp;<\/p>","protected":false},"excerpt":{"rendered":"<p>Quantit\u00e9 minimale de commande : <strong>50pcs<\/strong> (M\u00e9lange de saveurs) <strong>Livraison gratuite<\/strong><\/p>\n<p>(2%, 5% Nic) <strong>Entrep\u00f4t de l'UE<\/strong> Shipping time 6-7 working days<\/p>","protected":false},"featured_media":23782,"comment_status":"open","ping_status":"closed","template":"","meta":[],"product_cat":[15],"product_tag":[373,366],"class_list":{"0":"post-23795","1":"product","2":"type-product","3":"status-publish","4":"has-post-thumbnail","6":"product_cat-disposable-vape","7":"product_tag-europe-warehouse","8":"product_tag-50000-puffs","9":"product_brand-happ-bar","11":"first","12":"instock","13":"shipping-taxable","14":"purchasable","15":"product-type-variable","16":"has-default-attributes"},"aioseo_notices":[],"_links":{"self":[{"href":"https:\/\/www.vapeswholesaler.com\/fr\/wp-json\/wp\/v2\/product\/23795","targetHints":{"allow":["GET"]}}],"collection":[{"href":"https:\/\/www.vapeswholesaler.com\/fr\/wp-json\/wp\/v2\/product"}],"about":[{"href":"https:\/\/www.vapeswholesaler.com\/fr\/wp-json\/wp\/v2\/types\/product"}],"replies":[{"embeddable":true,"href":"https:\/\/www.vapeswholesaler.com\/fr\/wp-json\/wp\/v2\/comments?post=23795"}],"wp:featuredmedia":[{"embeddable":true,"href":"https:\/\/www.vapeswholesaler.com\/fr\/wp-json\/wp\/v2\/media\/23782"}],"wp:attachment":[{"href":"https:\/\/www.vapeswholesaler.com\/fr\/wp-json\/wp\/v2\/media?parent=23795"}],"wp:term":[{"taxonomy":"product_cat","embeddable":true,"href":"https:\/\/www.vapeswholesaler.com\/fr\/wp-json\/wp\/v2\/product_cat?post=23795"},{"taxonomy":"product_tag","embeddable":true,"href":"https:\/\/www.vapeswholesaler.com\/fr\/wp-json\/wp\/v2\/product_tag?post=23795"}],"curies":[{"name":"wp","href":"https:\/\/api.w.org\/{rel}","templated":true}]}}