{"id":22614,"date":"2025-04-22T12:04:19","date_gmt":"2025-04-22T04:04:19","guid":{"rendered":"https:\/\/www.vapeswholesaler.com\/?post_type=product&#038;p=22614"},"modified":"2025-09-10T16:56:56","modified_gmt":"2025-09-10T08:56:56","slug":"grossiste-mrvi-twins-32000-puffs-jetable-vape","status":"publish","type":"product","link":"https:\/\/www.vapeswholesaler.com\/fr\/produit\/grossiste-mrvi-twins-32000-puffs-jetable-vape","title":{"rendered":"Grossiste Mrvi Twins 32000 bouff\u00e9es Vape jetable"},"content":{"rendered":"<p><a href=\"https:\/\/www.vapeswholesaler.com\/fr\/marque_du_produit\/mrvi\/\">Mrvi<\/a> Twins 32000 puffs est un produit bi-aromatique compos\u00e9 de deux ar\u00f4mes diff\u00e9rents, car il contient deux gobelets de recharge Eliquid de 20 ml, ce qui permet au produit d'atteindre le nombre incroyable de 32 000 bouff\u00e9es et de durer plus d'une semaine. De plus, la technologie innovante de rotation de l'embout pour changer d'ar\u00f4me est simple et facile \u00e0 utiliser, et les clients l'adorent.<\/p>\n<p>Ce produit est \u00e9quip\u00e9 d'une batterie haute capacit\u00e9 550 mAh, plus longue dur\u00e9e de vie, et peut \u00eatre utilis\u00e9 l'interface Type-C pour compl\u00e9ter la charge de l'appareil \u00e0 tout moment et lieu, laissez la technologie changer nos vies, nous offrons actuellement 10 saveurs pour les clients \u00e0 choisir, chaque saveur est recommand\u00e9e, nous avons actuellement deux entrep\u00f4ts \u00e0 exp\u00e9dier, l'entrep\u00f4t europ\u00e9en fournit seulement 5% teneur en nicotine, \u00e0 partir de l'entrep\u00f4t en Chine, vous pouvez choisir entre 2% et 5%, bienvenue \u00e0 \u00eatre nos clients. Nous vous invitons \u00e0 devenir notre partenaire. Nous fournirons le meilleur service possible \u00e0 chacun de nos clients !<\/p>\n<h2><strong>Mrvi Twins 32000 bouff\u00e9es Caract\u00e9ristiques :<\/strong><\/h2>\n<ul>\n<li>Puffs : 32000<\/li>\n<li>Deux saveurs<\/li>\n<li>Capacit\u00e9 E-Liquide : 40ml<\/li>\n<li>Capacit\u00e9 de la batterie : 550mAh<\/li>\n<li>Teneur en nicotine : 2% 5%<\/li>\n<li>Port de charge : Type-C<\/li>\n<li>Bobine \u00e0 double maille<\/li>\n<\/ul>\n<h2><strong>Saveurs :<\/strong><\/h2>\n<ol>\n<li>Glace \u00e0 l'ananas et glace au raisin<\/li>\n<li>Banane glac\u00e9e et fraise kiwi<\/li>\n<li>Glace \u00e0 la mangue et glace \u00e0 l'orange<\/li>\n<li>P\u00eache glac\u00e9e et Red Bull<\/li>\n<li>Glace aux myrtilles et glace aux pommes rouges<\/li>\n<li>Lush Ice &amp; Mixed Berry<\/li>\n<li>Glace \u00e0 la fraise et goutte d'arc-en-ciel<\/li>\n<li>Fizzy Cherry &amp; Blue Razz Ice<\/li>\n<li>Fraise, past\u00e8que et canneberge, raisin<\/li>\n<li>Triple melon et glace<\/li>\n<\/ol>\n<h2><strong>Liste d'emballage :<\/strong><\/h2>\n<p>1pcs each Single box<br \/>\n10 pi\u00e8ces par bo\u00eete centrale<br \/>\n160pcs par carton<\/p>\n<figure id=\"attachment_22600\" aria-describedby=\"caption-attachment-22600\" style=\"width: 1000px\" class=\"wp-caption alignnone\"><img loading=\"lazy\" decoding=\"async\" class=\"wp-image-22600 size-full\" title=\"Grossiste Mrvi Twins 32000 bouff\u00e9es Vape jetable 1\" src=\"https:\/\/www.vapeswholesaler.com\/wp-content\/uploads\/2025\/04\/Wholesale-Mrvi-Twins-32000-puffs-Disposable-Vape-1.webp\" alt=\"Grossiste Mrvi Twins 32000 bouff\u00e9es Vape jetable 1\" width=\"1000\" height=\"1577\" srcset=\"https:\/\/www.vapeswholesaler.com\/wp-content\/uploads\/2025\/04\/Wholesale-Mrvi-Twins-32000-puffs-Disposable-Vape-1.webp 1000w, https:\/\/www.vapeswholesaler.com\/wp-content\/uploads\/2025\/04\/Wholesale-Mrvi-Twins-32000-puffs-Disposable-Vape-1-190x300.webp 190w, https:\/\/www.vapeswholesaler.com\/wp-content\/uploads\/2025\/04\/Wholesale-Mrvi-Twins-32000-puffs-Disposable-Vape-1-649x1024.webp 649w, https:\/\/www.vapeswholesaler.com\/wp-content\/uploads\/2025\/04\/Wholesale-Mrvi-Twins-32000-puffs-Disposable-Vape-1-768x1211.webp 768w, https:\/\/www.vapeswholesaler.com\/wp-content\/uploads\/2025\/04\/Wholesale-Mrvi-Twins-32000-puffs-Disposable-Vape-1-974x1536.webp 974w, https:\/\/www.vapeswholesaler.com\/wp-content\/uploads\/2025\/04\/Wholesale-Mrvi-Twins-32000-puffs-Disposable-Vape-1-8x12.webp 8w, https:\/\/www.vapeswholesaler.com\/wp-content\/uploads\/2025\/04\/Wholesale-Mrvi-Twins-32000-puffs-Disposable-Vape-1-510x804.webp 510w\" sizes=\"auto, (max-width: 1000px) 100vw, 1000px\" \/><figcaption id=\"caption-attachment-22600\" class=\"wp-caption-text\">Grossiste Mrvi Twins 32000 bouff\u00e9es Vape jetable<\/figcaption><\/figure>","protected":false},"excerpt":{"rendered":"<p>Quantit\u00e9 minimale de commande : <strong>100pcs<\/strong> (M\u00e9lange de saveurs) <strong>Livraison gratuite<\/strong><\/p>\n<p>(<strong>5% Nic<\/strong>) D\u00e9lai d'exp\u00e9dition de l'entrep\u00f4t de l'UE 5-6 jours ouvrables<\/p>","protected":false},"featured_media":22611,"comment_status":"open","ping_status":"closed","template":"","meta":[],"product_cat":[15],"product_tag":[369,373,387],"class_list":{"0":"post-22614","1":"product","2":"type-product","3":"status-publish","4":"has-post-thumbnail","6":"product_cat-disposable-vape","7":"product_tag-dual-flavors","8":"product_tag-europe-warehouse","9":"product_tag-mrvi","10":"product_brand-mrvi","12":"first","13":"instock","14":"shipping-taxable","15":"purchasable","16":"product-type-variable","17":"has-default-attributes"},"aioseo_notices":[],"_links":{"self":[{"href":"https:\/\/www.vapeswholesaler.com\/fr\/wp-json\/wp\/v2\/product\/22614","targetHints":{"allow":["GET"]}}],"collection":[{"href":"https:\/\/www.vapeswholesaler.com\/fr\/wp-json\/wp\/v2\/product"}],"about":[{"href":"https:\/\/www.vapeswholesaler.com\/fr\/wp-json\/wp\/v2\/types\/product"}],"replies":[{"embeddable":true,"href":"https:\/\/www.vapeswholesaler.com\/fr\/wp-json\/wp\/v2\/comments?post=22614"}],"wp:featuredmedia":[{"embeddable":true,"href":"https:\/\/www.vapeswholesaler.com\/fr\/wp-json\/wp\/v2\/media\/22611"}],"wp:attachment":[{"href":"https:\/\/www.vapeswholesaler.com\/fr\/wp-json\/wp\/v2\/media?parent=22614"}],"wp:term":[{"taxonomy":"product_cat","embeddable":true,"href":"https:\/\/www.vapeswholesaler.com\/fr\/wp-json\/wp\/v2\/product_cat?post=22614"},{"taxonomy":"product_tag","embeddable":true,"href":"https:\/\/www.vapeswholesaler.com\/fr\/wp-json\/wp\/v2\/product_tag?post=22614"}],"curies":[{"name":"wp","href":"https:\/\/api.w.org\/{rel}","templated":true}]}}