{"id":22077,"date":"2025-03-08T15:56:00","date_gmt":"2025-03-08T07:56:00","guid":{"rendered":"https:\/\/www.vapeswholesaler.com\/?post_type=product&#038;p=22077"},"modified":"2025-05-08T14:44:18","modified_gmt":"2025-05-08T06:44:18","slug":"grossiste-uwin-twins-crystal-40k-jetable-vape","status":"publish","type":"product","link":"https:\/\/www.vapeswholesaler.com\/fr\/produit\/grossiste-uwin-twins-crystal-40k-jetable-vape","title":{"rendered":"Grossiste Vapeur jetable Uwin Twins Crystal 40k"},"content":{"rendered":"<p><a href=\"https:\/\/www.vapeswholesaler.com\/fr\/marque_du_produit\/uwin\/\">Uwin<\/a> Twins Crystal 40k offre une exp\u00e9rience de vapotage prolong\u00e9e, garantissant que chaque inhalation est remplie d'une saveur riche et d'une satisfaction ultime. l'\u00e9cran d'affichage est clair et facile \u00e0 lire, les utilisateurs peuvent surveiller la puissance de la batterie et l'utilisation de l'e-liquide en temps r\u00e9el. il est livr\u00e9 avec un port cobalt type-c rechargeable de 850 mAh, exp\u00e9rimentez jusqu'\u00e0 environ 40000 bouff\u00e9es avec son e-liquide pr\u00e9-rempli de 32 ml \u00e0 haute capacit\u00e9.<\/p>\n<p>Il allie harmonieusement un \u00e9clat m\u00e9tallique \u00e0 une finition acrylique, ergonomique, compacte et \u00e9l\u00e9gante, con\u00e7ue \u00e0 la fois pour le confort et l'esth\u00e9tique, offrant un attrait visuel saisissant. Chaque utilisation offre une exp\u00e9rience sensorielle raffin\u00e9e et unique.<\/p>\n<p>Et ce produit est livr\u00e9 avec 12 sortes de saveurs doubles \u00e0 votre disposition, choisissez parmi une gamme d'options pour correspondre parfaitement \u00e0 votre humeur et am\u00e9liorer votre plaisir de vaping. Bienvenue sur le site de <a href=\"https:\/\/www.vapeswholesaler.com\/fr\/\">vapeswholesaler<\/a> Notre service est agressif et envoie tous les colis de nos clients le plus rapidement possible.<\/p>\n<h2><strong><a href=\"https:\/\/www.facebook.com\/fred.luo.58\/\">Uwin<\/a> Jumeaux Cristal 40k d\u00e9tails :<\/strong><\/h2>\n<ul>\n<li>Nom du mod\u00e8le : Uwin Twins Crystal 40k<\/li>\n<li>0% 2% 3% 5% Nicotine<\/li>\n<li>Puffs:40K<\/li>\n<li>Capacit\u00e9 : 32ml<\/li>\n<li>10*2 saveurs disponibles<\/li>\n<li>850 mAh Port rechargeable au cobalt de type C<\/li>\n<li>Bobine :Bobine de maille<\/li>\n<\/ul>\n<h2><strong>Liste des ar\u00f4mes :<\/strong><\/h2>\n<ol>\n<li>Glace aux myrtilles et glace \u00e0 la p\u00eache d'\u00e9t\u00e9<\/li>\n<li>Kiwi Fruit de la passion Goyave &amp; Myrtille Framboise<\/li>\n<li>Glace fraise, kiwi et raisin<\/li>\n<li>Kiwi, fruit de la passion, goyave et deux pommes<\/li>\n<li>Fraise Past\u00e8que *Citron vert Citron vert<\/li>\n<li>Glace \u00e0 la myrtille, \u00e0 la framboise et \u00e0 la cerise<\/li>\n<li>Fraise Framboise Cerise &amp; Mr Bleu<\/li>\n<li>P\u00eache Mangue Ananas &amp; Red Bull<\/li>\n<li>Glace \u00e0 la past\u00e8que et baies m\u00e9lang\u00e9es<\/li>\n<li>Fraise, banane et amour 66\uff08Passion Fruit Melon Ice\uff09<\/li>\n<\/ol>\n<h2><strong>Liste d'emballage :<\/strong><\/h2>\n<p>1pcs each Single box<br \/>\n10 pi\u00e8ces \/ bo\u00eete<br \/>\n200 pi\u00e8ces par carton<br \/>\nChaque carton : 22,5 kg<\/p>\n<figure id=\"attachment_22058\" aria-describedby=\"caption-attachment-22058\" style=\"width: 1200px\" class=\"wp-caption alignnone\"><img loading=\"lazy\" decoding=\"async\" class=\"wp-image-22058 size-full\" title=\"Vente en gros Uwin Twins Crystal 40k Vape jetable 4\" src=\"https:\/\/www.vapeswholesaler.com\/wp-content\/uploads\/2025\/03\/Wholesale-Uwin-Twins-Crystal-40k-Disposable-Vape-4.webp\" alt=\"Vente en gros Uwin Twins Crystal 40k Vape jetable 4\" width=\"1200\" height=\"1200\" srcset=\"https:\/\/www.vapeswholesaler.com\/wp-content\/uploads\/2025\/03\/Wholesale-Uwin-Twins-Crystal-40k-Disposable-Vape-4.webp 1200w, https:\/\/www.vapeswholesaler.com\/wp-content\/uploads\/2025\/03\/Wholesale-Uwin-Twins-Crystal-40k-Disposable-Vape-4-300x300.webp 300w, https:\/\/www.vapeswholesaler.com\/wp-content\/uploads\/2025\/03\/Wholesale-Uwin-Twins-Crystal-40k-Disposable-Vape-4-1024x1024.webp 1024w, https:\/\/www.vapeswholesaler.com\/wp-content\/uploads\/2025\/03\/Wholesale-Uwin-Twins-Crystal-40k-Disposable-Vape-4-150x150.webp 150w, https:\/\/www.vapeswholesaler.com\/wp-content\/uploads\/2025\/03\/Wholesale-Uwin-Twins-Crystal-40k-Disposable-Vape-4-768x768.webp 768w, https:\/\/www.vapeswholesaler.com\/wp-content\/uploads\/2025\/03\/Wholesale-Uwin-Twins-Crystal-40k-Disposable-Vape-4-12x12.webp 12w, https:\/\/www.vapeswholesaler.com\/wp-content\/uploads\/2025\/03\/Wholesale-Uwin-Twins-Crystal-40k-Disposable-Vape-4-247x247.webp 247w, https:\/\/www.vapeswholesaler.com\/wp-content\/uploads\/2025\/03\/Wholesale-Uwin-Twins-Crystal-40k-Disposable-Vape-4-510x510.webp 510w, https:\/\/www.vapeswholesaler.com\/wp-content\/uploads\/2025\/03\/Wholesale-Uwin-Twins-Crystal-40k-Disposable-Vape-4-100x100.webp 100w\" sizes=\"auto, (max-width: 1200px) 100vw, 1200px\" \/><figcaption id=\"caption-attachment-22058\" class=\"wp-caption-text\">Grossiste Vapeur jetable Uwin Twins Crystal 40k<\/figcaption><\/figure>\n<figure id=\"attachment_22064\" aria-describedby=\"caption-attachment-22064\" style=\"width: 1200px\" class=\"wp-caption alignnone\"><img loading=\"lazy\" decoding=\"async\" class=\"wp-image-22064 size-full\" title=\"Vente en gros Uwin Twins Crystal 40k Vape jetable 10\" src=\"https:\/\/www.vapeswholesaler.com\/wp-content\/uploads\/2025\/03\/Wholesale-Uwin-Twins-Crystal-40k-Disposable-Vape-10.webp\" alt=\"Vente en gros Uwin Twins Crystal 40k Vape jetable 10\" width=\"1200\" height=\"1200\" srcset=\"https:\/\/www.vapeswholesaler.com\/wp-content\/uploads\/2025\/03\/Wholesale-Uwin-Twins-Crystal-40k-Disposable-Vape-10.webp 1200w, https:\/\/www.vapeswholesaler.com\/wp-content\/uploads\/2025\/03\/Wholesale-Uwin-Twins-Crystal-40k-Disposable-Vape-10-300x300.webp 300w, https:\/\/www.vapeswholesaler.com\/wp-content\/uploads\/2025\/03\/Wholesale-Uwin-Twins-Crystal-40k-Disposable-Vape-10-1024x1024.webp 1024w, https:\/\/www.vapeswholesaler.com\/wp-content\/uploads\/2025\/03\/Wholesale-Uwin-Twins-Crystal-40k-Disposable-Vape-10-150x150.webp 150w, https:\/\/www.vapeswholesaler.com\/wp-content\/uploads\/2025\/03\/Wholesale-Uwin-Twins-Crystal-40k-Disposable-Vape-10-768x768.webp 768w, https:\/\/www.vapeswholesaler.com\/wp-content\/uploads\/2025\/03\/Wholesale-Uwin-Twins-Crystal-40k-Disposable-Vape-10-12x12.webp 12w, https:\/\/www.vapeswholesaler.com\/wp-content\/uploads\/2025\/03\/Wholesale-Uwin-Twins-Crystal-40k-Disposable-Vape-10-247x247.webp 247w, https:\/\/www.vapeswholesaler.com\/wp-content\/uploads\/2025\/03\/Wholesale-Uwin-Twins-Crystal-40k-Disposable-Vape-10-510x510.webp 510w, https:\/\/www.vapeswholesaler.com\/wp-content\/uploads\/2025\/03\/Wholesale-Uwin-Twins-Crystal-40k-Disposable-Vape-10-100x100.webp 100w\" sizes=\"auto, (max-width: 1200px) 100vw, 1200px\" \/><figcaption id=\"caption-attachment-22064\" class=\"wp-caption-text\">Grossiste Vapeur jetable Uwin Twins Crystal 40k<\/figcaption><\/figure>\n<figure id=\"attachment_22056\" aria-describedby=\"caption-attachment-22056\" style=\"width: 1200px\" class=\"wp-caption alignnone\"><img loading=\"lazy\" decoding=\"async\" class=\"wp-image-22056 size-full\" title=\"Wholesale Uwin Twins Crystal 40k Disposable Vape 2\" src=\"https:\/\/www.vapeswholesaler.com\/wp-content\/uploads\/2025\/03\/Wholesale-Uwin-Twins-Crystal-40k-Disposable-Vape-2.webp\" alt=\"Wholesale Uwin Twins Crystal 40k Disposable Vape 2\" width=\"1200\" height=\"1358\" srcset=\"https:\/\/www.vapeswholesaler.com\/wp-content\/uploads\/2025\/03\/Wholesale-Uwin-Twins-Crystal-40k-Disposable-Vape-2.webp 1200w, https:\/\/www.vapeswholesaler.com\/wp-content\/uploads\/2025\/03\/Wholesale-Uwin-Twins-Crystal-40k-Disposable-Vape-2-265x300.webp 265w, https:\/\/www.vapeswholesaler.com\/wp-content\/uploads\/2025\/03\/Wholesale-Uwin-Twins-Crystal-40k-Disposable-Vape-2-905x1024.webp 905w, https:\/\/www.vapeswholesaler.com\/wp-content\/uploads\/2025\/03\/Wholesale-Uwin-Twins-Crystal-40k-Disposable-Vape-2-768x869.webp 768w, https:\/\/www.vapeswholesaler.com\/wp-content\/uploads\/2025\/03\/Wholesale-Uwin-Twins-Crystal-40k-Disposable-Vape-2-11x12.webp 11w, https:\/\/www.vapeswholesaler.com\/wp-content\/uploads\/2025\/03\/Wholesale-Uwin-Twins-Crystal-40k-Disposable-Vape-2-510x577.webp 510w\" sizes=\"auto, (max-width: 1200px) 100vw, 1200px\" \/><figcaption id=\"caption-attachment-22056\" class=\"wp-caption-text\">Grossiste Vapeur jetable Uwin Twins Crystal 40k<\/figcaption><\/figure>","protected":false},"excerpt":{"rendered":"<p>Quantit\u00e9 minimale de commande : <strong>50pcs<\/strong>\u00a0(M\u00e9lange d'ar\u00f4mes) Livraison gratuite<\/p>\n<p>(<strong>0%,2%, 3%,5% Nic<\/strong>)<\/p>","protected":false},"featured_media":22055,"comment_status":"open","ping_status":"closed","template":"","meta":[],"product_cat":[15],"product_tag":[365,369,386],"class_list":{"0":"post-22077","1":"product","2":"type-product","3":"status-publish","4":"has-post-thumbnail","6":"product_cat-disposable-vape","7":"product_tag-40000-puffs","8":"product_tag-dual-flavors","9":"product_tag-uwin","10":"product_brand-uwin","12":"first","13":"instock","14":"shipping-taxable","15":"purchasable","16":"product-type-variable","17":"has-default-attributes"},"aioseo_notices":[],"_links":{"self":[{"href":"https:\/\/www.vapeswholesaler.com\/fr\/wp-json\/wp\/v2\/product\/22077","targetHints":{"allow":["GET"]}}],"collection":[{"href":"https:\/\/www.vapeswholesaler.com\/fr\/wp-json\/wp\/v2\/product"}],"about":[{"href":"https:\/\/www.vapeswholesaler.com\/fr\/wp-json\/wp\/v2\/types\/product"}],"replies":[{"embeddable":true,"href":"https:\/\/www.vapeswholesaler.com\/fr\/wp-json\/wp\/v2\/comments?post=22077"}],"wp:featuredmedia":[{"embeddable":true,"href":"https:\/\/www.vapeswholesaler.com\/fr\/wp-json\/wp\/v2\/media\/22055"}],"wp:attachment":[{"href":"https:\/\/www.vapeswholesaler.com\/fr\/wp-json\/wp\/v2\/media?parent=22077"}],"wp:term":[{"taxonomy":"product_cat","embeddable":true,"href":"https:\/\/www.vapeswholesaler.com\/fr\/wp-json\/wp\/v2\/product_cat?post=22077"},{"taxonomy":"product_tag","embeddable":true,"href":"https:\/\/www.vapeswholesaler.com\/fr\/wp-json\/wp\/v2\/product_tag?post=22077"}],"curies":[{"name":"wp","href":"https:\/\/api.w.org\/{rel}","templated":true}]}}