{"id":21843,"date":"2025-02-26T18:49:13","date_gmt":"2025-02-26T10:49:13","guid":{"rendered":"https:\/\/www.vapeswholesaler.com\/?post_type=product&#038;p=21843"},"modified":"2025-04-07T16:05:46","modified_gmt":"2025-04-07T08:05:46","slug":"wholesale-zooy-zero-45000-puffs-disposable-vape-eu-warehosue","status":"publish","type":"product","link":"https:\/\/www.vapeswholesaler.com\/fr\/produit\/wholesale-zooy-zero-45000-puffs-disposable-vape-eu-warehosue","title":{"rendered":"Grossiste ZOOY ZERO 45000 bouff\u00e9es Vape jetable EU Warehosue"},"content":{"rendered":"<p><a href=\"https:\/\/www.vapeswholesaler.com\/fr\/marque_du_produit\/zoologie\/\">ZOOY<\/a> ZERO 45000 Puffs est une toute nouvelle e-cigarette jetable qui pr\u00e9sente un design plein \u00e9cran et peut \u00eatre d\u00e9verrouill\u00e9e par empreinte digitale, ce qui rend le produit propre et hygi\u00e9nique pour une utilisation individuelle.<\/p>\n<p>En outre, les utilisateurs peuvent r\u00e9gler le niveau de glace et le contenu fixe du produit en touchant les boutons sur l'\u00e9cran afin de r\u00e9pondre aux diff\u00e9rentes habitudes des consommateurs, ce qui est plus humain, et notre produit dispose d'un bouton de r\u00e9glage du flux d'air sur le bas, de sorte que si vous souhaitez utiliser une grande saveur de fum\u00e9e, vous pouvez r\u00e9gler le flux d'air pour la rendre plus grande et plus pratique.<\/p>\n<p>Enfin, nous avons du stock dans notre entrep\u00f4t europ\u00e9en, une fois que nous avons re\u00e7u le paiement du client, nous organisons l'envoi du colis du client. Le d\u00e9lai d'exp\u00e9dition vers la plupart des pays d'Europe n'est que de 6 \u00e0 7 jours, nous fournissons un num\u00e9ro de suivi.<\/p>\n<h2><strong><a href=\"https:\/\/www.facebook.com\/fred.luo.58\">ZOOY ZERO<\/a> 45000 bouff\u00e9es Caract\u00e9ristiques :<\/strong><\/h2>\n<ul>\n<li>Bouff\u00e9es:45000 bouff\u00e9es<\/li>\n<li>Poids : 90g<\/li>\n<li>Huile : 40ml<\/li>\n<li>Sel de nicotine : 20mg 50mg<\/li>\n<li>Batterie : 650mah<\/li>\n<li>Fil chauffant \u00e9lectrique : bobine de maille<\/li>\n<li>Chargeur : type-c<\/li>\n<li>S\u00e9paration des noyaux d'huile<\/li>\n<\/ul>\n<h2><strong>\u00a0Liste des ar\u00f4mes :<\/strong><\/h2>\n<ol>\n<li>Glace \u00e0 la past\u00e8que<\/li>\n<li>Glace \u00e0 la myrtille<\/li>\n<li>Past\u00e8que \u00e0 la fraise<\/li>\n<li>Cola au citron<\/li>\n<li>Fraise Kiwi<\/li>\n<li>Pomme de raisin<\/li>\n<li>Su\u00e7on \u00e0 la fraise et \u00e0 l'orange<\/li>\n<li>Glace Blue Razz<\/li>\n<li>Past\u00e8que \u00e0 la myrtille<\/li>\n<li>Mangue Passion Goyave<\/li>\n<\/ol>\n<h2><strong>Liste d'emballage :<\/strong><\/h2>\n<p>1pcs each Single box<br \/>\n10 pi\u00e8ces par bo\u00eete interm\u00e9diaire<br \/>\n200pcs par carton<\/p>\n<p>&nbsp;<\/p>\n<figure id=\"attachment_21831\" aria-describedby=\"caption-attachment-21831\" style=\"width: 800px\" class=\"wp-caption alignnone\"><img loading=\"lazy\" decoding=\"async\" class=\"wp-image-21831 size-full\" title=\"Grossiste ZOOY ZERO 45000 bouff\u00e9es Vape jetable EU Warehosue 3\" src=\"https:\/\/www.vapeswholesaler.com\/wp-content\/uploads\/2025\/02\/Wholesale-ZOOY-ZERO-45000-Puffs-Disposable-Vape-EU-Warehosue-3.webp\" alt=\"Grossiste ZOOY ZERO 45000 bouff\u00e9es Vape jetable EU Warehosue 3\" width=\"800\" height=\"354\" srcset=\"https:\/\/www.vapeswholesaler.com\/wp-content\/uploads\/2025\/02\/Wholesale-ZOOY-ZERO-45000-Puffs-Disposable-Vape-EU-Warehosue-3.webp 800w, https:\/\/www.vapeswholesaler.com\/wp-content\/uploads\/2025\/02\/Wholesale-ZOOY-ZERO-45000-Puffs-Disposable-Vape-EU-Warehosue-3-300x133.webp 300w, https:\/\/www.vapeswholesaler.com\/wp-content\/uploads\/2025\/02\/Wholesale-ZOOY-ZERO-45000-Puffs-Disposable-Vape-EU-Warehosue-3-768x340.webp 768w, https:\/\/www.vapeswholesaler.com\/wp-content\/uploads\/2025\/02\/Wholesale-ZOOY-ZERO-45000-Puffs-Disposable-Vape-EU-Warehosue-3-18x8.webp 18w, https:\/\/www.vapeswholesaler.com\/wp-content\/uploads\/2025\/02\/Wholesale-ZOOY-ZERO-45000-Puffs-Disposable-Vape-EU-Warehosue-3-510x226.webp 510w\" sizes=\"auto, (max-width: 800px) 100vw, 800px\" \/><figcaption id=\"caption-attachment-21831\" class=\"wp-caption-text\">Grossiste ZOOY ZERO 45000 bouff\u00e9es Vape jetable EU Warehosue<\/figcaption><\/figure>\n<figure id=\"attachment_21832\" aria-describedby=\"caption-attachment-21832\" style=\"width: 800px\" class=\"wp-caption alignnone\"><img loading=\"lazy\" decoding=\"async\" class=\"wp-image-21832 size-full\" title=\"Grossiste ZOOY ZERO 45000 bouff\u00e9es Vape jetable EU Warehosue 4\" src=\"https:\/\/www.vapeswholesaler.com\/wp-content\/uploads\/2025\/02\/Wholesale-ZOOY-ZERO-45000-Puffs-Disposable-Vape-EU-Warehosue-4.webp\" alt=\"Grossiste ZOOY ZERO 45000 bouff\u00e9es Vape jetable EU Warehosue 4\" width=\"800\" height=\"354\" srcset=\"https:\/\/www.vapeswholesaler.com\/wp-content\/uploads\/2025\/02\/Wholesale-ZOOY-ZERO-45000-Puffs-Disposable-Vape-EU-Warehosue-4.webp 800w, https:\/\/www.vapeswholesaler.com\/wp-content\/uploads\/2025\/02\/Wholesale-ZOOY-ZERO-45000-Puffs-Disposable-Vape-EU-Warehosue-4-300x133.webp 300w, https:\/\/www.vapeswholesaler.com\/wp-content\/uploads\/2025\/02\/Wholesale-ZOOY-ZERO-45000-Puffs-Disposable-Vape-EU-Warehosue-4-768x340.webp 768w, https:\/\/www.vapeswholesaler.com\/wp-content\/uploads\/2025\/02\/Wholesale-ZOOY-ZERO-45000-Puffs-Disposable-Vape-EU-Warehosue-4-18x8.webp 18w, https:\/\/www.vapeswholesaler.com\/wp-content\/uploads\/2025\/02\/Wholesale-ZOOY-ZERO-45000-Puffs-Disposable-Vape-EU-Warehosue-4-510x226.webp 510w\" sizes=\"auto, (max-width: 800px) 100vw, 800px\" \/><figcaption id=\"caption-attachment-21832\" class=\"wp-caption-text\">Grossiste ZOOY ZERO 45000 bouff\u00e9es Vape jetable EU Warehosue<\/figcaption><\/figure>\n<figure id=\"attachment_21830\" aria-describedby=\"caption-attachment-21830\" style=\"width: 800px\" class=\"wp-caption alignnone\"><img loading=\"lazy\" decoding=\"async\" class=\"wp-image-21830 size-full\" title=\"Grossiste ZOOY ZERO 45000 bouff\u00e9es Vape jetable EU Warehosue 2\" src=\"https:\/\/www.vapeswholesaler.com\/wp-content\/uploads\/2025\/02\/Wholesale-ZOOY-ZERO-45000-Puffs-Disposable-Vape-EU-Warehosue-2.webp\" alt=\"Grossiste ZOOY ZERO 45000 bouff\u00e9es Vape jetable EU Warehosue 2\" width=\"800\" height=\"800\" srcset=\"https:\/\/www.vapeswholesaler.com\/wp-content\/uploads\/2025\/02\/Wholesale-ZOOY-ZERO-45000-Puffs-Disposable-Vape-EU-Warehosue-2.webp 800w, https:\/\/www.vapeswholesaler.com\/wp-content\/uploads\/2025\/02\/Wholesale-ZOOY-ZERO-45000-Puffs-Disposable-Vape-EU-Warehosue-2-300x300.webp 300w, https:\/\/www.vapeswholesaler.com\/wp-content\/uploads\/2025\/02\/Wholesale-ZOOY-ZERO-45000-Puffs-Disposable-Vape-EU-Warehosue-2-150x150.webp 150w, https:\/\/www.vapeswholesaler.com\/wp-content\/uploads\/2025\/02\/Wholesale-ZOOY-ZERO-45000-Puffs-Disposable-Vape-EU-Warehosue-2-768x768.webp 768w, https:\/\/www.vapeswholesaler.com\/wp-content\/uploads\/2025\/02\/Wholesale-ZOOY-ZERO-45000-Puffs-Disposable-Vape-EU-Warehosue-2-12x12.webp 12w, https:\/\/www.vapeswholesaler.com\/wp-content\/uploads\/2025\/02\/Wholesale-ZOOY-ZERO-45000-Puffs-Disposable-Vape-EU-Warehosue-2-247x247.webp 247w, https:\/\/www.vapeswholesaler.com\/wp-content\/uploads\/2025\/02\/Wholesale-ZOOY-ZERO-45000-Puffs-Disposable-Vape-EU-Warehosue-2-510x510.webp 510w, https:\/\/www.vapeswholesaler.com\/wp-content\/uploads\/2025\/02\/Wholesale-ZOOY-ZERO-45000-Puffs-Disposable-Vape-EU-Warehosue-2-100x100.webp 100w\" sizes=\"auto, (max-width: 800px) 100vw, 800px\" \/><figcaption id=\"caption-attachment-21830\" class=\"wp-caption-text\">Grossiste ZOOY ZERO 45000 bouff\u00e9es Vape jetable EU Warehosue<\/figcaption><\/figure>\n<p>&nbsp;<\/p>","protected":false},"excerpt":{"rendered":"<p>Quantit\u00e9 minimale de commande : <strong>50pcs<\/strong>\u00a0(M\u00e9lange d'ar\u00f4mes) Livraison gratuite<\/p>\n<p>(<strong>2%, 5% Nic<\/strong>) D\u00e9lai d'exp\u00e9dition de l'entrep\u00f4t de l'UE <strong>5-6 jours ouvrables<\/strong><\/p>","protected":false},"featured_media":21842,"comment_status":"open","ping_status":"closed","template":"","meta":[],"product_cat":[15],"product_tag":[371,372,373],"class_list":{"0":"post-21843","1":"product","2":"type-product","3":"status-publish","4":"has-post-thumbnail","6":"product_cat-disposable-vape","7":"product_tag-zooy","8":"product_tag-45000-puffs","9":"product_tag-europe-warehouse","10":"product_brand-zooy","12":"first","13":"instock","14":"shipping-taxable","15":"purchasable","16":"product-type-variable","17":"has-default-attributes"},"aioseo_notices":[],"_links":{"self":[{"href":"https:\/\/www.vapeswholesaler.com\/fr\/wp-json\/wp\/v2\/product\/21843","targetHints":{"allow":["GET"]}}],"collection":[{"href":"https:\/\/www.vapeswholesaler.com\/fr\/wp-json\/wp\/v2\/product"}],"about":[{"href":"https:\/\/www.vapeswholesaler.com\/fr\/wp-json\/wp\/v2\/types\/product"}],"replies":[{"embeddable":true,"href":"https:\/\/www.vapeswholesaler.com\/fr\/wp-json\/wp\/v2\/comments?post=21843"}],"wp:featuredmedia":[{"embeddable":true,"href":"https:\/\/www.vapeswholesaler.com\/fr\/wp-json\/wp\/v2\/media\/21842"}],"wp:attachment":[{"href":"https:\/\/www.vapeswholesaler.com\/fr\/wp-json\/wp\/v2\/media?parent=21843"}],"wp:term":[{"taxonomy":"product_cat","embeddable":true,"href":"https:\/\/www.vapeswholesaler.com\/fr\/wp-json\/wp\/v2\/product_cat?post=21843"},{"taxonomy":"product_tag","embeddable":true,"href":"https:\/\/www.vapeswholesaler.com\/fr\/wp-json\/wp\/v2\/product_tag?post=21843"}],"curies":[{"name":"wp","href":"https:\/\/api.w.org\/{rel}","templated":true}]}}