{"id":21630,"date":"2025-02-17T14:35:47","date_gmt":"2025-02-17T06:35:47","guid":{"rendered":"https:\/\/www.vapeswholesaler.com\/?post_type=product&#038;p=21630"},"modified":"2025-03-25T20:43:23","modified_gmt":"2025-03-25T12:43:23","slug":"grossiste-zooy-stars-30000-puffs-jetable-vape","status":"publish","type":"product","link":"https:\/\/www.vapeswholesaler.com\/fr\/produit\/grossiste-zooy-stars-30000-puffs-jetable-vape","title":{"rendered":"Wholesale Zooy Stars 30000 Puffs Vape jetable"},"content":{"rendered":"<p><a href=\"https:\/\/www.vapeswholesaler.com\/fr\/marque_du_produit\/zoologie\/\">Zooy<\/a> Stars 30000 Puffs est un tout nouveau produit, utilisant le nouveau design 3D Curved LED Screen, la performance est plus stable, l'\u00e9cran est plus color\u00e9, lorsque vous l'utilisez, peu importe o\u00f9 se trouve le plus beau paysage, nos produits sont tr\u00e8s chauds, nous avons un entrep\u00f4t en Europe, peut \u00eatre utilis\u00e9 pour l'exp\u00e9dition rapide, la plupart des pays europ\u00e9ens peut \u00eatre fait dans une semaine pour arriver.<\/p>\n<p>La taille du produit est de 29*53*92mm, nous pouvons utiliser la bobine Dual mesh pour am\u00e9liorer le go\u00fbt du produit, nous pouvons fournir 2%, 3%, 5% de teneur en nicotine en option, pour r\u00e9pondre \u00e0 plus de choix des clients. Il supporte le connecteur TYPE-C pour recharger le produit et inclut la fonction de r\u00e9glage du flux d'air.<\/p>\n<h2><strong>Zooy Stars 30000 Puffs D\u00e9tails :<\/strong><\/h2>\n<ul>\n<li>Bouff\u00e9es : Environ 30000puffs<\/li>\n<li>Poids : 130g<\/li>\n<li>Taille des produits : 29*53*92mm<\/li>\n<li>Bobines : Bobine \u00e0 double maille<\/li>\n<li>Nic : 20mg 30mg 50mg nic salt<\/li>\n<li>\u00c9cran LED 3D incurv\u00e9<\/li>\n<li>TYPE-C Rechargeable<\/li>\n<li>Flux d'air r\u00e9glable<\/li>\n<li>Capacit\u00e9 de la batterie : 850mah<\/li>\n<li>e-liquide pr\u00e9-rempli : 20ml<\/li>\n<\/ul>\n<h2><strong>Saveurs :<\/strong><\/h2>\n<ol>\n<li>Redbull Energy<\/li>\n<li>Glace Blue Razz<\/li>\n<li>Glace \u00e0 la past\u00e8que<\/li>\n<li>Past\u00e8que \u00e0 la fraise<\/li>\n<li>Jus de p\u00eache<\/li>\n<li>Glace \u00e0 la fraise et \u00e0 la banane<\/li>\n<li>Glace aux myrtilles<\/li>\n<li>Glace aux trois baies<\/li>\n<li>Fraise Kiwi<\/li>\n<li>Myrtille Cerise Canneberge<\/li>\n<\/ol>\n<h2><strong>Liste d'emballage :<\/strong><\/h2>\n<p>1pcs Bo\u00eete individuelle<br \/>\n10 pi\u00e8ces par bo\u00eete interm\u00e9diaire<br \/>\n200 pi\u00e8ces par carton<\/p>\n<p><img loading=\"lazy\" decoding=\"async\" class=\"alignnone wp-image-21617 size-full\" title=\"Grossiste Zooy Stars 30000 bouff\u00e9es jetables Vape 7\" src=\"https:\/\/www.vapeswholesaler.com\/wp-content\/uploads\/2025\/02\/Wholesale-Zooy-Stars-30000-Puffs-Disposable-Vape-7.webp\" alt=\"Grossiste Zooy Stars 30000 bouff\u00e9es jetables Vape 7\" width=\"800\" height=\"800\" srcset=\"https:\/\/www.vapeswholesaler.com\/wp-content\/uploads\/2025\/02\/Wholesale-Zooy-Stars-30000-Puffs-Disposable-Vape-7.webp 800w, https:\/\/www.vapeswholesaler.com\/wp-content\/uploads\/2025\/02\/Wholesale-Zooy-Stars-30000-Puffs-Disposable-Vape-7-300x300.webp 300w, https:\/\/www.vapeswholesaler.com\/wp-content\/uploads\/2025\/02\/Wholesale-Zooy-Stars-30000-Puffs-Disposable-Vape-7-150x150.webp 150w, https:\/\/www.vapeswholesaler.com\/wp-content\/uploads\/2025\/02\/Wholesale-Zooy-Stars-30000-Puffs-Disposable-Vape-7-768x768.webp 768w, https:\/\/www.vapeswholesaler.com\/wp-content\/uploads\/2025\/02\/Wholesale-Zooy-Stars-30000-Puffs-Disposable-Vape-7-12x12.webp 12w, https:\/\/www.vapeswholesaler.com\/wp-content\/uploads\/2025\/02\/Wholesale-Zooy-Stars-30000-Puffs-Disposable-Vape-7-247x247.webp 247w, https:\/\/www.vapeswholesaler.com\/wp-content\/uploads\/2025\/02\/Wholesale-Zooy-Stars-30000-Puffs-Disposable-Vape-7-510x510.webp 510w, https:\/\/www.vapeswholesaler.com\/wp-content\/uploads\/2025\/02\/Wholesale-Zooy-Stars-30000-Puffs-Disposable-Vape-7-100x100.webp 100w\" sizes=\"auto, (max-width: 800px) 100vw, 800px\" \/><\/p>\n<p><img loading=\"lazy\" decoding=\"async\" class=\"alignnone wp-image-21616 size-full\" title=\"Grossiste Zooy Stars 30000 bouff\u00e9es jetables Vape 6\" src=\"https:\/\/www.vapeswholesaler.com\/wp-content\/uploads\/2025\/02\/Wholesale-Zooy-Stars-30000-Puffs-Disposable-Vape-6.webp\" alt=\"Grossiste Zooy Stars 30000 bouff\u00e9es jetables Vape 6\" width=\"800\" height=\"600\" srcset=\"https:\/\/www.vapeswholesaler.com\/wp-content\/uploads\/2025\/02\/Wholesale-Zooy-Stars-30000-Puffs-Disposable-Vape-6.webp 800w, https:\/\/www.vapeswholesaler.com\/wp-content\/uploads\/2025\/02\/Wholesale-Zooy-Stars-30000-Puffs-Disposable-Vape-6-300x225.webp 300w, https:\/\/www.vapeswholesaler.com\/wp-content\/uploads\/2025\/02\/Wholesale-Zooy-Stars-30000-Puffs-Disposable-Vape-6-768x576.webp 768w, https:\/\/www.vapeswholesaler.com\/wp-content\/uploads\/2025\/02\/Wholesale-Zooy-Stars-30000-Puffs-Disposable-Vape-6-16x12.webp 16w, https:\/\/www.vapeswholesaler.com\/wp-content\/uploads\/2025\/02\/Wholesale-Zooy-Stars-30000-Puffs-Disposable-Vape-6-510x383.webp 510w\" sizes=\"auto, (max-width: 800px) 100vw, 800px\" \/><\/p>\n<p><img loading=\"lazy\" decoding=\"async\" class=\"wp-image-21615 size-full\" title=\"Grossiste Zooy Stars 30000 bouff\u00e9es jetables Vape 5\" src=\"https:\/\/www.vapeswholesaler.com\/wp-content\/uploads\/2025\/02\/Wholesale-Zooy-Stars-30000-Puffs-Disposable-Vape-5.webp\" alt=\"Grossiste Zooy Stars 30000 bouff\u00e9es jetables Vape 5\" width=\"800\" height=\"600\" srcset=\"https:\/\/www.vapeswholesaler.com\/wp-content\/uploads\/2025\/02\/Wholesale-Zooy-Stars-30000-Puffs-Disposable-Vape-5.webp 800w, https:\/\/www.vapeswholesaler.com\/wp-content\/uploads\/2025\/02\/Wholesale-Zooy-Stars-30000-Puffs-Disposable-Vape-5-300x225.webp 300w, https:\/\/www.vapeswholesaler.com\/wp-content\/uploads\/2025\/02\/Wholesale-Zooy-Stars-30000-Puffs-Disposable-Vape-5-768x576.webp 768w, https:\/\/www.vapeswholesaler.com\/wp-content\/uploads\/2025\/02\/Wholesale-Zooy-Stars-30000-Puffs-Disposable-Vape-5-16x12.webp 16w, https:\/\/www.vapeswholesaler.com\/wp-content\/uploads\/2025\/02\/Wholesale-Zooy-Stars-30000-Puffs-Disposable-Vape-5-510x383.webp 510w\" sizes=\"auto, (max-width: 800px) 100vw, 800px\" \/><\/p>","protected":false},"excerpt":{"rendered":"<p>Quantit\u00e9 minimale de commande :\u00a0<strong>50 PCS<\/strong>\u00a0(M\u00e9lange de saveurs)\u00a0\u00a0<strong>Livraison gratuite<\/strong><\/p>\n<p>(<strong>2%, 5% Nic<\/strong>) D\u00e9lai d'exp\u00e9dition de l'entrep\u00f4t de l'UE 5-6 jours ouvrables<\/p>","protected":false},"featured_media":21641,"comment_status":"open","ping_status":"closed","template":"","meta":[],"product_cat":[15],"product_tag":[373,374,371],"class_list":{"0":"post-21630","1":"product","2":"type-product","3":"status-publish","4":"has-post-thumbnail","6":"product_cat-disposable-vape","7":"product_tag-europe-warehouse","8":"product_tag-30000-puffs","9":"product_tag-zooy","10":"product_brand-zooy","12":"first","13":"instock","14":"shipping-taxable","15":"purchasable","16":"product-type-variable","17":"has-default-attributes"},"aioseo_notices":[],"_links":{"self":[{"href":"https:\/\/www.vapeswholesaler.com\/fr\/wp-json\/wp\/v2\/product\/21630","targetHints":{"allow":["GET"]}}],"collection":[{"href":"https:\/\/www.vapeswholesaler.com\/fr\/wp-json\/wp\/v2\/product"}],"about":[{"href":"https:\/\/www.vapeswholesaler.com\/fr\/wp-json\/wp\/v2\/types\/product"}],"replies":[{"embeddable":true,"href":"https:\/\/www.vapeswholesaler.com\/fr\/wp-json\/wp\/v2\/comments?post=21630"}],"wp:featuredmedia":[{"embeddable":true,"href":"https:\/\/www.vapeswholesaler.com\/fr\/wp-json\/wp\/v2\/media\/21641"}],"wp:attachment":[{"href":"https:\/\/www.vapeswholesaler.com\/fr\/wp-json\/wp\/v2\/media?parent=21630"}],"wp:term":[{"taxonomy":"product_cat","embeddable":true,"href":"https:\/\/www.vapeswholesaler.com\/fr\/wp-json\/wp\/v2\/product_cat?post=21630"},{"taxonomy":"product_tag","embeddable":true,"href":"https:\/\/www.vapeswholesaler.com\/fr\/wp-json\/wp\/v2\/product_tag?post=21630"}],"curies":[{"name":"wp","href":"https:\/\/api.w.org\/{rel}","templated":true}]}}