{"id":21421,"date":"2025-01-12T13:27:56","date_gmt":"2025-01-12T05:27:56","guid":{"rendered":"https:\/\/www.vapeswholesaler.com\/?post_type=product&#038;p=21421"},"modified":"2025-03-18T11:55:07","modified_gmt":"2025-03-18T03:55:07","slug":"wholesale-bang-tornado-40000-puffs-disposable-vape","status":"publish","type":"product","link":"https:\/\/www.vapeswholesaler.com\/fr\/produit\/wholesale-bang-tornado-40000-puffs-disposable-vape","title":{"rendered":"Wholesale Bang Tornado 40000 Puffs Vape jetable"},"content":{"rendered":"<p><a href=\"https:\/\/www.vapeswholesaler.com\/fr\/marque_du_produit\/coup\/\">Bang<\/a> Tornado 40000 Puffs is the ultimate disposable vape for users seeking extended performance, massive cloud production, and cutting-edge technology. With an impressive 40000 puffs, a smart LED display, and three advanced mesh coils, this device sets a new standard in vaping.<\/p>\n<p>This disposable Vape Pen offers 40,000 puffs of premium vaping with 40mL e-liquid capacity, triple mesh coil technology, and a smart LED display for easy monitoring. Powered by an 850mAh rechargeable battery and Type-C charging, it delivers a superior experience in 12 exciting flavors with 0%, 2%, 3%, and 5% nicotine options. Perfect for cloud chasers and flavor enthusiasts, this device sets a new standard in disposable vaping.<\/p>\n<h2><strong><a href=\"https:\/\/www.facebook.com\/fred.luo.58\/\">Bang<\/a> Tornado 40000 Puffs Features:<\/strong><\/h2>\n<ul>\n<li>Capacit\u00e9 de bouff\u00e9e massive : Jusqu'\u00e0 40 000 bouff\u00e9es<\/li>\n<li>Options de nicotine : Disponible en nicotine 0%, 2%, 3% et 5%.<\/li>\n<li>Capacit\u00e9 d'e-liquide : 40mL d'e-liquide de qualit\u00e9 sup\u00e9rieure<\/li>\n<li>\u00c9cran LED intelligent<\/li>\n<li>Batterie rechargeable : Aliment\u00e9 par une batterie de 850mAh<\/li>\n<\/ul>\n<h2><strong>Saveurs :<\/strong><\/h2>\n<ol>\n<li>Glace \u00e0 la p\u00eache<\/li>\n<li>Amour 66<\/li>\n<li>Triple baie<\/li>\n<li>Myrtille Citron<\/li>\n<li>Boisson Enereg<\/li>\n<li>Double pomme<\/li>\n<li>Mangue P\u00eache<\/li>\n<li>Myrtille Raisin<\/li>\n<li>Past\u00e8que \u00e0 la fraise<\/li>\n<li>Fraise Kiwi<\/li>\n<li>Myrtille Framboise<\/li>\n<li>Past\u00e8que<\/li>\n<\/ol>\n<h2><strong>Liste d'emballage :<\/strong><\/h2>\n<p>1pcs each Single box<br \/>\n8 pi\u00e8ces par bo\u00eete de pr\u00e9sentation<br \/>\n160pcs par carton<\/p>\n<figure id=\"attachment_21420\" aria-describedby=\"caption-attachment-21420\" style=\"width: 800px\" class=\"wp-caption alignnone\"><img loading=\"lazy\" decoding=\"async\" class=\"wp-image-21420 size-full\" title=\"Grossiste Bang Tornado 40000 Bouff\u00e9es Jetables Vape 10\" src=\"https:\/\/www.vapeswholesaler.com\/wp-content\/uploads\/2025\/01\/Wholesale-Bang-Tornado-40000-Puffs-Disposable-Vape-10.webp\" alt=\"Grossiste Bang Tornado 40000 Bouff\u00e9es Jetables Vape 10\" width=\"800\" height=\"343\" srcset=\"https:\/\/www.vapeswholesaler.com\/wp-content\/uploads\/2025\/01\/Wholesale-Bang-Tornado-40000-Puffs-Disposable-Vape-10.webp 800w, https:\/\/www.vapeswholesaler.com\/wp-content\/uploads\/2025\/01\/Wholesale-Bang-Tornado-40000-Puffs-Disposable-Vape-10-300x129.webp 300w, https:\/\/www.vapeswholesaler.com\/wp-content\/uploads\/2025\/01\/Wholesale-Bang-Tornado-40000-Puffs-Disposable-Vape-10-768x329.webp 768w, https:\/\/www.vapeswholesaler.com\/wp-content\/uploads\/2025\/01\/Wholesale-Bang-Tornado-40000-Puffs-Disposable-Vape-10-18x8.webp 18w, https:\/\/www.vapeswholesaler.com\/wp-content\/uploads\/2025\/01\/Wholesale-Bang-Tornado-40000-Puffs-Disposable-Vape-10-510x219.webp 510w\" sizes=\"auto, (max-width: 800px) 100vw, 800px\" \/><figcaption id=\"caption-attachment-21420\" class=\"wp-caption-text\">Wholesale Bang Tornado 40000 Puffs Vape jetable<\/figcaption><\/figure>","protected":false},"excerpt":{"rendered":"<p>Quantit\u00e9 minimale de commande :<strong> 40pcs<\/strong>\u00a0(M\u00e9lange de saveurs)\u00a0\u00a0<strong>Livraison gratuite<\/strong><\/p>\n<p>(<strong>2%, 5% Nic<\/strong>)<\/p>","protected":false},"featured_media":21413,"comment_status":"open","ping_status":"closed","template":"","meta":[],"product_cat":[15],"product_tag":[365,368,388],"class_list":{"0":"post-21421","1":"product","2":"type-product","3":"status-publish","4":"has-post-thumbnail","6":"product_cat-disposable-vape","7":"product_tag-40000-puffs","8":"product_tag-bang-king","9":"product_tag-bang","10":"product_brand-bang","12":"first","13":"instock","14":"shipping-taxable","15":"purchasable","16":"product-type-variable","17":"has-default-attributes"},"aioseo_notices":[],"_links":{"self":[{"href":"https:\/\/www.vapeswholesaler.com\/fr\/wp-json\/wp\/v2\/product\/21421","targetHints":{"allow":["GET"]}}],"collection":[{"href":"https:\/\/www.vapeswholesaler.com\/fr\/wp-json\/wp\/v2\/product"}],"about":[{"href":"https:\/\/www.vapeswholesaler.com\/fr\/wp-json\/wp\/v2\/types\/product"}],"replies":[{"embeddable":true,"href":"https:\/\/www.vapeswholesaler.com\/fr\/wp-json\/wp\/v2\/comments?post=21421"}],"wp:featuredmedia":[{"embeddable":true,"href":"https:\/\/www.vapeswholesaler.com\/fr\/wp-json\/wp\/v2\/media\/21413"}],"wp:attachment":[{"href":"https:\/\/www.vapeswholesaler.com\/fr\/wp-json\/wp\/v2\/media?parent=21421"}],"wp:term":[{"taxonomy":"product_cat","embeddable":true,"href":"https:\/\/www.vapeswholesaler.com\/fr\/wp-json\/wp\/v2\/product_cat?post=21421"},{"taxonomy":"product_tag","embeddable":true,"href":"https:\/\/www.vapeswholesaler.com\/fr\/wp-json\/wp\/v2\/product_tag?post=21421"}],"curies":[{"name":"wp","href":"https:\/\/api.w.org\/{rel}","templated":true}]}}