{"id":21174,"date":"2024-12-29T20:11:32","date_gmt":"2024-12-29T12:11:32","guid":{"rendered":"https:\/\/www.vapeswholesaler.com\/?post_type=product&#038;p=21174"},"modified":"2025-09-16T15:16:55","modified_gmt":"2025-09-16T07:16:55","slug":"grossiste-jnr-alien-10000-puffs-jetable-vape","status":"publish","type":"product","link":"https:\/\/www.vapeswholesaler.com\/fr\/produit\/grossiste-jnr-alien-10000-puffs-jetable-vape","title":{"rendered":"Wholesale JNR Alien 10000 Puffs Disposable Vape"},"content":{"rendered":"<p>Les <a title=\"JNR\" href=\"https:\/\/www.vapeswholesaler.com\/fr\/marque_du_produit\/jnr-jetable-vape\/\"><strong>JNR<\/strong><\/a> Alien 10000 Puffs Disposable Vape offre un tirage doux et une vapeur savoureuse avec une bobine de 1,2\u03a9, et il se vante d'une capacit\u00e9 impressionnante d'environ 10000 bouff\u00e9es, aliment\u00e9e par une batterie de 850mAh. Avec 20ml d'e-liquide pr\u00e9-rempli, il offre une gamme vari\u00e9e de plus de 30 saveurs, de la glace rafra\u00eechissante aux fruits d\u00e9licieux. La commodit\u00e9 d'un port de charge de type C assure une recharge rapide et sans tracas.<\/p>\n<h2><strong>JNR Alien 10000 Puffs Features:<\/strong><\/h2>\n<ul>\n<li>Design sportif<\/li>\n<li>Lumi\u00e8res LED (RGB),<\/li>\n<li>Environ 10 000 bouff\u00e9es<\/li>\n<li>Des saveurs impressionnantes<\/li>\n<li>Une exp\u00e9rience de vapotage en douceur<\/li>\n<li>Am\u00e9lioration de la satisfaction<\/li>\n<li>Style de la mode<\/li>\n<li>Avec une \u00e9charpe pour un transport pratique en d\u00e9placement<\/li>\n<li>Nicotine : 0% 2% 5%<\/li>\n<li>Capacit\u00e9 E-liquide : 20ml<\/li>\n<li>Capacit\u00e9 de la batterie : 850mah<\/li>\n<li>Noyau : 1.2ohm Mesh Coils<\/li>\n<\/ul>\n<h2><strong>\u00a0<\/strong><strong>Ar\u00f4mes disponibles\uff1a<\/strong><\/h2>\n<ol>\n<li>Glace du dragon noir<\/li>\n<li>Bleu Razz Cherry<\/li>\n<li>Glace Blue Razz<\/li>\n<li>Chewing-gum \u00e0 la myrtille<\/li>\n<li>Myrtille Cerise Canneberge<\/li>\n<li>Myrtille sur glace<\/li>\n<li>Myrtille framboise acidul\u00e9e<\/li>\n<li>Cola cerise p\u00e9tillant<\/li>\n<li>Glace de raisin<\/li>\n<li>Goyave lce<\/li>\n<li>Kiwi Fruit de la passion Goyave<\/li>\n<li>Fraise Kiwi<\/li>\n<li>Baies m\u00e9lang\u00e9es<\/li>\n<li>M. Bleu<\/li>\n<li>Fruit de la passion<\/li>\n<li>P\u00eache Baies<\/li>\n<li>Bonbons \u00e0 la p\u00eache et \u00e0 la myrtille<\/li>\n<li>Glace \u00e0 la p\u00eache<\/li>\n<li>P\u00eache Mangue Ananas<\/li>\n<li>Pomme acide<\/li>\n<li>Fraise et banane<\/li>\n<li>Glace \u00e0 la fraise<\/li>\n<li>Glace fraise framboise cerise<\/li>\n<li>Glace \u00e0 la fraise et \u00e0 la past\u00e8que<\/li>\n<li>Limonade \u00e0 la fraise et \u00e0 la past\u00e8que<\/li>\n<li>Gomme \u00e0 m\u00e2cher \u00e0 la past\u00e8que<\/li>\n<li>Glace \u00e0 la past\u00e8que<\/li>\n<li>Banane glac\u00e9e<\/li>\n<li>Myrtille Kiwi<\/li>\n<li>Baie de cerise<\/li>\n<li>Cola Ice<\/li>\n<li>Menthe fra\u00eeche<\/li>\n<li>Double pomme<\/li>\n<li>Ours en gomme<\/li>\n<li>Glace luxuriante<\/li>\n<li>Melon d'eau \u00e0 la framboise<\/li>\n<li>Glace \u00e0 la fraise<\/li>\n<li>Pinacolada aux fraises<\/li>\n<li>Fraise et grenade<\/li>\n<li>Glace \u00e0 la fraise et \u00e0 la framboise<\/li>\n<li>Punch tropical<\/li>\n<li>Glace Brazzo \u00e0 la past\u00e8que<\/li>\n<li>Past\u00e8que Lychee<\/li>\n<\/ol>\n<h2><strong>Liste d'emballage :<\/strong><\/h2>\n<p>1pcs each Single box<br \/>\n10 pi\u00e8ces par bo\u00eete d'affichage<br \/>\n200pcs par carton<\/p>\n<p><img loading=\"lazy\" decoding=\"async\" class=\"alignnone wp-image-21176 size-full\" title=\"Wholesale JNR Alien 10000 Puffs Disposable Vape 12\" src=\"https:\/\/www.vapeswholesaler.com\/wp-content\/uploads\/2024\/12\/Wholesale-JNR-Alien-10000-Puffs-Disposable-Vape-12.webp\" alt=\"Wholesale JNR Alien 10000 Puffs Disposable Vape 12\" width=\"800\" height=\"800\" srcset=\"https:\/\/www.vapeswholesaler.com\/wp-content\/uploads\/2024\/12\/Wholesale-JNR-Alien-10000-Puffs-Disposable-Vape-12.webp 800w, https:\/\/www.vapeswholesaler.com\/wp-content\/uploads\/2024\/12\/Wholesale-JNR-Alien-10000-Puffs-Disposable-Vape-12-300x300.webp 300w, https:\/\/www.vapeswholesaler.com\/wp-content\/uploads\/2024\/12\/Wholesale-JNR-Alien-10000-Puffs-Disposable-Vape-12-150x150.webp 150w, https:\/\/www.vapeswholesaler.com\/wp-content\/uploads\/2024\/12\/Wholesale-JNR-Alien-10000-Puffs-Disposable-Vape-12-768x768.webp 768w, https:\/\/www.vapeswholesaler.com\/wp-content\/uploads\/2024\/12\/Wholesale-JNR-Alien-10000-Puffs-Disposable-Vape-12-12x12.webp 12w, https:\/\/www.vapeswholesaler.com\/wp-content\/uploads\/2024\/12\/Wholesale-JNR-Alien-10000-Puffs-Disposable-Vape-12-247x247.webp 247w, https:\/\/www.vapeswholesaler.com\/wp-content\/uploads\/2024\/12\/Wholesale-JNR-Alien-10000-Puffs-Disposable-Vape-12-510x510.webp 510w, https:\/\/www.vapeswholesaler.com\/wp-content\/uploads\/2024\/12\/Wholesale-JNR-Alien-10000-Puffs-Disposable-Vape-12-100x100.webp 100w\" sizes=\"auto, (max-width: 800px) 100vw, 800px\" \/> <img loading=\"lazy\" decoding=\"async\" class=\"alignnone wp-image-21177 size-full\" title=\"Wholesale JNR Alien 10000 Puffs Disposable Vape 13\" src=\"https:\/\/www.vapeswholesaler.com\/wp-content\/uploads\/2024\/12\/Wholesale-JNR-Alien-10000-Puffs-Disposable-Vape-13.webp\" alt=\"Wholesale JNR Alien 10000 Puffs Disposable Vape 13\" width=\"800\" height=\"450\" srcset=\"https:\/\/www.vapeswholesaler.com\/wp-content\/uploads\/2024\/12\/Wholesale-JNR-Alien-10000-Puffs-Disposable-Vape-13.webp 800w, https:\/\/www.vapeswholesaler.com\/wp-content\/uploads\/2024\/12\/Wholesale-JNR-Alien-10000-Puffs-Disposable-Vape-13-300x169.webp 300w, https:\/\/www.vapeswholesaler.com\/wp-content\/uploads\/2024\/12\/Wholesale-JNR-Alien-10000-Puffs-Disposable-Vape-13-768x432.webp 768w, https:\/\/www.vapeswholesaler.com\/wp-content\/uploads\/2024\/12\/Wholesale-JNR-Alien-10000-Puffs-Disposable-Vape-13-18x10.webp 18w, https:\/\/www.vapeswholesaler.com\/wp-content\/uploads\/2024\/12\/Wholesale-JNR-Alien-10000-Puffs-Disposable-Vape-13-510x287.webp 510w\" sizes=\"auto, (max-width: 800px) 100vw, 800px\" \/><\/p>\n<p>&nbsp;<\/p>\n<p>&nbsp;<\/p>","protected":false},"excerpt":{"rendered":"<p>Quantit\u00e9 minimale de commande :\u00a0<strong>50pcs<\/strong>\u00a0(M\u00e9lange de saveurs)<\/p>\n<p>\uff08 2%\uff0c5%\uff09<strong>Livraison gratuite<\/strong><\/p>","protected":false},"featured_media":21172,"comment_status":"open","ping_status":"closed","template":"","meta":[],"product_cat":[15],"product_tag":[427,428,429],"class_list":{"0":"post-21174","1":"product","2":"type-product","3":"status-publish","4":"has-post-thumbnail","6":"product_cat-disposable-vape","7":"product_tag-jnr-10000-puffs","8":"product_tag-jnr-10000-vapes","9":"product_tag-jnr-10000-disposable-vape","10":"product_brand-jnr-disposable-vape","12":"first","13":"instock","14":"shipping-taxable","15":"purchasable","16":"product-type-variable","17":"has-default-attributes"},"aioseo_notices":[],"_links":{"self":[{"href":"https:\/\/www.vapeswholesaler.com\/fr\/wp-json\/wp\/v2\/product\/21174","targetHints":{"allow":["GET"]}}],"collection":[{"href":"https:\/\/www.vapeswholesaler.com\/fr\/wp-json\/wp\/v2\/product"}],"about":[{"href":"https:\/\/www.vapeswholesaler.com\/fr\/wp-json\/wp\/v2\/types\/product"}],"replies":[{"embeddable":true,"href":"https:\/\/www.vapeswholesaler.com\/fr\/wp-json\/wp\/v2\/comments?post=21174"}],"wp:featuredmedia":[{"embeddable":true,"href":"https:\/\/www.vapeswholesaler.com\/fr\/wp-json\/wp\/v2\/media\/21172"}],"wp:attachment":[{"href":"https:\/\/www.vapeswholesaler.com\/fr\/wp-json\/wp\/v2\/media?parent=21174"}],"wp:term":[{"taxonomy":"product_cat","embeddable":true,"href":"https:\/\/www.vapeswholesaler.com\/fr\/wp-json\/wp\/v2\/product_cat?post=21174"},{"taxonomy":"product_tag","embeddable":true,"href":"https:\/\/www.vapeswholesaler.com\/fr\/wp-json\/wp\/v2\/product_tag?post=21174"}],"curies":[{"name":"wp","href":"https:\/\/api.w.org\/{rel}","templated":true}]}}