{"id":21079,"date":"2024-12-26T21:39:17","date_gmt":"2024-12-26T13:39:17","guid":{"rendered":"https:\/\/www.vapeswholesaler.com\/?post_type=product&#038;p=21079"},"modified":"2025-09-16T15:38:26","modified_gmt":"2025-09-16T07:38:26","slug":"wholesale-jnr-falcon-x-18000-puffs-disposable-vape","status":"publish","type":"product","link":"https:\/\/www.vapeswholesaler.com\/fr\/produit\/wholesale-jnr-falcon-x-18000-puffs-disposable-vape","title":{"rendered":"Grossiste JNR Falcon-X 18000 bouff\u00e9es Vape jetable"},"content":{"rendered":"<p><a href=\"https:\/\/www.vapeswholesaler.com\/fr\/marque_du_produit\/jnr-jetable-vape\/\">JNR<\/a> Falcon-X 18000 Puffs come with 950mAh battery capacity, 24ml E-liquid. This device including the digital Display, keeping track of battery life and e-liquid information anytime. With dual-core control and alternating mesh coils, our product ensures consistent high flavor even when the battery is low.<\/p>\n<p>JNR Falcon-X 18000 bouff\u00e9es : une satisfaction ininterrompue \u00e0 chaque bouff\u00e9e ! Avec une capacit\u00e9 impressionnante d'environ 18000 bouff\u00e9es. e-liquide de grande capacit\u00e9 avec 24ml, 950mAh capacit\u00e9 de la batterie, il fournit une gamme diversifi\u00e9e de plus de 20 saveurs, de la glace rafra\u00eechissante aux fruits d\u00e9licieux. La commodit\u00e9 d'un port de charge de type C assure une recharge rapide et sans tracas \u00e0 tout moment avec notre affichage plein \u00e9cran.<\/p>\n<h2><strong>JNR Falcon-X 18000 Puffs Caract\u00e9ristiques :<\/strong><\/h2>\n<ul>\n<li>Bouff\u00e9es:18000 bouff\u00e9es<\/li>\n<li>Capacit\u00e9 de la batterie : 950 mAh<\/li>\n<li>Capacit\u00e9 E-liquide : 24ml<\/li>\n<li>Batterie rechargeable longue dur\u00e9e<\/li>\n<li>Affichage des niveaux de batterie et d'e-liquide<\/li>\n<li>Vari\u00e9t\u00e9 d'ar\u00f4mes de qualit\u00e9 sup\u00e9rieure<\/li>\n<li>Design clair comme du cristal<\/li>\n<\/ul>\n<h2><strong>JNR Falcon-X 18000 Puffs Ar\u00f4mes :<\/strong><\/h2>\n<ol>\n<li>Glace Blue Razz<\/li>\n<li>Myrtille Framboise<\/li>\n<li>Menthe fra\u00eeche<\/li>\n<li>Glace au kiwi et \u00e0 la past\u00e8que<\/li>\n<li>Glace de raisin<\/li>\n<li>Fraise Kiwi<\/li>\n<li>Glace \u00e0 la fraise et \u00e0 la past\u00e8que<\/li>\n<li>Glace \u00e0 la past\u00e8que<\/li>\n<li>Glace \u00e0 la fraise<\/li>\n<li>Baies m\u00e9lang\u00e9es<\/li>\n<li>Past\u00e8que Bubblegum<\/li>\n<li>Glace \u00e0 la pomme acide<\/li>\n<li>Glace \u00e0 la p\u00eache<\/li>\n<li>\u00c9clat de baies<\/li>\n<li>Myrtille Framboise Cerise<\/li>\n<li>Baie de cerise<\/li>\n<li>Fraise et banane<\/li>\n<li>Myrtille Kiwi<\/li>\n<li>Fruit de la passion Kiwi<\/li>\n<li>P\u00eache blanche Razz<\/li>\n<li>Bleu Razz Cherry<\/li>\n<li>Gel \u00e0 la cerise et \u00e0 la past\u00e8que<\/li>\n<li>Cola \u00e0 la cerise<\/li>\n<li>Banane glac\u00e9e<\/li>\n<li>Skittles<\/li>\n<li>Triple melon<\/li>\n<li>M. Bleu<\/li>\n<li>Glace \u00e0 la cerise<\/li>\n<li>Past\u00e8que Lychee<\/li>\n<\/ol>\n<h2><strong>Liste d'emballage :<\/strong><\/h2>\n<p>1pcs par bo\u00eete individuelle<br \/>\n10 pi\u00e8ces par bo\u00eete de pr\u00e9sentation<br \/>\n200pcs par carton<\/p>\n<figure id=\"attachment_24196\" aria-describedby=\"caption-attachment-24196\" style=\"width: 1000px\" class=\"wp-caption alignnone\"><img loading=\"lazy\" decoding=\"async\" class=\"wp-image-24196 size-full\" title=\"Wholesale JNR Falcon X 18000 Puffs Disposable Vape 13\" src=\"https:\/\/www.vapeswholesaler.com\/wp-content\/uploads\/2024\/12\/Wholesale-JNR-Falcon-X-18000-Puffs-Disposable-Vape-13.jpg\" alt=\"Wholesale JNR Falcon X 18000 Puffs Disposable Vape 13\" width=\"1000\" height=\"1000\" srcset=\"https:\/\/www.vapeswholesaler.com\/wp-content\/uploads\/2024\/12\/Wholesale-JNR-Falcon-X-18000-Puffs-Disposable-Vape-13.jpg 1000w, https:\/\/www.vapeswholesaler.com\/wp-content\/uploads\/2024\/12\/Wholesale-JNR-Falcon-X-18000-Puffs-Disposable-Vape-13-300x300.jpg 300w, https:\/\/www.vapeswholesaler.com\/wp-content\/uploads\/2024\/12\/Wholesale-JNR-Falcon-X-18000-Puffs-Disposable-Vape-13-150x150.jpg 150w, https:\/\/www.vapeswholesaler.com\/wp-content\/uploads\/2024\/12\/Wholesale-JNR-Falcon-X-18000-Puffs-Disposable-Vape-13-768x768.jpg 768w, https:\/\/www.vapeswholesaler.com\/wp-content\/uploads\/2024\/12\/Wholesale-JNR-Falcon-X-18000-Puffs-Disposable-Vape-13-12x12.jpg 12w, https:\/\/www.vapeswholesaler.com\/wp-content\/uploads\/2024\/12\/Wholesale-JNR-Falcon-X-18000-Puffs-Disposable-Vape-13-247x247.jpg 247w, https:\/\/www.vapeswholesaler.com\/wp-content\/uploads\/2024\/12\/Wholesale-JNR-Falcon-X-18000-Puffs-Disposable-Vape-13-510x510.jpg 510w, https:\/\/www.vapeswholesaler.com\/wp-content\/uploads\/2024\/12\/Wholesale-JNR-Falcon-X-18000-Puffs-Disposable-Vape-13-100x100.jpg 100w\" sizes=\"auto, (max-width: 1000px) 100vw, 1000px\" \/><figcaption id=\"caption-attachment-24196\" class=\"wp-caption-text\">Wholesale JNR Falcon X 18000 Puffs Disposable Vape<\/figcaption><\/figure>","protected":false},"excerpt":{"rendered":"<p>Quantit\u00e9 minimale de commande :\u00a0<strong>50 PCS<\/strong>\u00a0(M\u00e9lange de saveurs)\u00a0\u00a0<strong>Livraison gratuite<\/strong><\/p>\n<p>(<strong>2%, 5% Nic<\/strong>)<\/p>","protected":false},"featured_media":21078,"comment_status":"open","ping_status":"closed","template":"","meta":[],"product_cat":[15],"product_tag":[430,431,432],"class_list":{"0":"post-21079","1":"product","2":"type-product","3":"status-publish","4":"has-post-thumbnail","6":"product_cat-disposable-vape","7":"product_tag-jnr-disposable-vapes","8":"product_tag-jnr-vapes","9":"product_tag-jnr-18000-puffs","10":"product_brand-jnr-disposable-vape","12":"first","13":"instock","14":"shipping-taxable","15":"purchasable","16":"product-type-variable","17":"has-default-attributes"},"aioseo_notices":[],"_links":{"self":[{"href":"https:\/\/www.vapeswholesaler.com\/fr\/wp-json\/wp\/v2\/product\/21079","targetHints":{"allow":["GET"]}}],"collection":[{"href":"https:\/\/www.vapeswholesaler.com\/fr\/wp-json\/wp\/v2\/product"}],"about":[{"href":"https:\/\/www.vapeswholesaler.com\/fr\/wp-json\/wp\/v2\/types\/product"}],"replies":[{"embeddable":true,"href":"https:\/\/www.vapeswholesaler.com\/fr\/wp-json\/wp\/v2\/comments?post=21079"}],"wp:featuredmedia":[{"embeddable":true,"href":"https:\/\/www.vapeswholesaler.com\/fr\/wp-json\/wp\/v2\/media\/21078"}],"wp:attachment":[{"href":"https:\/\/www.vapeswholesaler.com\/fr\/wp-json\/wp\/v2\/media?parent=21079"}],"wp:term":[{"taxonomy":"product_cat","embeddable":true,"href":"https:\/\/www.vapeswholesaler.com\/fr\/wp-json\/wp\/v2\/product_cat?post=21079"},{"taxonomy":"product_tag","embeddable":true,"href":"https:\/\/www.vapeswholesaler.com\/fr\/wp-json\/wp\/v2\/product_tag?post=21079"}],"curies":[{"name":"wp","href":"https:\/\/api.w.org\/{rel}","templated":true}]}}