{"id":20965,"date":"2024-12-13T15:40:44","date_gmt":"2024-12-13T07:40:44","guid":{"rendered":"https:\/\/www.vapeswholesaler.com\/?post_type=product&#038;p=20965"},"modified":"2025-11-03T17:42:08","modified_gmt":"2025-11-03T09:42:08","slug":"grossiste-vapsolo-triple-3in1-30000-bouffees-vape-jetable","status":"publish","type":"product","link":"https:\/\/www.vapeswholesaler.com\/fr\/produit\/grossiste-vapsolo-triple-3in1-30000-bouffees-vape-jetable","title":{"rendered":"Grossiste Vapsolo TRIPLE 3in1 30000 bouff\u00e9es Vape jetable"},"content":{"rendered":"<p><a href=\"https:\/\/www.vapeswholesaler.com\/fr\/marque_du_produit\/vapsolo\/\">Vapsolo<\/a> TRIPLE 3in1 30000 Puffs est un nouveau produit de Vapsolo, qui est maintenant disponible pour la premi\u00e8re fois dans le monde, et vous pouvez essayer 3 saveurs diff\u00e9rentes dans un seul produit, qui est actuellement tr\u00e8s populaire dans le monde.<\/p>\n<p>Nous fournissons une version anglaise et une version espagnole, la version espagnole ne peut fournir que 2% nic, la version anglaise peut fournir 2% nic et 5% nic, la version espagnole est envoy\u00e9e par d\u00e9faut pour les clients espagnols, la version anglaise est envoy\u00e9e par d\u00e9faut pour les autres pays europ\u00e9ens.<\/p>\n<p>L'appareil dispose d'une impressionnante capacit\u00e9 d'e-liquide de 3*12ml et d'une robuste batterie de 650MAH, rechargeable via un port de type-C. Cette combinaison permet d'obtenir jusqu'\u00e0 30000 bouff\u00e9es, ce qui r\u00e9duit consid\u00e9rablement la n\u00e9cessit\u00e9 de recharges ou de remplissages fr\u00e9quents. La technologie mesh coil de 1,0\u03a9 assure une production de vapeur constante et une saveur sup\u00e9rieure, rendant chaque bouff\u00e9e satisfaisante. L'\u00e9cran LED int\u00e9gr\u00e9 est une caract\u00e9ristique remarquable, permettant aux utilisateurs de surveiller l'utilisation et la dur\u00e9e de vie de la batterie sans effort. De plus, le d\u00e9bit d'air r\u00e9glable offre une exp\u00e9rience de vapotage personnalis\u00e9e, r\u00e9pondant aux diff\u00e9rentes pr\u00e9f\u00e9rences, que vous pr\u00e9f\u00e9riez un tirage serr\u00e9 ou une inhalation plus ouverte.<\/p>\n<p>For more product information, please check out the <strong><em><a href=\"https:\/\/www.facebook.com\/100008071089000\/videos\/1237034987866065\/\">Vapsolo TRIPLE 3in1 30000 Puffs Video.<\/a><\/em><\/strong><\/p>\n<h2><strong>Vapsolo TRIPLE 3in1 30000 Puffs Caract\u00e9ristiques :<\/strong><\/h2>\n<ul>\n<li>\u00c9cran LCD \u00e0 trois r\u00e9servoirs<\/li>\n<li>Capacit\u00e9 en e-liquide : 12ml*3<\/li>\n<li>Capacit\u00e9 de la batterie : 650ml<\/li>\n<li>R\u00e9sistance de la bobine : 1.0ohm<\/li>\n<li>Port Type-C, Rechargeable<\/li>\n<\/ul>\n<h2><strong>Liste des ar\u00f4mes :<\/strong><\/h2>\n<ol>\n<li>Past\u00e8que Ice&amp;Red Bull&amp;Strawberry Kiwi<\/li>\n<li>Citron vert &amp; Fraise Past\u00e8que &amp; Glace aux myrtilles<\/li>\n<li>Fraise, banane, framboise, past\u00e8que, citron, citron vert<\/li>\n<li>Fraise, kiwi&amp; Mangue acide, ananas&amp;Red Bull<\/li>\n<li>Fruits tropicaux &amp; fraise Past\u00e8que &amp; citron P\u00eache<\/li>\n<li>Ananas noix de coco et fraise banane*Blue Razz<\/li>\n<li>Fraise Framboise &amp;Triple Melon &amp;Aigre Mangue Ananas<\/li>\n<li>Framboise Past\u00e8que&amp;Mangue P\u00eache&amp;Fraise Kiwi<\/li>\n<li>Coca \u00e0 la fraise et \u00e0 la vanille, framboise, citron et citron vert<\/li>\n<li>Glace \u00e0 la past\u00e8que&amp;Cr\u00e8me glac\u00e9e \u00e0 la fraise&amp;Triple melon<\/li>\n<li>Kiwi Passions Fruit&amp;Love 66 &amp;Vanilla<\/li>\n<li>Glace \u00e0 la p\u00eache &amp; Glace aux fruits du dragon &amp; M\u00e9lange de fruits<\/li>\n<li>P\u00eache, baie, glace noire, fraise, vanille, cola<\/li>\n<li>Bluberry Soue Rasberry &amp;Strawberry Mango &amp;Lemon Cola<\/li>\n<li>Cassis Ice &amp;Limonade rose &amp;Kiwi Fruit de la passion Goyave<\/li>\n<\/ol>\n<h2><strong>Liste d'emballage :<\/strong><\/h2>\n<p>1pcs chaque petite bo\u00eete \/120g<br \/>\n10 pi\u00e8ces par bo\u00eete centrale<br \/>\n200pcs par carton\/ 25.5KG<br \/>\nTaille du carton : 44*43*26.5CM<\/p>\n<figure id=\"attachment_20946\" aria-describedby=\"caption-attachment-20946\" style=\"width: 800px\" class=\"wp-caption alignnone\"><img loading=\"lazy\" decoding=\"async\" class=\"wp-image-20946 size-full\" title=\"Grossiste Vapsolo TRIPLE 3in1 30000 bouff\u00e9es Vape jetable 1\" src=\"https:\/\/www.vapeswholesaler.com\/wp-content\/uploads\/2024\/12\/Wholesale-Vapsolo-TRIPLE-3in1-30000-Puffs-Disposable-Vape-1.webp\" alt=\"Grossiste Vapsolo TRIPLE 3in1 30000 bouff\u00e9es Vape jetable 1\" width=\"800\" height=\"800\" srcset=\"https:\/\/www.vapeswholesaler.com\/wp-content\/uploads\/2024\/12\/Wholesale-Vapsolo-TRIPLE-3in1-30000-Puffs-Disposable-Vape-1.webp 800w, https:\/\/www.vapeswholesaler.com\/wp-content\/uploads\/2024\/12\/Wholesale-Vapsolo-TRIPLE-3in1-30000-Puffs-Disposable-Vape-1-300x300.webp 300w, https:\/\/www.vapeswholesaler.com\/wp-content\/uploads\/2024\/12\/Wholesale-Vapsolo-TRIPLE-3in1-30000-Puffs-Disposable-Vape-1-150x150.webp 150w, https:\/\/www.vapeswholesaler.com\/wp-content\/uploads\/2024\/12\/Wholesale-Vapsolo-TRIPLE-3in1-30000-Puffs-Disposable-Vape-1-768x768.webp 768w, https:\/\/www.vapeswholesaler.com\/wp-content\/uploads\/2024\/12\/Wholesale-Vapsolo-TRIPLE-3in1-30000-Puffs-Disposable-Vape-1-12x12.webp 12w, https:\/\/www.vapeswholesaler.com\/wp-content\/uploads\/2024\/12\/Wholesale-Vapsolo-TRIPLE-3in1-30000-Puffs-Disposable-Vape-1-247x247.webp 247w, https:\/\/www.vapeswholesaler.com\/wp-content\/uploads\/2024\/12\/Wholesale-Vapsolo-TRIPLE-3in1-30000-Puffs-Disposable-Vape-1-510x510.webp 510w, https:\/\/www.vapeswholesaler.com\/wp-content\/uploads\/2024\/12\/Wholesale-Vapsolo-TRIPLE-3in1-30000-Puffs-Disposable-Vape-1-100x100.webp 100w\" sizes=\"auto, (max-width: 800px) 100vw, 800px\" \/><figcaption id=\"caption-attachment-20946\" class=\"wp-caption-text\">Grossiste Vapsolo TRIPLE 3in1 30000 bouff\u00e9es Vape jetable<\/figcaption><\/figure>\n<p>&nbsp;<\/p>","protected":false},"excerpt":{"rendered":"<p>Quantit\u00e9 minimale de commande : <strong>50pcs<\/strong>\u00a0(M\u00e9lange de saveurs)\u00a0 <strong>Livraison gratuite<\/strong><\/p>\n<p>(<strong>2%, 5% Nic<\/strong>) D\u00e9lai d'exp\u00e9dition de l'entrep\u00f4t de l'UE 5-6 jours ouvrables<\/p>","protected":false},"featured_media":20954,"comment_status":"open","ping_status":"closed","template":"","meta":[],"product_cat":[15],"product_tag":[373,374,87],"class_list":{"0":"post-20965","1":"product","2":"type-product","3":"status-publish","4":"has-post-thumbnail","6":"product_cat-disposable-vape","7":"product_tag-europe-warehouse","8":"product_tag-30000-puffs","9":"product_tag-vapsolo","10":"product_brand-vapsolo","12":"first","13":"outofstock","14":"shipping-taxable","15":"purchasable","16":"product-type-variable","17":"has-default-attributes"},"aioseo_notices":[],"_links":{"self":[{"href":"https:\/\/www.vapeswholesaler.com\/fr\/wp-json\/wp\/v2\/product\/20965","targetHints":{"allow":["GET"]}}],"collection":[{"href":"https:\/\/www.vapeswholesaler.com\/fr\/wp-json\/wp\/v2\/product"}],"about":[{"href":"https:\/\/www.vapeswholesaler.com\/fr\/wp-json\/wp\/v2\/types\/product"}],"replies":[{"embeddable":true,"href":"https:\/\/www.vapeswholesaler.com\/fr\/wp-json\/wp\/v2\/comments?post=20965"}],"wp:featuredmedia":[{"embeddable":true,"href":"https:\/\/www.vapeswholesaler.com\/fr\/wp-json\/wp\/v2\/media\/20954"}],"wp:attachment":[{"href":"https:\/\/www.vapeswholesaler.com\/fr\/wp-json\/wp\/v2\/media?parent=20965"}],"wp:term":[{"taxonomy":"product_cat","embeddable":true,"href":"https:\/\/www.vapeswholesaler.com\/fr\/wp-json\/wp\/v2\/product_cat?post=20965"},{"taxonomy":"product_tag","embeddable":true,"href":"https:\/\/www.vapeswholesaler.com\/fr\/wp-json\/wp\/v2\/product_tag?post=20965"}],"curies":[{"name":"wp","href":"https:\/\/api.w.org\/{rel}","templated":true}]}}