{"id":20649,"date":"2024-12-01T16:04:04","date_gmt":"2024-12-01T08:04:04","guid":{"rendered":"https:\/\/www.vapeswholesaler.com\/?post_type=product&#038;p=20649"},"modified":"2025-10-11T17:12:40","modified_gmt":"2025-10-11T09:12:40","slug":"grossiste-waspe-fx-30000-puffs-box-jetable-vape","status":"publish","type":"product","link":"https:\/\/www.vapeswholesaler.com\/fr\/produit\/grossiste-waspe-fx-30000-puffs-box-jetable-vape","title":{"rendered":"Wholesale WASPE FX 30000 PUFFS BOX Disposable Vape"},"content":{"rendered":"<p><a href=\"https:\/\/www.vapeswholesaler.com\/fr\/marque_du_produit\/guepe\/\">WASPE<\/a> FX 30000 PUFFS BOX Vape jetable, con\u00e7u pour les vapoteurs qui recherchent \u00e0 la fois la qualit\u00e9 et la long\u00e9vit\u00e9. Cet appareil innovant d\u00e9livre un nombre impressionnant de 30000 bouff\u00e9es en mode normal et 15000 bouff\u00e9es en mode puls\u00e9, garantissant une exp\u00e9rience de vapotage prolong\u00e9e sans remplacements fr\u00e9quents.<\/p>\n<p>Le produit est dot\u00e9 d'une capacit\u00e9 substantielle de 28 ml d'e-liquide, le Waspe offre des options de nicotine flexibles de 0%, 2%, et 5%, r\u00e9pondant \u00e0 toutes les pr\u00e9f\u00e9rences. Son syst\u00e8me de bobine \u00e0 double maille (1ohm + 1ohm) am\u00e9liore l'intensit\u00e9 de la saveur et la production de vapeur, offrant une inhalation satisfaisante \u00e0 chaque fois. et aliment\u00e9 par une batterie rechargeable de 850mAh, commod\u00e9ment charg\u00e9e via un port Type-C pour des mises en marche rapides et efficaces. Gr\u00e2ce au d\u00e9bit d'air r\u00e9glable, vous pouvez facilement personnaliser votre tirage en fonction de votre style de vapotage. En outre, l'\u00e9cran LED int\u00e9gr\u00e9 permet de surveiller facilement vos statistiques de vapotage, tandis que le design compact garantit la portabilit\u00e9.<\/p>\n<h2><strong><a href=\"https:\/\/www.facebook.com\/fred.luo.58\/\">WASPE<\/a> FX 30000 PUFFS BOX Disposable Vape D\u00e9tails :<\/strong><\/h2>\n<ul>\n<li>R\u00e9gulier : 30000 bouff\u00e9es<\/li>\n<li>Pouls : 15000 bouff\u00e9es<\/li>\n<li>Bobine Dual Mesh : 1ohm+1ohm<\/li>\n<li>E-liquide:28ml<\/li>\n<li>Nicotine:0%\/2%\/5%<\/li>\n<li>Batterie:850mah<\/li>\n<li>D\u00e9bit d'air r\u00e9glable<\/li>\n<li>Rechargeable:Type-C<\/li>\n<li>Affichage LED<\/li>\n<li>Taille du produit : 61*31*115mm<\/li>\n<\/ul>\n<h2><strong>Liste des ar\u00f4mes :<\/strong><\/h2>\n<ol>\n<li>Fraise Mangue<\/li>\n<li>Baies m\u00e9lang\u00e9es<\/li>\n<li>Glace \u00e0 la past\u00e8que<\/li>\n<li>Past\u00e8que \u00e0 la fraise<\/li>\n<li>Red Bull \u00e0 la fraise<\/li>\n<li>Kiwi Fruit de la passion Goyave<\/li>\n<li>Glace de raisin<\/li>\n<li>Glace double pomme<\/li>\n<li>Myrtille Framboise<\/li>\n<li>Past\u00e8que Mangue P\u00eache<\/li>\n<li>Glace aux myrtilles<\/li>\n<li>P\u00eache Baies<\/li>\n<li>Fraise kiwi<\/li>\n<li>Glace \u00e0 la cerise<\/li>\n<li>Fraise Framboise Cerise<\/li>\n<li>Past\u00e8que Bubblegum<\/li>\n<\/ol>\n<h2><strong>Liste d'emballage :<\/strong><\/h2>\n<p>1pcs each Single box<br \/>\n10 pi\u00e8ces par bo\u00eete interm\u00e9diaire<br \/>\nPoids du produit : 107g\/pcs<br \/>\nQT\u00c9 : 200pcs\/ctn,<br \/>\nTaille du carton : 650*330*240mm<br \/>\nPoids : 23 kg<\/p>\n<figure id=\"attachment_20651\" aria-describedby=\"caption-attachment-20651\" style=\"width: 800px\" class=\"wp-caption alignnone\"><img loading=\"lazy\" decoding=\"async\" class=\"wp-image-20651 size-full\" title=\"Wholesale WASPE FX 30000 PUFFS BOX Disposable Vape 2\" src=\"https:\/\/www.vapeswholesaler.com\/wp-content\/uploads\/2024\/12\/Wholesale-WASPE-FX-30000-PUFFS-BOX-Disposable-Vape-2.webp\" alt=\"Wholesale WASPE FX 30000 PUFFS BOX Disposable Vape 2\" width=\"800\" height=\"800\" srcset=\"https:\/\/www.vapeswholesaler.com\/wp-content\/uploads\/2024\/12\/Wholesale-WASPE-FX-30000-PUFFS-BOX-Disposable-Vape-2.webp 800w, https:\/\/www.vapeswholesaler.com\/wp-content\/uploads\/2024\/12\/Wholesale-WASPE-FX-30000-PUFFS-BOX-Disposable-Vape-2-300x300.webp 300w, https:\/\/www.vapeswholesaler.com\/wp-content\/uploads\/2024\/12\/Wholesale-WASPE-FX-30000-PUFFS-BOX-Disposable-Vape-2-150x150.webp 150w, https:\/\/www.vapeswholesaler.com\/wp-content\/uploads\/2024\/12\/Wholesale-WASPE-FX-30000-PUFFS-BOX-Disposable-Vape-2-768x768.webp 768w, https:\/\/www.vapeswholesaler.com\/wp-content\/uploads\/2024\/12\/Wholesale-WASPE-FX-30000-PUFFS-BOX-Disposable-Vape-2-12x12.webp 12w, https:\/\/www.vapeswholesaler.com\/wp-content\/uploads\/2024\/12\/Wholesale-WASPE-FX-30000-PUFFS-BOX-Disposable-Vape-2-247x247.webp 247w, https:\/\/www.vapeswholesaler.com\/wp-content\/uploads\/2024\/12\/Wholesale-WASPE-FX-30000-PUFFS-BOX-Disposable-Vape-2-510x510.webp 510w, https:\/\/www.vapeswholesaler.com\/wp-content\/uploads\/2024\/12\/Wholesale-WASPE-FX-30000-PUFFS-BOX-Disposable-Vape-2-100x100.webp 100w\" sizes=\"auto, (max-width: 800px) 100vw, 800px\" \/><figcaption id=\"caption-attachment-20651\" class=\"wp-caption-text\">Wholesale WASPE FX 30000 PUFFS BOX Disposable Vape<\/figcaption><\/figure>\n<figure id=\"attachment_20654\" aria-describedby=\"caption-attachment-20654\" style=\"width: 800px\" class=\"wp-caption alignnone\"><img loading=\"lazy\" decoding=\"async\" class=\"wp-image-20654 size-full\" title=\"Wholesale WASPE FX 30000 PUFFS BOX Disposable Vape 5\" src=\"https:\/\/www.vapeswholesaler.com\/wp-content\/uploads\/2024\/12\/Wholesale-WASPE-FX-30000-PUFFS-BOX-Disposable-Vape-5.webp\" alt=\"Wholesale WASPE FX 30000 PUFFS BOX Disposable Vape 5\" width=\"800\" height=\"776\" srcset=\"https:\/\/www.vapeswholesaler.com\/wp-content\/uploads\/2024\/12\/Wholesale-WASPE-FX-30000-PUFFS-BOX-Disposable-Vape-5.webp 800w, https:\/\/www.vapeswholesaler.com\/wp-content\/uploads\/2024\/12\/Wholesale-WASPE-FX-30000-PUFFS-BOX-Disposable-Vape-5-300x291.webp 300w, https:\/\/www.vapeswholesaler.com\/wp-content\/uploads\/2024\/12\/Wholesale-WASPE-FX-30000-PUFFS-BOX-Disposable-Vape-5-768x745.webp 768w, https:\/\/www.vapeswholesaler.com\/wp-content\/uploads\/2024\/12\/Wholesale-WASPE-FX-30000-PUFFS-BOX-Disposable-Vape-5-12x12.webp 12w, https:\/\/www.vapeswholesaler.com\/wp-content\/uploads\/2024\/12\/Wholesale-WASPE-FX-30000-PUFFS-BOX-Disposable-Vape-5-510x495.webp 510w\" sizes=\"auto, (max-width: 800px) 100vw, 800px\" \/><figcaption id=\"caption-attachment-20654\" class=\"wp-caption-text\">Wholesale WASPE FX 30000 PUFFS BOX Disposable Vape<\/figcaption><\/figure>","protected":false},"excerpt":{"rendered":"<p>Quantit\u00e9 minimale de commande :\u00a0<strong>50pcs <\/strong>(M\u00e9lange de saveurs)<\/p>\n<p>\uff08 <strong>2%\uff0c5%<\/strong>\uff09<strong>Livraison gratuite<\/strong><\/p>","protected":false},"featured_media":20650,"comment_status":"open","ping_status":"closed","template":"","meta":[],"product_cat":[15],"product_tag":[374,383],"class_list":{"0":"post-20649","1":"product","2":"type-product","3":"status-publish","4":"has-post-thumbnail","6":"product_cat-disposable-vape","7":"product_tag-30000-puffs","8":"product_tag-waspe","9":"product_brand-waspe","11":"first","12":"outofstock","13":"shipping-taxable","14":"purchasable","15":"product-type-variable","16":"has-default-attributes"},"aioseo_notices":[],"_links":{"self":[{"href":"https:\/\/www.vapeswholesaler.com\/fr\/wp-json\/wp\/v2\/product\/20649","targetHints":{"allow":["GET"]}}],"collection":[{"href":"https:\/\/www.vapeswholesaler.com\/fr\/wp-json\/wp\/v2\/product"}],"about":[{"href":"https:\/\/www.vapeswholesaler.com\/fr\/wp-json\/wp\/v2\/types\/product"}],"replies":[{"embeddable":true,"href":"https:\/\/www.vapeswholesaler.com\/fr\/wp-json\/wp\/v2\/comments?post=20649"}],"wp:featuredmedia":[{"embeddable":true,"href":"https:\/\/www.vapeswholesaler.com\/fr\/wp-json\/wp\/v2\/media\/20650"}],"wp:attachment":[{"href":"https:\/\/www.vapeswholesaler.com\/fr\/wp-json\/wp\/v2\/media?parent=20649"}],"wp:term":[{"taxonomy":"product_cat","embeddable":true,"href":"https:\/\/www.vapeswholesaler.com\/fr\/wp-json\/wp\/v2\/product_cat?post=20649"},{"taxonomy":"product_tag","embeddable":true,"href":"https:\/\/www.vapeswholesaler.com\/fr\/wp-json\/wp\/v2\/product_tag?post=20649"}],"curies":[{"name":"wp","href":"https:\/\/api.w.org\/{rel}","templated":true}]}}