{"id":20454,"date":"2024-11-25T16:21:53","date_gmt":"2024-11-25T08:21:53","guid":{"rendered":"https:\/\/www.vapeswholesaler.com\/?post_type=product&#038;p=20454"},"modified":"2025-03-14T11:37:33","modified_gmt":"2025-03-14T03:37:33","slug":"wholesale-zooy-power-28000-puffs-disposbale-vape","status":"publish","type":"product","link":"https:\/\/www.vapeswholesaler.com\/fr\/produit\/wholesale-zooy-power-28000-puffs-disposbale-vape","title":{"rendered":"Grossiste ZOOY Power 28000 bouff\u00e9es Vape \u00e0 usage unique"},"content":{"rendered":"<p>ZOOY Power 28000 Puffs Disposbale Vape est un appareil r\u00e9volutionnaire con\u00e7u pour les fumeurs exigeants. Il est dot\u00e9 d'un \u00e9cran d'affichage intelligent int\u00e9gr\u00e9 qui pr\u00e9sente les informations essentielles de mani\u00e8re claire. Gr\u00e2ce \u00e0 la technologie de recharge rapide TYPE-C, vous passerez moins de temps \u00e0 attendre et plus de temps \u00e0 vaper. L'\u00e9cran tactile de contr\u00f4le de l'alimentation et la fonction de commutation libre offrent un fonctionnement sans effort. Mais le v\u00e9ritable charme r\u00e9side dans ses r\u00e9glages ajustables. Vous pouvez personnaliser l'exp\u00e9rience de vapotage en fonction de vos pr\u00e9f\u00e9rences, que vous souhaitiez un hit plus fort ou un tirage plus doux. Il ne s'agit pas d'une simple e-cigarette, mais d'un compagnon de vapotage personnalis\u00e9 qui apporte commodit\u00e9 et satisfaction \u00e0 chaque bouff\u00e9e.<\/p>\n<p>La Cigarette \u00e9lectronique jetable ZOOY Power 28000 bouff\u00e9es, un gadget con\u00e7u pour repousser les limites de la technologie de vapotage jetable, vous permet de commencer votre incroyable aventure de vapotage. Avec une batterie rechargeable Type-C de 6500mAh et 32mL d'e-liquide pr\u00e9-charg\u00e9, cette e-cigarette offre une capacit\u00e9 in\u00e9gal\u00e9e de 28 000 bouff\u00e9es pour un plaisir de fumer prolong\u00e9.<\/p>\n<h2><strong><a href=\"https:\/\/www.vapeswholesaler.com\/fr\/marque_du_produit\/zoologie\/\">ZOOY<\/a> Puissance 28000 Puffs D\u00e9tails\uff1a<\/strong><\/h2>\n<ul>\n<li>Bouff\u00e9e : Jusqu'\u00e0 25 000 bouff\u00e9es<\/li>\n<li>Nicotine:2% 5% Nicotine<\/li>\n<li>ECO:28000 Puffs,Boot:14000 Puffs<\/li>\n<li>Liquide : 32 ml pr\u00e9-rempli<\/li>\n<li>Batterie : 650mAh Port rechargeable de type C<\/li>\n<li>Double maille Nickel Chrome<\/li>\n<li>Noyau : Bobine de maille 1,0 \u03a9 + 1,0 \u03a9<\/li>\n<li>Flux d'air r\u00e9glable<\/li>\n<li>\u00c9cran incurv\u00e9<\/li>\n<li>\u00c9cran anim\u00e9<\/li>\n<\/ul>\n<h2><strong>Saveurs :<\/strong><\/h2>\n<ol>\n<li>Myrtille Framboise<\/li>\n<li>Myrtille<\/li>\n<li>Glace de raisin<\/li>\n<li>Mangue mexicaine<\/li>\n<li>M\u00e9lange de fruits<\/li>\n<li>Fruit de la passion<\/li>\n<li>Fraise Kiwi<\/li>\n<li>Punch aux fraises<\/li>\n<li>Cr\u00e8me glac\u00e9e \u00e0 la vanille<\/li>\n<li>Glace \u00e0 la past\u00e8que<\/li>\n<\/ol>\n<h2><strong>Liste d'emballage :<\/strong><\/h2>\n<p>1pcs chaque petite bo\u00eete<br \/>\n10 pi\u00e8ces par bo\u00eete d'affichage<br \/>\n200pcs par carton<\/p>\n<figure id=\"attachment_20520\" aria-describedby=\"caption-attachment-20520\" style=\"width: 800px\" class=\"wp-caption alignnone\"><img loading=\"lazy\" decoding=\"async\" class=\"wp-image-20520 size-full\" title=\"Grossiste ZOOY Power 28000 bouff\u00e9es Vape \u00e0 usage unique 2\" src=\"https:\/\/www.vapeswholesaler.com\/wp-content\/uploads\/2024\/11\/Wholesale-ZOOY-Power-28000-Puffs-Disposbale-Vape-2.webp\" alt=\"Grossiste ZOOY Power 28000 bouff\u00e9es Vape \u00e0 usage unique 2\" width=\"800\" height=\"800\" srcset=\"https:\/\/www.vapeswholesaler.com\/wp-content\/uploads\/2024\/11\/Wholesale-ZOOY-Power-28000-Puffs-Disposbale-Vape-2.webp 800w, https:\/\/www.vapeswholesaler.com\/wp-content\/uploads\/2024\/11\/Wholesale-ZOOY-Power-28000-Puffs-Disposbale-Vape-2-300x300.webp 300w, https:\/\/www.vapeswholesaler.com\/wp-content\/uploads\/2024\/11\/Wholesale-ZOOY-Power-28000-Puffs-Disposbale-Vape-2-150x150.webp 150w, https:\/\/www.vapeswholesaler.com\/wp-content\/uploads\/2024\/11\/Wholesale-ZOOY-Power-28000-Puffs-Disposbale-Vape-2-768x768.webp 768w, https:\/\/www.vapeswholesaler.com\/wp-content\/uploads\/2024\/11\/Wholesale-ZOOY-Power-28000-Puffs-Disposbale-Vape-2-12x12.webp 12w, https:\/\/www.vapeswholesaler.com\/wp-content\/uploads\/2024\/11\/Wholesale-ZOOY-Power-28000-Puffs-Disposbale-Vape-2-247x247.webp 247w, https:\/\/www.vapeswholesaler.com\/wp-content\/uploads\/2024\/11\/Wholesale-ZOOY-Power-28000-Puffs-Disposbale-Vape-2-510x510.webp 510w, https:\/\/www.vapeswholesaler.com\/wp-content\/uploads\/2024\/11\/Wholesale-ZOOY-Power-28000-Puffs-Disposbale-Vape-2-100x100.webp 100w\" sizes=\"auto, (max-width: 800px) 100vw, 800px\" \/><figcaption id=\"caption-attachment-20520\" class=\"wp-caption-text\">Grossiste ZOOY Power 28000 bouff\u00e9es Vape \u00e0 usage unique<\/figcaption><\/figure>\n<figure id=\"attachment_20521\" aria-describedby=\"caption-attachment-20521\" style=\"width: 800px\" class=\"wp-caption alignnone\"><img loading=\"lazy\" decoding=\"async\" class=\"wp-image-20521 size-full\" title=\"Grossiste ZOOY Power 28000 bouff\u00e9es Vape \u00e0 usage unique 3\" src=\"https:\/\/www.vapeswholesaler.com\/wp-content\/uploads\/2024\/11\/Wholesale-ZOOY-Power-28000-Puffs-Disposbale-Vape-3.webp\" alt=\"Grossiste ZOOY Power 28000 bouff\u00e9es Vape \u00e0 usage unique 3\" width=\"800\" height=\"800\" srcset=\"https:\/\/www.vapeswholesaler.com\/wp-content\/uploads\/2024\/11\/Wholesale-ZOOY-Power-28000-Puffs-Disposbale-Vape-3.webp 800w, https:\/\/www.vapeswholesaler.com\/wp-content\/uploads\/2024\/11\/Wholesale-ZOOY-Power-28000-Puffs-Disposbale-Vape-3-300x300.webp 300w, https:\/\/www.vapeswholesaler.com\/wp-content\/uploads\/2024\/11\/Wholesale-ZOOY-Power-28000-Puffs-Disposbale-Vape-3-150x150.webp 150w, https:\/\/www.vapeswholesaler.com\/wp-content\/uploads\/2024\/11\/Wholesale-ZOOY-Power-28000-Puffs-Disposbale-Vape-3-768x768.webp 768w, https:\/\/www.vapeswholesaler.com\/wp-content\/uploads\/2024\/11\/Wholesale-ZOOY-Power-28000-Puffs-Disposbale-Vape-3-12x12.webp 12w, https:\/\/www.vapeswholesaler.com\/wp-content\/uploads\/2024\/11\/Wholesale-ZOOY-Power-28000-Puffs-Disposbale-Vape-3-247x247.webp 247w, https:\/\/www.vapeswholesaler.com\/wp-content\/uploads\/2024\/11\/Wholesale-ZOOY-Power-28000-Puffs-Disposbale-Vape-3-510x510.webp 510w, https:\/\/www.vapeswholesaler.com\/wp-content\/uploads\/2024\/11\/Wholesale-ZOOY-Power-28000-Puffs-Disposbale-Vape-3-100x100.webp 100w\" sizes=\"auto, (max-width: 800px) 100vw, 800px\" \/><figcaption id=\"caption-attachment-20521\" class=\"wp-caption-text\">Grossiste ZOOY Power 28000 bouff\u00e9es Vape \u00e0 usage unique<\/figcaption><\/figure>\n<p>&nbsp;<\/p>\n<p>&nbsp;<\/p>\n<p>&nbsp;<\/p>\n<p>&nbsp;<\/p>","protected":false},"excerpt":{"rendered":"<p>Quantit\u00e9 minimale de commande :\u00a0<strong>50 PCS<\/strong>\u00a0(M\u00e9lange de saveurs)\u00a0\u00a0<strong>Livraison gratuite<\/strong><\/p>\n<p>(<strong>2%, 5% Nic<\/strong>) D\u00e9lai d'exp\u00e9dition de l'entrep\u00f4t de l'UE 5-6 jours ouvrables<\/p>","protected":false},"featured_media":20523,"comment_status":"open","ping_status":"closed","template":"","meta":[],"product_cat":[15],"product_tag":[183,371,373],"class_list":{"0":"post-20454","1":"product","2":"type-product","3":"status-publish","4":"has-post-thumbnail","6":"product_cat-disposable-vape","7":"product_tag-28000-puffs","8":"product_tag-zooy","9":"product_tag-europe-warehouse","10":"product_brand-zooy","12":"first","13":"instock","14":"shipping-taxable","15":"purchasable","16":"product-type-variable","17":"has-default-attributes"},"aioseo_notices":[],"_links":{"self":[{"href":"https:\/\/www.vapeswholesaler.com\/fr\/wp-json\/wp\/v2\/product\/20454","targetHints":{"allow":["GET"]}}],"collection":[{"href":"https:\/\/www.vapeswholesaler.com\/fr\/wp-json\/wp\/v2\/product"}],"about":[{"href":"https:\/\/www.vapeswholesaler.com\/fr\/wp-json\/wp\/v2\/types\/product"}],"replies":[{"embeddable":true,"href":"https:\/\/www.vapeswholesaler.com\/fr\/wp-json\/wp\/v2\/comments?post=20454"}],"wp:featuredmedia":[{"embeddable":true,"href":"https:\/\/www.vapeswholesaler.com\/fr\/wp-json\/wp\/v2\/media\/20523"}],"wp:attachment":[{"href":"https:\/\/www.vapeswholesaler.com\/fr\/wp-json\/wp\/v2\/media?parent=20454"}],"wp:term":[{"taxonomy":"product_cat","embeddable":true,"href":"https:\/\/www.vapeswholesaler.com\/fr\/wp-json\/wp\/v2\/product_cat?post=20454"},{"taxonomy":"product_tag","embeddable":true,"href":"https:\/\/www.vapeswholesaler.com\/fr\/wp-json\/wp\/v2\/product_tag?post=20454"}],"curies":[{"name":"wp","href":"https:\/\/api.w.org\/{rel}","templated":true}]}}