{"id":20232,"date":"2024-11-11T11:47:36","date_gmt":"2024-11-11T03:47:36","guid":{"rendered":"https:\/\/www.vapeswholesaler.com\/?post_type=product&#038;p=20232"},"modified":"2025-11-30T09:55:26","modified_gmt":"2025-11-30T01:55:26","slug":"wholesale-arymi-hookalit-40000-puffs-shisha-disposable-vape","status":"publish","type":"product","link":"https:\/\/www.vapeswholesaler.com\/fr\/produit\/wholesale-arymi-hookalit-40000-puffs-shisha-disposable-vape","title":{"rendered":"Grossiste ARYMI Hookalit 40000 bouff\u00e9es Shisha Vape jetable"},"content":{"rendered":"<p>ARYMI Hookalit 40000 Puffs Shisha Vape Hookah jetable est livr\u00e9 avec 40ml d'e-juice avec un taux de nicotine de 0.5% et plus de d\u00e9corations pour des saveurs diff\u00e9rentes. Ce vaporisateur jetable en forme de sylinder est tr\u00e8s portable, parfait pour une utilisation quotidienne. Le taux de nicotine r\u00e9duit r\u00e9pond aux besoins de saveurs plus douces. Arymi Hookalit supporte \u00e0 la fois le vapotage MTL et DL. Vous pouvez passer en mode DL \u00e0 tout moment et modifier les r\u00e9glages du flux d'air pour une meilleure production de vapeur. Tenez Arymi Hookalit 40000 Vape en main et vous pourrez appr\u00e9cier les saveurs de la shisha \u00e0 tout moment et n'importe o\u00f9.<\/p>\n<h2><strong><a href=\"https:\/\/www.vapeswholesaler.com\/fr\/produit\/wholesale-kanger-subox-50000-puffs-disposable-vape-40ml\/\">ARYMI Hookalit 40000<\/a> Puffs Features:<\/strong><\/h2>\n<ul>\n<li>Capacit\u00e9 gigantesque de 40ml de E-liquide<\/li>\n<li>Batterie rechargeable int\u00e9gr\u00e9e de 1300mAh<\/li>\n<li>Nombre de bouff\u00e9es : Environ 40000 bouff\u00e9es (MTL)\/20000 bouff\u00e9es (DL)<\/li>\n<li>0.6ohm Lit Mesh Coil<\/li>\n<li>Drip Tip en forme de paille<\/li>\n<li>\u00c9cran num\u00e9rique simple<\/li>\n<li>Contr\u00f4le du flux d'air r\u00e9glable : MTL\/DL<\/li>\n<li>0.5%(5mg\/ml) Teneur en nicotine<\/li>\n<li>Ar\u00f4mes authentiques de Shisha : Parfait pour DTL<\/li>\n<li>Chargement par USB Type-C (c\u00e2ble non inclus)<\/li>\n<li>Dessin activ\u00e9<\/li>\n<\/ul>\n<h2><strong>ARYMI Hookalit 40000 Puffs Saveurs :<\/strong><\/h2>\n<ol>\n<li>Fraise Kiwi<\/li>\n<li>Glace de raisin<\/li>\n<li>Cong\u00e9lation \u00e0 la mangue<\/li>\n<li>Glace luxuriante<\/li>\n<li>Melon d'eau Fraise Melon<\/li>\n<li>Glace au cassis<\/li>\n<li>M. Bleu<\/li>\n<li>Cerise Framboise<\/li>\n<li>Menthe citronn\u00e9e<\/li>\n<li>R\u00eave lucide<\/li>\n<li>Chewing-gum<\/li>\n<li>Amour 66<\/li>\n<li>Fruit de la passion<\/li>\n<li>Lady Killer<\/li>\n<li>P\u00eache Mangue Past\u00e8que<\/li>\n<li>Shisha \u00e0 deux pommes<\/li>\n<li>Glace \u00e0 la p\u00eache<\/li>\n<li>L'amour magique<\/li>\n<li>Baies m\u00e9lang\u00e9es<\/li>\n<li>Limonade Blue Razz<\/li>\n<\/ol>\n<h2><strong>Liste d'emballage :<\/strong><\/h2>\n<p>1pcs\/pack<br \/>\nchaque paquet 210g<br \/>\n100 pi\u00e8ces par carton<br \/>\n21kg\/carton<\/p>\n<p>&nbsp;<\/p>\n<p>&nbsp;<\/p>\n<p><img loading=\"lazy\" decoding=\"async\" class=\"alignnone wp-image-20236 size-full\" title=\"Grossiste ARYMI Hookalit 40000 Bouff\u00e9es Shisha Jetable Vape 4\" src=\"https:\/\/www.vapeswholesaler.com\/wp-content\/uploads\/2024\/11\/Wholesale-ARYMI-Hookalit-40000-Puffs-Shisha-Disposable-Vape-4.webp\" alt=\"Grossiste ARYMI Hookalit 40000 Bouff\u00e9es Shisha Jetable Vape 4\" width=\"800\" height=\"800\" srcset=\"https:\/\/www.vapeswholesaler.com\/wp-content\/uploads\/2024\/11\/Wholesale-ARYMI-Hookalit-40000-Puffs-Shisha-Disposable-Vape-4.webp 800w, https:\/\/www.vapeswholesaler.com\/wp-content\/uploads\/2024\/11\/Wholesale-ARYMI-Hookalit-40000-Puffs-Shisha-Disposable-Vape-4-300x300.webp 300w, https:\/\/www.vapeswholesaler.com\/wp-content\/uploads\/2024\/11\/Wholesale-ARYMI-Hookalit-40000-Puffs-Shisha-Disposable-Vape-4-150x150.webp 150w, https:\/\/www.vapeswholesaler.com\/wp-content\/uploads\/2024\/11\/Wholesale-ARYMI-Hookalit-40000-Puffs-Shisha-Disposable-Vape-4-768x768.webp 768w, https:\/\/www.vapeswholesaler.com\/wp-content\/uploads\/2024\/11\/Wholesale-ARYMI-Hookalit-40000-Puffs-Shisha-Disposable-Vape-4-12x12.webp 12w, https:\/\/www.vapeswholesaler.com\/wp-content\/uploads\/2024\/11\/Wholesale-ARYMI-Hookalit-40000-Puffs-Shisha-Disposable-Vape-4-247x247.webp 247w, https:\/\/www.vapeswholesaler.com\/wp-content\/uploads\/2024\/11\/Wholesale-ARYMI-Hookalit-40000-Puffs-Shisha-Disposable-Vape-4-510x510.webp 510w, https:\/\/www.vapeswholesaler.com\/wp-content\/uploads\/2024\/11\/Wholesale-ARYMI-Hookalit-40000-Puffs-Shisha-Disposable-Vape-4-100x100.webp 100w\" sizes=\"auto, (max-width: 800px) 100vw, 800px\" \/> <img loading=\"lazy\" decoding=\"async\" class=\"alignnone wp-image-20237 size-full\" title=\"Grossiste ARYMI Hookalit 40000 Bouff\u00e9es Shisha Jetable Vape 5\" src=\"https:\/\/www.vapeswholesaler.com\/wp-content\/uploads\/2024\/11\/Wholesale-ARYMI-Hookalit-40000-Puffs-Shisha-Disposable-Vape-5.webp\" alt=\"Grossiste ARYMI Hookalit 40000 Bouff\u00e9es Shisha Jetable Vape 5\" width=\"800\" height=\"849\" srcset=\"https:\/\/www.vapeswholesaler.com\/wp-content\/uploads\/2024\/11\/Wholesale-ARYMI-Hookalit-40000-Puffs-Shisha-Disposable-Vape-5.webp 800w, https:\/\/www.vapeswholesaler.com\/wp-content\/uploads\/2024\/11\/Wholesale-ARYMI-Hookalit-40000-Puffs-Shisha-Disposable-Vape-5-283x300.webp 283w, https:\/\/www.vapeswholesaler.com\/wp-content\/uploads\/2024\/11\/Wholesale-ARYMI-Hookalit-40000-Puffs-Shisha-Disposable-Vape-5-768x815.webp 768w, https:\/\/www.vapeswholesaler.com\/wp-content\/uploads\/2024\/11\/Wholesale-ARYMI-Hookalit-40000-Puffs-Shisha-Disposable-Vape-5-11x12.webp 11w, https:\/\/www.vapeswholesaler.com\/wp-content\/uploads\/2024\/11\/Wholesale-ARYMI-Hookalit-40000-Puffs-Shisha-Disposable-Vape-5-510x541.webp 510w\" sizes=\"auto, (max-width: 800px) 100vw, 800px\" \/> <img loading=\"lazy\" decoding=\"async\" class=\"alignnone wp-image-20238 size-full\" title=\"Grossiste ARYMI Hookalit 40000 Bouff\u00e9es Shisha Jetable Vape 6\" src=\"https:\/\/www.vapeswholesaler.com\/wp-content\/uploads\/2024\/11\/Wholesale-ARYMI-Hookalit-40000-Puffs-Shisha-Disposable-Vape-6.webp\" alt=\"Grossiste ARYMI Hookalit 40000 Bouff\u00e9es Shisha Jetable Vape 6\" width=\"800\" height=\"800\" srcset=\"https:\/\/www.vapeswholesaler.com\/wp-content\/uploads\/2024\/11\/Wholesale-ARYMI-Hookalit-40000-Puffs-Shisha-Disposable-Vape-6.webp 800w, https:\/\/www.vapeswholesaler.com\/wp-content\/uploads\/2024\/11\/Wholesale-ARYMI-Hookalit-40000-Puffs-Shisha-Disposable-Vape-6-300x300.webp 300w, https:\/\/www.vapeswholesaler.com\/wp-content\/uploads\/2024\/11\/Wholesale-ARYMI-Hookalit-40000-Puffs-Shisha-Disposable-Vape-6-150x150.webp 150w, https:\/\/www.vapeswholesaler.com\/wp-content\/uploads\/2024\/11\/Wholesale-ARYMI-Hookalit-40000-Puffs-Shisha-Disposable-Vape-6-768x768.webp 768w, https:\/\/www.vapeswholesaler.com\/wp-content\/uploads\/2024\/11\/Wholesale-ARYMI-Hookalit-40000-Puffs-Shisha-Disposable-Vape-6-12x12.webp 12w, https:\/\/www.vapeswholesaler.com\/wp-content\/uploads\/2024\/11\/Wholesale-ARYMI-Hookalit-40000-Puffs-Shisha-Disposable-Vape-6-247x247.webp 247w, https:\/\/www.vapeswholesaler.com\/wp-content\/uploads\/2024\/11\/Wholesale-ARYMI-Hookalit-40000-Puffs-Shisha-Disposable-Vape-6-510x510.webp 510w, https:\/\/www.vapeswholesaler.com\/wp-content\/uploads\/2024\/11\/Wholesale-ARYMI-Hookalit-40000-Puffs-Shisha-Disposable-Vape-6-100x100.webp 100w\" sizes=\"auto, (max-width: 800px) 100vw, 800px\" \/> <img loading=\"lazy\" decoding=\"async\" class=\"alignnone wp-image-20239 size-full\" title=\"Grossiste ARYMI Hookalit 40000 Bouff\u00e9es Shisha Jetable Vape 7\" src=\"https:\/\/www.vapeswholesaler.com\/wp-content\/uploads\/2024\/11\/Wholesale-ARYMI-Hookalit-40000-Puffs-Shisha-Disposable-Vape-7.webp\" alt=\"Grossiste ARYMI Hookalit 40000 Bouff\u00e9es Shisha Jetable Vape 7\" width=\"800\" height=\"424\" srcset=\"https:\/\/www.vapeswholesaler.com\/wp-content\/uploads\/2024\/11\/Wholesale-ARYMI-Hookalit-40000-Puffs-Shisha-Disposable-Vape-7.webp 800w, https:\/\/www.vapeswholesaler.com\/wp-content\/uploads\/2024\/11\/Wholesale-ARYMI-Hookalit-40000-Puffs-Shisha-Disposable-Vape-7-300x159.webp 300w, https:\/\/www.vapeswholesaler.com\/wp-content\/uploads\/2024\/11\/Wholesale-ARYMI-Hookalit-40000-Puffs-Shisha-Disposable-Vape-7-768x407.webp 768w, https:\/\/www.vapeswholesaler.com\/wp-content\/uploads\/2024\/11\/Wholesale-ARYMI-Hookalit-40000-Puffs-Shisha-Disposable-Vape-7-18x10.webp 18w, https:\/\/www.vapeswholesaler.com\/wp-content\/uploads\/2024\/11\/Wholesale-ARYMI-Hookalit-40000-Puffs-Shisha-Disposable-Vape-7-510x270.webp 510w\" sizes=\"auto, (max-width: 800px) 100vw, 800px\" \/><\/p>","protected":false},"excerpt":{"rendered":"<p>Quantit\u00e9 minimale de commande : <strong>100 PCS<\/strong> (M\u00e9lange de saveurs)<\/p>\n<p>\uff08 5%\uff09<strong>Livraison gratuite<\/strong><\/p>","protected":false},"featured_media":20210,"comment_status":"open","ping_status":"closed","template":"","meta":[],"product_cat":[15],"product_tag":[150,151,152,153],"class_list":{"0":"post-20232","1":"product","2":"type-product","3":"status-publish","4":"has-post-thumbnail","6":"product_cat-disposable-vape","7":"product_tag-arymi-hookalit-40000-puffs","8":"product_tag-arymi-40000-puffs","9":"product_tag-arymi-40000-puffs-disposable-vape","10":"product_tag-arymi-hookalit-40000-puffs-vapes","11":"product_brand-kanger-arymi","13":"first","14":"instock","15":"shipping-taxable","16":"purchasable","17":"product-type-variable","18":"has-default-attributes"},"aioseo_notices":[],"_links":{"self":[{"href":"https:\/\/www.vapeswholesaler.com\/fr\/wp-json\/wp\/v2\/product\/20232","targetHints":{"allow":["GET"]}}],"collection":[{"href":"https:\/\/www.vapeswholesaler.com\/fr\/wp-json\/wp\/v2\/product"}],"about":[{"href":"https:\/\/www.vapeswholesaler.com\/fr\/wp-json\/wp\/v2\/types\/product"}],"replies":[{"embeddable":true,"href":"https:\/\/www.vapeswholesaler.com\/fr\/wp-json\/wp\/v2\/comments?post=20232"}],"wp:featuredmedia":[{"embeddable":true,"href":"https:\/\/www.vapeswholesaler.com\/fr\/wp-json\/wp\/v2\/media\/20210"}],"wp:attachment":[{"href":"https:\/\/www.vapeswholesaler.com\/fr\/wp-json\/wp\/v2\/media?parent=20232"}],"wp:term":[{"taxonomy":"product_cat","embeddable":true,"href":"https:\/\/www.vapeswholesaler.com\/fr\/wp-json\/wp\/v2\/product_cat?post=20232"},{"taxonomy":"product_tag","embeddable":true,"href":"https:\/\/www.vapeswholesaler.com\/fr\/wp-json\/wp\/v2\/product_tag?post=20232"}],"curies":[{"name":"wp","href":"https:\/\/api.w.org\/{rel}","templated":true}]}}