{"id":20022,"date":"2024-10-28T14:47:43","date_gmt":"2024-10-28T06:47:43","guid":{"rendered":"https:\/\/www.vapeswholesaler.com\/?post_type=product&#038;p=20022"},"modified":"2025-03-05T14:26:41","modified_gmt":"2025-03-05T06:26:41","slug":"grossiste-vapme-shisha-pro-max-20000-bouffees-stylo-vape-jetable","status":"publish","type":"product","link":"https:\/\/www.vapeswholesaler.com\/fr\/produit\/grossiste-vapme-shisha-pro-max-20000-bouffees-stylo-vape-jetable","title":{"rendered":"Grossiste Vapme Shisha Pro Max 20000 bouff\u00e9es Stylo \u00e0 Vape jetable"},"content":{"rendered":"<p>Vapme Shisha Pro Max 20000 Puffs Disposable Vape Pen, le summum de la technologie de la vape jetable, con\u00e7u pour ceux qui exigent le meilleur en termes de performance et de saveur. Cet appareil extraordinaire est con\u00e7u pour offrir une exp\u00e9rience de vapotage in\u00e9gal\u00e9e, avec une capacit\u00e9 remarquable de 20 000 bouff\u00e9es et un r\u00e9servoir g\u00e9n\u00e9reux de 28 ml.<\/p>\n<p>Le stylo \u00e0 vapeur jetable Vapme Shisha Pro Max 20000 Puffs est con\u00e7u pour offrir une durabilit\u00e9 et un plaisir exceptionnels. Avec sa capacit\u00e9 impressionnante de 20 000 bouff\u00e9es, cet appareil garantit un plaisir prolong\u00e9 sans recharges fr\u00e9quentes. Le r\u00e9servoir d'e-liquide de 28 ml permet une utilisation prolong\u00e9e, tandis que la robuste batterie rechargeable de 650 mAh garantit une puissance et des performances constantes. Son design \u00e9l\u00e9gant et ses fonctionnalit\u00e9s avanc\u00e9es en font un choix de premier ordre pour les vapoteurs qui recherchent \u00e0 la fois la commodit\u00e9 et la qualit\u00e9.<\/p>\n<p>Vapme Shisha Pro Max 20000 bouff\u00e9es Stylo \u00e0 Vape jetable l'affichage num\u00e9rique unique montre la quantit\u00e9 de liquide E-Liquid restant et le niveau de la batterie dans la m\u00eame interface\uff0cKeeps you up to date with our device use and keeps your favorite vape device to tip up !<\/p>\n<h2><strong><a href=\"https:\/\/www.vapeswholesaler.com\/fr\/marque_du_produit\/vapme\/\">Vapme<\/a> Shisha Pro Max 20000 bouff\u00e9es Caract\u00e9ristiques :<\/strong><\/h2>\n<ul>\n<li>Capacit\u00e9 : 28ml<\/li>\n<li>Puffs : Atteindre jusqu'\u00e0 20000 bouff\u00e9es<\/li>\n<li>2%(0mg\/20mg) options de nicotine<\/li>\n<li>Sub-Ohm DTL Vaping<\/li>\n<li>offre une exp\u00e9rience de vapotage robuste.<\/li>\n<li>Bobine en maille : bobine en maille de 0,60 ohm<\/li>\n<li>Batterie : 850mAh<\/li>\n<\/ul>\n<h2><strong>Vapme Shisha Pro Max 20000 Puffs Ar\u00f4mes :<\/strong><\/h2>\n<ol>\n<li>Myrtille et chewing-gum<\/li>\n<li>Limonade Blue Razz<\/li>\n<li>Myrtille Framboise<\/li>\n<li>Glace Blackcurrent<\/li>\n<li>Baie de cerise<\/li>\n<li>Pomme congel\u00e9e<\/li>\n<li>Punch aux raisins<\/li>\n<li>Jus de p\u00eache<\/li>\n<li>Kiwi Fruit de la passion Goyave<\/li>\n<li>Menthe citronn\u00e9e<\/li>\n<li>Lady Killa<\/li>\n<li>Amour 66<\/li>\n<li>Baies m\u00e9lang\u00e9es<\/li>\n<li>P\u00eache Mangue Ananas<\/li>\n<li>Shake \u00e0 l'ananas<\/li>\n<li>Fraise Raisin<\/li>\n<li>Fraise Kiwi<\/li>\n<li>Glace \u00e0 la fraise<\/li>\n<li>Bonbons \u00e0 la fraise et \u00e0 la framboise<\/li>\n<li>Past\u00e8que \u00e0 la fraise<\/li>\n<li>Taureau \u00e0 la past\u00e8que<\/li>\n<li>Past\u00e8que Cerise<\/li>\n<li>Glace \u00e0 la past\u00e8que<\/li>\n<li>Mamba blanc<\/li>\n<\/ol>\n<h2><strong>Liste d'emballage :<\/strong><\/h2>\n<p>1pcs par bo\u00eete individuelle<br \/>\n10 pi\u00e8ces par bo\u00eete de pr\u00e9sentation<br \/>\n200pcs par carton<\/p>\n<p><img loading=\"lazy\" decoding=\"async\" class=\"alignnone wp-image-19994 size-full\" title=\"Grossiste Vapme Shisha Pro Max 20000 Bouff\u00e9es Stylo \u00e0 Vape Jetable 1\" src=\"https:\/\/www.vapeswholesaler.com\/wp-content\/uploads\/2024\/10\/Wholesale-Vapme-Shisha-Pro-Max-20000-Puffs-Disposable-Vape-Pen-1.webp\" alt=\"Grossiste Vapme Shisha Pro Max 20000 Bouff\u00e9es Stylo \u00e0 Vape Jetable 1\" width=\"800\" height=\"800\" srcset=\"https:\/\/www.vapeswholesaler.com\/wp-content\/uploads\/2024\/10\/Wholesale-Vapme-Shisha-Pro-Max-20000-Puffs-Disposable-Vape-Pen-1.webp 800w, https:\/\/www.vapeswholesaler.com\/wp-content\/uploads\/2024\/10\/Wholesale-Vapme-Shisha-Pro-Max-20000-Puffs-Disposable-Vape-Pen-1-300x300.webp 300w, https:\/\/www.vapeswholesaler.com\/wp-content\/uploads\/2024\/10\/Wholesale-Vapme-Shisha-Pro-Max-20000-Puffs-Disposable-Vape-Pen-1-150x150.webp 150w, https:\/\/www.vapeswholesaler.com\/wp-content\/uploads\/2024\/10\/Wholesale-Vapme-Shisha-Pro-Max-20000-Puffs-Disposable-Vape-Pen-1-768x768.webp 768w, https:\/\/www.vapeswholesaler.com\/wp-content\/uploads\/2024\/10\/Wholesale-Vapme-Shisha-Pro-Max-20000-Puffs-Disposable-Vape-Pen-1-12x12.webp 12w, https:\/\/www.vapeswholesaler.com\/wp-content\/uploads\/2024\/10\/Wholesale-Vapme-Shisha-Pro-Max-20000-Puffs-Disposable-Vape-Pen-1-247x247.webp 247w, https:\/\/www.vapeswholesaler.com\/wp-content\/uploads\/2024\/10\/Wholesale-Vapme-Shisha-Pro-Max-20000-Puffs-Disposable-Vape-Pen-1-510x510.webp 510w, https:\/\/www.vapeswholesaler.com\/wp-content\/uploads\/2024\/10\/Wholesale-Vapme-Shisha-Pro-Max-20000-Puffs-Disposable-Vape-Pen-1-100x100.webp 100w\" sizes=\"auto, (max-width: 800px) 100vw, 800px\" \/> <img loading=\"lazy\" decoding=\"async\" class=\"alignnone wp-image-19995 size-full\" title=\"Wholesale Vapme Shisha Pro Max 20000 Puffs Disposable Vape Pen 2\" src=\"https:\/\/www.vapeswholesaler.com\/wp-content\/uploads\/2024\/10\/Wholesale-Vapme-Shisha-Pro-Max-20000-Puffs-Disposable-Vape-Pen-2.webp\" alt=\"Wholesale Vapme Shisha Pro Max 20000 Puffs Disposable Vape Pen 2\" width=\"800\" height=\"550\" srcset=\"https:\/\/www.vapeswholesaler.com\/wp-content\/uploads\/2024\/10\/Wholesale-Vapme-Shisha-Pro-Max-20000-Puffs-Disposable-Vape-Pen-2.webp 800w, https:\/\/www.vapeswholesaler.com\/wp-content\/uploads\/2024\/10\/Wholesale-Vapme-Shisha-Pro-Max-20000-Puffs-Disposable-Vape-Pen-2-300x206.webp 300w, https:\/\/www.vapeswholesaler.com\/wp-content\/uploads\/2024\/10\/Wholesale-Vapme-Shisha-Pro-Max-20000-Puffs-Disposable-Vape-Pen-2-768x528.webp 768w, https:\/\/www.vapeswholesaler.com\/wp-content\/uploads\/2024\/10\/Wholesale-Vapme-Shisha-Pro-Max-20000-Puffs-Disposable-Vape-Pen-2-18x12.webp 18w, https:\/\/www.vapeswholesaler.com\/wp-content\/uploads\/2024\/10\/Wholesale-Vapme-Shisha-Pro-Max-20000-Puffs-Disposable-Vape-Pen-2-510x351.webp 510w\" sizes=\"auto, (max-width: 800px) 100vw, 800px\" \/> <img loading=\"lazy\" decoding=\"async\" class=\"alignnone wp-image-19996 size-full\" title=\"Grossiste Vapme Shisha Pro Max 20000 Bouff\u00e9es Stylo \u00e0 Vape Jetable 3\" src=\"https:\/\/www.vapeswholesaler.com\/wp-content\/uploads\/2024\/10\/Wholesale-Vapme-Shisha-Pro-Max-20000-Puffs-Disposable-Vape-Pen-3.webp\" alt=\"Grossiste Vapme Shisha Pro Max 20000 Bouff\u00e9es Stylo \u00e0 Vape Jetable 3\" width=\"800\" height=\"740\" srcset=\"https:\/\/www.vapeswholesaler.com\/wp-content\/uploads\/2024\/10\/Wholesale-Vapme-Shisha-Pro-Max-20000-Puffs-Disposable-Vape-Pen-3.webp 800w, https:\/\/www.vapeswholesaler.com\/wp-content\/uploads\/2024\/10\/Wholesale-Vapme-Shisha-Pro-Max-20000-Puffs-Disposable-Vape-Pen-3-300x278.webp 300w, https:\/\/www.vapeswholesaler.com\/wp-content\/uploads\/2024\/10\/Wholesale-Vapme-Shisha-Pro-Max-20000-Puffs-Disposable-Vape-Pen-3-768x710.webp 768w, https:\/\/www.vapeswholesaler.com\/wp-content\/uploads\/2024\/10\/Wholesale-Vapme-Shisha-Pro-Max-20000-Puffs-Disposable-Vape-Pen-3-13x12.webp 13w, https:\/\/www.vapeswholesaler.com\/wp-content\/uploads\/2024\/10\/Wholesale-Vapme-Shisha-Pro-Max-20000-Puffs-Disposable-Vape-Pen-3-510x472.webp 510w\" sizes=\"auto, (max-width: 800px) 100vw, 800px\" \/><\/p>","protected":false},"excerpt":{"rendered":"<p>Quantit\u00e9 minimale de commande :\u00a0<strong>50 PCS<\/strong>\u00a0(M\u00e9lange de saveurs)\u00a0\u00a0<strong>Livraison gratuite<\/strong><\/p>\n<p>(<strong>5% Nic<\/strong>)<\/p>","protected":false},"featured_media":20017,"comment_status":"open","ping_status":"closed","template":"","meta":[],"product_cat":[15],"product_tag":[],"class_list":{"0":"post-20022","1":"product","2":"type-product","3":"status-publish","4":"has-post-thumbnail","6":"product_cat-disposable-vape","7":"product_brand-vapme","9":"first","10":"outofstock","11":"shipping-taxable","12":"purchasable","13":"product-type-variable","14":"has-default-attributes"},"aioseo_notices":[],"_links":{"self":[{"href":"https:\/\/www.vapeswholesaler.com\/fr\/wp-json\/wp\/v2\/product\/20022","targetHints":{"allow":["GET"]}}],"collection":[{"href":"https:\/\/www.vapeswholesaler.com\/fr\/wp-json\/wp\/v2\/product"}],"about":[{"href":"https:\/\/www.vapeswholesaler.com\/fr\/wp-json\/wp\/v2\/types\/product"}],"replies":[{"embeddable":true,"href":"https:\/\/www.vapeswholesaler.com\/fr\/wp-json\/wp\/v2\/comments?post=20022"}],"wp:featuredmedia":[{"embeddable":true,"href":"https:\/\/www.vapeswholesaler.com\/fr\/wp-json\/wp\/v2\/media\/20017"}],"wp:attachment":[{"href":"https:\/\/www.vapeswholesaler.com\/fr\/wp-json\/wp\/v2\/media?parent=20022"}],"wp:term":[{"taxonomy":"product_cat","embeddable":true,"href":"https:\/\/www.vapeswholesaler.com\/fr\/wp-json\/wp\/v2\/product_cat?post=20022"},{"taxonomy":"product_tag","embeddable":true,"href":"https:\/\/www.vapeswholesaler.com\/fr\/wp-json\/wp\/v2\/product_tag?post=20022"}],"curies":[{"name":"wp","href":"https:\/\/api.w.org\/{rel}","templated":true}]}}