{"id":19556,"date":"2024-09-14T12:12:22","date_gmt":"2024-09-14T04:12:22","guid":{"rendered":"https:\/\/www.vapeswholesaler.com\/?post_type=product&#038;p=19556"},"modified":"2025-03-18T12:21:02","modified_gmt":"2025-03-18T04:21:02","slug":"wholesale-bang-30k-pro-30000-puffs-double-flavors-disposable-vape","status":"publish","type":"product","link":"https:\/\/www.vapeswholesaler.com\/fr\/produit\/wholesale-bang-30k-pro-30000-puffs-double-flavors-disposable-vape","title":{"rendered":"Wholesale Bang 30K Pro 30000 Puffs Double Flavors Disposable Vape"},"content":{"rendered":"<p><a href=\"https:\/\/www.vapeswholesaler.com\/fr\/marque_du_produit\/coup\/\">Bang<\/a> 30K Pro 30000 Puffs , une vape jetable de grande capacit\u00e9 qui combine la commodit\u00e9, une saveur sup\u00e9rieure et un nombre massif de 30 000 bouff\u00e9es. Con\u00e7u pour les vapoteurs qui recherchent \u00e0 la fois la vari\u00e9t\u00e9 et la long\u00e9vit\u00e9, cet appareil est dot\u00e9 d'un syst\u00e8me \u00e0 double ar\u00f4me qui permet de passer en toute transparence d'un ar\u00f4me \u00e0 l'autre dans un seul appareil. \u00c9quip\u00e9 d'une puissante batterie rechargeable de 550mAh et de 36ml d'e-liquide, le Bang 30K Pro offre des sessions de vapotage prolong\u00e9es sans avoir besoin d'\u00eatre constamment recharg\u00e9 ou recharg\u00e9. L'\u00e9cran \u00e9lectronique, plus grand et plus clair, peut afficher plus clairement la puissance et le statut de l'utilisation de l'huile de vape, ce qui permet de ne plus s'inqui\u00e9ter de la dur\u00e9e de vie de la batterie.<\/p>\n<p>Cette e-cigarette jetable Vape Double Flavor allie sans effort polyvalence et performances exceptionnelles. Avec une capacit\u00e9 de 30 000 bouff\u00e9es, cette vape garantit une exp\u00e9rience durable et agr\u00e9able. Vous pouvez choisir entre les niveaux de nicotine 0%, 2%, 3% ou 5%, ce qui vous permet de personnaliser votre session de vapotage pour qu'elle corresponde parfaitement \u00e0 vos pr\u00e9f\u00e9rences.<\/p>\n<h2><strong><a href=\"https:\/\/www.facebook.com\/fred.luo.58\/\">Bang<\/a> 30K Pro 30000 Puffs Caract\u00e9ristiques :<\/strong><\/h2>\n<ul>\n<li>Pratique et facile \u00e0 utiliser gr\u00e2ce \u00e0 l'activation automatique de l'inhalation<\/li>\n<li>Batterie : 550mah rechargeable<\/li>\n<li>36mL E-liquide pr\u00e9-rempli (2 PODS,18ml+18ml)<\/li>\n<li>0%, 2%, 3%, 5% Teneur en nicotine<\/li>\n<li>Atteindre jusqu'\u00e0 30000 bouff\u00e9es<\/li>\n<li>1.0 ohm Mesh Coil<\/li>\n<li>Port de charge de type C<\/li>\n<li>Un mod\u00e8le Double Saveurs<\/li>\n<\/ul>\n<h2><strong>Saveurs :<\/strong><\/h2>\n<ol>\n<li>Past\u00e8que et myrtille \u00e0 la menthe<\/li>\n<li>Pomme acide et myrtille framboise<\/li>\n<li>Red Bull &amp; Fraise Mangue<\/li>\n<li>Glace au raisin et cola \u00e0 la cerise<\/li>\n<li>P\u00eache glac\u00e9e et past\u00e8que \u00e0 la fraise<\/li>\n<li>Amour 66 &amp; Fraise Kiwi<\/li>\n<li>Sakura raisin et fraise litchi<\/li>\n<li>Glace aux fruits et aux myrtilles<\/li>\n<li>Dragon noir glac\u00e9 et fraise-banane<\/li>\n<li>Glace \u00e0 la mangue, \u00e0 la p\u00eache et \u00e0 la banane<\/li>\n<li>Double pomme et kiwi Fruit de la passion Grenade<\/li>\n<li>Glace \u00e0 la menthe poivr\u00e9e et triple baie<\/li>\n<li>Myrtille, cerise, canneberge et past\u00e8que Berry Boom<\/li>\n<li>Ananas Ice &amp; Blue Fusion<\/li>\n<li>Purple Rain &amp; Fraise Framboise Cerise Ice<\/li>\n<li>Dragon noir Ice &amp; Mangue Ananas P\u00eache<\/li>\n<\/ol>\n<h2><strong>Liste d'emballage :<\/strong><\/h2>\n<p>1pcs par bo\u00eete<br \/>\n10 pi\u00e8ces par bo\u00eete de pr\u00e9sentation<br \/>\n200 pi\u00e8ces par carton<\/p>\n<h2><strong>Comment livrer le colis du client ?<\/strong><\/h2>\n<div>Nous utilisons une m\u00e9thode d'exp\u00e9dition sp\u00e9ciale, par avion, de la Chine \u00e0 l'Allemagne.<\/div>\n<div><\/div>\n<div>Une fois arriv\u00e9 en Allemagne, le colis doit d'abord \u00eatre d\u00e9douan\u00e9, puis transport\u00e9 par DHL Paket ou UPS Express\uff0c c'est actuellement le meilleur moyen d'exp\u00e9dition vers l'Europe.<\/div>\n<div><\/div>\n<div>Avec ce mode d'exp\u00e9dition, vous n'avez rien \u00e0 faire avec les douanes, ni avec les taxes. Notre soci\u00e9t\u00e9 de d\u00e9douanement \u00e0 l'\u00e9tranger s'occupera de toutes les questions douani\u00e8res et paiera les droits de douane n\u00e9cessaires.<\/div>\n<div><\/div>\n<div>Une fois les douanes d\u00e9douan\u00e9es, le colis est transmis \u00e0 DHL Paket, puis les clients sont inform\u00e9s par le site Internet de DHL. Une fois que DHL a re\u00e7u le colis, il est livr\u00e9 dans un d\u00e9lai de 2 \u00e0 3 jours, 4 \u00e0 5 jours pour les autres pays d'Europe, \u00e0 l'exception de l'Allemagne.<\/div>\n<div><\/div>\n<div><\/div>\n<div><\/div>\n<div>\n<figure id=\"attachment_19538\" aria-describedby=\"caption-attachment-19538\" style=\"width: 1000px\" class=\"wp-caption alignnone\"><img loading=\"lazy\" decoding=\"async\" class=\"wp-image-19538 size-full\" title=\"Wholesale Bang 30K Pro 30000 Puffs Double Flavors Disposable Vape 3\" src=\"https:\/\/www.vapeswholesaler.com\/wp-content\/uploads\/2024\/09\/Wholesale-Bang-30K-Pro-30000-Puffs-Double-Flavors-Disposable-Vape-3.webp\" alt=\"Wholesale Bang 30K Pro 30000 Puffs Double Flavors Disposable Vape 3\" width=\"1000\" height=\"1500\" srcset=\"https:\/\/www.vapeswholesaler.com\/wp-content\/uploads\/2024\/09\/Wholesale-Bang-30K-Pro-30000-Puffs-Double-Flavors-Disposable-Vape-3.webp 1000w, https:\/\/www.vapeswholesaler.com\/wp-content\/uploads\/2024\/09\/Wholesale-Bang-30K-Pro-30000-Puffs-Double-Flavors-Disposable-Vape-3-200x300.webp 200w, https:\/\/www.vapeswholesaler.com\/wp-content\/uploads\/2024\/09\/Wholesale-Bang-30K-Pro-30000-Puffs-Double-Flavors-Disposable-Vape-3-683x1024.webp 683w, https:\/\/www.vapeswholesaler.com\/wp-content\/uploads\/2024\/09\/Wholesale-Bang-30K-Pro-30000-Puffs-Double-Flavors-Disposable-Vape-3-768x1152.webp 768w, https:\/\/www.vapeswholesaler.com\/wp-content\/uploads\/2024\/09\/Wholesale-Bang-30K-Pro-30000-Puffs-Double-Flavors-Disposable-Vape-3-8x12.webp 8w, https:\/\/www.vapeswholesaler.com\/wp-content\/uploads\/2024\/09\/Wholesale-Bang-30K-Pro-30000-Puffs-Double-Flavors-Disposable-Vape-3-510x765.webp 510w\" sizes=\"auto, (max-width: 1000px) 100vw, 1000px\" \/><figcaption id=\"caption-attachment-19538\" class=\"wp-caption-text\">Wholesale Bang 30K Pro 30000 Puffs Double Flavors Disposable Vape<\/figcaption><\/figure>\n<\/div>","protected":false},"excerpt":{"rendered":"<p>Quantit\u00e9 minimale de commande :\u00a0<strong>50pcs<\/strong>\u00a0(M\u00e9lange de saveurs)\u00a0\u00a0<strong>Livraison gratuite<\/strong><\/p>\n<p>(<strong>2%, 5% Nic<\/strong>)<\/p>","protected":false},"featured_media":19555,"comment_status":"open","ping_status":"closed","template":"","meta":[],"product_cat":[15],"product_tag":[374,388,390],"class_list":{"0":"post-19556","1":"product","2":"type-product","3":"status-publish","4":"has-post-thumbnail","6":"product_cat-disposable-vape","7":"product_tag-30000-puffs","8":"product_tag-bang","9":"product_tag-bnag-king","10":"product_brand-bang","12":"first","13":"instock","14":"shipping-taxable","15":"purchasable","16":"product-type-variable","17":"has-default-attributes"},"aioseo_notices":[],"_links":{"self":[{"href":"https:\/\/www.vapeswholesaler.com\/fr\/wp-json\/wp\/v2\/product\/19556","targetHints":{"allow":["GET"]}}],"collection":[{"href":"https:\/\/www.vapeswholesaler.com\/fr\/wp-json\/wp\/v2\/product"}],"about":[{"href":"https:\/\/www.vapeswholesaler.com\/fr\/wp-json\/wp\/v2\/types\/product"}],"replies":[{"embeddable":true,"href":"https:\/\/www.vapeswholesaler.com\/fr\/wp-json\/wp\/v2\/comments?post=19556"}],"wp:featuredmedia":[{"embeddable":true,"href":"https:\/\/www.vapeswholesaler.com\/fr\/wp-json\/wp\/v2\/media\/19555"}],"wp:attachment":[{"href":"https:\/\/www.vapeswholesaler.com\/fr\/wp-json\/wp\/v2\/media?parent=19556"}],"wp:term":[{"taxonomy":"product_cat","embeddable":true,"href":"https:\/\/www.vapeswholesaler.com\/fr\/wp-json\/wp\/v2\/product_cat?post=19556"},{"taxonomy":"product_tag","embeddable":true,"href":"https:\/\/www.vapeswholesaler.com\/fr\/wp-json\/wp\/v2\/product_tag?post=19556"}],"curies":[{"name":"wp","href":"https:\/\/api.w.org\/{rel}","templated":true}]}}