{"id":19352,"date":"2024-08-25T17:06:57","date_gmt":"2024-08-25T09:06:57","guid":{"rendered":"https:\/\/www.vapeswholesaler.com\/?post_type=product&#038;p=19352"},"modified":"2025-02-23T14:07:14","modified_gmt":"2025-02-23T06:07:14","slug":"grossiste-vabeen-cyber-flex-25000-puffs-jetable-vape","status":"publish","type":"product","link":"https:\/\/www.vapeswholesaler.com\/fr\/produit\/grossiste-vabeen-cyber-flex-25000-puffs-jetable-vape","title":{"rendered":"Grossiste Vabeen Cyber Flex 25000 bouff\u00e9es Vape jetable"},"content":{"rendered":"<p>La Vape jetable Vabeen Cyber Flex 25000 Puffs est \u00e9quip\u00e9e d'un double coil mesh et d'un \u00e9cran extra large pour 4 modes de vapotage et un maximum de 25000 bouff\u00e9es.<\/p>\n<p>Vabeen Cyber Flex 25000 Puffs Disposable Vape est une vape polyvalente qui offre quatre niveaux de sortie diff\u00e9rents, un r\u00e9glage pr\u00e9cis du flux d'air et des effets de lumi\u00e8re cool pour le vapotage. Vabeen Cyber Flex est plein d'\u00e9l\u00e9ments futuristes et cyberpunk. La lumi\u00e8re respiratoire illuminera votre \u00e9cran et fera de vous le vapoteur le plus cool. Le grand \u00e9cran affiche clairement toutes les donn\u00e9es dont vous avez besoin et vous permet de l'utiliser en cliquant sur le bouton ou en touchant l'\u00e9cran tactile. Vous pouvez vaper sans probl\u00e8me gr\u00e2ce aux 4 modes de sortie et au r\u00e9glage du flux d'air.<\/p>\n<p>La remarquable capacit\u00e9 de 25 000 bouff\u00e9es du kit de vapotage jetable Cyber Flex de Vabeen est con\u00e7ue pour offrir une exp\u00e9rience de vapotage exceptionnelle. Ce dispositif est pr\u00e9-rempli avec du E-liquide de premi\u00e8re qualit\u00e9, garantissant une saveur constante et une production de vapeur douce pendant son utilisation prolong\u00e9e. Il est con\u00e7u pour les vapoteurs qui appr\u00e9cient \u00e0 la fois la durabilit\u00e9 et la commodit\u00e9. Gr\u00e2ce \u00e0 sa batterie int\u00e9gr\u00e9e, la vape peut fonctionner en continu sans avoir besoin d'\u00eatre recharg\u00e9e pendant toute sa dur\u00e9e de vie.<\/p>\n<h2><strong>Vabeen Cyber Flex 25000 Puffs Caract\u00e9ristiques :<\/strong><\/h2>\n<ul>\n<li>E-Juice pr\u00e9-rempli<\/li>\n<li>Batterie interne rechargeable de 800mAh<\/li>\n<li>Nombre de bouff\u00e9es : Environ 25 000 bouff\u00e9es<\/li>\n<li>\u00c9cran plein de 3,4 pouces ultra-large<\/li>\n<li>4 modes de vapotage : Mode Eco (14W)\/Mode Normal (15-16W)\/Mode Avanc\u00e9 (17-19W)\/Mode Max (20-22W)<\/li>\n<li>R\u00e9glage du d\u00e9bit d'air<\/li>\n<li>Respirer la lumi\u00e8re<\/li>\n<li>5%(50mg) Teneur en nicotine<\/li>\n<li>Chargement de type C (non inclus)<\/li>\n<li>Dessin activ\u00e9<\/li>\n<li>MTL Vaping<\/li>\n<\/ul>\n<h2><strong>Vabeen Cyber Flex 25000 Puffs Ar\u00f4mes :<\/strong><\/h2>\n<ol>\n<li>Glace Blue Razz<\/li>\n<li>Cassis Slashy<\/li>\n<li>Myrtille Cerise Canneberge<\/li>\n<li>Glace \u00e0 la p\u00eache juteuse<\/li>\n<li>Triple mangue<\/li>\n<li>Fraise et noix de coco<\/li>\n<li>Souffl\u00e9 \u00e0 la pomme acide<\/li>\n<li>Popcorn au caramel<\/li>\n<li>Cerise Citron<\/li>\n<li>Ananas Past\u00e8que<\/li>\n<li>Glace luxuriante<\/li>\n<li>Menthe bleue<\/li>\n<li>Past\u00e8que \u00e0 la fraise<\/li>\n<li>Cerise noire<\/li>\n<li>Fruit du dragon Banane Cerise<\/li>\n<\/ol>\n<h2><strong>Liste d'emballage :<\/strong><\/h2>\n<p>1pcs par bo\u00eete individuelle<br \/>\n10 pi\u00e8ces par bo\u00eete de pr\u00e9sentation<br \/>\n200 pi\u00e8ces par carton<\/p>\n<p>&nbsp;<\/p>\n<p><img loading=\"lazy\" decoding=\"async\" class=\"alignnone wp-image-19349 size-full\" title=\"Grossiste Vabeen Cyber Flex 25000 bouff\u00e9es Vape jetable 11\" src=\"https:\/\/www.vapeswholesaler.com\/wp-content\/uploads\/2024\/08\/Wholesale-Vabeen-Cyber-Flex-25000-Puffs-Disposable-Vape-11.webp\" alt=\"Grossiste Vabeen Cyber Flex 25000 bouff\u00e9es Vape jetable 11\" width=\"800\" height=\"267\" srcset=\"https:\/\/www.vapeswholesaler.com\/wp-content\/uploads\/2024\/08\/Wholesale-Vabeen-Cyber-Flex-25000-Puffs-Disposable-Vape-11.webp 800w, https:\/\/www.vapeswholesaler.com\/wp-content\/uploads\/2024\/08\/Wholesale-Vabeen-Cyber-Flex-25000-Puffs-Disposable-Vape-11-300x100.webp 300w, https:\/\/www.vapeswholesaler.com\/wp-content\/uploads\/2024\/08\/Wholesale-Vabeen-Cyber-Flex-25000-Puffs-Disposable-Vape-11-768x256.webp 768w, https:\/\/www.vapeswholesaler.com\/wp-content\/uploads\/2024\/08\/Wholesale-Vabeen-Cyber-Flex-25000-Puffs-Disposable-Vape-11-18x6.webp 18w, https:\/\/www.vapeswholesaler.com\/wp-content\/uploads\/2024\/08\/Wholesale-Vabeen-Cyber-Flex-25000-Puffs-Disposable-Vape-11-510x170.webp 510w\" sizes=\"auto, (max-width: 800px) 100vw, 800px\" \/> <img loading=\"lazy\" decoding=\"async\" class=\"alignnone wp-image-19350 size-full\" title=\"Grossiste Vabeen Cyber Flex 25000 bouff\u00e9es Vape jetable 12\" src=\"https:\/\/www.vapeswholesaler.com\/wp-content\/uploads\/2024\/08\/Wholesale-Vabeen-Cyber-Flex-25000-Puffs-Disposable-Vape-12.webp\" alt=\"Grossiste Vabeen Cyber Flex 25000 bouff\u00e9es Vape jetable 12\" width=\"800\" height=\"800\" srcset=\"https:\/\/www.vapeswholesaler.com\/wp-content\/uploads\/2024\/08\/Wholesale-Vabeen-Cyber-Flex-25000-Puffs-Disposable-Vape-12.webp 800w, https:\/\/www.vapeswholesaler.com\/wp-content\/uploads\/2024\/08\/Wholesale-Vabeen-Cyber-Flex-25000-Puffs-Disposable-Vape-12-300x300.webp 300w, https:\/\/www.vapeswholesaler.com\/wp-content\/uploads\/2024\/08\/Wholesale-Vabeen-Cyber-Flex-25000-Puffs-Disposable-Vape-12-150x150.webp 150w, https:\/\/www.vapeswholesaler.com\/wp-content\/uploads\/2024\/08\/Wholesale-Vabeen-Cyber-Flex-25000-Puffs-Disposable-Vape-12-768x768.webp 768w, https:\/\/www.vapeswholesaler.com\/wp-content\/uploads\/2024\/08\/Wholesale-Vabeen-Cyber-Flex-25000-Puffs-Disposable-Vape-12-12x12.webp 12w, https:\/\/www.vapeswholesaler.com\/wp-content\/uploads\/2024\/08\/Wholesale-Vabeen-Cyber-Flex-25000-Puffs-Disposable-Vape-12-247x247.webp 247w, https:\/\/www.vapeswholesaler.com\/wp-content\/uploads\/2024\/08\/Wholesale-Vabeen-Cyber-Flex-25000-Puffs-Disposable-Vape-12-510x510.webp 510w, https:\/\/www.vapeswholesaler.com\/wp-content\/uploads\/2024\/08\/Wholesale-Vabeen-Cyber-Flex-25000-Puffs-Disposable-Vape-12-100x100.webp 100w\" sizes=\"auto, (max-width: 800px) 100vw, 800px\" \/> <img loading=\"lazy\" decoding=\"async\" class=\"alignnone wp-image-19348 size-full\" title=\"Grossiste Vabeen Cyber Flex 25000 bouff\u00e9es Vape jetable 10\" src=\"https:\/\/www.vapeswholesaler.com\/wp-content\/uploads\/2024\/08\/Wholesale-Vabeen-Cyber-Flex-25000-Puffs-Disposable-Vape-10.webp\" alt=\"Grossiste Vabeen Cyber Flex 25000 bouff\u00e9es Vape jetable 10\" width=\"800\" height=\"782\" srcset=\"https:\/\/www.vapeswholesaler.com\/wp-content\/uploads\/2024\/08\/Wholesale-Vabeen-Cyber-Flex-25000-Puffs-Disposable-Vape-10.webp 800w, https:\/\/www.vapeswholesaler.com\/wp-content\/uploads\/2024\/08\/Wholesale-Vabeen-Cyber-Flex-25000-Puffs-Disposable-Vape-10-300x293.webp 300w, https:\/\/www.vapeswholesaler.com\/wp-content\/uploads\/2024\/08\/Wholesale-Vabeen-Cyber-Flex-25000-Puffs-Disposable-Vape-10-768x751.webp 768w, https:\/\/www.vapeswholesaler.com\/wp-content\/uploads\/2024\/08\/Wholesale-Vabeen-Cyber-Flex-25000-Puffs-Disposable-Vape-10-12x12.webp 12w, https:\/\/www.vapeswholesaler.com\/wp-content\/uploads\/2024\/08\/Wholesale-Vabeen-Cyber-Flex-25000-Puffs-Disposable-Vape-10-510x499.webp 510w\" sizes=\"auto, (max-width: 800px) 100vw, 800px\" \/><\/p>","protected":false},"excerpt":{"rendered":"<p>Quantit\u00e9 minimale de commande : <strong>100 PCS<\/strong>\u00a0(M\u00e9lange de saveurs)\u00a0\u00a0<strong>Livraison gratuite<\/strong><\/p>\n<p>(<strong>2%, 5% Nic<\/strong>)<\/p>","protected":false},"featured_media":19339,"comment_status":"open","ping_status":"closed","template":"","meta":[],"product_cat":[15],"product_tag":[],"class_list":{"0":"post-19352","1":"product","2":"type-product","3":"status-publish","4":"has-post-thumbnail","6":"product_cat-disposable-vape","7":"product_brand-vabeen","9":"first","10":"outofstock","11":"shipping-taxable","12":"purchasable","13":"product-type-variable","14":"has-default-attributes"},"aioseo_notices":[],"_links":{"self":[{"href":"https:\/\/www.vapeswholesaler.com\/fr\/wp-json\/wp\/v2\/product\/19352","targetHints":{"allow":["GET"]}}],"collection":[{"href":"https:\/\/www.vapeswholesaler.com\/fr\/wp-json\/wp\/v2\/product"}],"about":[{"href":"https:\/\/www.vapeswholesaler.com\/fr\/wp-json\/wp\/v2\/types\/product"}],"replies":[{"embeddable":true,"href":"https:\/\/www.vapeswholesaler.com\/fr\/wp-json\/wp\/v2\/comments?post=19352"}],"wp:featuredmedia":[{"embeddable":true,"href":"https:\/\/www.vapeswholesaler.com\/fr\/wp-json\/wp\/v2\/media\/19339"}],"wp:attachment":[{"href":"https:\/\/www.vapeswholesaler.com\/fr\/wp-json\/wp\/v2\/media?parent=19352"}],"wp:term":[{"taxonomy":"product_cat","embeddable":true,"href":"https:\/\/www.vapeswholesaler.com\/fr\/wp-json\/wp\/v2\/product_cat?post=19352"},{"taxonomy":"product_tag","embeddable":true,"href":"https:\/\/www.vapeswholesaler.com\/fr\/wp-json\/wp\/v2\/product_tag?post=19352"}],"curies":[{"name":"wp","href":"https:\/\/api.w.org\/{rel}","templated":true}]}}