{"id":19323,"date":"2024-08-23T14:40:41","date_gmt":"2024-08-23T06:40:41","guid":{"rendered":"https:\/\/www.vapeswholesaler.com\/?post_type=product&#038;p=19323"},"modified":"2026-03-27T15:42:31","modified_gmt":"2026-03-27T07:42:31","slug":"grossiste-poco-sl-15000-puffs-jetable-vape-ecig-eu-usa-stock","status":"publish","type":"product","link":"https:\/\/www.vapeswholesaler.com\/fr\/produit\/grossiste-poco-sl-15000-puffs-jetable-vape-ecig-eu-usa-stock","title":{"rendered":"Grossiste POCO SL 15000 bouff\u00e9es jetables vape Ecig EU USA Stock"},"content":{"rendered":"<p>La vape jetable POCO SL 15000 Puffs est un produit r\u00e9volutionnaire con\u00e7u pour les personnes qui appr\u00e9cient la commodit\u00e9 sans faire de compromis sur la qualit\u00e9 ou la saveur. Avec une capacit\u00e9 \u00e9tonnante de 24 ml et la possibilit\u00e9 de d\u00e9livrer jusqu'\u00e0 15 000 bouff\u00e9es, cet appareil \u00e9tablit une nouvelle norme pour les vapes jetables sur le march\u00e9.<\/p>\n<p>La POCO SL 15000 Puffs offre un ensemble impressionnant de caract\u00e9ristiques qui la font sortir du lot. Sa puissante batterie de 650mAh garantit une utilisation de longue dur\u00e9e et sa concentration en nicotine de 2%\/5% signifie qu'elle convient aux vapoteurs exp\u00e9riment\u00e9s qui veulent un grand effet dans la gorge \u00e0 chaque bouff\u00e9e. En combinant un m\u00e9canisme de chauffe sp\u00e9cialis\u00e9 avec son design de pointe, vous obtiendrez un go\u00fbt incroyablement doux et pur lors de l'utilisation.<\/p>\n<p>Avec une capacit\u00e9 massive de 24ml et 15000 bouff\u00e9es, la vape jetable POCO SL 15000 offre une large gamme de saveurs all\u00e9chantes pour \u00e9lever votre exp\u00e9rience de vapotage.<\/p>\n<h2><strong>POCO SL 15000 bouff\u00e9es jetables vape Ecig Caract\u00e9ristiques :<\/strong><\/h2>\n<ul>\n<li>Batterie rechargeable 650mAh<\/li>\n<li>25ml d'e-liquide pr\u00e9-rempli<\/li>\n<li>2%\/5% taux de nicotine<\/li>\n<li>Jusqu'\u00e0 15 000 bouff\u00e9es<\/li>\n<li>bobine mesh 1.0 ohm<\/li>\n<li>Port de charge de type C<\/li>\n<li>12 saveurs disponibles<\/li>\n<\/ul>\n<h2><strong>POCO SL 15000 bouff\u00e9es jetables vape Ecig Flavors :<\/strong><\/h2>\n<ol>\n<li>Alo\u00e8s raisin<\/li>\n<li>M\u00fbre Canneberge<\/li>\n<li>Glace noire Fruit du dragon Fraise<\/li>\n<li>Limonade \u00e0 la myrtille et \u00e0 la framboise<\/li>\n<li>Boisson \u00e9nerg\u00e9tique<\/li>\n<li>Raisin Canneberge P\u00eache<\/li>\n<li>Ananas Pomme<\/li>\n<li>Ananas Fraise Banane<\/li>\n<li>Fraise et cerise<\/li>\n<li>Fraise Framboise Kiwi<\/li>\n<li>Past\u00e8que \u00e0 la fraise<\/li>\n<li>past\u00e8que litchi<\/li>\n<\/ol>\n<h2><strong>POCO SL 15000 Puffs Liste d'emballage :<\/strong><\/h2>\n<p>1pcs par bo\u00eete individuelle<br \/>\n10 pi\u00e8ces par bo\u00eete de pr\u00e9sentation<br \/>\n200 pi\u00e8ces par carton<\/p>\n<figure id=\"attachment_19316\" aria-describedby=\"caption-attachment-19316\" style=\"width: 800px\" class=\"wp-caption alignnone\"><img loading=\"lazy\" decoding=\"async\" class=\"wp-image-19316 size-full\" title=\"Grossiste E Cigarette Vape Smart Screen POCO SL 15000 bouff\u00e9es jetables vape 3\" src=\"https:\/\/www.vapeswholesaler.com\/wp-content\/uploads\/2024\/08\/Wholesale-E-Cigarette-Vape-Smart-Screen-POCO-SL-15000-Puffs-Disposable-vape-3.webp\" alt=\"Grossiste E Cigarette Vape Smart Screen POCO SL 15000 bouff\u00e9es jetables vape 3\" width=\"800\" height=\"800\" srcset=\"https:\/\/www.vapeswholesaler.com\/wp-content\/uploads\/2024\/08\/Wholesale-E-Cigarette-Vape-Smart-Screen-POCO-SL-15000-Puffs-Disposable-vape-3.webp 800w, https:\/\/www.vapeswholesaler.com\/wp-content\/uploads\/2024\/08\/Wholesale-E-Cigarette-Vape-Smart-Screen-POCO-SL-15000-Puffs-Disposable-vape-3-300x300.webp 300w, https:\/\/www.vapeswholesaler.com\/wp-content\/uploads\/2024\/08\/Wholesale-E-Cigarette-Vape-Smart-Screen-POCO-SL-15000-Puffs-Disposable-vape-3-150x150.webp 150w, https:\/\/www.vapeswholesaler.com\/wp-content\/uploads\/2024\/08\/Wholesale-E-Cigarette-Vape-Smart-Screen-POCO-SL-15000-Puffs-Disposable-vape-3-768x768.webp 768w, https:\/\/www.vapeswholesaler.com\/wp-content\/uploads\/2024\/08\/Wholesale-E-Cigarette-Vape-Smart-Screen-POCO-SL-15000-Puffs-Disposable-vape-3-12x12.webp 12w, https:\/\/www.vapeswholesaler.com\/wp-content\/uploads\/2024\/08\/Wholesale-E-Cigarette-Vape-Smart-Screen-POCO-SL-15000-Puffs-Disposable-vape-3-247x247.webp 247w, https:\/\/www.vapeswholesaler.com\/wp-content\/uploads\/2024\/08\/Wholesale-E-Cigarette-Vape-Smart-Screen-POCO-SL-15000-Puffs-Disposable-vape-3-510x510.webp 510w, https:\/\/www.vapeswholesaler.com\/wp-content\/uploads\/2024\/08\/Wholesale-E-Cigarette-Vape-Smart-Screen-POCO-SL-15000-Puffs-Disposable-vape-3-100x100.webp 100w\" sizes=\"auto, (max-width: 800px) 100vw, 800px\" \/><figcaption id=\"caption-attachment-19316\" class=\"wp-caption-text\">Grossiste E Cigarette Vape Smart Screen POCO SL 15000 bouff\u00e9es jetables vape<\/figcaption><\/figure>\n<p><img loading=\"lazy\" decoding=\"async\" class=\"alignnone wp-image-19322 size-full\" title=\"Grossiste E Cigarette Vape Smart Screen POCO SL 15000 bouff\u00e9es jetables vape 9\" src=\"https:\/\/www.vapeswholesaler.com\/wp-content\/uploads\/2024\/08\/Wholesale-E-Cigarette-Vape-Smart-Screen-POCO-SL-15000-Puffs-Disposable-vape-9.webp\" alt=\"Grossiste E Cigarette Vape Smart Screen POCO SL 15000 bouff\u00e9es jetables vape 9\" width=\"800\" height=\"800\" srcset=\"https:\/\/www.vapeswholesaler.com\/wp-content\/uploads\/2024\/08\/Wholesale-E-Cigarette-Vape-Smart-Screen-POCO-SL-15000-Puffs-Disposable-vape-9.webp 800w, https:\/\/www.vapeswholesaler.com\/wp-content\/uploads\/2024\/08\/Wholesale-E-Cigarette-Vape-Smart-Screen-POCO-SL-15000-Puffs-Disposable-vape-9-300x300.webp 300w, https:\/\/www.vapeswholesaler.com\/wp-content\/uploads\/2024\/08\/Wholesale-E-Cigarette-Vape-Smart-Screen-POCO-SL-15000-Puffs-Disposable-vape-9-150x150.webp 150w, https:\/\/www.vapeswholesaler.com\/wp-content\/uploads\/2024\/08\/Wholesale-E-Cigarette-Vape-Smart-Screen-POCO-SL-15000-Puffs-Disposable-vape-9-768x768.webp 768w, https:\/\/www.vapeswholesaler.com\/wp-content\/uploads\/2024\/08\/Wholesale-E-Cigarette-Vape-Smart-Screen-POCO-SL-15000-Puffs-Disposable-vape-9-12x12.webp 12w, https:\/\/www.vapeswholesaler.com\/wp-content\/uploads\/2024\/08\/Wholesale-E-Cigarette-Vape-Smart-Screen-POCO-SL-15000-Puffs-Disposable-vape-9-247x247.webp 247w, https:\/\/www.vapeswholesaler.com\/wp-content\/uploads\/2024\/08\/Wholesale-E-Cigarette-Vape-Smart-Screen-POCO-SL-15000-Puffs-Disposable-vape-9-510x510.webp 510w, https:\/\/www.vapeswholesaler.com\/wp-content\/uploads\/2024\/08\/Wholesale-E-Cigarette-Vape-Smart-Screen-POCO-SL-15000-Puffs-Disposable-vape-9-100x100.webp 100w\" sizes=\"auto, (max-width: 800px) 100vw, 800px\" \/><\/p>","protected":false},"excerpt":{"rendered":"<h4>Quantit\u00e9 minimale de commande : 100 PCS (m\u00e9lange d'ar\u00f4mes)<\/h4>\n<h4>\uff08<strong>2%\uff0c3%\uff0c5%<\/strong>\uff09<br \/>\n<strong>Exp\u00e9dition gratuite \u00e0 l'adresse de l'UE <\/strong><\/h4>","protected":false},"featured_media":19336,"comment_status":"open","ping_status":"closed","template":"","meta":[],"product_cat":[15],"product_tag":[],"class_list":{"0":"post-19323","1":"product","2":"type-product","3":"status-publish","4":"has-post-thumbnail","6":"product_cat-disposable-vape","7":"product_brand-poco","9":"first","10":"instock","11":"shipping-taxable","12":"purchasable","13":"product-type-variable","14":"has-default-attributes"},"aioseo_notices":[],"_links":{"self":[{"href":"https:\/\/www.vapeswholesaler.com\/fr\/wp-json\/wp\/v2\/product\/19323","targetHints":{"allow":["GET"]}}],"collection":[{"href":"https:\/\/www.vapeswholesaler.com\/fr\/wp-json\/wp\/v2\/product"}],"about":[{"href":"https:\/\/www.vapeswholesaler.com\/fr\/wp-json\/wp\/v2\/types\/product"}],"replies":[{"embeddable":true,"href":"https:\/\/www.vapeswholesaler.com\/fr\/wp-json\/wp\/v2\/comments?post=19323"}],"wp:featuredmedia":[{"embeddable":true,"href":"https:\/\/www.vapeswholesaler.com\/fr\/wp-json\/wp\/v2\/media\/19336"}],"wp:attachment":[{"href":"https:\/\/www.vapeswholesaler.com\/fr\/wp-json\/wp\/v2\/media?parent=19323"}],"wp:term":[{"taxonomy":"product_cat","embeddable":true,"href":"https:\/\/www.vapeswholesaler.com\/fr\/wp-json\/wp\/v2\/product_cat?post=19323"},{"taxonomy":"product_tag","embeddable":true,"href":"https:\/\/www.vapeswholesaler.com\/fr\/wp-json\/wp\/v2\/product_tag?post=19323"}],"curies":[{"name":"wp","href":"https:\/\/api.w.org\/{rel}","templated":true}]}}