{"id":19271,"date":"2024-08-20T18:19:28","date_gmt":"2024-08-20T10:19:28","guid":{"rendered":"https:\/\/www.vapeswholesaler.com\/?post_type=product&#038;p=19271"},"modified":"2025-09-16T16:46:13","modified_gmt":"2025-09-16T08:46:13","slug":"wholesale-vookbar-cyber-pro-30000-puffs-disposable-vape","status":"publish","type":"product","link":"https:\/\/www.vapeswholesaler.com\/fr\/produit\/wholesale-vookbar-cyber-pro-30000-puffs-disposable-vape","title":{"rendered":"Grossiste Vookbar Cyber Pro 30000 Puffs Vape jetable"},"content":{"rendered":"<p>Vookbar Cyber Pro 30000 Puffs est un appareil jetable connect\u00e9 par Bluetooth, contr\u00f4l\u00e9 par l'application WEARINOS et dot\u00e9 d'un \u00e9cran tactile de 2,01 pouces qui combine des caract\u00e9ristiques innovantes et pratiques. Les utilisateurs peuvent changer le fond d'\u00e9cran du Cyber Pro via l'application WEARINOS APP sur leur t\u00e9l\u00e9phone, n'importe o\u00f9 et n'importe quand. Cyber Pro peut fournir jusqu'\u00e0 30 000 bouff\u00e9es, poss\u00e8de un e-liquide 5% Nic Salt de 22ML int\u00e9gr\u00e9, et est disponible pour 20 saveurs. Il peut \u00e9galement basculer entre le mode POWER et le mode NORM, apportant un nouveau type d'exp\u00e9rience de vapotage pour les utilisateurs.<\/p>\n<h2><strong>Connectivit\u00e9 Bluetooth :<\/strong><\/h2>\n<p>Faites d\u00e9filer la page d'accueil de Cyber Pro, le menu comporte une ic\u00f4ne Bluetooth. Touchez-la et la connectivit\u00e9 Bluetooth sera disponible. Cyber Pro se connectera alors \u00e0 votre t\u00e9l\u00e9phone via Bluetooth.<\/p>\n<h2><strong>Interaction avec WEARINOS APP :<\/strong><\/h2>\n<p>Les utilisateurs peuvent t\u00e9l\u00e9charger l'application WEARINOS APP en scannant le code QR depuis la page d'accueil de Cyber Pro. L'application WEARINOS peut \u00e9galement \u00eatre t\u00e9l\u00e9charg\u00e9e sur Google Play ou Apple Store. Tant que l'application WEARINOS est conserv\u00e9e dans le t\u00e9l\u00e9phone de l'utilisateur, ce dernier peut contr\u00f4ler le Cyber Pro \u00e0 partir de l'application WEARINOS pour r\u00e9aliser des fonctions telles que la personnalisation du fond d'\u00e9cran, le contr\u00f4le de la distance, le mode selfie et le suivi des mouvements.<\/p>\n<h2><strong>Papier peint personnalis\u00e9 :<\/strong><\/h2>\n<p>Les utilisateurs peuvent changer le fond d'\u00e9cran de Cyber Pro via l'APP WEARINOS. Ou s\u00e9lectionner le fond d'\u00e9cran du Cyber Pro dans le menu. La personnalisation du fond d'\u00e9cran est facile et appr\u00e9ci\u00e9e par la plupart des utilisateurs. Les utilisateurs aiment ce type de fonction car elle leur apporte plus d'excitation. Les utilisateurs peuvent facilement reconna\u00eetre le Cyber Pro qui leur appartient en fonction du fond d'\u00e9cran personnalis\u00e9 qu'ils ont d\u00e9fini.<\/p>\n<h2><strong>Jeu de d\u00e9tente<\/strong><\/h2>\n<p>Ce jeu amusant est pr\u00e9install\u00e9 dans le Cyber Pro et les utilisateurs peuvent faire d\u00e9filer le c\u00f4t\u00e9 droit du Cyber Pro pour le d\u00e9marrer. Les utilisateurs peuvent partager le jeu avec leurs amis et voir qui obtient les meilleurs scores.<\/p>\n<h2><strong>Vookbar Cyber Pro 30000 Puffs Caract\u00e9ristiques :<\/strong><\/h2>\n<ul>\n<li>Rechargeable Jetable<\/li>\n<li>Nombre de bouff\u00e9es : jusqu'\u00e0 30000 bouff\u00e9es<\/li>\n<li>Taux de Nicotine:50 Mg (5%)<\/li>\n<li>Taille de la batterie :int\u00e9gr\u00e9e 850 mAh<\/li>\n<li>\u00c9cran tactile de 2,01 pouces<\/li>\n<li>Options de papier peint personnalisables<\/li>\n<li>Connexion Bluetooth<\/li>\n<li>Mode selfie \u00e0 contr\u00f4le lointain<\/li>\n<li>Fonctionnalit\u00e9 d'appel et messages<\/li>\n<li>Fonctionnalit\u00e9 de jeu de d\u00e9tente<\/li>\n<li>Fonction \"Trouver mon t\u00e9l\u00e9phone<\/li>\n<li>Param\u00e8tres linguistiques<\/li>\n<li>Application Calendrier<\/li>\n<li>Gestion des contacts<\/li>\n<li>Mode mouvement et calculateur<\/li>\n<li>Mode Sports multiples<\/li>\n<li>Bouton lat\u00e9ral marche\/arr\u00eat<\/li>\n<li>Verrouillage pour enfants<\/li>\n<li>Flux d'air r\u00e9glable<\/li>\n<li>Bobine \u00e0 double maille<\/li>\n<li>Propuls\u00e9 par Wearin Os<\/li>\n<li>2 modes de vaporisation :<\/li>\n<li>Mode normal : (30000)bouff\u00e9es, mode puissance : (15000)bouff\u00e9es<\/li>\n<\/ul>\n<h2><strong>Vookbar Cyber Pro 30000 Puffs Saveurs :<\/strong><\/h2>\n<ol>\n<li>Glace bleue<\/li>\n<li>Glace de p\u00eache<\/li>\n<li>Glace de raisin<\/li>\n<li>Fraise-melon d'eau<\/li>\n<li>Banane fraise<\/li>\n<li>Melon d'eau \u00e0 la cerise<\/li>\n<li>Glace \u00e0 la past\u00e8que<\/li>\n<li>P\u00eache mangue<\/li>\n<li>Fraise kiwi<\/li>\n<li>Glace \u00e0 la fraise blanche<\/li>\n<li>Glace gommeuse blanche<\/li>\n<li>Pinacolada surgel\u00e9e<\/li>\n<li>Un vrai r\u00e9gal<\/li>\n<li>Mojito baies m\u00e9lang\u00e9es<\/li>\n<\/ol>\n<h2><strong>Liste d'emballage :<\/strong><\/h2>\n<p>1pcs each Single box<br \/>\n10 pi\u00e8ces par bo\u00eete centrale<br \/>\n200 pi\u00e8ces par carton<\/p>\n<figure id=\"attachment_19249\" aria-describedby=\"caption-attachment-19249\" style=\"width: 661px\" class=\"wp-caption alignnone\"><img loading=\"lazy\" decoding=\"async\" class=\"wp-image-19249 size-full\" title=\"Grossiste Vookbar Cyber Pro 30000 bouff\u00e9es Vape jetable 1\" src=\"https:\/\/www.vapeswholesaler.com\/wp-content\/uploads\/2024\/08\/Wholesale-Vookbar-Cyber-Pro-30000-Puffs-Disposable-Vape-1-scaled.webp\" alt=\"Grossiste Vookbar Cyber Pro 30000 bouff\u00e9es Vape jetable 1\" width=\"661\" height=\"2560\" srcset=\"https:\/\/www.vapeswholesaler.com\/wp-content\/uploads\/2024\/08\/Wholesale-Vookbar-Cyber-Pro-30000-Puffs-Disposable-Vape-1-scaled.webp 661w, https:\/\/www.vapeswholesaler.com\/wp-content\/uploads\/2024\/08\/Wholesale-Vookbar-Cyber-Pro-30000-Puffs-Disposable-Vape-1-529x2048.webp 529w, https:\/\/www.vapeswholesaler.com\/wp-content\/uploads\/2024\/08\/Wholesale-Vookbar-Cyber-Pro-30000-Puffs-Disposable-Vape-1-3x12.webp 3w, https:\/\/www.vapeswholesaler.com\/wp-content\/uploads\/2024\/08\/Wholesale-Vookbar-Cyber-Pro-30000-Puffs-Disposable-Vape-1-510x1974.webp 510w\" sizes=\"auto, (max-width: 661px) 100vw, 661px\" \/><figcaption id=\"caption-attachment-19249\" class=\"wp-caption-text\">Grossiste Vookbar Cyber Pro 30000 Puffs Vape jetable<\/figcaption><\/figure>","protected":false},"excerpt":{"rendered":"<p>Quantit\u00e9 minimale de commande : 100 PCS (m\u00e9lange d'ar\u00f4mes)<\/p>\n<p>\uff08<strong>2% Nic<\/strong>\uff09<\/p>","protected":false},"featured_media":19268,"comment_status":"open","ping_status":"closed","template":"","meta":[],"product_cat":[15],"product_tag":[],"class_list":{"0":"post-19271","1":"product","2":"type-product","3":"status-publish","4":"has-post-thumbnail","6":"product_cat-disposable-vape","8":"first","9":"outofstock","10":"shipping-taxable","11":"purchasable","12":"product-type-variable","13":"has-default-attributes"},"aioseo_notices":[],"_links":{"self":[{"href":"https:\/\/www.vapeswholesaler.com\/fr\/wp-json\/wp\/v2\/product\/19271","targetHints":{"allow":["GET"]}}],"collection":[{"href":"https:\/\/www.vapeswholesaler.com\/fr\/wp-json\/wp\/v2\/product"}],"about":[{"href":"https:\/\/www.vapeswholesaler.com\/fr\/wp-json\/wp\/v2\/types\/product"}],"replies":[{"embeddable":true,"href":"https:\/\/www.vapeswholesaler.com\/fr\/wp-json\/wp\/v2\/comments?post=19271"}],"wp:featuredmedia":[{"embeddable":true,"href":"https:\/\/www.vapeswholesaler.com\/fr\/wp-json\/wp\/v2\/media\/19268"}],"wp:attachment":[{"href":"https:\/\/www.vapeswholesaler.com\/fr\/wp-json\/wp\/v2\/media?parent=19271"}],"wp:term":[{"taxonomy":"product_cat","embeddable":true,"href":"https:\/\/www.vapeswholesaler.com\/fr\/wp-json\/wp\/v2\/product_cat?post=19271"},{"taxonomy":"product_tag","embeddable":true,"href":"https:\/\/www.vapeswholesaler.com\/fr\/wp-json\/wp\/v2\/product_tag?post=19271"}],"curies":[{"name":"wp","href":"https:\/\/api.w.org\/{rel}","templated":true}]}}