{"id":19163,"date":"2024-08-16T19:00:12","date_gmt":"2024-08-16T11:00:12","guid":{"rendered":"https:\/\/www.vapeswholesaler.com\/?post_type=product&#038;p=19163"},"modified":"2025-03-14T12:38:45","modified_gmt":"2025-03-14T04:38:45","slug":"grossiste-vapsolo-dg18000-18000-bouffees-vape-jetable","status":"publish","type":"product","link":"https:\/\/www.vapeswholesaler.com\/fr\/produit\/grossiste-vapsolo-dg18000-18000-bouffees-vape-jetable","title":{"rendered":"Grossiste Vapsolo DG18000 18000 bouff\u00e9es Vape jetable"},"content":{"rendered":"<p>Experience the luxury of the Vapsolo DG18000 e-cigarette. With 18000 puffs, dual modes, and a smart display, you can easily monitor your oil and battery levels.Regular mode is perfect for daily use, while boost mode delivers intense flavor. Stylish design, quick charging, and built-in safety features ensure a refined and effortless experience.<\/p>\n<h2><strong><a href=\"https:\/\/www.vapeswholesaler.com\/fr\/marque_du_produit\/vapsolo\/\">Vapsolo<\/a> DG18000 Puffs Features:<\/strong><\/h2>\n<ul>\n<li>Batterie rechargeable 650mAh<\/li>\n<li>28ml d'e-liquide pr\u00e9-rempli<\/li>\n<li>2%\/5% taux de nicotine<\/li>\n<li>Jusqu'\u00e0 18 000 bouff\u00e9es<\/li>\n<li>Conception non rechargeable<\/li>\n<li>Bobine \u00e0 double maille<\/li>\n<li>Port de charge de type C<\/li>\n<li>10 saveurs disponibles<\/li>\n<\/ul>\n<h2><strong>Vapsolo DG18000 Puffs Flavors:<\/strong><\/h2>\n<ol>\n<li>P\u00eache Mangue Ananas<\/li>\n<li>Glace au fruit de la passion et au kiwi<\/li>\n<li>Myrtille Cerise Canneberge<\/li>\n<li>Glace \u00e0 la past\u00e8que<\/li>\n<li>Fraise Kiwi<\/li>\n<li>Citron vert<\/li>\n<li>Fraise et banane<\/li>\n<li>Taureau rouge<\/li>\n<li>Baies m\u00e9lang\u00e9es<\/li>\n<li>Prime Fraise Past\u00e8que<\/li>\n<\/ol>\n<h2><strong>Liste d'emballage :<\/strong><\/h2>\n<p>1pcs chaque bo\u00eete de pr\u00e9sentation simple<br \/>\n10 pi\u00e8ces par bo\u00eete centrale<br \/>\n200 pi\u00e8ces par carton<\/p>\n<p>&nbsp;<\/p>\n<p><img loading=\"lazy\" decoding=\"async\" class=\"wp-image-19151 size-full\" title=\"Grossiste Vapsolo DG18000 18000 bouff\u00e9es Vape jetable 3\" src=\"https:\/\/www.vapeswholesaler.com\/wp-content\/uploads\/2024\/08\/Wholesale-Vapsolo-DG18000-18000-Puffs-Disposable-Vape-3.webp\" alt=\"Grossiste Vapsolo DG18000 18000 bouff\u00e9es Vape jetable 3\" width=\"800\" height=\"800\" srcset=\"https:\/\/www.vapeswholesaler.com\/wp-content\/uploads\/2024\/08\/Wholesale-Vapsolo-DG18000-18000-Puffs-Disposable-Vape-3.webp 800w, https:\/\/www.vapeswholesaler.com\/wp-content\/uploads\/2024\/08\/Wholesale-Vapsolo-DG18000-18000-Puffs-Disposable-Vape-3-300x300.webp 300w, https:\/\/www.vapeswholesaler.com\/wp-content\/uploads\/2024\/08\/Wholesale-Vapsolo-DG18000-18000-Puffs-Disposable-Vape-3-150x150.webp 150w, https:\/\/www.vapeswholesaler.com\/wp-content\/uploads\/2024\/08\/Wholesale-Vapsolo-DG18000-18000-Puffs-Disposable-Vape-3-768x768.webp 768w, https:\/\/www.vapeswholesaler.com\/wp-content\/uploads\/2024\/08\/Wholesale-Vapsolo-DG18000-18000-Puffs-Disposable-Vape-3-12x12.webp 12w, https:\/\/www.vapeswholesaler.com\/wp-content\/uploads\/2024\/08\/Wholesale-Vapsolo-DG18000-18000-Puffs-Disposable-Vape-3-247x247.webp 247w, https:\/\/www.vapeswholesaler.com\/wp-content\/uploads\/2024\/08\/Wholesale-Vapsolo-DG18000-18000-Puffs-Disposable-Vape-3-510x510.webp 510w, https:\/\/www.vapeswholesaler.com\/wp-content\/uploads\/2024\/08\/Wholesale-Vapsolo-DG18000-18000-Puffs-Disposable-Vape-3-100x100.webp 100w\" sizes=\"auto, (max-width: 800px) 100vw, 800px\" \/><\/p>\n<p><img loading=\"lazy\" decoding=\"async\" class=\"alignnone wp-image-19152 size-full\" title=\"Grossiste Vapsolo DG18000 18000 bouff\u00e9es Vape jetable 4\" src=\"https:\/\/www.vapeswholesaler.com\/wp-content\/uploads\/2024\/08\/Wholesale-Vapsolo-DG18000-18000-Puffs-Disposable-Vape-4.webp\" alt=\"Grossiste Vapsolo DG18000 18000 bouff\u00e9es Vape jetable 4\" width=\"800\" height=\"1067\" srcset=\"https:\/\/www.vapeswholesaler.com\/wp-content\/uploads\/2024\/08\/Wholesale-Vapsolo-DG18000-18000-Puffs-Disposable-Vape-4.webp 800w, https:\/\/www.vapeswholesaler.com\/wp-content\/uploads\/2024\/08\/Wholesale-Vapsolo-DG18000-18000-Puffs-Disposable-Vape-4-225x300.webp 225w, https:\/\/www.vapeswholesaler.com\/wp-content\/uploads\/2024\/08\/Wholesale-Vapsolo-DG18000-18000-Puffs-Disposable-Vape-4-768x1024.webp 768w, https:\/\/www.vapeswholesaler.com\/wp-content\/uploads\/2024\/08\/Wholesale-Vapsolo-DG18000-18000-Puffs-Disposable-Vape-4-9x12.webp 9w, https:\/\/www.vapeswholesaler.com\/wp-content\/uploads\/2024\/08\/Wholesale-Vapsolo-DG18000-18000-Puffs-Disposable-Vape-4-510x680.webp 510w\" sizes=\"auto, (max-width: 800px) 100vw, 800px\" \/><\/p>\n<p>&nbsp;<\/p>\n<p>&nbsp;<\/p>","protected":false},"excerpt":{"rendered":"<p>Quantit\u00e9 minimale de commande : <strong>50pcs<\/strong>\u00a0(M\u00e9lange d'ar\u00f4mes) Livraison gratuite<\/p>\n<p>(<strong>2%, 5% Nic<\/strong>) D\u00e9lai d'exp\u00e9dition de l'entrep\u00f4t de l'UE 5-6 jours ouvrables<\/p>","protected":false},"featured_media":19159,"comment_status":"open","ping_status":"closed","template":"","meta":[],"product_cat":[15],"product_tag":[],"class_list":{"0":"post-19163","1":"product","2":"type-product","3":"status-publish","4":"has-post-thumbnail","6":"product_cat-disposable-vape","7":"product_brand-vapsolo","9":"first","10":"outofstock","11":"shipping-taxable","12":"purchasable","13":"product-type-variable","14":"has-default-attributes"},"aioseo_notices":[],"_links":{"self":[{"href":"https:\/\/www.vapeswholesaler.com\/fr\/wp-json\/wp\/v2\/product\/19163","targetHints":{"allow":["GET"]}}],"collection":[{"href":"https:\/\/www.vapeswholesaler.com\/fr\/wp-json\/wp\/v2\/product"}],"about":[{"href":"https:\/\/www.vapeswholesaler.com\/fr\/wp-json\/wp\/v2\/types\/product"}],"replies":[{"embeddable":true,"href":"https:\/\/www.vapeswholesaler.com\/fr\/wp-json\/wp\/v2\/comments?post=19163"}],"wp:featuredmedia":[{"embeddable":true,"href":"https:\/\/www.vapeswholesaler.com\/fr\/wp-json\/wp\/v2\/media\/19159"}],"wp:attachment":[{"href":"https:\/\/www.vapeswholesaler.com\/fr\/wp-json\/wp\/v2\/media?parent=19163"}],"wp:term":[{"taxonomy":"product_cat","embeddable":true,"href":"https:\/\/www.vapeswholesaler.com\/fr\/wp-json\/wp\/v2\/product_cat?post=19163"},{"taxonomy":"product_tag","embeddable":true,"href":"https:\/\/www.vapeswholesaler.com\/fr\/wp-json\/wp\/v2\/product_tag?post=19163"}],"curies":[{"name":"wp","href":"https:\/\/api.w.org\/{rel}","templated":true}]}}