{"id":18942,"date":"2024-07-30T15:32:26","date_gmt":"2024-07-30T07:32:26","guid":{"rendered":"https:\/\/www.vapeswholesaler.com\/?post_type=product&#038;p=18942"},"modified":"2025-03-18T15:35:19","modified_gmt":"2025-03-18T07:35:19","slug":"grossiste-lavie-vigor-15000-puffs-vapes-jetables","status":"publish","type":"product","link":"https:\/\/www.vapeswholesaler.com\/fr\/produit\/grossiste-lavie-vigor-15000-puffs-vapes-jetables","title":{"rendered":"Grossiste LAVIE VIGOR 15000 bouff\u00e9es Vapes jetables"},"content":{"rendered":"<p><a href=\"https:\/\/www.vapeswholesaler.com\/fr\/marque_du_produit\/lavie\/\">Lavie<\/a> Vigor 15000 Puffs est le dernier produit jetable. La principale caract\u00e9ristique de ce produit est que les cartouches peuvent \u00eatre remplac\u00e9es. Vous pouvez profiter de diff\u00e9rents ar\u00f4mes avec un seul appareil. Nous pouvons \u00e9galement vendre en gros des cartouches de diff\u00e9rents ar\u00f4mes s\u00e9par\u00e9ment.<\/p>\n<p>Le r\u00e9servoir jetable est transparent, ce qui permet aux utilisateurs de comprendre l'utilisation de l'e-liquide \u00e0 tout moment. Il contient 18ml d'e-juice 0\/2%\/3%\/5% \u00e0 base de sel de nicotine et permet de vaper jusqu'\u00e0 15000 bouff\u00e9es. Vous pouvez choisir parmi 12 saveurs. Avec une capacit\u00e9 de 18 ml d'e-liquide pr\u00e9-rempli, le Lavie Vigor 15000 bouff\u00e9es peut \u00eatre utilis\u00e9 pendant longtemps. La batterie au lithium haute performance de 550mAh peut assurer une autonomie d'une journ\u00e9e enti\u00e8re. Il y a 6 couleurs de lumi\u00e8re diff\u00e9rentes indiquant les diff\u00e9rents niveaux de puissance de la batterie, il est facile de trouver l'\u00e9tat de puissance de la batterie. Le port de charge rapide de type C permet une charge compl\u00e8te en 30 minutes. Le bas du produit est \u00e9quip\u00e9 d'un interrupteur permettant d'ajuster le flux d'air afin de r\u00e9pondre aux besoins de vape de chacun.<\/p>\n<p>Notre soci\u00e9t\u00e9 dispose d'un approvisionnement ponctuel \u00e0 long terme. Une fois que nous avons re\u00e7u le paiement du client, nous pouvons l'exp\u00e9dier le jour m\u00eame. Nous acceptons les transferts Revolut, Wise, Money Transfer et Western Union, nous avons un num\u00e9ro de compte bancaire local, les clients paient la commande tr\u00e8s facilement et en toute s\u00e9curit\u00e9.<\/p>\n<h2><strong><a href=\"https:\/\/www.facebook.com\/fred.luo.58\/\">Lavie<\/a> Vigor 15000 Puffs Ar\u00f4mes :<\/strong><\/h2>\n<ol>\n<li>sel de mer citron<\/li>\n<li>Raisin glac\u00e9<\/li>\n<li>Glace \u00e0 la mangue<\/li>\n<li>\u00a0Double pomme<\/li>\n<li>Glace \u00e0 la fraise<\/li>\n<li>Glace au menthol<\/li>\n<li>Cassis<\/li>\n<li>Glace \u00e0 la past\u00e8que<\/li>\n<li>Past\u00e8que litchi<\/li>\n<li>Cola au citron<\/li>\n<li>Litchi glac\u00e9<\/li>\n<li>Past\u00e8que fraise<\/li>\n<\/ol>\n<h2><strong>Caract\u00e9ristiques :<\/strong><\/h2>\n<ul>\n<li>Taille : 51*25.7*86mm<\/li>\n<li>Batterie : 550mAh (600mAh pour le march\u00e9 cor\u00e9en)<\/li>\n<li>Bouff\u00e9es : 15000 bouff\u00e9es<\/li>\n<li>Capacit\u00e9 du liquide : 18ml<\/li>\n<li>Sel Nic.2%,5%.OEM<\/li>\n<li>Poids net : 74,2 g<\/li>\n<li>Bobine en maille : Bobine \u00e0 double maille<\/li>\n<li>Mat\u00e9riau : PC\uff0c PCTG<\/li>\n<li>R\u00e9sistance : 1.0\u03a9<\/li>\n<li>Type:Chargeur de type C<\/li>\n<\/ul>\n<h2><strong>D\u00e9tails de l'emballage :<\/strong><\/h2>\n<p>Taille du carton : 560*318*218mm<br \/>\nCBM:0,04<br \/>\nPoids de l'emballage :<br \/>\nN\/W : KG<br \/>\nG\/W:19KG<br \/>\nQuantit\u00e9 : 200PCS\/carton<\/p>\n<p>&nbsp;<\/p>","protected":false},"excerpt":{"rendered":"<p>Quantit\u00e9 minimale de commande :\u00a0<strong>50pcs <\/strong>(M\u00e9lange de saveurs)\u00a0\u00a0<strong>Livraison gratuite<\/strong><\/p>\n<p>(<strong>2%, 5% Nic<\/strong>)<\/p>","protected":false},"featured_media":18941,"comment_status":"open","ping_status":"closed","template":"","meta":[],"product_cat":[15],"product_tag":[375,393],"class_list":{"0":"post-18942","1":"product","2":"type-product","3":"status-publish","4":"has-post-thumbnail","6":"product_cat-disposable-vape","7":"product_tag-15000-puffs","8":"product_tag-lavie","9":"product_brand-lavie","11":"first","12":"instock","13":"shipping-taxable","14":"purchasable","15":"product-type-variable","16":"has-default-attributes"},"aioseo_notices":[],"_links":{"self":[{"href":"https:\/\/www.vapeswholesaler.com\/fr\/wp-json\/wp\/v2\/product\/18942","targetHints":{"allow":["GET"]}}],"collection":[{"href":"https:\/\/www.vapeswholesaler.com\/fr\/wp-json\/wp\/v2\/product"}],"about":[{"href":"https:\/\/www.vapeswholesaler.com\/fr\/wp-json\/wp\/v2\/types\/product"}],"replies":[{"embeddable":true,"href":"https:\/\/www.vapeswholesaler.com\/fr\/wp-json\/wp\/v2\/comments?post=18942"}],"wp:featuredmedia":[{"embeddable":true,"href":"https:\/\/www.vapeswholesaler.com\/fr\/wp-json\/wp\/v2\/media\/18941"}],"wp:attachment":[{"href":"https:\/\/www.vapeswholesaler.com\/fr\/wp-json\/wp\/v2\/media?parent=18942"}],"wp:term":[{"taxonomy":"product_cat","embeddable":true,"href":"https:\/\/www.vapeswholesaler.com\/fr\/wp-json\/wp\/v2\/product_cat?post=18942"},{"taxonomy":"product_tag","embeddable":true,"href":"https:\/\/www.vapeswholesaler.com\/fr\/wp-json\/wp\/v2\/product_tag?post=18942"}],"curies":[{"name":"wp","href":"https:\/\/api.w.org\/{rel}","templated":true}]}}