{"id":18809,"date":"2024-07-24T16:11:23","date_gmt":"2024-07-24T08:11:23","guid":{"rendered":"https:\/\/www.vapeswholesaler.com\/?post_type=product&#038;p=18809"},"modified":"2025-03-05T15:39:29","modified_gmt":"2025-03-05T07:39:29","slug":"grossiste-elf-box-pulse-x-25000-puffs-jetable-moq-100pcs","status":"publish","type":"product","link":"https:\/\/www.vapeswholesaler.com\/fr\/produit\/grossiste-elf-box-pulse-x-25000-puffs-jetable-moq-100pcs","title":{"rendered":"Grossiste ELF BOX PULSE X 25000 Bouff\u00e9es Vape jetable"},"content":{"rendered":"<div><a href=\"https:\/\/www.vapeswholesaler.com\/fr\/marque_du_produit\/boite-a-lutins\/\">ELF BOX<\/a> PULSE X 25000 Puffs Vape jetable est con\u00e7u pour les vapoteurs qui exigent l'excellence en mati\u00e8re de saveur, de technologie et de commodit\u00e9. Que ce soit \u00e0 la maison, au travail ou en d\u00e9placement, le Pulse X est votre compagnon id\u00e9al, offrant une exp\u00e9rience de vapotage raffin\u00e9e et in\u00e9gal\u00e9e. Savourez les saveurs riches et les performances de pointe de l'ELF BOX PULSE X, votre porte d'entr\u00e9e vers l'exp\u00e9rience de vapotage ultime.<\/div>\n<div><\/div>\n<div>ELF BOX PULSE X 25000 bouff\u00e9es Deux modes de vapotage : S\u00e9lectionnez le mode r\u00e9gulier pour une exp\u00e9rience r\u00e9guli\u00e8re et durable jusqu'\u00e0 25 000 bouff\u00e9es, ou passez au mode puls\u00e9 pour un voyage de saveurs vibrantes et intenses avec 15 000 bouff\u00e9es.<\/div>\n<div><\/div>\n<div>Avec un taux de nicotine de 0%\/2%\/3%\/5%, la ELF BOX PULSE X 25000 Puffs d\u00e9livre des bouff\u00e9es satisfaisantes : Une saveur constante et une production de vapeur impressionnante sont garanties tout au long de la dur\u00e9e de vie de l'appareil.<\/div>\n<h2><strong>ELF BOX PULSE X 25000 bouff\u00e9es Caract\u00e9ristiques :<\/strong><\/h2>\n<ul>\n<li>Types:Jetable<\/li>\n<li>Normal : 25000 bouff\u00e9es<\/li>\n<li>Pouls : 15000 bouff\u00e9es<\/li>\n<li>Bobine Dual Mesh : 0.8ohm+0.8ohm<\/li>\n<li>E-liquide:18ml<\/li>\n<li>Nicotine:0%\/2%\/3%\/5%<\/li>\n<li>Batterie : 13500-750mah<\/li>\n<li>\u00c9cran incurv\u00e9 3D<\/li>\n<li>Ajustement de la puissance de l'IA, VPU Inside<\/li>\n<li>Puissance d'impulsion, Super Boost<\/li>\n<li>Rechargeable:Type-C<\/li>\n<\/ul>\n<h2><strong>BO\u00ceTE \u00c0 ELFES PULSE X 25000 <\/strong><strong>Saveurs :<\/strong><\/h2>\n<ol>\n<li>Past\u00e8que \u00e0 la fraise<\/li>\n<li>Soda \u00e0 la cerise<\/li>\n<li>Glace de p\u00eache<\/li>\n<li>Kiwi Fruit de la passion<\/li>\n<li>Glace luxuriante<\/li>\n<li>Red Bull<\/li>\n<li>Glace de raisin<\/li>\n<li>Glace Blue Razz<\/li>\n<li>Fraise et banane<\/li>\n<li>Glace \u00e0 la fraise<\/li>\n<\/ol>\n<h2><strong>D\u00e9tails de l'emballage :<\/strong><\/h2>\n<div>Poids du produit : 100g\/pcs<\/div>\n<div>Taille du produit : 91,5*56,5*28,5mm<\/div>\n<div>Taille du carton : 375*370*226mm<\/div>\n<div>QTY : 100pcs\/ctn.  5pcs\/bo\u00eete<\/div>\n<div>Poids : 11,7 kg<\/div>\n<div><\/div>\n<div><\/div>\n<div><\/div>\n<div><\/div>\n<div>\n<figure id=\"attachment_18792\" aria-describedby=\"caption-attachment-18792\" style=\"width: 800px\" class=\"wp-caption alignnone\"><img loading=\"lazy\" decoding=\"async\" class=\"wp-image-18792 size-full\" title=\"Grossiste ELF BOX PULSE X 25000 bouff\u00e9es jetables 6\" src=\"https:\/\/www.vapeswholesaler.com\/wp-content\/uploads\/2024\/07\/Wholesale-ELF-BOX-PULSE-X-25000-Puffs-disposable-vape-6.webp\" alt=\"Grossiste ELF BOX PULSE X 25000 bouff\u00e9es jetables 6\" width=\"800\" height=\"800\" srcset=\"https:\/\/www.vapeswholesaler.com\/wp-content\/uploads\/2024\/07\/Wholesale-ELF-BOX-PULSE-X-25000-Puffs-disposable-vape-6.webp 800w, https:\/\/www.vapeswholesaler.com\/wp-content\/uploads\/2024\/07\/Wholesale-ELF-BOX-PULSE-X-25000-Puffs-disposable-vape-6-300x300.webp 300w, https:\/\/www.vapeswholesaler.com\/wp-content\/uploads\/2024\/07\/Wholesale-ELF-BOX-PULSE-X-25000-Puffs-disposable-vape-6-150x150.webp 150w, https:\/\/www.vapeswholesaler.com\/wp-content\/uploads\/2024\/07\/Wholesale-ELF-BOX-PULSE-X-25000-Puffs-disposable-vape-6-768x768.webp 768w, https:\/\/www.vapeswholesaler.com\/wp-content\/uploads\/2024\/07\/Wholesale-ELF-BOX-PULSE-X-25000-Puffs-disposable-vape-6-12x12.webp 12w, https:\/\/www.vapeswholesaler.com\/wp-content\/uploads\/2024\/07\/Wholesale-ELF-BOX-PULSE-X-25000-Puffs-disposable-vape-6-247x247.webp 247w, https:\/\/www.vapeswholesaler.com\/wp-content\/uploads\/2024\/07\/Wholesale-ELF-BOX-PULSE-X-25000-Puffs-disposable-vape-6-510x510.webp 510w, https:\/\/www.vapeswholesaler.com\/wp-content\/uploads\/2024\/07\/Wholesale-ELF-BOX-PULSE-X-25000-Puffs-disposable-vape-6-100x100.webp 100w\" sizes=\"auto, (max-width: 800px) 100vw, 800px\" \/><figcaption id=\"caption-attachment-18792\" class=\"wp-caption-text\">Grossiste ELF BOX PULSE X 25000 bouff\u00e9es vape jetable<\/figcaption><\/figure>\n<p><img loading=\"lazy\" decoding=\"async\" class=\"alignnone wp-image-18794 size-full\" title=\"Grossiste ELF BOX PULSE X 25000 bouff\u00e9es jetables vape 8\" src=\"https:\/\/www.vapeswholesaler.com\/wp-content\/uploads\/2024\/07\/Wholesale-ELF-BOX-PULSE-X-25000-Puffs-disposable-vape-8.webp\" alt=\"Grossiste ELF BOX PULSE X 25000 bouff\u00e9es jetables vape 8\" width=\"800\" height=\"800\" srcset=\"https:\/\/www.vapeswholesaler.com\/wp-content\/uploads\/2024\/07\/Wholesale-ELF-BOX-PULSE-X-25000-Puffs-disposable-vape-8.webp 800w, https:\/\/www.vapeswholesaler.com\/wp-content\/uploads\/2024\/07\/Wholesale-ELF-BOX-PULSE-X-25000-Puffs-disposable-vape-8-300x300.webp 300w, https:\/\/www.vapeswholesaler.com\/wp-content\/uploads\/2024\/07\/Wholesale-ELF-BOX-PULSE-X-25000-Puffs-disposable-vape-8-150x150.webp 150w, https:\/\/www.vapeswholesaler.com\/wp-content\/uploads\/2024\/07\/Wholesale-ELF-BOX-PULSE-X-25000-Puffs-disposable-vape-8-768x768.webp 768w, https:\/\/www.vapeswholesaler.com\/wp-content\/uploads\/2024\/07\/Wholesale-ELF-BOX-PULSE-X-25000-Puffs-disposable-vape-8-12x12.webp 12w, https:\/\/www.vapeswholesaler.com\/wp-content\/uploads\/2024\/07\/Wholesale-ELF-BOX-PULSE-X-25000-Puffs-disposable-vape-8-247x247.webp 247w, https:\/\/www.vapeswholesaler.com\/wp-content\/uploads\/2024\/07\/Wholesale-ELF-BOX-PULSE-X-25000-Puffs-disposable-vape-8-510x510.webp 510w, https:\/\/www.vapeswholesaler.com\/wp-content\/uploads\/2024\/07\/Wholesale-ELF-BOX-PULSE-X-25000-Puffs-disposable-vape-8-100x100.webp 100w\" sizes=\"auto, (max-width: 800px) 100vw, 800px\" \/><\/p>\n<\/div>","protected":false},"excerpt":{"rendered":"<p>Quantit\u00e9 minimale de commande :\u00a0<strong>50PCS<\/strong>\u00a0(M\u00e9lange de saveurs)\u00a0\u00a0<strong>Livraison gratuite<\/strong><\/p>\n<p>(<strong>2%, 5% Nic<\/strong>)<\/p>","protected":false},"featured_media":18787,"comment_status":"open","ping_status":"closed","template":"","meta":[],"product_cat":[15],"product_tag":[],"class_list":{"0":"post-18809","1":"product","2":"type-product","3":"status-publish","4":"has-post-thumbnail","6":"product_cat-disposable-vape","7":"product_brand-elf-box","9":"first","10":"instock","11":"shipping-taxable","12":"purchasable","13":"product-type-variable","14":"has-default-attributes"},"aioseo_notices":[],"_links":{"self":[{"href":"https:\/\/www.vapeswholesaler.com\/fr\/wp-json\/wp\/v2\/product\/18809","targetHints":{"allow":["GET"]}}],"collection":[{"href":"https:\/\/www.vapeswholesaler.com\/fr\/wp-json\/wp\/v2\/product"}],"about":[{"href":"https:\/\/www.vapeswholesaler.com\/fr\/wp-json\/wp\/v2\/types\/product"}],"replies":[{"embeddable":true,"href":"https:\/\/www.vapeswholesaler.com\/fr\/wp-json\/wp\/v2\/comments?post=18809"}],"wp:featuredmedia":[{"embeddable":true,"href":"https:\/\/www.vapeswholesaler.com\/fr\/wp-json\/wp\/v2\/media\/18787"}],"wp:attachment":[{"href":"https:\/\/www.vapeswholesaler.com\/fr\/wp-json\/wp\/v2\/media?parent=18809"}],"wp:term":[{"taxonomy":"product_cat","embeddable":true,"href":"https:\/\/www.vapeswholesaler.com\/fr\/wp-json\/wp\/v2\/product_cat?post=18809"},{"taxonomy":"product_tag","embeddable":true,"href":"https:\/\/www.vapeswholesaler.com\/fr\/wp-json\/wp\/v2\/product_tag?post=18809"}],"curies":[{"name":"wp","href":"https:\/\/api.w.org\/{rel}","templated":true}]}}