{"id":18563,"date":"2024-07-15T17:22:12","date_gmt":"2024-07-15T09:22:12","guid":{"rendered":"https:\/\/www.vapeswholesaler.com\/?post_type=product&#038;p=18563"},"modified":"2025-02-23T16:47:13","modified_gmt":"2025-02-23T08:47:13","slug":"wholesale-wga-crystal-plus-20000-puffs-disposable-vape","status":"publish","type":"product","link":"https:\/\/www.vapeswholesaler.com\/fr\/produit\/wholesale-wga-crystal-plus-20000-puffs-disposable-vape","title":{"rendered":"Grossiste WGA Crystal Plus 20000 bouff\u00e9es Vape jetable"},"content":{"rendered":"<div><a href=\"https:\/\/www.vapeswholesaler.com\/fr\/marque_du_produit\/wga\/\">WGA<\/a> Crystal Plus 20000 puff est une vape jetable, un dispositif r\u00e9volutionnaire con\u00e7u pour une commodit\u00e9 et une adaptabilit\u00e9 ultimes. Dot\u00e9e d'une batterie rechargeable de 650mAh et d'une capacit\u00e9 impressionnante d'environ 20 000 bouff\u00e9es, cette vape garantit un plaisir durable sans recharge fr\u00e9quente. Le syst\u00e8me innovant de double maille permet aux utilisateurs de passer sans effort d'une saveur \u00e0 l'autre. \u00c9quip\u00e9 d'un \u00e9cran d'affichage et d'une charge USB Type-C, le WGA Crystal Plus 20000 offre une exp\u00e9rience de vapotage haut de gamme.<\/div>\n<div><\/div>\n<div>Le WGA Crystal Plus 20K propose deux ar\u00f4mes interchangeables dans un seul appareil. Les utilisateurs peuvent facilement changer d'ar\u00f4me en faisant glisser l'embout. Le WGA Crystal Plus 20K Vape est un excellent appareil \u00e9quip\u00e9 d'une batterie et d'un affichage du niveau de liquide, permettant de comprendre facilement l'\u00e9tat de fonctionnement de l'\u00e9quipement.<\/div>\n<div><\/div>\n<h2><strong>WGA Crystal Plus 20000 puff Features :<\/strong><\/h2>\n<div><\/div>\n<ul>\n<li>2\/5% Sel de nicotine<\/li>\n<li>Batterie de 650mAh<\/li>\n<li>30ml d'e-liquide pr\u00e9-rempli<\/li>\n<li>-Deux saveurs (2 en 1)<\/li>\n<li>-Bobine \u00e0 double maille<\/li>\n<li>-Chargement de type C<\/li>\n<li>-MTL Vaping<\/li>\n<li>-10 pi\u00e8ces dans une bo\u00eete de pr\u00e9sentation<\/li>\n<\/ul>\n<div><\/div>\n<h2><strong>Saveurs :<\/strong><\/h2>\n<div><\/div>\n<ol>\n<li>Bleu Razz Cherry \/ Cherry<\/li>\n<li>Gomme \u00e0 m\u00e2cher Blue Razz\/ Framboise bleue<\/li>\n<li>Barbe \u00e0 papa aux myrtilles\/barbe \u00e0 papa en coton<\/li>\n<li>Menthe\/ Double Menthol<\/li>\n<li>Ours en gomme\/<\/li>\n<li>Heisenberg\/Pink Man<\/li>\n<li>Jolly Ranger \/ L\u00e8che-cerveau<\/li>\n<li>P\u00eache juteuse \/ P\u00eache Mangue Ice<\/li>\n<li>Sherbet au citron et \u00e0 la limette\/Lemonade Lce<\/li>\n<li>Ananas Ice\/Ananas P\u00eache Mangue<\/li>\n<li>Cr\u00e8me glac\u00e9e \u00e0 la fraise\/Banane \u00e0 la fraise<\/li>\n<li>Fraise Framboise Glace\/Blueberry Cerrycranberry<\/li>\n<li>R\u00eave d'\u00e9t\u00e9 \/ Cerise Cola Ice<\/li>\n<li>Triple Mangue \/Kiwi Fruit de la passion Goyave<\/li>\n<li>Huba Buba past\u00e8que \/ Huba Buba myrtille<\/li>\n<\/ol>\n<div><\/div>\n<h2><strong>Liste d'emballage :<\/strong><\/h2>\n<div>1pcs par bo\u00eete individuelle<\/div>\n<div>10 pi\u00e8ces par bo\u00eete centrale<\/div>\n<div>200 pi\u00e8ces par carton<\/div>\n<div><\/div>\n<div><img loading=\"lazy\" decoding=\"async\" class=\"alignnone wp-image-18553 size-full\" title=\"Grossiste WGA Crystal Plus 20000 bouff\u00e9es Vape jetable 3\" src=\"https:\/\/www.vapeswholesaler.com\/wp-content\/uploads\/2024\/07\/Wholesale-WGA-Crystal-Plus-20000-Puffs-Disposable-Vape-3.webp\" alt=\"Grossiste WGA Crystal Plus 20000 bouff\u00e9es Vape jetable 3\" width=\"800\" height=\"800\" srcset=\"https:\/\/www.vapeswholesaler.com\/wp-content\/uploads\/2024\/07\/Wholesale-WGA-Crystal-Plus-20000-Puffs-Disposable-Vape-3.webp 800w, https:\/\/www.vapeswholesaler.com\/wp-content\/uploads\/2024\/07\/Wholesale-WGA-Crystal-Plus-20000-Puffs-Disposable-Vape-3-300x300.webp 300w, https:\/\/www.vapeswholesaler.com\/wp-content\/uploads\/2024\/07\/Wholesale-WGA-Crystal-Plus-20000-Puffs-Disposable-Vape-3-150x150.webp 150w, https:\/\/www.vapeswholesaler.com\/wp-content\/uploads\/2024\/07\/Wholesale-WGA-Crystal-Plus-20000-Puffs-Disposable-Vape-3-768x768.webp 768w, https:\/\/www.vapeswholesaler.com\/wp-content\/uploads\/2024\/07\/Wholesale-WGA-Crystal-Plus-20000-Puffs-Disposable-Vape-3-12x12.webp 12w, https:\/\/www.vapeswholesaler.com\/wp-content\/uploads\/2024\/07\/Wholesale-WGA-Crystal-Plus-20000-Puffs-Disposable-Vape-3-247x247.webp 247w, https:\/\/www.vapeswholesaler.com\/wp-content\/uploads\/2024\/07\/Wholesale-WGA-Crystal-Plus-20000-Puffs-Disposable-Vape-3-510x510.webp 510w, https:\/\/www.vapeswholesaler.com\/wp-content\/uploads\/2024\/07\/Wholesale-WGA-Crystal-Plus-20000-Puffs-Disposable-Vape-3-100x100.webp 100w\" sizes=\"auto, (max-width: 800px) 100vw, 800px\" \/> <img loading=\"lazy\" decoding=\"async\" class=\"alignnone wp-image-18552 size-full\" title=\"Grossiste WGA Crystal Plus 20000 bouff\u00e9es Vape jetable 2\" src=\"https:\/\/www.vapeswholesaler.com\/wp-content\/uploads\/2024\/07\/Wholesale-WGA-Crystal-Plus-20000-Puffs-Disposable-Vape-2.webp\" alt=\"Grossiste WGA Crystal Plus 20000 bouff\u00e9es Vape jetable 2\" width=\"800\" height=\"800\" srcset=\"https:\/\/www.vapeswholesaler.com\/wp-content\/uploads\/2024\/07\/Wholesale-WGA-Crystal-Plus-20000-Puffs-Disposable-Vape-2.webp 800w, https:\/\/www.vapeswholesaler.com\/wp-content\/uploads\/2024\/07\/Wholesale-WGA-Crystal-Plus-20000-Puffs-Disposable-Vape-2-300x300.webp 300w, https:\/\/www.vapeswholesaler.com\/wp-content\/uploads\/2024\/07\/Wholesale-WGA-Crystal-Plus-20000-Puffs-Disposable-Vape-2-150x150.webp 150w, https:\/\/www.vapeswholesaler.com\/wp-content\/uploads\/2024\/07\/Wholesale-WGA-Crystal-Plus-20000-Puffs-Disposable-Vape-2-768x768.webp 768w, https:\/\/www.vapeswholesaler.com\/wp-content\/uploads\/2024\/07\/Wholesale-WGA-Crystal-Plus-20000-Puffs-Disposable-Vape-2-12x12.webp 12w, https:\/\/www.vapeswholesaler.com\/wp-content\/uploads\/2024\/07\/Wholesale-WGA-Crystal-Plus-20000-Puffs-Disposable-Vape-2-247x247.webp 247w, https:\/\/www.vapeswholesaler.com\/wp-content\/uploads\/2024\/07\/Wholesale-WGA-Crystal-Plus-20000-Puffs-Disposable-Vape-2-510x510.webp 510w, https:\/\/www.vapeswholesaler.com\/wp-content\/uploads\/2024\/07\/Wholesale-WGA-Crystal-Plus-20000-Puffs-Disposable-Vape-2-100x100.webp 100w\" sizes=\"auto, (max-width: 800px) 100vw, 800px\" \/> <img loading=\"lazy\" decoding=\"async\" class=\"alignnone wp-image-18551 size-full\" title=\"Grossiste WGA Crystal Plus 20000 bouff\u00e9es jetables 1\" src=\"https:\/\/www.vapeswholesaler.com\/wp-content\/uploads\/2024\/07\/Wholesale-WGA-Crystal-Plus-20000-Puffs-Disposable-Vape-1.webp\" alt=\"Grossiste WGA Crystal Plus 20000 bouff\u00e9es jetables 1\" width=\"800\" height=\"800\" srcset=\"https:\/\/www.vapeswholesaler.com\/wp-content\/uploads\/2024\/07\/Wholesale-WGA-Crystal-Plus-20000-Puffs-Disposable-Vape-1.webp 800w, https:\/\/www.vapeswholesaler.com\/wp-content\/uploads\/2024\/07\/Wholesale-WGA-Crystal-Plus-20000-Puffs-Disposable-Vape-1-300x300.webp 300w, https:\/\/www.vapeswholesaler.com\/wp-content\/uploads\/2024\/07\/Wholesale-WGA-Crystal-Plus-20000-Puffs-Disposable-Vape-1-150x150.webp 150w, https:\/\/www.vapeswholesaler.com\/wp-content\/uploads\/2024\/07\/Wholesale-WGA-Crystal-Plus-20000-Puffs-Disposable-Vape-1-768x768.webp 768w, https:\/\/www.vapeswholesaler.com\/wp-content\/uploads\/2024\/07\/Wholesale-WGA-Crystal-Plus-20000-Puffs-Disposable-Vape-1-12x12.webp 12w, https:\/\/www.vapeswholesaler.com\/wp-content\/uploads\/2024\/07\/Wholesale-WGA-Crystal-Plus-20000-Puffs-Disposable-Vape-1-247x247.webp 247w, https:\/\/www.vapeswholesaler.com\/wp-content\/uploads\/2024\/07\/Wholesale-WGA-Crystal-Plus-20000-Puffs-Disposable-Vape-1-510x510.webp 510w, https:\/\/www.vapeswholesaler.com\/wp-content\/uploads\/2024\/07\/Wholesale-WGA-Crystal-Plus-20000-Puffs-Disposable-Vape-1-100x100.webp 100w\" sizes=\"auto, (max-width: 800px) 100vw, 800px\" \/><\/div>","protected":false},"excerpt":{"rendered":"<p>Quantit\u00e9 minimale de commande :\u00a0<strong>50 PCS<\/strong>\u00a0(M\u00e9lange de saveurs)\u00a0\u00a0<strong>Livraison gratuite<\/strong><\/p>\n<p>(<strong>2%, 5% Nic<\/strong>) D\u00e9lai d'exp\u00e9dition de l'entrep\u00f4t de l'UE 5-6 jours ouvrables<\/p>","protected":false},"featured_media":18554,"comment_status":"open","ping_status":"closed","template":"","meta":[],"product_cat":[15],"product_tag":[],"class_list":{"0":"post-18563","1":"product","2":"type-product","3":"status-publish","4":"has-post-thumbnail","6":"product_cat-disposable-vape","7":"product_brand-wga","9":"first","10":"instock","11":"shipping-taxable","12":"purchasable","13":"product-type-variable","14":"has-default-attributes"},"aioseo_notices":[],"_links":{"self":[{"href":"https:\/\/www.vapeswholesaler.com\/fr\/wp-json\/wp\/v2\/product\/18563","targetHints":{"allow":["GET"]}}],"collection":[{"href":"https:\/\/www.vapeswholesaler.com\/fr\/wp-json\/wp\/v2\/product"}],"about":[{"href":"https:\/\/www.vapeswholesaler.com\/fr\/wp-json\/wp\/v2\/types\/product"}],"replies":[{"embeddable":true,"href":"https:\/\/www.vapeswholesaler.com\/fr\/wp-json\/wp\/v2\/comments?post=18563"}],"wp:featuredmedia":[{"embeddable":true,"href":"https:\/\/www.vapeswholesaler.com\/fr\/wp-json\/wp\/v2\/media\/18554"}],"wp:attachment":[{"href":"https:\/\/www.vapeswholesaler.com\/fr\/wp-json\/wp\/v2\/media?parent=18563"}],"wp:term":[{"taxonomy":"product_cat","embeddable":true,"href":"https:\/\/www.vapeswholesaler.com\/fr\/wp-json\/wp\/v2\/product_cat?post=18563"},{"taxonomy":"product_tag","embeddable":true,"href":"https:\/\/www.vapeswholesaler.com\/fr\/wp-json\/wp\/v2\/product_tag?post=18563"}],"curies":[{"name":"wp","href":"https:\/\/api.w.org\/{rel}","templated":true}]}}