{"id":18278,"date":"2024-07-09T23:08:14","date_gmt":"2024-07-09T15:08:14","guid":{"rendered":"https:\/\/www.vapeswholesaler.com\/?post_type=product&#038;p=18278"},"modified":"2025-03-18T14:04:55","modified_gmt":"2025-03-18T06:04:55","slug":"wholesale-bang-30000-puffs-double-flavors-disposable-vape-in-stock","status":"publish","type":"product","link":"https:\/\/www.vapeswholesaler.com\/fr\/produit\/wholesale-bang-30000-puffs-double-flavors-disposable-vape-in-stock","title":{"rendered":"Wholesale Bang 30000 Puffs Double flavors Disposable Vape"},"content":{"rendered":"<p><a href=\"https:\/\/www.vapeswholesaler.com\/fr\/marque_du_produit\/coup\/\">Bang<\/a> 30000 bouff\u00e9es Double saveurs Ecran LCD Vape box jetable, un choix de premier ordre pour une satisfaction prolong\u00e9e du vapotage. Exp\u00e9rimentez jusqu'\u00e0 30000 bouff\u00e9es avec sa grande capacit\u00e9 de 36ml d'e-liquide pr\u00e9-rempli.<\/p>\n<p>La double saveur Am\u00e9liore la saveur et la production de vapeur gr\u00e2ce \u00e0 la bobine Mesh de 1,0 ohm et \u00e0 la conception du flux d'air r\u00e9glable. Non seulement le Bang King 30K offre des performances exceptionnelles, mais il est \u00e9galement propos\u00e9 \u00e0 un prix comp\u00e9titif, ce qui en fait un excellent choix pour ceux qui recherchent un bon rapport qualit\u00e9-prix sans sacrifier la qualit\u00e9.<\/p>\n<p>Nos options de vente en gros permettent aux entreprises de s'approvisionner en cet appareil populaire et de r\u00e9pondre efficacement aux demandes de leurs clients.<\/p>\n<p>D\u00e9couvrez la commodit\u00e9 d'une livraison rapide, vous permettant de profiter de votre Vape jetable sans d\u00e9lai. Que vous soyez un amateur de vapotage, un d\u00e9taillant ou un grossiste cherchant \u00e0 \u00e9largir sa gamme de produits.<\/p>\n<h2><strong><a href=\"https:\/\/www.facebook.com\/fred.luo.58\/\">Bang<\/a> 30000 Puffs Double flavors D\u00e9tails :<\/strong><\/h2>\n<ul>\n<li>Puffs : Jusqu'\u00e0 30000 bouff\u00e9es<\/li>\n<li>Liquide : 36 ml pr\u00e9-rempli<\/li>\n<li>Nicotine : 0% 2% 3% 5%<\/li>\n<li>Noyau : Bobine en maille 1.0 ohm<\/li>\n<li>Batterie : 550 mAh rechargeable type-c<\/li>\n<li>Mode de livraison : DHL<\/li>\n<li>10 pi\u00e8ces\/bo\u00eete<\/li>\n<li>1 caisse\/200pcs(22 KG)<\/li>\n<\/ul>\n<h2><strong>Saveurs disponibles :<\/strong><\/h2>\n<ol>\n<li>Glace \u00e0 la past\u00e8que et menthe \u00e0 la myrtille<\/li>\n<li>Glace \u00e0 la past\u00e8que, fraise et mangue<\/li>\n<li>Fraise Past\u00e8que &amp; Kiwi Fruit de la passion Goyave<\/li>\n<li>Glace \u00e0 la fraise, \u00e0 la past\u00e8que et au raisin<\/li>\n<li>Glace aux myrtilles et glace au dragon noir<\/li>\n<li>Glace aux myrtilles, fraises et bananes<\/li>\n<li>Red Bull et past\u00e8que \u00e0 la myrtille<\/li>\n<li>Red Bull et bonbons \u00e0 la past\u00e8que<\/li>\n<li>Myrtille Framboise &amp; P\u00eache Mangue Past\u00e8que<\/li>\n<li>Myrtille, framboise et m\u00e9lange de fruits moul\u00e9s<\/li>\n<li>Glace fraise, kiwi et p\u00eache<\/li>\n<li>Fraise, kiwi et pomme acide, framboise<\/li>\n<\/ol>\n<h2><strong>D\u00e9tails de l'emballage :<\/strong><\/h2>\n<p>Pi\u00e8ce unique avec emballage de bonbons<br \/>\nChaque bo\u00eete contient 10 pi\u00e8ces<br \/>\nChaque carton contient 200 pi\u00e8ces 22KG<\/p>\n<figure id=\"attachment_18264\" aria-describedby=\"caption-attachment-18264\" style=\"width: 800px\" class=\"wp-caption alignnone\"><img loading=\"lazy\" decoding=\"async\" class=\"wp-image-18264 size-full\" title=\"Wholesale Bang 30000 Puffs Double flavors Disposable Vape 3\" src=\"https:\/\/www.vapeswholesaler.com\/wp-content\/uploads\/2024\/07\/Wholesale-Bang-30000-Puffs-Double-flavors-Disposable-Vape-3.webp\" alt=\"Wholesale Bang 30000 Puffs Double flavors Disposable Vape 3\" width=\"800\" height=\"1747\" srcset=\"https:\/\/www.vapeswholesaler.com\/wp-content\/uploads\/2024\/07\/Wholesale-Bang-30000-Puffs-Double-flavors-Disposable-Vape-3.webp 800w, https:\/\/www.vapeswholesaler.com\/wp-content\/uploads\/2024\/07\/Wholesale-Bang-30000-Puffs-Double-flavors-Disposable-Vape-3-137x300.webp 137w, https:\/\/www.vapeswholesaler.com\/wp-content\/uploads\/2024\/07\/Wholesale-Bang-30000-Puffs-Double-flavors-Disposable-Vape-3-469x1024.webp 469w, https:\/\/www.vapeswholesaler.com\/wp-content\/uploads\/2024\/07\/Wholesale-Bang-30000-Puffs-Double-flavors-Disposable-Vape-3-768x1677.webp 768w, https:\/\/www.vapeswholesaler.com\/wp-content\/uploads\/2024\/07\/Wholesale-Bang-30000-Puffs-Double-flavors-Disposable-Vape-3-703x1536.webp 703w, https:\/\/www.vapeswholesaler.com\/wp-content\/uploads\/2024\/07\/Wholesale-Bang-30000-Puffs-Double-flavors-Disposable-Vape-3-5x12.webp 5w, https:\/\/www.vapeswholesaler.com\/wp-content\/uploads\/2024\/07\/Wholesale-Bang-30000-Puffs-Double-flavors-Disposable-Vape-3-510x1114.webp 510w\" sizes=\"auto, (max-width: 800px) 100vw, 800px\" \/><figcaption id=\"caption-attachment-18264\" class=\"wp-caption-text\">Wholesale Bang 30000 Puffs Double flavors Disposable Vape<\/figcaption><\/figure>","protected":false},"excerpt":{"rendered":"<p>Quantit\u00e9 minimale de commande :\u00a0<strong>50pcs<\/strong>\u00a0(M\u00e9lange de saveurs)\u00a0\u00a0<strong>Livraison gratuite<\/strong><\/p>\n<p>(<strong>0%\uff0c2%, 3%\uff0c5% Nic<\/strong>)<\/p>","protected":false},"featured_media":19301,"comment_status":"open","ping_status":"closed","template":"","meta":[],"product_cat":[15],"product_tag":[368,374,388],"class_list":{"0":"post-18278","1":"product","2":"type-product","3":"status-publish","4":"has-post-thumbnail","6":"product_cat-disposable-vape","7":"product_tag-bang-king","8":"product_tag-30000-puffs","9":"product_tag-bang","10":"product_brand-bang","12":"first","13":"instock","14":"shipping-taxable","15":"purchasable","16":"product-type-variable","17":"has-default-attributes"},"aioseo_notices":[],"_links":{"self":[{"href":"https:\/\/www.vapeswholesaler.com\/fr\/wp-json\/wp\/v2\/product\/18278","targetHints":{"allow":["GET"]}}],"collection":[{"href":"https:\/\/www.vapeswholesaler.com\/fr\/wp-json\/wp\/v2\/product"}],"about":[{"href":"https:\/\/www.vapeswholesaler.com\/fr\/wp-json\/wp\/v2\/types\/product"}],"replies":[{"embeddable":true,"href":"https:\/\/www.vapeswholesaler.com\/fr\/wp-json\/wp\/v2\/comments?post=18278"}],"wp:featuredmedia":[{"embeddable":true,"href":"https:\/\/www.vapeswholesaler.com\/fr\/wp-json\/wp\/v2\/media\/19301"}],"wp:attachment":[{"href":"https:\/\/www.vapeswholesaler.com\/fr\/wp-json\/wp\/v2\/media?parent=18278"}],"wp:term":[{"taxonomy":"product_cat","embeddable":true,"href":"https:\/\/www.vapeswholesaler.com\/fr\/wp-json\/wp\/v2\/product_cat?post=18278"},{"taxonomy":"product_tag","embeddable":true,"href":"https:\/\/www.vapeswholesaler.com\/fr\/wp-json\/wp\/v2\/product_tag?post=18278"}],"curies":[{"name":"wp","href":"https:\/\/api.w.org\/{rel}","templated":true}]}}