{"id":18227,"date":"2024-07-09T18:55:47","date_gmt":"2024-07-09T10:55:47","guid":{"rendered":"https:\/\/www.vapeswholesaler.com\/?post_type=product&#038;p=18227"},"modified":"2025-04-09T10:48:50","modified_gmt":"2025-04-09T02:48:50","slug":"grossiste-vapsolo-feed-bar-shisha15000-bouffees-jetables-vape","status":"publish","type":"product","link":"https:\/\/www.vapeswholesaler.com\/fr\/produit\/grossiste-vapsolo-feed-bar-shisha15000-bouffees-jetables-vape","title":{"rendered":"Grossiste Vapsolo Feed Bar Shisha15000 bouff\u00e9es jetables vape"},"content":{"rendered":"<p><a href=\"https:\/\/www.vapeswholesaler.com\/fr\/marque_du_produit\/vapsolo\/\">Vapsolo<\/a> Feed Bar Shisha 15000 bouff\u00e9es est un stylo \u00e0 vapeur jetable parfait, con\u00e7u pour les vapoteurs exigeants, ces vapes jetables de qualit\u00e9 sup\u00e9rieure offrent une exp\u00e9rience de vapotage exceptionnelle avec une foule de fonctionnalit\u00e9s avanc\u00e9es et une vari\u00e9t\u00e9 de saveurs exquises.<\/p>\n<p>Notre produit dispose d'une capacit\u00e9 g\u00e9n\u00e9reuse de 25 ml d'e-liquide, garantissant un plaisir prolong\u00e9 sans avoir besoin de recharges fr\u00e9quentes. Aliment\u00e9 par une batterie rechargeable robuste de 650mAh et \u00e9quip\u00e9 d'un port type-C, ce stylo \u00e0 vape garantit jusqu'\u00e0 15000 bouff\u00e9es, ce qui le rend parfait pour une utilisation prolong\u00e9e. La technologie avanc\u00e9e de la bobine \u00e0 mailles avec une r\u00e9sistance de 0,6\u03a9 assure un chauffage uniforme et une production de vapeur fluide, am\u00e9liorant la saveur et la satisfaction globale.<\/p>\n<p>L'\u00e9cran LED int\u00e9gr\u00e9 fournit des informations en temps r\u00e9el sur les param\u00e8tres de vapotage et la dur\u00e9e de vie de la batterie, garantissant une exp\u00e9rience de vapotage fluide et inform\u00e9e. Pesant seulement 92 g, cette e-cigarette est l\u00e9g\u00e8re et portable, ce qui la rend id\u00e9ale pour vaper en voyage.<\/p>\n<h2><strong><a href=\"https:\/\/www.facebook.com\/fred.luo.58\">Vapsolo<\/a> Feed Bar Shisha 15000 bouff\u00e9es Caract\u00e9ristiques :<\/strong><\/h2>\n<ul>\n<li>Batterie int\u00e9gr\u00e9e de 650mAh<\/li>\n<li>Rechargeable<\/li>\n<li>Capacit\u00e9 de jus : 25ml<\/li>\n<li>Une alimentation \u00e9lectrique efficace et coh\u00e9rente<\/li>\n<li>0% , 5% Niveau de nicotine<\/li>\n<li>Satisfaire pr\u00e8s de 15000 bouff\u00e9es<\/li>\n<li>Bobine de maille<\/li>\n<li>Deux gousses<\/li>\n<li>Protection : Surchauffe, court-circuit<\/li>\n<\/ul>\n<h2><strong>Saveurs :<\/strong><\/h2>\n<ol>\n<li>Deux pommes<\/li>\n<li>Limonade Blue Razz<\/li>\n<li>Glace de p\u00eache<\/li>\n<li>Glace \u00e0 la mangue<\/li>\n<li>Glace luxuriante<\/li>\n<li>Menthe citronn\u00e9e<\/li>\n<li>l'amour magique<\/li>\n<li>Menthe raisin<\/li>\n<li>Punch aux fraises<\/li>\n<li>Gomme \u00e0 la myrtille<\/li>\n<\/ol>\n<h2><strong>Liste d'emballage :<\/strong><\/h2>\n<p>1pcs par bo\u00eete individuelle<br \/>\n10 pi\u00e8ces par bo\u00eete centrale<br \/>\n200 pi\u00e8ces par carton.<\/p>\n<figure id=\"attachment_18210\" aria-describedby=\"caption-attachment-18210\" style=\"width: 800px\" class=\"wp-caption alignnone\"><img loading=\"lazy\" decoding=\"async\" class=\"wp-image-18210 size-full\" title=\"Grossiste Vapsolo Feed Bar Shisha15000 bouff\u00e9es jetables vape 2\" src=\"https:\/\/www.vapeswholesaler.com\/wp-content\/uploads\/2024\/07\/Wholesale-Vapsolo-Feed-Bar-Shisha15000-Puffs-Disposable-vape-2.webp\" alt=\"Grossiste Vapsolo Feed Bar Shisha15000 bouff\u00e9es jetables vape 2\" width=\"800\" height=\"800\" srcset=\"https:\/\/www.vapeswholesaler.com\/wp-content\/uploads\/2024\/07\/Wholesale-Vapsolo-Feed-Bar-Shisha15000-Puffs-Disposable-vape-2.webp 800w, https:\/\/www.vapeswholesaler.com\/wp-content\/uploads\/2024\/07\/Wholesale-Vapsolo-Feed-Bar-Shisha15000-Puffs-Disposable-vape-2-300x300.webp 300w, https:\/\/www.vapeswholesaler.com\/wp-content\/uploads\/2024\/07\/Wholesale-Vapsolo-Feed-Bar-Shisha15000-Puffs-Disposable-vape-2-150x150.webp 150w, https:\/\/www.vapeswholesaler.com\/wp-content\/uploads\/2024\/07\/Wholesale-Vapsolo-Feed-Bar-Shisha15000-Puffs-Disposable-vape-2-768x768.webp 768w, https:\/\/www.vapeswholesaler.com\/wp-content\/uploads\/2024\/07\/Wholesale-Vapsolo-Feed-Bar-Shisha15000-Puffs-Disposable-vape-2-12x12.webp 12w, https:\/\/www.vapeswholesaler.com\/wp-content\/uploads\/2024\/07\/Wholesale-Vapsolo-Feed-Bar-Shisha15000-Puffs-Disposable-vape-2-247x247.webp 247w, https:\/\/www.vapeswholesaler.com\/wp-content\/uploads\/2024\/07\/Wholesale-Vapsolo-Feed-Bar-Shisha15000-Puffs-Disposable-vape-2-510x510.webp 510w, https:\/\/www.vapeswholesaler.com\/wp-content\/uploads\/2024\/07\/Wholesale-Vapsolo-Feed-Bar-Shisha15000-Puffs-Disposable-vape-2-100x100.webp 100w\" sizes=\"auto, (max-width: 800px) 100vw, 800px\" \/><figcaption id=\"caption-attachment-18210\" class=\"wp-caption-text\">Grossiste Vapsolo Feed Bar Shisha15000 bouff\u00e9es jetables vape<\/figcaption><\/figure>\n<p>&nbsp;<\/p>","protected":false},"excerpt":{"rendered":"<p>Quantit\u00e9 minimale de commande : <strong>50pcs<\/strong>\u00a0(M\u00e9lange d'ar\u00f4mes) Livraison gratuite<\/p>\n<p>(<strong>2%, 5% Nic<\/strong>) D\u00e9lai d'exp\u00e9dition de l'entrep\u00f4t de l'UE 5-6 jours ouvrables<\/p>","protected":false},"featured_media":18209,"comment_status":"open","ping_status":"closed","template":"","meta":[],"product_cat":[15],"product_tag":[87,373,375],"class_list":{"0":"post-18227","1":"product","2":"type-product","3":"status-publish","4":"has-post-thumbnail","6":"product_cat-disposable-vape","7":"product_tag-vapsolo","8":"product_tag-europe-warehouse","9":"product_tag-15000-puffs","10":"product_brand-vapsolo","12":"first","13":"outofstock","14":"shipping-taxable","15":"purchasable","16":"product-type-variable","17":"has-default-attributes"},"aioseo_notices":[],"_links":{"self":[{"href":"https:\/\/www.vapeswholesaler.com\/fr\/wp-json\/wp\/v2\/product\/18227","targetHints":{"allow":["GET"]}}],"collection":[{"href":"https:\/\/www.vapeswholesaler.com\/fr\/wp-json\/wp\/v2\/product"}],"about":[{"href":"https:\/\/www.vapeswholesaler.com\/fr\/wp-json\/wp\/v2\/types\/product"}],"replies":[{"embeddable":true,"href":"https:\/\/www.vapeswholesaler.com\/fr\/wp-json\/wp\/v2\/comments?post=18227"}],"wp:featuredmedia":[{"embeddable":true,"href":"https:\/\/www.vapeswholesaler.com\/fr\/wp-json\/wp\/v2\/media\/18209"}],"wp:attachment":[{"href":"https:\/\/www.vapeswholesaler.com\/fr\/wp-json\/wp\/v2\/media?parent=18227"}],"wp:term":[{"taxonomy":"product_cat","embeddable":true,"href":"https:\/\/www.vapeswholesaler.com\/fr\/wp-json\/wp\/v2\/product_cat?post=18227"},{"taxonomy":"product_tag","embeddable":true,"href":"https:\/\/www.vapeswholesaler.com\/fr\/wp-json\/wp\/v2\/product_tag?post=18227"}],"curies":[{"name":"wp","href":"https:\/\/api.w.org\/{rel}","templated":true}]}}