{"id":18186,"date":"2024-07-08T14:33:37","date_gmt":"2024-07-08T06:33:37","guid":{"rendered":"https:\/\/www.vapeswholesaler.com\/?post_type=product&#038;p=18186"},"modified":"2025-02-22T22:44:08","modified_gmt":"2025-02-22T14:44:08","slug":"grossiste-fumot-randm-crystal-12000-puffs-jetable-vape","status":"publish","type":"product","link":"https:\/\/www.vapeswholesaler.com\/fr\/produit\/grossiste-fumot-randm-crystal-12000-puffs-jetable-vape","title":{"rendered":"Grossiste Fumot Randm Crystal 12000 bouff\u00e9es vape jetable"},"content":{"rendered":"<p>Fumot RandM Crystal 12000 Puffs LED Display Disposable Vapes box, disponible chez Gleevape, offre une exp\u00e9rience de vapotage in\u00e9gal\u00e9e. Avec une capacit\u00e9 impressionnante de 12000 bouff\u00e9es, cet appareil avanc\u00e9 est con\u00e7u pour les vapoteurs chevronn\u00e9s et les nouveaux venus, garantissant un voyage prolong\u00e9 et satisfaisant. La capacit\u00e9 de 20 ml d'e-juice fournit suffisamment de liquide pour une utilisation prolong\u00e9e, tandis que la batterie rechargeable de 650 mAh, associ\u00e9e \u00e0 un port de charge de type C, \u00e9limine le besoin de remplacer fr\u00e9quemment la batterie.<\/p>\n<p>L'\u00e9cran LED du Fumot RandM Crystal 12000 Puffs ajoute une touche \u00e9l\u00e9gante et moderne, offrant une visibilit\u00e9 claire de l'\u00e9tat de l'appareil pour une exp\u00e9rience de vapotage sans faille. Cet appareil s'adapte \u00e0 diverses pr\u00e9f\u00e9rences avec des options de nicotine de 0%, 2%, 3% et 5%, permettant aux utilisateurs de s\u00e9lectionner la force qui convient le mieux \u00e0 leurs besoins. De plus, le RandM Crystal 12000 Puffs est disponible dans un large \u00e9ventail de 40 saveurs all\u00e9chantes, ce qui garantit qu'il y a de quoi satisfaire tous les palais.<\/p>\n<h2><strong><a href=\"https:\/\/www.vapeswholesaler.com\/fr\/marque_du_produit\/randm\/\">Fumot<\/a> RandM Crystal 12000 Caract\u00e9ristiques :<\/strong><\/h2>\n<ul>\n<li>20ml E-Liquide pr\u00e9-rempli<\/li>\n<li>0%, 2%, 3%, 5% Teneur en nicotine<\/li>\n<li>Batterie rechargeable 650mAh<\/li>\n<li>Atteindre jusqu'\u00e0 12 000 bouff\u00e9es<\/li>\n<li>Prise en charge de la charge de type C<\/li>\n<\/ul>\n<h2><strong>Saveurs :<\/strong><\/h2>\n<ol>\n<li>Alo\u00e8s raisin<\/li>\n<li>Cola Ice<\/li>\n<li>Fusion fruit\u00e9e<\/li>\n<li>Past\u00e8que \u00e0 la p\u00eache et \u00e0 la mangue<\/li>\n<li>Bonbons arc-en-ciel<\/li>\n<li>Melon d'eau \u00e0 la framboise<\/li>\n<li>Glace \u00e0 la fraise<\/li>\n<li>Fraise Kiwi<\/li>\n<li>Glace Blue Razz<\/li>\n<li>Glace au fruit du dragon<\/li>\n<li>Glace de raisin<\/li>\n<li>Myrtille sur glace<\/li>\n<li>Fraise Raisin<\/li>\n<li>Glace \u00e0 la p\u00eache<\/li>\n<li>Limonade aux baies<\/li>\n<li>Red Bull \u00e0 la fraise<\/li>\n<li>Banane glac\u00e9e<\/li>\n<li>Menthe fra\u00eeche<\/li>\n<li>Limonade rose<\/li>\n<li>Glace aux trois baies<\/li>\n<li>Dr Blue<\/li>\n<li>Myrtille Framboise<\/li>\n<li>Lush Lce<\/li>\n<li>P\u00eache Mangue<\/li>\n<li>Glace aux pommes rouges<\/li>\n<li>Limonade Blue Razz<\/li>\n<li>Explosion de pommes et de baies<\/li>\n<li>Baies Framboise Cerise<\/li>\n<li>Past\u00e8que Bubblegum<\/li>\n<li>Glace \u00e0 la past\u00e8que<\/li>\n<li>Past\u00e8que \u00e0 la fraise<\/li>\n<li>Kiwi Fruit de la passion Goyave<\/li>\n<li>Baies m\u00e9lang\u00e9es<\/li>\n<li>Myrtille et chewing-gum<\/li>\n<li>Bluesour Framboise<\/li>\n<li>Mangue sur glace<\/li>\n<\/ol>\n<h2><strong>Liste d'emballage :<\/strong><\/h2>\n<p>1pcs each Single box<br \/>\n10 pi\u00e8ces par bo\u00eete interm\u00e9diaire<br \/>\n200pcs par carton<\/p>\n<p><img loading=\"lazy\" decoding=\"async\" class=\"alignnone wp-image-18176 size-full\" title=\"Grossiste Fumot Randm Crystal 12000 bouff\u00e9es jetables vape 3\" src=\"https:\/\/www.vapeswholesaler.com\/wp-content\/uploads\/2024\/07\/Wholesale-Fumot-Randm-Crystal-12000-Puffs-disposable-vape-3.webp\" alt=\"Grossiste Fumot Randm Crystal 12000 bouff\u00e9es jetables vape 3\" width=\"800\" height=\"800\" srcset=\"https:\/\/www.vapeswholesaler.com\/wp-content\/uploads\/2024\/07\/Wholesale-Fumot-Randm-Crystal-12000-Puffs-disposable-vape-3.webp 800w, https:\/\/www.vapeswholesaler.com\/wp-content\/uploads\/2024\/07\/Wholesale-Fumot-Randm-Crystal-12000-Puffs-disposable-vape-3-300x300.webp 300w, https:\/\/www.vapeswholesaler.com\/wp-content\/uploads\/2024\/07\/Wholesale-Fumot-Randm-Crystal-12000-Puffs-disposable-vape-3-150x150.webp 150w, https:\/\/www.vapeswholesaler.com\/wp-content\/uploads\/2024\/07\/Wholesale-Fumot-Randm-Crystal-12000-Puffs-disposable-vape-3-768x768.webp 768w, https:\/\/www.vapeswholesaler.com\/wp-content\/uploads\/2024\/07\/Wholesale-Fumot-Randm-Crystal-12000-Puffs-disposable-vape-3-12x12.webp 12w, https:\/\/www.vapeswholesaler.com\/wp-content\/uploads\/2024\/07\/Wholesale-Fumot-Randm-Crystal-12000-Puffs-disposable-vape-3-247x247.webp 247w, https:\/\/www.vapeswholesaler.com\/wp-content\/uploads\/2024\/07\/Wholesale-Fumot-Randm-Crystal-12000-Puffs-disposable-vape-3-510x510.webp 510w, https:\/\/www.vapeswholesaler.com\/wp-content\/uploads\/2024\/07\/Wholesale-Fumot-Randm-Crystal-12000-Puffs-disposable-vape-3-100x100.webp 100w\" sizes=\"auto, (max-width: 800px) 100vw, 800px\" \/><\/p>\n<p><img loading=\"lazy\" decoding=\"async\" class=\"alignnone wp-image-18175 size-full\" title=\"Grossiste Fumot Randm Crystal 12000 bouff\u00e9es jetables vape 2\" src=\"https:\/\/www.vapeswholesaler.com\/wp-content\/uploads\/2024\/07\/Wholesale-Fumot-Randm-Crystal-12000-Puffs-disposable-vape-2.webp\" alt=\"Grossiste Fumot Randm Crystal 12000 bouff\u00e9es jetables vape 2\" width=\"800\" height=\"800\" srcset=\"https:\/\/www.vapeswholesaler.com\/wp-content\/uploads\/2024\/07\/Wholesale-Fumot-Randm-Crystal-12000-Puffs-disposable-vape-2.webp 800w, https:\/\/www.vapeswholesaler.com\/wp-content\/uploads\/2024\/07\/Wholesale-Fumot-Randm-Crystal-12000-Puffs-disposable-vape-2-300x300.webp 300w, https:\/\/www.vapeswholesaler.com\/wp-content\/uploads\/2024\/07\/Wholesale-Fumot-Randm-Crystal-12000-Puffs-disposable-vape-2-150x150.webp 150w, https:\/\/www.vapeswholesaler.com\/wp-content\/uploads\/2024\/07\/Wholesale-Fumot-Randm-Crystal-12000-Puffs-disposable-vape-2-768x768.webp 768w, https:\/\/www.vapeswholesaler.com\/wp-content\/uploads\/2024\/07\/Wholesale-Fumot-Randm-Crystal-12000-Puffs-disposable-vape-2-12x12.webp 12w, https:\/\/www.vapeswholesaler.com\/wp-content\/uploads\/2024\/07\/Wholesale-Fumot-Randm-Crystal-12000-Puffs-disposable-vape-2-247x247.webp 247w, https:\/\/www.vapeswholesaler.com\/wp-content\/uploads\/2024\/07\/Wholesale-Fumot-Randm-Crystal-12000-Puffs-disposable-vape-2-510x510.webp 510w, https:\/\/www.vapeswholesaler.com\/wp-content\/uploads\/2024\/07\/Wholesale-Fumot-Randm-Crystal-12000-Puffs-disposable-vape-2-100x100.webp 100w\" sizes=\"auto, (max-width: 800px) 100vw, 800px\" \/><\/p>","protected":false},"excerpt":{"rendered":"<p>Quantit\u00e9 minimale de commande :\u00a0<strong>50 PCS<\/strong>\u00a0(M\u00e9lange de saveurs)\u00a0\u00a0<strong>Livraison gratuite<\/strong><\/p>\n<p>(<strong>2%, 3%\uff0c5% Nic<\/strong>)<\/p>","protected":false},"featured_media":18174,"comment_status":"open","ping_status":"closed","template":"","meta":[],"product_cat":[15],"product_tag":[329,330,328],"class_list":{"0":"post-18186","1":"product","2":"type-product","3":"status-publish","4":"has-post-thumbnail","6":"product_cat-disposable-vape","7":"product_tag-fumot-randm-crystal-12000-vapes","8":"product_tag-fumot-randm-crystal-12000-disposable-vape","9":"product_tag-fumot-randm-crystal-12000","10":"product_brand-fumot","12":"first","13":"outofstock","14":"shipping-taxable","15":"purchasable","16":"product-type-variable"},"aioseo_notices":[],"_links":{"self":[{"href":"https:\/\/www.vapeswholesaler.com\/fr\/wp-json\/wp\/v2\/product\/18186","targetHints":{"allow":["GET"]}}],"collection":[{"href":"https:\/\/www.vapeswholesaler.com\/fr\/wp-json\/wp\/v2\/product"}],"about":[{"href":"https:\/\/www.vapeswholesaler.com\/fr\/wp-json\/wp\/v2\/types\/product"}],"replies":[{"embeddable":true,"href":"https:\/\/www.vapeswholesaler.com\/fr\/wp-json\/wp\/v2\/comments?post=18186"}],"wp:featuredmedia":[{"embeddable":true,"href":"https:\/\/www.vapeswholesaler.com\/fr\/wp-json\/wp\/v2\/media\/18174"}],"wp:attachment":[{"href":"https:\/\/www.vapeswholesaler.com\/fr\/wp-json\/wp\/v2\/media?parent=18186"}],"wp:term":[{"taxonomy":"product_cat","embeddable":true,"href":"https:\/\/www.vapeswholesaler.com\/fr\/wp-json\/wp\/v2\/product_cat?post=18186"},{"taxonomy":"product_tag","embeddable":true,"href":"https:\/\/www.vapeswholesaler.com\/fr\/wp-json\/wp\/v2\/product_tag?post=18186"}],"curies":[{"name":"wp","href":"https:\/\/api.w.org\/{rel}","templated":true}]}}