{"id":17886,"date":"2024-07-04T22:25:22","date_gmt":"2024-07-04T14:25:22","guid":{"rendered":"https:\/\/www.vapeswholesaler.com\/?post_type=product&#038;p=17886"},"modified":"2025-02-23T16:39:23","modified_gmt":"2025-02-23T08:39:23","slug":"grossiste-aivono-aim-boom-25000-bouffees-vape-jetable","status":"publish","type":"product","link":"https:\/\/www.vapeswholesaler.com\/fr\/produit\/grossiste-aivono-aim-boom-25000-bouffees-vape-jetable","title":{"rendered":"Grossiste Aivono Aim Boom 25000 bouff\u00e9es Vape jetable"},"content":{"rendered":"<p><a href=\"https:\/\/www.vapeswholesaler.com\/fr\/marque_du_produit\/aivono\/\">Aivono<\/a> Aim Boom 25000 Puffs est une nouvelle vape jetable avec \u00e9cran \u00e0 trois faces, c'est aussi un appareil de haut niveau con\u00e7u pour une exp\u00e9rience de vapotage exceptionnelle. Il est livr\u00e9 avec 18ml d'eliquide et une bobine de 0.1.0 ohm, choisissez entre 0%\/2%\/5% concentration de nicotine pour r\u00e9pondre \u00e0 vos pr\u00e9f\u00e9rences et besoins personnels. Avec une dur\u00e9e de vie impressionnante de 25000 bouff\u00e9es, cette vape jetable offre une long\u00e9vit\u00e9 et une commodit\u00e9 in\u00e9gal\u00e9es.<\/p>\n<p>Aivono Aim Boom 25000 Puffs aliment\u00e9 par une batterie fiable de 760mAh, cet appareil garantit des performances r\u00e9guli\u00e8res tout au long de sa dur\u00e9e de vie. La fonction rechargeable Type-C assure une charge rapide et efficace, minimisant ainsi les temps d'arr\u00eat. Un \u00e9cran avanc\u00e9 \u00e0 trois c\u00f4t\u00e9s vous tient inform\u00e9 de l'autonomie de la batterie et des niveaux d'e-liquide, offrant une exp\u00e9rience transparente et conviviale.<\/p>\n<p>Aivono Aim Boom 25000 Puffs Vape jetable est con\u00e7u pour les d\u00e9butants et les vapoteurs exp\u00e9riment\u00e9s, combinant une grande capacit\u00e9, une facilit\u00e9 d'utilisation et une technologie avanc\u00e9e. Son exceptionnelle diffusion de saveurs et sa conception conviviale en font un choix de premier ordre sur le march\u00e9 du vapotage.<\/p>\n<h2><strong>Aivono Aim Boom 25000 bouff\u00e9es Caract\u00e9ristiques :<\/strong><\/h2>\n<ul>\n<li>Nombre maximal de bouff\u00e9es : 25 000<\/li>\n<li>25000 Mode r\u00e9gulier<\/li>\n<li>15000 Mode d'impulsion<\/li>\n<li>Batterie rechargeable<\/li>\n<li>Capacit\u00e9 E-Liquide : 28ml<\/li>\n<li>Le premier \u00e9cran incurv\u00e9 en 3D au monde<\/li>\n<li>Port de charge USB de type C<\/li>\n<li>0\/2%\/3%\/5% Nic E-Liquide \u00e0 base de sel<\/li>\n<li>10 saveurs d\u00e9licieuses<\/li>\n<li>Bobine \u00e0 double maille<\/li>\n<\/ul>\n<h2><strong>Saveurs :<\/strong><\/h2>\n<ol>\n<li>Rancher bleu<\/li>\n<li>Glace Blue Razz<\/li>\n<li>Pomme verte raisin<\/li>\n<li>Past\u00e8que glac\u00e9e \u00e0 la cerise<\/li>\n<li>Melon Citron<\/li>\n<li>Monnaie de Miami<\/li>\n<li>Framboise P\u00eache Citron vert<\/li>\n<li>Mangue acide Ananas<\/li>\n<li>B-Pop aux fraises<\/li>\n<li>Glace \u00e0 la past\u00e8que<\/li>\n<\/ol>\n<h2><strong>Liste d'emballage :<\/strong><\/h2>\n<p>C\u00e9libataire avec un petit paquet<br \/>\n10 pi\u00e8ces dans une bo\u00eete moyenne<br \/>\n200 pi\u00e8ces par carton<\/p>\n<p>&nbsp;<\/p>\n<p><img loading=\"lazy\" decoding=\"async\" class=\"alignnone wp-image-17885 size-full\" title=\"Grossiste Aivono Aim Boom 25000 bouff\u00e9es Vape jetable\" src=\"https:\/\/www.vapeswholesaler.com\/wp-content\/uploads\/2024\/07\/Wholesale-Aivono-Aim-Boom-25000-Puffs-Disposable-Vape.webp\" alt=\"Grossiste Aivono Aim Boom 25000 bouff\u00e9es Vape jetable\" width=\"800\" height=\"800\" srcset=\"https:\/\/www.vapeswholesaler.com\/wp-content\/uploads\/2024\/07\/Wholesale-Aivono-Aim-Boom-25000-Puffs-Disposable-Vape.webp 800w, https:\/\/www.vapeswholesaler.com\/wp-content\/uploads\/2024\/07\/Wholesale-Aivono-Aim-Boom-25000-Puffs-Disposable-Vape-300x300.webp 300w, https:\/\/www.vapeswholesaler.com\/wp-content\/uploads\/2024\/07\/Wholesale-Aivono-Aim-Boom-25000-Puffs-Disposable-Vape-150x150.webp 150w, https:\/\/www.vapeswholesaler.com\/wp-content\/uploads\/2024\/07\/Wholesale-Aivono-Aim-Boom-25000-Puffs-Disposable-Vape-768x768.webp 768w, https:\/\/www.vapeswholesaler.com\/wp-content\/uploads\/2024\/07\/Wholesale-Aivono-Aim-Boom-25000-Puffs-Disposable-Vape-12x12.webp 12w, https:\/\/www.vapeswholesaler.com\/wp-content\/uploads\/2024\/07\/Wholesale-Aivono-Aim-Boom-25000-Puffs-Disposable-Vape-247x247.webp 247w, https:\/\/www.vapeswholesaler.com\/wp-content\/uploads\/2024\/07\/Wholesale-Aivono-Aim-Boom-25000-Puffs-Disposable-Vape-510x510.webp 510w, https:\/\/www.vapeswholesaler.com\/wp-content\/uploads\/2024\/07\/Wholesale-Aivono-Aim-Boom-25000-Puffs-Disposable-Vape-100x100.webp 100w\" sizes=\"auto, (max-width: 800px) 100vw, 800px\" \/><\/p>","protected":false},"excerpt":{"rendered":"<p>Quantit\u00e9 minimale de commande :\u00a0<strong>50PCS<\/strong>\u00a0(M\u00e9lange de saveurs)\u00a0\u00a0<strong>Livraison gratuite<\/strong><\/p>\n<p>(<strong>2%, 5% Nic<\/strong>)<\/p>","protected":false},"featured_media":18052,"comment_status":"open","ping_status":"closed","template":"","meta":[],"product_cat":[15],"product_tag":[],"class_list":{"0":"post-17886","1":"product","2":"type-product","3":"status-publish","4":"has-post-thumbnail","6":"product_cat-disposable-vape","7":"product_brand-aivono","9":"first","10":"instock","11":"shipping-taxable","12":"purchasable","13":"product-type-variable","14":"has-default-attributes"},"aioseo_notices":[],"_links":{"self":[{"href":"https:\/\/www.vapeswholesaler.com\/fr\/wp-json\/wp\/v2\/product\/17886","targetHints":{"allow":["GET"]}}],"collection":[{"href":"https:\/\/www.vapeswholesaler.com\/fr\/wp-json\/wp\/v2\/product"}],"about":[{"href":"https:\/\/www.vapeswholesaler.com\/fr\/wp-json\/wp\/v2\/types\/product"}],"replies":[{"embeddable":true,"href":"https:\/\/www.vapeswholesaler.com\/fr\/wp-json\/wp\/v2\/comments?post=17886"}],"wp:featuredmedia":[{"embeddable":true,"href":"https:\/\/www.vapeswholesaler.com\/fr\/wp-json\/wp\/v2\/media\/18052"}],"wp:attachment":[{"href":"https:\/\/www.vapeswholesaler.com\/fr\/wp-json\/wp\/v2\/media?parent=17886"}],"wp:term":[{"taxonomy":"product_cat","embeddable":true,"href":"https:\/\/www.vapeswholesaler.com\/fr\/wp-json\/wp\/v2\/product_cat?post=17886"},{"taxonomy":"product_tag","embeddable":true,"href":"https:\/\/www.vapeswholesaler.com\/fr\/wp-json\/wp\/v2\/product_tag?post=17886"}],"curies":[{"name":"wp","href":"https:\/\/api.w.org\/{rel}","templated":true}]}}