{"id":17326,"date":"2024-06-27T14:57:36","date_gmt":"2024-06-27T06:57:36","guid":{"rendered":"https:\/\/www.vapeswholesaler.com\/?post_type=product&#038;p=17326"},"modified":"2025-11-10T18:15:25","modified_gmt":"2025-11-10T10:15:25","slug":"grossiste-old-school-mo-28k-puffs-jetable-vape","status":"publish","type":"product","link":"https:\/\/www.vapeswholesaler.com\/fr\/produit\/grossiste-old-school-mo-28k-puffs-jetable-vape","title":{"rendered":"Wholesale Old School MO 28k Puffs Disposable vape"},"content":{"rendered":"<p>Old School MO 28k puffs est une nouvelle vape jetable \u00e0 affichage plein \u00e9cran, c'est aussi un appareil de haut niveau con\u00e7u pour une exp\u00e9rience de vapotage exceptionnelle. Il est livr\u00e9 avec 26ml d'eliquide et des Coils double mesh, choisissez entre 0%\/2%\/5% concentration de nicotine pour r\u00e9pondre \u00e0 vos pr\u00e9f\u00e9rences et besoins personnels. Avec une impressionnante capacit\u00e9 de 28000 bouff\u00e9es, cette vape jetable offre une long\u00e9vit\u00e9 et une commodit\u00e9 in\u00e9gal\u00e9es.<\/p>\n<p>Old School MO 28k puffs aliment\u00e9 par une batterie fiable de 650mAh, cet appareil garantit des performances r\u00e9guli\u00e8res tout au long de sa dur\u00e9e de vie. La fonction rechargeable Type-C assure une charge rapide et efficace, minimisant ainsi les temps d'arr\u00eat. Un \u00e9cran avanc\u00e9 \u00e0 trois faces vous tient inform\u00e9 de l'autonomie de la batterie et des niveaux d'e-liquide, offrant une exp\u00e9rience transparente et conviviale.<\/p>\n<p>Old School MO 28k puffs est le dernier n\u00e9 des vapes, chaque parfum n\u00e9cessite 1 carton, (200pcs), MOQ 400pcs.<\/p>\n<h2><strong><a href=\"https:\/\/www.vapeswholesaler.com\/fr\/marque_du_produit\/ancienne-ecole\/\">Ancienne \u00e9cole<\/a> MO 28k Caract\u00e9ristiques :<\/strong><\/h2>\n<ul>\n<li>Bouff\u00e9es:28000 bouff\u00e9es<\/li>\n<li>Affichage de l'\u00e9cran complet<\/li>\n<li>Nicotine:0%\/2%\/5%<\/li>\n<li>Batterie : 650mAh<\/li>\n<li>Bobine \u00e0 double maille<\/li>\n<li>Rechargeable<\/li>\n<li>Flux d'air r\u00e9glable<\/li>\n<\/ul>\n<h2><strong>Saveurs :<\/strong><\/h2>\n<ol>\n<li>Pomme P\u00eache<\/li>\n<li>M\u00fbre Cerise Citron<\/li>\n<li>Glace \u00e0 la framboise bleue<\/li>\n<li>G\u00e2teau aux myrtilles<\/li>\n<li>Menthe fra\u00eeche<\/li>\n<li>Gel\u00e9e de raisin<\/li>\n<li>Ananas noix de coco<\/li>\n<li>Past\u00e8que \u00e0 la fraise<\/li>\n<li>Triple mangue<\/li>\n<li>Glace \u00e0 la past\u00e8que<\/li>\n<\/ol>\n<h2><strong>Liste d'emballage :<\/strong><\/h2>\n<p>1pcs chaque petite bo\u00eete<br \/>\n5 pi\u00e8ces par bo\u00eete interm\u00e9diaire<br \/>\n150 pi\u00e8ces par carton 17,8 kg<\/p>\n<p><img loading=\"lazy\" decoding=\"async\" class=\"alignnone wp-image-17337 size-full\" title=\"Wholesale Old School MO 28k Puffs Disposable vape 1\" src=\"https:\/\/www.vapeswholesaler.com\/wp-content\/uploads\/2024\/06\/Wholesale-Old-School-MO-28k-Puffs-Disposable-vape-1.jpg\" alt=\"Wholesale Old School MO 28k Puffs Disposable vape 1\" width=\"800\" height=\"1524\" srcset=\"https:\/\/www.vapeswholesaler.com\/wp-content\/uploads\/2024\/06\/Wholesale-Old-School-MO-28k-Puffs-Disposable-vape-1.jpg 800w, https:\/\/www.vapeswholesaler.com\/wp-content\/uploads\/2024\/06\/Wholesale-Old-School-MO-28k-Puffs-Disposable-vape-1-157x300.jpg 157w, https:\/\/www.vapeswholesaler.com\/wp-content\/uploads\/2024\/06\/Wholesale-Old-School-MO-28k-Puffs-Disposable-vape-1-538x1024.jpg 538w, https:\/\/www.vapeswholesaler.com\/wp-content\/uploads\/2024\/06\/Wholesale-Old-School-MO-28k-Puffs-Disposable-vape-1-768x1463.jpg 768w, https:\/\/www.vapeswholesaler.com\/wp-content\/uploads\/2024\/06\/Wholesale-Old-School-MO-28k-Puffs-Disposable-vape-1-6x12.jpg 6w, https:\/\/www.vapeswholesaler.com\/wp-content\/uploads\/2024\/06\/Wholesale-Old-School-MO-28k-Puffs-Disposable-vape-1-510x972.jpg 510w\" sizes=\"auto, (max-width: 800px) 100vw, 800px\" \/><\/p>","protected":false},"excerpt":{"rendered":"<p>Quantit\u00e9 minimale de commande : 400 PCS (2 ar\u00f4mes maximum)\u00a0 <strong>Livraison gratuite<\/strong><\/p>\n<p>(<strong>2%, 5% Nic<\/strong>)<\/p>","protected":false},"featured_media":17324,"comment_status":"open","ping_status":"closed","template":"","meta":[],"product_cat":[15],"product_tag":[],"class_list":{"0":"post-17326","1":"product","2":"type-product","3":"status-publish","4":"has-post-thumbnail","6":"product_cat-disposable-vape","7":"product_brand-old-school","9":"first","10":"instock","11":"shipping-taxable","12":"purchasable","13":"product-type-variable","14":"has-default-attributes"},"aioseo_notices":[],"_links":{"self":[{"href":"https:\/\/www.vapeswholesaler.com\/fr\/wp-json\/wp\/v2\/product\/17326","targetHints":{"allow":["GET"]}}],"collection":[{"href":"https:\/\/www.vapeswholesaler.com\/fr\/wp-json\/wp\/v2\/product"}],"about":[{"href":"https:\/\/www.vapeswholesaler.com\/fr\/wp-json\/wp\/v2\/types\/product"}],"replies":[{"embeddable":true,"href":"https:\/\/www.vapeswholesaler.com\/fr\/wp-json\/wp\/v2\/comments?post=17326"}],"wp:featuredmedia":[{"embeddable":true,"href":"https:\/\/www.vapeswholesaler.com\/fr\/wp-json\/wp\/v2\/media\/17324"}],"wp:attachment":[{"href":"https:\/\/www.vapeswholesaler.com\/fr\/wp-json\/wp\/v2\/media?parent=17326"}],"wp:term":[{"taxonomy":"product_cat","embeddable":true,"href":"https:\/\/www.vapeswholesaler.com\/fr\/wp-json\/wp\/v2\/product_cat?post=17326"},{"taxonomy":"product_tag","embeddable":true,"href":"https:\/\/www.vapeswholesaler.com\/fr\/wp-json\/wp\/v2\/product_tag?post=17326"}],"curies":[{"name":"wp","href":"https:\/\/api.w.org\/{rel}","templated":true}]}}