{"id":17247,"date":"2024-06-27T11:41:13","date_gmt":"2024-06-27T03:41:13","guid":{"rendered":"https:\/\/www.vapeswholesaler.com\/?post_type=product&#038;p=17247"},"modified":"2025-11-10T18:15:19","modified_gmt":"2025-11-10T10:15:19","slug":"wholesale-yuoto-explorer-16000-puffs-disposable-vape","status":"publish","type":"product","link":"https:\/\/www.vapeswholesaler.com\/fr\/produit\/wholesale-yuoto-explorer-16000-puffs-disposable-vape","title":{"rendered":"Grossiste Yuoto Explorer 16000 bouff\u00e9es \u00e0 usage unique"},"content":{"rendered":"<p>Le Yuoto Explorer 16000 puffs est un nouveau vaporisateur jetable avec \u00e9cran \u00e0 trois faces, c'est aussi un appareil de haut niveau con\u00e7u pour une exp\u00e9rience de vapotage exceptionnelle. Il est livr\u00e9 avec 18ml d'eliquide et une bobine de 0.5ohm, choisissez entre 0%\/2%\/5% concentration de nicotine pour r\u00e9pondre \u00e0 vos pr\u00e9f\u00e9rences et besoins personnels. Avec une impressionnante capacit\u00e9 de 16000 bouff\u00e9es, cette vape jetable offre une long\u00e9vit\u00e9 et une commodit\u00e9 in\u00e9gal\u00e9es.<\/p>\n<p>Yuoto Explorer 16000 bouff\u00e9es aliment\u00e9 par une batterie fiable de 760mAh, cet appareil garantit des performances r\u00e9guli\u00e8res tout au long de sa dur\u00e9e de vie. La fonction rechargeable Type-C assure une charge rapide et efficace, minimisant ainsi les temps d'arr\u00eat. Un \u00e9cran avanc\u00e9 \u00e0 trois faces vous tient inform\u00e9 de l'autonomie de la batterie et des niveaux d'e-liquide, offrant une exp\u00e9rience transparente et conviviale.<\/p>\n<p>Yuoto Explorer 16000 puffs Disposable Vape est con\u00e7u pour les d\u00e9butants et les vapoteurs exp\u00e9riment\u00e9s, combinant une grande capacit\u00e9, une facilit\u00e9 d'utilisation et une technologie avanc\u00e9e. Son exceptionnelle diffusion de saveurs et sa conception conviviale en font un choix de premier ordre sur le march\u00e9 du vapotage.<\/p>\n<h2><strong><a href=\"https:\/\/www.vapeswholesaler.com\/fr\/marque_du_produit\/yuoto\/\">Yuoto<\/a> Explorer 16000 Puffs Caract\u00e9ristiques :<\/strong><\/h2>\n<ul>\n<li>Bouff\u00e9es:16000 bouff\u00e9es<\/li>\n<li>Nicotine:0%\/2%\/5%<\/li>\n<li>Capacit\u00e9:18ml<\/li>\n<li>Dimensions : 103,5 x 48,1\u00d725,4 mm<\/li>\n<li>Batterie : 760mAh<\/li>\n<li>Renforcement de la double maille :0.5\u03a9<\/li>\n<li>Rechargeable<\/li>\n<li>Flux d'air r\u00e9glable<\/li>\n<li>\u00c9cran \u00e0 trois faces<\/li>\n<\/ul>\n<h2><strong>Liste des ar\u00f4mes :<\/strong><\/h2>\n<ol>\n<li>Coca Glace<\/li>\n<li>Fruit de la passion lce<\/li>\n<li>Narguil\u00e9 double pomme<\/li>\n<li>Menthe lce<\/li>\n<li>Boisson \u00e9nerg\u00e9tique lce<\/li>\n<li>Melon d'eau P\u00eache acide<\/li>\n<li>Past\u00e8que \u00e0 la fraise<\/li>\n<li>Double pomme lce<\/li>\n<li>Mangue lce<\/li>\n<li>Raisin lce<\/li>\n<li>Myrtille Framboise<\/li>\n<li>Myrtille lce<\/li>\n<li>Melon d'eau lce<\/li>\n<li>Fraise Kiwi<\/li>\n<li>P\u00eache \u00e0 la fraise<\/li>\n<\/ol>\n<h2><strong>Liste d'emballage :<\/strong><\/h2>\n<p>1pcs\/103 g<br \/>\n10pcs\/pack<br \/>\n1 paquet\/1066 g<br \/>\n200pcs\/carton<br \/>\n22 kg\/carton<br \/>\nsize:63.1*26.2*33.8CM<\/p>\n<p>&nbsp;<\/p>\n<p><img loading=\"lazy\" decoding=\"async\" class=\"wp-image-17244 size-full\" title=\"Grossiste Yuoto Explorer 16000 bouff\u00e9es jetables 5\" src=\"https:\/\/www.vapeswholesaler.com\/wp-content\/uploads\/2024\/06\/Wholesale-Yuoto-Explorer-16000-Puffs-disposable-vape-5.webp\" alt=\"Grossiste Yuoto Explorer 16000 bouff\u00e9es jetables 5\" width=\"800\" height=\"474\" srcset=\"https:\/\/www.vapeswholesaler.com\/wp-content\/uploads\/2024\/06\/Wholesale-Yuoto-Explorer-16000-Puffs-disposable-vape-5.webp 800w, https:\/\/www.vapeswholesaler.com\/wp-content\/uploads\/2024\/06\/Wholesale-Yuoto-Explorer-16000-Puffs-disposable-vape-5-300x178.webp 300w, https:\/\/www.vapeswholesaler.com\/wp-content\/uploads\/2024\/06\/Wholesale-Yuoto-Explorer-16000-Puffs-disposable-vape-5-768x455.webp 768w, https:\/\/www.vapeswholesaler.com\/wp-content\/uploads\/2024\/06\/Wholesale-Yuoto-Explorer-16000-Puffs-disposable-vape-5-18x12.webp 18w, https:\/\/www.vapeswholesaler.com\/wp-content\/uploads\/2024\/06\/Wholesale-Yuoto-Explorer-16000-Puffs-disposable-vape-5-510x302.webp 510w\" sizes=\"auto, (max-width: 800px) 100vw, 800px\" \/><\/p>\n<figure id=\"attachment_17242\" aria-describedby=\"caption-attachment-17242\" style=\"width: 800px\" class=\"wp-caption alignnone\"><img loading=\"lazy\" decoding=\"async\" class=\"wp-image-17242 size-full\" title=\"Grossiste Yuoto Explorer 16000 bouff\u00e9es jetables 3\" src=\"https:\/\/www.vapeswholesaler.com\/wp-content\/uploads\/2024\/06\/Wholesale-Yuoto-Explorer-16000-Puffs-disposable-vape-3.webp\" alt=\"Grossiste Yuoto Explorer 16000 bouff\u00e9es jetables 3\" width=\"800\" height=\"450\" srcset=\"https:\/\/www.vapeswholesaler.com\/wp-content\/uploads\/2024\/06\/Wholesale-Yuoto-Explorer-16000-Puffs-disposable-vape-3.webp 800w, https:\/\/www.vapeswholesaler.com\/wp-content\/uploads\/2024\/06\/Wholesale-Yuoto-Explorer-16000-Puffs-disposable-vape-3-300x169.webp 300w, https:\/\/www.vapeswholesaler.com\/wp-content\/uploads\/2024\/06\/Wholesale-Yuoto-Explorer-16000-Puffs-disposable-vape-3-768x432.webp 768w, https:\/\/www.vapeswholesaler.com\/wp-content\/uploads\/2024\/06\/Wholesale-Yuoto-Explorer-16000-Puffs-disposable-vape-3-18x10.webp 18w, https:\/\/www.vapeswholesaler.com\/wp-content\/uploads\/2024\/06\/Wholesale-Yuoto-Explorer-16000-Puffs-disposable-vape-3-510x287.webp 510w\" sizes=\"auto, (max-width: 800px) 100vw, 800px\" \/><figcaption id=\"caption-attachment-17242\" class=\"wp-caption-text\">Grossiste Yuoto Explorer 16000 bouff\u00e9es \u00e0 usage unique<\/figcaption><\/figure>","protected":false},"excerpt":{"rendered":"<p>Quantit\u00e9 minimale de commande :\u00a0<strong>50PCS<\/strong>\u00a0(M\u00e9lange de saveurs)\u00a0\u00a0<strong>Livraison gratuite<\/strong><\/p>\n<p>(<strong>2%, 5% Nic<\/strong>)<\/p>","protected":false},"featured_media":17240,"comment_status":"open","ping_status":"closed","template":"","meta":[],"product_cat":[15],"product_tag":[],"class_list":{"0":"post-17247","1":"product","2":"type-product","3":"status-publish","4":"has-post-thumbnail","6":"product_cat-disposable-vape","7":"product_brand-yuoto","9":"first","10":"instock","11":"shipping-taxable","12":"purchasable","13":"product-type-variable","14":"has-default-attributes"},"aioseo_notices":[],"_links":{"self":[{"href":"https:\/\/www.vapeswholesaler.com\/fr\/wp-json\/wp\/v2\/product\/17247","targetHints":{"allow":["GET"]}}],"collection":[{"href":"https:\/\/www.vapeswholesaler.com\/fr\/wp-json\/wp\/v2\/product"}],"about":[{"href":"https:\/\/www.vapeswholesaler.com\/fr\/wp-json\/wp\/v2\/types\/product"}],"replies":[{"embeddable":true,"href":"https:\/\/www.vapeswholesaler.com\/fr\/wp-json\/wp\/v2\/comments?post=17247"}],"wp:featuredmedia":[{"embeddable":true,"href":"https:\/\/www.vapeswholesaler.com\/fr\/wp-json\/wp\/v2\/media\/17240"}],"wp:attachment":[{"href":"https:\/\/www.vapeswholesaler.com\/fr\/wp-json\/wp\/v2\/media?parent=17247"}],"wp:term":[{"taxonomy":"product_cat","embeddable":true,"href":"https:\/\/www.vapeswholesaler.com\/fr\/wp-json\/wp\/v2\/product_cat?post=17247"},{"taxonomy":"product_tag","embeddable":true,"href":"https:\/\/www.vapeswholesaler.com\/fr\/wp-json\/wp\/v2\/product_tag?post=17247"}],"curies":[{"name":"wp","href":"https:\/\/api.w.org\/{rel}","templated":true}]}}