{"id":17084,"date":"2024-06-22T19:16:09","date_gmt":"2024-06-22T11:16:09","guid":{"rendered":"https:\/\/www.vapeswholesaler.com\/?post_type=product&#038;p=17084"},"modified":"2025-03-12T19:18:09","modified_gmt":"2025-03-12T11:18:09","slug":"grossiste-elf-bar-bc-10000-touch-jetable-vape","status":"publish","type":"product","link":"https:\/\/www.vapeswholesaler.com\/fr\/produit\/grossiste-elf-bar-bc-10000-touch-jetable-vape","title":{"rendered":"Grossiste Elf bar Bc 10000 touch Vape jetable"},"content":{"rendered":"<p><a href=\"https:\/\/www.vapeswholesaler.com\/fr\/marque_du_produit\/bar-des-elfes\/\">ELF BAR<\/a> BC 10000 Touch D\u00e9couvrez l'avenir du vapotage gr\u00e2ce \u00e0 notre interface \u00e0 \u00e9cran tactile, qui permet une navigation et un contr\u00f4le sans effort au bout des doigts. Personnalisez votre exp\u00e9rience de vapotage gr\u00e2ce \u00e0 trois modes r\u00e9glables, en fonction de l'intensit\u00e9 et de la concentration des ar\u00f4mes que vous pr\u00e9f\u00e9rez.<br \/>\nELF BAR BC 10000 Touch Profitez d'une exp\u00e9rience de vapotage toujours riche et savoureuse, de la premi\u00e8re \u00e0 la derni\u00e8re bouff\u00e9e, gr\u00e2ce \u00e0 notre technologie de pointe et \u00e0 nos ingr\u00e9dients de premi\u00e8re qualit\u00e9.<br \/>\nELFBAR BC10000 TOUCH Avec une capacit\u00e9 extraordinaire de 10 000 bouff\u00e9es, l'ELFBAR BC10000 TOUCH garantit la long\u00e9vit\u00e9 sans compromettre la performance, offrant un plaisir prolong\u00e9 sans avoir \u00e0 se soucier de la recharge ou du remplissage.<\/p>\n<h2><strong>Caract\u00e9ristiques :<\/strong><\/h2>\n<ul>\n<li>Conditionnement : 14 ml<\/li>\n<li>Taux de nicotine : 50 mg (5%)<\/li>\n<li>Capacit\u00e9 de la batterie : 620 mAh<\/li>\n<li>Chargement : Type C<\/li>\n<li>MOQ 5000pcs, chaque ar\u00f4me 1000pcs<\/li>\n<\/ul>\n<h2><strong>Saveurs :<\/strong><\/h2>\n<ol>\n<li>Blur Razz Ice<\/li>\n<li>Past\u00e8que \u00e0 la myrtille<\/li>\n<li>Cerise Citron<\/li>\n<li>Agrumes Raisin<\/li>\n<li>Banane \u00e0 la noix de coco<\/li>\n<li>Ragon Strawnana<\/li>\n<li>P\u00eache de G\u00e9orgie<\/li>\n<li>Menthe de Miami<\/li>\n<li>Mont Splash<\/li>\n<li>OMG<\/li>\n<li>Framboise rubis<\/li>\n<li>Past\u00e8que BG<\/li>\n<\/ol>\n<p>&nbsp;<\/p>\n<h2>Liste d'emballage :<\/h2>\n<p>1pcs chaque petite bo\u00eete<br \/>\n10 pi\u00e8ces par bo\u00eete centrale<br \/>\n200pcs par carton<\/p>\n<p>&nbsp;<\/p>\n<figure id=\"attachment_17083\" aria-describedby=\"caption-attachment-17083\" style=\"width: 800px\" class=\"wp-caption alignnone\"><img loading=\"lazy\" decoding=\"async\" class=\"wp-image-17083 size-full\" title=\"Grossiste Elf bar Bc 10000 touch Vape jetable 10\" src=\"https:\/\/www.vapeswholesaler.com\/wp-content\/uploads\/2024\/06\/Wholesale-Elf-bar-Bc-10000-touch-Disposable-Vape-10.webp\" alt=\"Grossiste Elf bar Bc 10000 touch Vape jetable 10\" width=\"800\" height=\"1424\" srcset=\"https:\/\/www.vapeswholesaler.com\/wp-content\/uploads\/2024\/06\/Wholesale-Elf-bar-Bc-10000-touch-Disposable-Vape-10.webp 800w, https:\/\/www.vapeswholesaler.com\/wp-content\/uploads\/2024\/06\/Wholesale-Elf-bar-Bc-10000-touch-Disposable-Vape-10-169x300.webp 169w, https:\/\/www.vapeswholesaler.com\/wp-content\/uploads\/2024\/06\/Wholesale-Elf-bar-Bc-10000-touch-Disposable-Vape-10-575x1024.webp 575w, https:\/\/www.vapeswholesaler.com\/wp-content\/uploads\/2024\/06\/Wholesale-Elf-bar-Bc-10000-touch-Disposable-Vape-10-768x1367.webp 768w, https:\/\/www.vapeswholesaler.com\/wp-content\/uploads\/2024\/06\/Wholesale-Elf-bar-Bc-10000-touch-Disposable-Vape-10-7x12.webp 7w, https:\/\/www.vapeswholesaler.com\/wp-content\/uploads\/2024\/06\/Wholesale-Elf-bar-Bc-10000-touch-Disposable-Vape-10-510x908.webp 510w\" sizes=\"auto, (max-width: 800px) 100vw, 800px\" \/><figcaption id=\"caption-attachment-17083\" class=\"wp-caption-text\">Grossiste Elf bar Bc 10000 touch Vape jetable<\/figcaption><\/figure>","protected":false},"excerpt":{"rendered":"<p>Quantit\u00e9 minimale de commande : <strong>5<em>000<\/em> <\/strong>PCS (m\u00e9lange d'ar\u00f4mes)\u00a0 \u00a0<strong>Livraison gratuite<\/strong><\/p>\n<p>(<strong>2%, 5% Nic<\/strong>)<\/p>","protected":false},"featured_media":17080,"comment_status":"open","ping_status":"closed","template":"","meta":[],"product_cat":[15],"product_tag":[],"class_list":{"0":"post-17084","1":"product","2":"type-product","3":"status-publish","4":"has-post-thumbnail","6":"product_cat-disposable-vape","7":"product_brand-elf-bar","9":"first","10":"outofstock","11":"shipping-taxable","12":"purchasable","13":"product-type-variable","14":"has-default-attributes"},"aioseo_notices":[],"_links":{"self":[{"href":"https:\/\/www.vapeswholesaler.com\/fr\/wp-json\/wp\/v2\/product\/17084","targetHints":{"allow":["GET"]}}],"collection":[{"href":"https:\/\/www.vapeswholesaler.com\/fr\/wp-json\/wp\/v2\/product"}],"about":[{"href":"https:\/\/www.vapeswholesaler.com\/fr\/wp-json\/wp\/v2\/types\/product"}],"replies":[{"embeddable":true,"href":"https:\/\/www.vapeswholesaler.com\/fr\/wp-json\/wp\/v2\/comments?post=17084"}],"wp:featuredmedia":[{"embeddable":true,"href":"https:\/\/www.vapeswholesaler.com\/fr\/wp-json\/wp\/v2\/media\/17080"}],"wp:attachment":[{"href":"https:\/\/www.vapeswholesaler.com\/fr\/wp-json\/wp\/v2\/media?parent=17084"}],"wp:term":[{"taxonomy":"product_cat","embeddable":true,"href":"https:\/\/www.vapeswholesaler.com\/fr\/wp-json\/wp\/v2\/product_cat?post=17084"},{"taxonomy":"product_tag","embeddable":true,"href":"https:\/\/www.vapeswholesaler.com\/fr\/wp-json\/wp\/v2\/product_tag?post=17084"}],"curies":[{"name":"wp","href":"https:\/\/api.w.org\/{rel}","templated":true}]}}