{"id":16997,"date":"2024-06-21T15:01:44","date_gmt":"2024-06-21T07:01:44","guid":{"rendered":"https:\/\/www.vapeswholesaler.com\/?post_type=product&#038;p=16997"},"modified":"2025-11-10T18:14:07","modified_gmt":"2025-11-10T10:14:07","slug":"grossiste-fumot-tornado-20000-puffs-jetable-vape","status":"publish","type":"product","link":"https:\/\/www.vapeswholesaler.com\/fr\/produit\/grossiste-fumot-tornado-20000-puffs-jetable-vape","title":{"rendered":"Grossiste Fumot Tornado 20000 Puffs jetable vape"},"content":{"rendered":"<p><a href=\"https:\/\/www.vapeswholesaler.com\/fr\/marque_du_produit\/randm\/\">Fumot<\/a> Tornado 20000 Puffs est un dispositif de vape jetable \u00e0 double Mesh Coils avec un \u00e9cran LED intelligent. Il est rempli de 20ml d'e-liquide et peut \u00eatre bouff\u00e9 jusqu'\u00e0 20000 fois, Tornado 20000 a 4 taux de nicotine 0%,2%,3%, et 5%, et 30 saveurs pour vous de choisir, Il est livr\u00e9 avec un port de charge rapide Type-c au bas de l'appareil pour s'assurer que vous utilisez toujours jusqu'\u00e0 la derni\u00e8re goutte d'e-liquide dans votre r\u00e9servoir.<\/p>\n<p>L'\u00e9cran LED intelligent fournit des informations en temps r\u00e9el, permettant aux fumeurs de conna\u00eetre les d\u00e9tails importants en un coup d'\u0153il, l'\u00e9cran affiche l'autonomie de la batterie et le niveau d'e-liquide. non seulement cela ajoute \u00e0 la sensation futuriste, mais cela am\u00e9liore \u00e9galement l'exp\u00e9rience globale de l'utilisateur, facilitant le suivi de l'utilisation et permettant de savoir quand recharger.restez inform\u00e9 et en contr\u00f4le avec nos cigarettes jetables \u00e0 \u00e9cran LED.<\/p>\n<p>La vape jetable utilise un \u00e9l\u00e9ment chauffant compos\u00e9 de deux couches de mailles, ce qui cr\u00e9e une plus grande surface de contact avec l'e-liquide et permet de le chauffer uniform\u00e9ment.<\/p>\n<p>Fumot Tornado 20000 Puffs USB Type-C est la derni\u00e8re norme universelle pour la connexion filaire des appareils intelligents, avec une batterie rechargeable 900mah int\u00e9gr\u00e9e, peut \u00eatre recharg\u00e9e plusieurs fois, de sorte que vous n'\u00eates pas coinc\u00e9 avec un jetable mort avant que l'e-liquide ne soit \u00e9puis\u00e9.<\/p>\n<h2><strong><a href=\"https:\/\/www.facebook.com\/fred.luo.58\/\">Fumot<\/a> Caract\u00e9ristiques de la bouff\u00e9e Tornado 20000<\/strong><\/h2>\n<ul>\n<li>5% Nicotine<\/li>\n<li>Batterie rechargeable 900mah<\/li>\n<li>Bouff\u00e9es:20000 bouff\u00e9es<\/li>\n<li>Capacit\u00e9 : 20ml<\/li>\n<li>\u00e9cran avec indicateur d'huile et de batterie<\/li>\n<li>port de type c<\/li>\n<li>20 saveurs disponibles<\/li>\n<li>double maille<\/li>\n<li>160 pi\u00e8ces dans un carton.<\/li>\n<\/ul>\n<p>&nbsp;<\/p>\n<h2><strong>Saveurs :<\/strong><\/h2>\n<p>1.Cola Ice<br \/>\n2.Blueberry On Ice<br \/>\n3.Strawberry Ice<br \/>\n4.Strawberry Kiwi<br \/>\n5.Cotton Candy<br \/>\n6.Cherry Lime<br \/>\n7.Pineapple Lemon Green Apple<br \/>\n8.Banana Cake<br \/>\n9.Blueberry Raspberry<br \/>\n10.Peach Pineapple Orange<br \/>\n11.Strawberry Watermelon<br \/>\n12.Mr Blue<br \/>\n13.Kiwi Passion Fruit Guava<br \/>\n14.Cool Mint<br \/>\n15.Cherry Cola<br \/>\n16.myrtille framboise acide<br \/>\n17.Cola Lemon<br \/>\n18.Blackcurrant Apple<br \/>\n19.Blue Razz<br \/>\n20.Skittles<br \/>\n21.Pina Colada<br \/>\n22.Mixed Berry<br \/>\n23.Cactus Kiwi<br \/>\n24.Strawberry Ice Cream<br \/>\n25.Pear Ice<br \/>\n26.Lychee Hami Melon<br \/>\n27.Peach Mango Watermelon<br \/>\n28.Blueberry Raspberry Hard Candy<\/p>\n<figure id=\"attachment_19024\" aria-describedby=\"caption-attachment-19024\" style=\"width: 1600px\" class=\"wp-caption alignnone\"><img loading=\"lazy\" decoding=\"async\" class=\"wp-image-19024 size-full\" title=\"Grossiste Fumot Tornado 20000 bouff\u00e9es jetables vape 11\" src=\"https:\/\/www.vapeswholesaler.com\/wp-content\/uploads\/2024\/08\/Wholesale-Fumot-Tornado-20000-Puffs-disposable-vape-11.webp\" alt=\"Grossiste Fumot Tornado 20000 bouff\u00e9es jetables vape 11\" width=\"1600\" height=\"1025\" srcset=\"https:\/\/www.vapeswholesaler.com\/wp-content\/uploads\/2024\/08\/Wholesale-Fumot-Tornado-20000-Puffs-disposable-vape-11.webp 1600w, https:\/\/www.vapeswholesaler.com\/wp-content\/uploads\/2024\/08\/Wholesale-Fumot-Tornado-20000-Puffs-disposable-vape-11-300x192.webp 300w, https:\/\/www.vapeswholesaler.com\/wp-content\/uploads\/2024\/08\/Wholesale-Fumot-Tornado-20000-Puffs-disposable-vape-11-1024x656.webp 1024w, https:\/\/www.vapeswholesaler.com\/wp-content\/uploads\/2024\/08\/Wholesale-Fumot-Tornado-20000-Puffs-disposable-vape-11-768x492.webp 768w, https:\/\/www.vapeswholesaler.com\/wp-content\/uploads\/2024\/08\/Wholesale-Fumot-Tornado-20000-Puffs-disposable-vape-11-1536x984.webp 1536w, https:\/\/www.vapeswholesaler.com\/wp-content\/uploads\/2024\/08\/Wholesale-Fumot-Tornado-20000-Puffs-disposable-vape-11-18x12.webp 18w, https:\/\/www.vapeswholesaler.com\/wp-content\/uploads\/2024\/08\/Wholesale-Fumot-Tornado-20000-Puffs-disposable-vape-11-510x327.webp 510w\" sizes=\"auto, (max-width: 1600px) 100vw, 1600px\" \/><figcaption id=\"caption-attachment-19024\" class=\"wp-caption-text\">Grossiste Fumot Tornado 20000 Puffs jetable vape<\/figcaption><\/figure>\n<p><img loading=\"lazy\" decoding=\"async\" class=\"alignnone wp-image-19022 size-full\" title=\"Grossiste Fumot Tornado 20000 bouff\u00e9es jetables 9\" src=\"https:\/\/www.vapeswholesaler.com\/wp-content\/uploads\/2024\/08\/Wholesale-Fumot-Tornado-20000-Puffs-disposable-vape-9.webp\" alt=\"Grossiste Fumot Tornado 20000 bouff\u00e9es jetables 9\" width=\"700\" height=\"700\" srcset=\"https:\/\/www.vapeswholesaler.com\/wp-content\/uploads\/2024\/08\/Wholesale-Fumot-Tornado-20000-Puffs-disposable-vape-9.webp 700w, https:\/\/www.vapeswholesaler.com\/wp-content\/uploads\/2024\/08\/Wholesale-Fumot-Tornado-20000-Puffs-disposable-vape-9-300x300.webp 300w, https:\/\/www.vapeswholesaler.com\/wp-content\/uploads\/2024\/08\/Wholesale-Fumot-Tornado-20000-Puffs-disposable-vape-9-150x150.webp 150w, https:\/\/www.vapeswholesaler.com\/wp-content\/uploads\/2024\/08\/Wholesale-Fumot-Tornado-20000-Puffs-disposable-vape-9-12x12.webp 12w, https:\/\/www.vapeswholesaler.com\/wp-content\/uploads\/2024\/08\/Wholesale-Fumot-Tornado-20000-Puffs-disposable-vape-9-247x247.webp 247w, https:\/\/www.vapeswholesaler.com\/wp-content\/uploads\/2024\/08\/Wholesale-Fumot-Tornado-20000-Puffs-disposable-vape-9-510x510.webp 510w, https:\/\/www.vapeswholesaler.com\/wp-content\/uploads\/2024\/08\/Wholesale-Fumot-Tornado-20000-Puffs-disposable-vape-9-100x100.webp 100w\" sizes=\"auto, (max-width: 700px) 100vw, 700px\" \/> <img loading=\"lazy\" decoding=\"async\" class=\"alignnone wp-image-19021 size-full\" title=\"Vente en gros Fumot Tornado 20000 Puffs jetable vape 8\" src=\"https:\/\/www.vapeswholesaler.com\/wp-content\/uploads\/2024\/08\/Wholesale-Fumot-Tornado-20000-Puffs-disposable-vape-8.webp\" alt=\"Vente en gros Fumot Tornado 20000 Puffs jetable vape 8\" width=\"700\" height=\"700\" srcset=\"https:\/\/www.vapeswholesaler.com\/wp-content\/uploads\/2024\/08\/Wholesale-Fumot-Tornado-20000-Puffs-disposable-vape-8.webp 700w, https:\/\/www.vapeswholesaler.com\/wp-content\/uploads\/2024\/08\/Wholesale-Fumot-Tornado-20000-Puffs-disposable-vape-8-300x300.webp 300w, https:\/\/www.vapeswholesaler.com\/wp-content\/uploads\/2024\/08\/Wholesale-Fumot-Tornado-20000-Puffs-disposable-vape-8-150x150.webp 150w, https:\/\/www.vapeswholesaler.com\/wp-content\/uploads\/2024\/08\/Wholesale-Fumot-Tornado-20000-Puffs-disposable-vape-8-12x12.webp 12w, https:\/\/www.vapeswholesaler.com\/wp-content\/uploads\/2024\/08\/Wholesale-Fumot-Tornado-20000-Puffs-disposable-vape-8-247x247.webp 247w, https:\/\/www.vapeswholesaler.com\/wp-content\/uploads\/2024\/08\/Wholesale-Fumot-Tornado-20000-Puffs-disposable-vape-8-510x510.webp 510w, https:\/\/www.vapeswholesaler.com\/wp-content\/uploads\/2024\/08\/Wholesale-Fumot-Tornado-20000-Puffs-disposable-vape-8-100x100.webp 100w\" sizes=\"auto, (max-width: 700px) 100vw, 700px\" \/><\/p>","protected":false},"excerpt":{"rendered":"<p>Quantit\u00e9 minimale de commande : <strong>50 PCS<\/strong> (M\u00e9lange d'ar\u00f4mes) Livraison gratuite<\/p>\n<p>(<strong>2%, 5% Nic<\/strong>) D\u00e9lai d'exp\u00e9dition de l'entrep\u00f4t de l'UE 5-6 jours ouvrables<\/p>","protected":false},"featured_media":19014,"comment_status":"open","ping_status":"closed","template":"","meta":[],"product_cat":[15],"product_tag":[100,382],"class_list":{"0":"post-16997","1":"product","2":"type-product","3":"status-publish","4":"has-post-thumbnail","6":"product_cat-disposable-vape","7":"product_tag-20000-puffs","8":"product_tag-fumot","9":"product_brand-fumot","11":"first","12":"instock","13":"shipping-taxable","14":"purchasable","15":"product-type-variable","16":"has-default-attributes"},"aioseo_notices":[],"_links":{"self":[{"href":"https:\/\/www.vapeswholesaler.com\/fr\/wp-json\/wp\/v2\/product\/16997","targetHints":{"allow":["GET"]}}],"collection":[{"href":"https:\/\/www.vapeswholesaler.com\/fr\/wp-json\/wp\/v2\/product"}],"about":[{"href":"https:\/\/www.vapeswholesaler.com\/fr\/wp-json\/wp\/v2\/types\/product"}],"replies":[{"embeddable":true,"href":"https:\/\/www.vapeswholesaler.com\/fr\/wp-json\/wp\/v2\/comments?post=16997"}],"wp:featuredmedia":[{"embeddable":true,"href":"https:\/\/www.vapeswholesaler.com\/fr\/wp-json\/wp\/v2\/media\/19014"}],"wp:attachment":[{"href":"https:\/\/www.vapeswholesaler.com\/fr\/wp-json\/wp\/v2\/media?parent=16997"}],"wp:term":[{"taxonomy":"product_cat","embeddable":true,"href":"https:\/\/www.vapeswholesaler.com\/fr\/wp-json\/wp\/v2\/product_cat?post=16997"},{"taxonomy":"product_tag","embeddable":true,"href":"https:\/\/www.vapeswholesaler.com\/fr\/wp-json\/wp\/v2\/product_tag?post=16997"}],"curies":[{"name":"wp","href":"https:\/\/api.w.org\/{rel}","templated":true}]}}