{"id":16988,"date":"2024-06-21T11:56:59","date_gmt":"2024-06-21T03:56:59","guid":{"rendered":"https:\/\/www.vapeswholesaler.com\/?post_type=product&#038;p=16988"},"modified":"2025-02-23T14:24:55","modified_gmt":"2025-02-23T06:24:55","slug":"grossiste-lavie-e-narguile-narguile-electronique-shisha-tete-de-narguile","status":"publish","type":"product","link":"https:\/\/www.vapeswholesaler.com\/fr\/produit\/grossiste-lavie-e-narguile-narguile-electronique-shisha-tete-de-narguile","title":{"rendered":"Grossiste Lavie E-Hookah T\u00eate de narguil\u00e9 \u00e9lectronique pour Shisha"},"content":{"rendered":"<p>La t\u00eate de narguil\u00e9 LAVIE de LAVIE est tr\u00e8s attendue. Cet appareil compact et l\u00e9ger est tr\u00e8s portable et convient \u00e0 diverses occasions. Il est compatible avec la plupart des bases de narguil\u00e9 standard, permettant aux vapeurs d'\u00eatre filtr\u00e9es et adoucies par l'eau pour une saveur douce et d\u00e9licate.<\/p>\n<p>Le narguil\u00e9 LAVIE offre de nombreuses fonctions conviviales et des options personnalis\u00e9es. Son \u00e9cran couleur de 0,96 pouce affiche des informations importantes en temps r\u00e9el pendant l'utilisation et prend en charge les fonctions de verrouillage et de d\u00e9verrouillage pour faciliter l'utilisation. Les utilisateurs peuvent r\u00e9gler la luminosit\u00e9 de l'\u00e9cran en fonction de leurs pr\u00e9f\u00e9rences personnelles ou de la lumi\u00e8re ambiante. Des op\u00e9rations simples de r\u00e9glage de la puissance permettent d'assurer la compatibilit\u00e9 avec diff\u00e9rentes bobines de r\u00e9sistance, afin d'obtenir des performances optimales.<\/p>\n<p>Le narguil\u00e9 LAVIE est \u00e9quip\u00e9 d'une batterie int\u00e9gr\u00e9e de 3000 mAh, qui r\u00e9pond aux besoins d'utilisation quotidienne, et sa puissance maximale de 80 watts le distingue des produits similaires.<\/p>\n<h2><strong>Narguil\u00e9 LAVIE E Future :<\/strong><\/h2>\n<ul>\n<li>TYPE-C Rechargeable<\/li>\n<li>6000 Capacit\u00e9 de la batterie<\/li>\n<li>Capacit\u00e9 de 25ml de E-liquide<\/li>\n<li>Puissance maximale de 80w<\/li>\n<li>Installation tr\u00e8s facile<\/li>\n<li>Flux d'air r\u00e9glable par le haut<\/li>\n<\/ul>\n<h2><strong>Liste d'emballage :<\/strong><\/h2>\n<p>1pcs par bo\u00eete<\/p>\n<p>20 pi\u00e8ces par carton<\/p>\n<p>chaque carton 11KG<\/p>","protected":false},"excerpt":{"rendered":"<p>Quantit\u00e9 minimale de commande : 10 pi\u00e8ces (m\u00e9lange de saveurs)<strong> Livraison gratuite<\/strong><\/p>","protected":false},"featured_media":16987,"comment_status":"open","ping_status":"closed","template":"","meta":[],"product_cat":[27],"product_tag":[],"class_list":{"0":"post-16988","1":"product","2":"type-product","3":"status-publish","4":"has-post-thumbnail","6":"product_cat-shisha","7":"product_brand-lavie","9":"first","10":"instock","11":"shipping-taxable","12":"purchasable","13":"product-type-simple"},"aioseo_notices":[],"_links":{"self":[{"href":"https:\/\/www.vapeswholesaler.com\/fr\/wp-json\/wp\/v2\/product\/16988","targetHints":{"allow":["GET"]}}],"collection":[{"href":"https:\/\/www.vapeswholesaler.com\/fr\/wp-json\/wp\/v2\/product"}],"about":[{"href":"https:\/\/www.vapeswholesaler.com\/fr\/wp-json\/wp\/v2\/types\/product"}],"replies":[{"embeddable":true,"href":"https:\/\/www.vapeswholesaler.com\/fr\/wp-json\/wp\/v2\/comments?post=16988"}],"wp:featuredmedia":[{"embeddable":true,"href":"https:\/\/www.vapeswholesaler.com\/fr\/wp-json\/wp\/v2\/media\/16987"}],"wp:attachment":[{"href":"https:\/\/www.vapeswholesaler.com\/fr\/wp-json\/wp\/v2\/media?parent=16988"}],"wp:term":[{"taxonomy":"product_cat","embeddable":true,"href":"https:\/\/www.vapeswholesaler.com\/fr\/wp-json\/wp\/v2\/product_cat?post=16988"},{"taxonomy":"product_tag","embeddable":true,"href":"https:\/\/www.vapeswholesaler.com\/fr\/wp-json\/wp\/v2\/product_tag?post=16988"}],"curies":[{"name":"wp","href":"https:\/\/api.w.org\/{rel}","templated":true}]}}