{"id":16879,"date":"2024-06-19T18:31:03","date_gmt":"2024-06-19T10:31:03","guid":{"rendered":"https:\/\/www.vapeswholesaler.com\/?post_type=product&#038;p=16879"},"modified":"2025-11-11T22:57:08","modified_gmt":"2025-11-11T14:57:08","slug":"grossiste-raz-dc-25000-puffs-jetable-vape","status":"publish","type":"product","link":"https:\/\/www.vapeswholesaler.com\/fr\/produit\/grossiste-raz-dc-25000-puffs-jetable-vape","title":{"rendered":"Grossiste RAZ DC 25000 bouff\u00e9es Vape jetable"},"content":{"rendered":"<p>Raz DC 25000 Vape jetable 25K bouff\u00e9es. Ce produit de vapotage brillant porte le vapotage sans tracas \u00e0 un nouveau niveau. C'est une solution portable ph\u00e9nom\u00e9nale pour les amateurs de vape, quel que soit leur niveau d'exp\u00e9rience. Avec son design \u00e9l\u00e9gant et ergonomique, sa batterie longue dur\u00e9e et ses tonnes de e-liquides d\u00e9licieusement cr\u00e9atifs, le Raz DC 25000 Vape est le choix id\u00e9al pour les personnes occup\u00e9es, \u00e0 tout moment et en tout lieu.<\/p>\n<h2><strong>RAZ DC 25000 Caract\u00e9ristiques :<\/strong><\/h2>\n<p>Nombre approximatif de bouff\u00e9es : ~25000 bouff\u00e9es<br \/>\nNicotine : 5% | 50mgE-Capacit\u00e9 du liquide : 16ml<br \/>\nBatterie : 800mAh USB Type-C Rechargeable<br \/>\nDeux modes de vapotage : Normal (~25 000 bouff\u00e9es) | Boost (~15 000 bouff\u00e9es)<br \/>\n\u00c9cran d'affichage m\u00e9ga HD avec indicateur de batterie et d'e-liquide, animation de vapotage et animation de chargement<br \/>\nR\u00e9glage de la puissance<br \/>\nModes clair et fonc\u00e9<br \/>\nCuir v\u00e9ritable<br \/>\nProtection contre les courts-circuits et les surcharges<\/p>\n<h2><strong>RAZ DC 25000 Saveurs :<\/strong><\/h2>\n<p>Baies acidul\u00e9es Bangin'<br \/>\nGlace bleue Raz<br \/>\nPast\u00e8que \u00e0 la myrtille<br \/>\nCherry Strapple<br \/>\nP\u00eache de G\u00e9orgie<br \/>\nDragon bleu glac\u00e9<br \/>\nMonnaie de Miami<br \/>\nR\u00f4deur de nuit<br \/>\nLimonade \u00e0 la framboise<br \/>\nPast\u00e8que \u00e0 la pomme acide<br \/>\nP\u00eache \u00e0 la past\u00e8que acidul\u00e9e<br \/>\n\u00c9clat de fraise<br \/>\nTang \u00e0 la fraise et \u00e0 l'orange<br \/>\nGlace \u00e0 la past\u00e8que<br \/>\nVert d'hiver<\/p>\n<h2><strong>Liste d'emballage :<\/strong><\/h2>\n<p>1pcs bo\u00eete individuelle<br \/>\n10 pi\u00e8ces par bo\u00eete interm\u00e9diaire<\/p>\n<p>&nbsp;<\/p>\n<figure id=\"attachment_16877\" aria-describedby=\"caption-attachment-16877\" style=\"width: 800px\" class=\"wp-caption alignnone\"><img loading=\"lazy\" decoding=\"async\" class=\"wp-image-16877 size-full\" title=\"Grossiste RAZ DC 25000 bouff\u00e9es Vape jetable 9\" src=\"https:\/\/www.vapeswholesaler.com\/wp-content\/uploads\/2024\/06\/Wholesale-RAZ-DC-25000-Puffs-Disposable-Vape-9.webp\" alt=\"Grossiste RAZ DC 25000 bouff\u00e9es Vape jetable 9\" width=\"800\" height=\"800\" srcset=\"https:\/\/www.vapeswholesaler.com\/wp-content\/uploads\/2024\/06\/Wholesale-RAZ-DC-25000-Puffs-Disposable-Vape-9.webp 800w, https:\/\/www.vapeswholesaler.com\/wp-content\/uploads\/2024\/06\/Wholesale-RAZ-DC-25000-Puffs-Disposable-Vape-9-300x300.webp 300w, https:\/\/www.vapeswholesaler.com\/wp-content\/uploads\/2024\/06\/Wholesale-RAZ-DC-25000-Puffs-Disposable-Vape-9-150x150.webp 150w, https:\/\/www.vapeswholesaler.com\/wp-content\/uploads\/2024\/06\/Wholesale-RAZ-DC-25000-Puffs-Disposable-Vape-9-768x768.webp 768w, https:\/\/www.vapeswholesaler.com\/wp-content\/uploads\/2024\/06\/Wholesale-RAZ-DC-25000-Puffs-Disposable-Vape-9-12x12.webp 12w, https:\/\/www.vapeswholesaler.com\/wp-content\/uploads\/2024\/06\/Wholesale-RAZ-DC-25000-Puffs-Disposable-Vape-9-247x247.webp 247w, https:\/\/www.vapeswholesaler.com\/wp-content\/uploads\/2024\/06\/Wholesale-RAZ-DC-25000-Puffs-Disposable-Vape-9-510x510.webp 510w, https:\/\/www.vapeswholesaler.com\/wp-content\/uploads\/2024\/06\/Wholesale-RAZ-DC-25000-Puffs-Disposable-Vape-9-100x100.webp 100w\" sizes=\"auto, (max-width: 800px) 100vw, 800px\" \/><figcaption id=\"caption-attachment-16877\" class=\"wp-caption-text\">Grossiste RAZ DC 25000 bouff\u00e9es Vape jetable<\/figcaption><\/figure>","protected":false},"excerpt":{"rendered":"<p>Quantit\u00e9 minimale de commande : 500 pi\u00e8ces (m\u00e9lange d'ar\u00f4mes)\u00a0 <strong>Livraison gratuite<\/strong><\/p>\n<p>(<strong>2%, 5% Nic<\/strong>)<\/p>","protected":false},"featured_media":16870,"comment_status":"open","ping_status":"closed","template":"","meta":[],"product_cat":[15],"product_tag":[],"class_list":{"0":"post-16879","1":"product","2":"type-product","3":"status-publish","4":"has-post-thumbnail","6":"product_cat-disposable-vape","7":"product_brand-raz","9":"first","10":"outofstock","11":"shipping-taxable","12":"purchasable","13":"product-type-variable","14":"has-default-attributes"},"aioseo_notices":[],"_links":{"self":[{"href":"https:\/\/www.vapeswholesaler.com\/fr\/wp-json\/wp\/v2\/product\/16879","targetHints":{"allow":["GET"]}}],"collection":[{"href":"https:\/\/www.vapeswholesaler.com\/fr\/wp-json\/wp\/v2\/product"}],"about":[{"href":"https:\/\/www.vapeswholesaler.com\/fr\/wp-json\/wp\/v2\/types\/product"}],"replies":[{"embeddable":true,"href":"https:\/\/www.vapeswholesaler.com\/fr\/wp-json\/wp\/v2\/comments?post=16879"}],"wp:featuredmedia":[{"embeddable":true,"href":"https:\/\/www.vapeswholesaler.com\/fr\/wp-json\/wp\/v2\/media\/16870"}],"wp:attachment":[{"href":"https:\/\/www.vapeswholesaler.com\/fr\/wp-json\/wp\/v2\/media?parent=16879"}],"wp:term":[{"taxonomy":"product_cat","embeddable":true,"href":"https:\/\/www.vapeswholesaler.com\/fr\/wp-json\/wp\/v2\/product_cat?post=16879"},{"taxonomy":"product_tag","embeddable":true,"href":"https:\/\/www.vapeswholesaler.com\/fr\/wp-json\/wp\/v2\/product_tag?post=16879"}],"curies":[{"name":"wp","href":"https:\/\/api.w.org\/{rel}","templated":true}]}}