{"id":16798,"date":"2024-06-19T11:42:55","date_gmt":"2024-06-19T03:42:55","guid":{"rendered":"https:\/\/www.vapeswholesaler.com\/?post_type=product&#038;p=16798"},"modified":"2025-03-18T15:01:27","modified_gmt":"2025-03-18T07:01:27","slug":"grossiste-vozol-gear-10000-puffs-jetable-vape","status":"publish","type":"product","link":"https:\/\/www.vapeswholesaler.com\/fr\/produit\/grossiste-vozol-gear-10000-puffs-jetable-vape","title":{"rendered":"Grossiste Vozol Gear 10000 Puffs Vape jetable"},"content":{"rendered":"<p><a href=\"https:\/\/www.vapeswholesaler.com\/fr\/marque_du_produit\/vozol\/\">Vozol <\/a>Gear 10000 jetable vape environ 10000 bouff\u00e9es, utilisation de mat\u00e9riaux PCR dans 65% de l'appareil, a un embout buccal souple Boucle multifonctionnelle pour une vie polyvalente Conception de mousqueton r\u00e9volutionnaire, boucle en un clin d'\u0153il.<\/p>\n<p>Protecteur d'embout buccal amovible Meilleure solution de protection de l'embout buccal. Non seulement il facilite l'hygi\u00e8ne, mais il prend \u00e9galement soin de vos habitudes.<\/p>\n<p>Chargement rapide en 45 minutes Chargement complet en 45 minutes \u00e0 partir de 10 quartiers chics 100% compl\u00e8tement charg\u00e9s par rapport au chargement normal, 30% plus rapide que les autres.<\/p>\n<p>Touch Outside Silky Inside Go\u00fbt soyeux rehauss\u00e9 par le serpentin en maille, plus grand mais plus doux.<\/p>\n<h2><strong><a href=\"https:\/\/www.facebook.com\/fred.luo.58\/\">Vozol<\/a> Gear 10000 Puffs Caract\u00e9ristiques :<\/strong><\/h2>\n<ul>\n<li>Effectif : 5% Special<\/li>\n<li>USB Type-C<\/li>\n<li>Capacit\u00e9 de la batterie : 500mAh rechargeable<\/li>\n<li>Capacit\u00e9 E-liquide : 20 ml<\/li>\n<li>Poids : 70g<\/li>\n<\/ul>\n<h2><strong>Saveurs :<\/strong><\/h2>\n<ol>\n<li>Glace aux myrtilles<\/li>\n<li>Ligne des citrons<\/li>\n<li>Glace \u00e0 la cerise<\/li>\n<li>Glace \u00e0 la m\u00fbre<\/li>\n<li>Framboise Mandarine<\/li>\n<li>Mandarine Mangue Goyave<\/li>\n<li>Baies m\u00e9lang\u00e9es<\/li>\n<li>Barbe \u00e0 papa<\/li>\n<li>Glace \u00e0 la p\u00eache<\/li>\n<li>Fraise Kiwi<\/li>\n<li>Glace de raisin<\/li>\n<li>Past\u00e8que aux framboises<\/li>\n<li>Double pomme<\/li>\n<li>Monnaie de Miami<\/li>\n<li>P\u00eache Mangue Past\u00e8que<\/li>\n<li>Glace Blue Razz<\/li>\n<li>Gomme \u00e0 m\u00e2cher past\u00e8que<\/li>\n<li>Limonade rose<\/li>\n<li>Fraise et framboise<\/li>\n<li>Bluerazz Lemon<\/li>\n<li>Glace \u00e0 la past\u00e8que<\/li>\n<li>Baies de c\u00e8dre<\/li>\n<li>Le souffle vert<\/li>\n<li>Fruit de la passion Mandarine<\/li>\n<li>Smoothie p\u00eache-mangue<\/li>\n<li>Tabac cr\u00e8me<\/li>\n<li>Cr\u00e8me chocolat\u00e9e au matcha<\/li>\n<li>Mojito rouge<\/li>\n<li>Kiwi Fruit de la passion Goyave<\/li>\n<li>Menthe fra\u00eeche<\/li>\n<li>Glace \u00e0 la pomme acide<\/li>\n<li>Temp\u00eate de baies de for\u00eat<\/li>\n<\/ol>\n<h2><strong>Liste d'emballage :<\/strong><\/h2>\n<p>1x Vozol Gear Power 20000 Jetable Vap Single box<br \/>\n5x Vozol Gear Power 20000 Vape Middle box jetable<\/p>\n<figure id=\"attachment_16797\" aria-describedby=\"caption-attachment-16797\" style=\"width: 800px\" class=\"wp-caption alignnone\"><img loading=\"lazy\" decoding=\"async\" class=\"wp-image-16797 size-full\" title=\"Grossiste Vozol Gear 10000 bouff\u00e9es jetables 11\" src=\"https:\/\/www.vapeswholesaler.com\/wp-content\/uploads\/2024\/06\/Wholesale-Vozol-Gear-10000-Puffs-Disposable-Vape-11.webp\" alt=\"Grossiste Vozol Gear 10000 bouff\u00e9es jetables 11\" width=\"800\" height=\"653\" srcset=\"https:\/\/www.vapeswholesaler.com\/wp-content\/uploads\/2024\/06\/Wholesale-Vozol-Gear-10000-Puffs-Disposable-Vape-11.webp 800w, https:\/\/www.vapeswholesaler.com\/wp-content\/uploads\/2024\/06\/Wholesale-Vozol-Gear-10000-Puffs-Disposable-Vape-11-300x245.webp 300w, https:\/\/www.vapeswholesaler.com\/wp-content\/uploads\/2024\/06\/Wholesale-Vozol-Gear-10000-Puffs-Disposable-Vape-11-768x627.webp 768w, https:\/\/www.vapeswholesaler.com\/wp-content\/uploads\/2024\/06\/Wholesale-Vozol-Gear-10000-Puffs-Disposable-Vape-11-15x12.webp 15w, https:\/\/www.vapeswholesaler.com\/wp-content\/uploads\/2024\/06\/Wholesale-Vozol-Gear-10000-Puffs-Disposable-Vape-11-510x416.webp 510w\" sizes=\"auto, (max-width: 800px) 100vw, 800px\" \/><figcaption id=\"caption-attachment-16797\" class=\"wp-caption-text\">Grossiste Vozol Gear 10000 Puffs Vape jetable<\/figcaption><\/figure>","protected":false},"excerpt":{"rendered":"<p>Quantit\u00e9 minimale de commande : <strong>5<em>0pcs <\/em><\/strong>(M\u00e9lange de saveurs)<\/p>\n<p>(<strong>5% Nic<\/strong>) \u00a0<strong>Entrep\u00f4t de l'UE D\u00e9lai d'exp\u00e9dition 4-5 jours ouvrables<\/strong><\/p>","protected":false},"featured_media":16794,"comment_status":"open","ping_status":"closed","template":"","meta":[],"product_cat":[15],"product_tag":[378,392],"class_list":{"0":"post-16798","1":"product","2":"type-product","3":"status-publish","4":"has-post-thumbnail","6":"product_cat-disposable-vape","7":"product_tag-10000-puffs","8":"product_tag-vozol","9":"product_brand-vozol","11":"first","12":"outofstock","13":"shipping-taxable","14":"purchasable","15":"product-type-variable","16":"has-default-attributes"},"aioseo_notices":[],"_links":{"self":[{"href":"https:\/\/www.vapeswholesaler.com\/fr\/wp-json\/wp\/v2\/product\/16798","targetHints":{"allow":["GET"]}}],"collection":[{"href":"https:\/\/www.vapeswholesaler.com\/fr\/wp-json\/wp\/v2\/product"}],"about":[{"href":"https:\/\/www.vapeswholesaler.com\/fr\/wp-json\/wp\/v2\/types\/product"}],"replies":[{"embeddable":true,"href":"https:\/\/www.vapeswholesaler.com\/fr\/wp-json\/wp\/v2\/comments?post=16798"}],"wp:featuredmedia":[{"embeddable":true,"href":"https:\/\/www.vapeswholesaler.com\/fr\/wp-json\/wp\/v2\/media\/16794"}],"wp:attachment":[{"href":"https:\/\/www.vapeswholesaler.com\/fr\/wp-json\/wp\/v2\/media?parent=16798"}],"wp:term":[{"taxonomy":"product_cat","embeddable":true,"href":"https:\/\/www.vapeswholesaler.com\/fr\/wp-json\/wp\/v2\/product_cat?post=16798"},{"taxonomy":"product_tag","embeddable":true,"href":"https:\/\/www.vapeswholesaler.com\/fr\/wp-json\/wp\/v2\/product_tag?post=16798"}],"curies":[{"name":"wp","href":"https:\/\/api.w.org\/{rel}","templated":true}]}}