{"id":16743,"date":"2024-06-18T17:58:17","date_gmt":"2024-06-18T09:58:17","guid":{"rendered":"https:\/\/www.vapeswholesaler.com\/?post_type=product&#038;p=16743"},"modified":"2025-02-23T16:29:16","modified_gmt":"2025-02-23T08:29:16","slug":"wholesale-lost-mary-mo20000-pro-disposable-vape-20k-puffs","status":"publish","type":"product","link":"https:\/\/www.vapeswholesaler.com\/fr\/produit\/wholesale-lost-mary-mo20000-pro-disposable-vape-20k-puffs","title":{"rendered":"Grossiste Lost Mary MO20000 Pro Vape jetable 20K bouff\u00e9es"},"content":{"rendered":"<p><a href=\"https:\/\/www.vapeswholesaler.com\/fr\/marque_du_produit\/marie-perdue\/\">Marie perdue<\/a> La MO20000 Pro Vape jetable 20K Puffs est compacte, l\u00e9g\u00e8re et tr\u00e8s portable. Elle est dot\u00e9e d'une batterie rechargeable int\u00e9gr\u00e9e de 800mAh et peut \u00eatre recharg\u00e9e \u00e0 l'aide de son port de charge USB Type-C. Avec une capacit\u00e9 de 18mL pr\u00e9-remplie de 50mg de nicotine sal\u00e9e et une remarquable s\u00e9lection de saveurs d\u00e9licieuses, de nombreuses sessions de vape satisfaisantes vous attendent. En raison de la capacit\u00e9, les utilisateurs peuvent s'attendre \u00e0 recevoir jusqu'\u00e0 20 000 bouff\u00e9es par appareil. \u00c9quip\u00e9 d'un m\u00e9canisme d'allumage activ\u00e9 par le tirage pour plus de commodit\u00e9, de bobines doubles de 0,9 ohm et d'une puissance r\u00e9glable pour plus de performance, ainsi que d'un contr\u00f4le du flux d'air r\u00e9glable pour un r\u00e9glage plus fin, vous appr\u00e9cierez chaque instant avec le Lost Mary MO20000 Pro Disposable Vape 20K Puffs. La caract\u00e9ristique principale de la Lost Mary MO20000 Pro est son \u00e9cran d'affichage anim\u00e9 haute d\u00e9finition, qui vous aide \u00e0 contr\u00f4ler les niveaux actuels de la batterie et du jus de vape.<\/p>\n<p>Lost Mary MO20000 Pro Disposable Vape 20K Puffs fait l'exp\u00e9rience d'une saveur pure, encore meilleure lorsqu'elle est d\u00e9livr\u00e9e rapidement. La bobine \u00e0 double maille de 0,9\u03a9 garantit un processus de vaporisation plus efficace, offrant des nuages plus \u00e9pais et plus riches en saveur \u00e0 chaque fois.<\/p>\n<p>Lost Mary MO20000 Pro avec r\u00e9glage progressif de la puissance, vous pouvez sans effort ajuster votre puissance de 13W \u00e0 25W en appuyant simplement sur un bouton.<\/p>\n<p>Faible consommation :<br \/>\nJusqu'\u00e0 20000 bouff\u00e9es<br \/>\nAliment\u00e9 par un Single Mesh Coil<br \/>\nUn succ\u00e8s sensoriel tout en douceur<br \/>\nPuissance \u00e9lev\u00e9e<br \/>\nNuages massifs<br \/>\nAliment\u00e9 par une bobine double (Dual Mesh Coil)<br \/>\nSensation intense<\/p>\n<h2><strong>Lost Mary MO20000 Pro Caract\u00e9ristiques :<\/strong><\/h2>\n<ul>\n<li>Capacit\u00e9 pr\u00e9-remplie : 18mL Capacit\u00e9 pr\u00e9-remplie<\/li>\n<li>Capacit\u00e9 de la batterie : 800mAh rechargeable int\u00e9gr\u00e9<\/li>\n<li>Nombre maximal de bouff\u00e9es : 20 000<\/li>\n<li>Taux de nicotine : 5% (50mg)<\/li>\n<li>Fonctionnement : Activ\u00e9 par tirage au sort<\/li>\n<li>\u00c9l\u00e9ment chauffant : Coils Dual Mesh 0.9ohm<\/li>\n<li>Flux d'air : R\u00e9glable<\/li>\n<li>\u00c9cran d'affichage : \u00c9cran d'animation HD<\/li>\n<li>Chargement : USB Type-C<\/li>\n<li>Indicateur de dur\u00e9e de vie de la batterie<\/li>\n<li>Indicateur de niveau d'e-liquide<\/li>\n<\/ul>\n<h2><strong>Lost Mary MO20000 Pro Ar\u00f4mes disponibles :<\/strong><\/h2>\n<ol>\n<li>Bleu Baja Splash<\/li>\n<li>Glace Blue Razz<\/li>\n<li>Boisson du dragon<\/li>\n<li>Citron vert Pamplemousse<\/li>\n<li>Torsade de mangue<\/li>\n<li>Monnaie de Miami<\/li>\n<li>Peach+ (p\u00eache)<\/li>\n<li>Glace \u00e0 l'ananas<\/li>\n<li>Sherbet arc-en-ciel<\/li>\n<li>Glace \u00e0 la fus\u00e9e<\/li>\n<li>Glace \u00e0 la pomme acide<\/li>\n<li>Glace \u00e0 la fraise<\/li>\n<li>Punch tropical<\/li>\n<li>Glace \u00e0 la past\u00e8que<\/li>\n<li>Melon d'eau P\u00eache acide<\/li>\n<\/ol>\n<h2><strong>D\u00e9tails de l'emballage :<\/strong><\/h2>\n<p>1pcs Lost Mary MO20000 Pro jetable vape<\/p>\n<p>&nbsp;<\/p>\n<figure id=\"attachment_16742\" aria-describedby=\"caption-attachment-16742\" style=\"width: 800px\" class=\"wp-caption alignnone\"><img loading=\"lazy\" decoding=\"async\" class=\"wp-image-16742 size-full\" title=\"Grossiste Lost Mary MO20000 Pro Vape jetable 20K bouff\u00e9es\" src=\"https:\/\/www.vapeswholesaler.com\/wp-content\/uploads\/2024\/06\/Wholesale-Lost-Mary-MO20000-Pro-Disposable-Vape-20K-Puffs.webp\" alt=\"Grossiste Lost Mary MO20000 Pro Vape jetable 20K bouff\u00e9es\" width=\"800\" height=\"800\" srcset=\"https:\/\/www.vapeswholesaler.com\/wp-content\/uploads\/2024\/06\/Wholesale-Lost-Mary-MO20000-Pro-Disposable-Vape-20K-Puffs.webp 800w, https:\/\/www.vapeswholesaler.com\/wp-content\/uploads\/2024\/06\/Wholesale-Lost-Mary-MO20000-Pro-Disposable-Vape-20K-Puffs-300x300.webp 300w, https:\/\/www.vapeswholesaler.com\/wp-content\/uploads\/2024\/06\/Wholesale-Lost-Mary-MO20000-Pro-Disposable-Vape-20K-Puffs-150x150.webp 150w, https:\/\/www.vapeswholesaler.com\/wp-content\/uploads\/2024\/06\/Wholesale-Lost-Mary-MO20000-Pro-Disposable-Vape-20K-Puffs-768x768.webp 768w, https:\/\/www.vapeswholesaler.com\/wp-content\/uploads\/2024\/06\/Wholesale-Lost-Mary-MO20000-Pro-Disposable-Vape-20K-Puffs-12x12.webp 12w, https:\/\/www.vapeswholesaler.com\/wp-content\/uploads\/2024\/06\/Wholesale-Lost-Mary-MO20000-Pro-Disposable-Vape-20K-Puffs-247x247.webp 247w, https:\/\/www.vapeswholesaler.com\/wp-content\/uploads\/2024\/06\/Wholesale-Lost-Mary-MO20000-Pro-Disposable-Vape-20K-Puffs-510x510.webp 510w, https:\/\/www.vapeswholesaler.com\/wp-content\/uploads\/2024\/06\/Wholesale-Lost-Mary-MO20000-Pro-Disposable-Vape-20K-Puffs-100x100.webp 100w\" sizes=\"auto, (max-width: 800px) 100vw, 800px\" \/><figcaption id=\"caption-attachment-16742\" class=\"wp-caption-text\">Grossiste Lost Mary MO20000 Pro Vape jetable 20K bouff\u00e9es<\/figcaption><\/figure>\n<p><img loading=\"lazy\" decoding=\"async\" class=\"alignnone wp-image-16726 size-full\" title=\"Wholesale Elf bar GH 20000 Puffs Disposable vape 5\" src=\"https:\/\/www.vapeswholesaler.com\/wp-content\/uploads\/2024\/06\/Wholesale-Elf-bar-GH-20000-Puffs-Disposable-vape-5.webp\" alt=\"Wholesale Elf bar GH 20000 Puffs Disposable vape 5\" width=\"800\" height=\"600\" srcset=\"https:\/\/www.vapeswholesaler.com\/wp-content\/uploads\/2024\/06\/Wholesale-Elf-bar-GH-20000-Puffs-Disposable-vape-5.webp 800w, https:\/\/www.vapeswholesaler.com\/wp-content\/uploads\/2024\/06\/Wholesale-Elf-bar-GH-20000-Puffs-Disposable-vape-5-300x225.webp 300w, https:\/\/www.vapeswholesaler.com\/wp-content\/uploads\/2024\/06\/Wholesale-Elf-bar-GH-20000-Puffs-Disposable-vape-5-768x576.webp 768w, https:\/\/www.vapeswholesaler.com\/wp-content\/uploads\/2024\/06\/Wholesale-Elf-bar-GH-20000-Puffs-Disposable-vape-5-16x12.webp 16w, https:\/\/www.vapeswholesaler.com\/wp-content\/uploads\/2024\/06\/Wholesale-Elf-bar-GH-20000-Puffs-Disposable-vape-5-510x383.webp 510w\" sizes=\"auto, (max-width: 800px) 100vw, 800px\" \/><\/p>","protected":false},"excerpt":{"rendered":"<p>Quantit\u00e9 minimale de commande : <strong>10000 PCS<\/strong> (M\u00e9lange de saveurs)\u00a0 \u00a0<strong>Livraison gratuite<\/strong><\/p>\n<p>(<strong>2%, 5% Nic<\/strong>)<\/p>","protected":false},"featured_media":16736,"comment_status":"open","ping_status":"closed","template":"","meta":[],"product_cat":[15],"product_tag":[],"class_list":{"0":"post-16743","1":"product","2":"type-product","3":"status-publish","4":"has-post-thumbnail","6":"product_cat-disposable-vape","7":"product_brand-lost-mary","9":"first","10":"outofstock","11":"shipping-taxable","12":"purchasable","13":"product-type-variable","14":"has-default-attributes"},"aioseo_notices":[],"_links":{"self":[{"href":"https:\/\/www.vapeswholesaler.com\/fr\/wp-json\/wp\/v2\/product\/16743","targetHints":{"allow":["GET"]}}],"collection":[{"href":"https:\/\/www.vapeswholesaler.com\/fr\/wp-json\/wp\/v2\/product"}],"about":[{"href":"https:\/\/www.vapeswholesaler.com\/fr\/wp-json\/wp\/v2\/types\/product"}],"replies":[{"embeddable":true,"href":"https:\/\/www.vapeswholesaler.com\/fr\/wp-json\/wp\/v2\/comments?post=16743"}],"wp:featuredmedia":[{"embeddable":true,"href":"https:\/\/www.vapeswholesaler.com\/fr\/wp-json\/wp\/v2\/media\/16736"}],"wp:attachment":[{"href":"https:\/\/www.vapeswholesaler.com\/fr\/wp-json\/wp\/v2\/media?parent=16743"}],"wp:term":[{"taxonomy":"product_cat","embeddable":true,"href":"https:\/\/www.vapeswholesaler.com\/fr\/wp-json\/wp\/v2\/product_cat?post=16743"},{"taxonomy":"product_tag","embeddable":true,"href":"https:\/\/www.vapeswholesaler.com\/fr\/wp-json\/wp\/v2\/product_tag?post=16743"}],"curies":[{"name":"wp","href":"https:\/\/api.w.org\/{rel}","templated":true}]}}