{"id":16715,"date":"2024-06-18T15:59:31","date_gmt":"2024-06-18T07:59:31","guid":{"rendered":"https:\/\/www.vapeswholesaler.com\/?post_type=product&#038;p=16715"},"modified":"2025-03-12T19:19:06","modified_gmt":"2025-03-12T11:19:06","slug":"grossiste-elf-bar-gh-20000-puffs-jetable-vape","status":"publish","type":"product","link":"https:\/\/www.vapeswholesaler.com\/fr\/produit\/grossiste-elf-bar-gh-20000-puffs-jetable-vape","title":{"rendered":"Grossiste Elf Bar GH 20000 bouff\u00e9es jetables vape"},"content":{"rendered":"<p>ELF Bar GH20000 Puffs Rechargeable Disposable Vape, GH20000 Puff 20ml est \u00e9quip\u00e9 d'une bobine triple mesh et de 3 modes d'alimentation, Lite, Smooth et Turbo, vous permettant d'ajuster la vapeur \u00e0 vos pr\u00e9f\u00e9rences.<\/p>\n<p>ELF Bar GH20000 Puffss Avec une plus grande capacit\u00e9 d'e-liquide de 20mL qui peut durer jusqu'\u00e0 20 000 bouff\u00e9es, il est \u00e9galement \u00e9quip\u00e9 d'un \u00e9cran LED qui affiche la puissance, le mode et le pourcentage d'e-liquide, vous informant toujours quand il faut recharger ou quand l'appareil est \u00e0 court d'e-juice.<\/p>\n<h2><strong>ELF Bar GH20000 Puffs Caract\u00e9ristiques :<\/strong><\/h2>\n<ul>\n<li>Jusqu'\u00e0 20 000 bouff\u00e9es<\/li>\n<li>Bobine \u00e0 triple maille<\/li>\n<li>3 modes de puissance Lite\/Smooth\/Turbo<\/li>\n<li>Mode d'alimentation et affichage de l'e-liquide<\/li>\n<li>Batterie de 850mAh<\/li>\n<li>20mL d'e-liquide \u00e0 base de sel de nicotine 20mg\/mL<\/li>\n<li>USB Type-C Rechargeable<\/li>\n<\/ul>\n<h2><strong>ELF Bar GH 20000 Puffs Saveurs disponibles :<\/strong><\/h2>\n<ol>\n<li>Glace Blue Razz<\/li>\n<li>Poire aux myrtilles<\/li>\n<li>Glace de raisin<\/li>\n<li>Glace \u00e0 la pomme verte<\/li>\n<li>Menthe glac\u00e9e<\/li>\n<li>Monnaie de Miami<\/li>\n<li>P\u00eache Mangue Past\u00e8que<\/li>\n<li>Raisin Sakura<\/li>\n<li>Fraise et banane<\/li>\n<li>Glace \u00e0 la fraise<\/li>\n<\/ol>\n<h2><strong>Il comprend<\/strong>:<\/h2>\n<p>1x ELF Bar GH20000 Puffs vape jetable<\/p>\n<p>&nbsp;<\/p>\n<p>&nbsp;<\/p>\n<figure id=\"attachment_16714\" aria-describedby=\"caption-attachment-16714\" style=\"width: 800px\" class=\"wp-caption alignnone\"><img loading=\"lazy\" decoding=\"async\" class=\"wp-image-16714 size-full\" title=\"Wholesale Elf bar GH 20000 Puffs Disposable vape 4\" src=\"https:\/\/www.vapeswholesaler.com\/wp-content\/uploads\/2024\/06\/Wholesale-Elf-bar-GH-20000-Puffs-Disposable-vape-4.webp\" alt=\"Wholesale Elf bar GH 20000 Puffs Disposable vape 4\" width=\"800\" height=\"800\" srcset=\"https:\/\/www.vapeswholesaler.com\/wp-content\/uploads\/2024\/06\/Wholesale-Elf-bar-GH-20000-Puffs-Disposable-vape-4.webp 800w, https:\/\/www.vapeswholesaler.com\/wp-content\/uploads\/2024\/06\/Wholesale-Elf-bar-GH-20000-Puffs-Disposable-vape-4-300x300.webp 300w, https:\/\/www.vapeswholesaler.com\/wp-content\/uploads\/2024\/06\/Wholesale-Elf-bar-GH-20000-Puffs-Disposable-vape-4-150x150.webp 150w, https:\/\/www.vapeswholesaler.com\/wp-content\/uploads\/2024\/06\/Wholesale-Elf-bar-GH-20000-Puffs-Disposable-vape-4-768x768.webp 768w, https:\/\/www.vapeswholesaler.com\/wp-content\/uploads\/2024\/06\/Wholesale-Elf-bar-GH-20000-Puffs-Disposable-vape-4-12x12.webp 12w, https:\/\/www.vapeswholesaler.com\/wp-content\/uploads\/2024\/06\/Wholesale-Elf-bar-GH-20000-Puffs-Disposable-vape-4-247x247.webp 247w, https:\/\/www.vapeswholesaler.com\/wp-content\/uploads\/2024\/06\/Wholesale-Elf-bar-GH-20000-Puffs-Disposable-vape-4-510x510.webp 510w, https:\/\/www.vapeswholesaler.com\/wp-content\/uploads\/2024\/06\/Wholesale-Elf-bar-GH-20000-Puffs-Disposable-vape-4-100x100.webp 100w\" sizes=\"auto, (max-width: 800px) 100vw, 800px\" \/><figcaption id=\"caption-attachment-16714\" class=\"wp-caption-text\">Wholesale Elf bar GH 20000 Puffs Disposable vape<\/figcaption><\/figure>\n<figure id=\"attachment_16726\" aria-describedby=\"caption-attachment-16726\" style=\"width: 800px\" class=\"wp-caption alignnone\"><img loading=\"lazy\" decoding=\"async\" class=\"wp-image-16726 size-full\" title=\"Wholesale Elf bar GH 20000 Puffs Disposable vape 5\" src=\"https:\/\/www.vapeswholesaler.com\/wp-content\/uploads\/2024\/06\/Wholesale-Elf-bar-GH-20000-Puffs-Disposable-vape-5.webp\" alt=\"Wholesale Elf bar GH 20000 Puffs Disposable vape 5\" width=\"800\" height=\"600\" srcset=\"https:\/\/www.vapeswholesaler.com\/wp-content\/uploads\/2024\/06\/Wholesale-Elf-bar-GH-20000-Puffs-Disposable-vape-5.webp 800w, https:\/\/www.vapeswholesaler.com\/wp-content\/uploads\/2024\/06\/Wholesale-Elf-bar-GH-20000-Puffs-Disposable-vape-5-300x225.webp 300w, https:\/\/www.vapeswholesaler.com\/wp-content\/uploads\/2024\/06\/Wholesale-Elf-bar-GH-20000-Puffs-Disposable-vape-5-768x576.webp 768w, https:\/\/www.vapeswholesaler.com\/wp-content\/uploads\/2024\/06\/Wholesale-Elf-bar-GH-20000-Puffs-Disposable-vape-5-16x12.webp 16w, https:\/\/www.vapeswholesaler.com\/wp-content\/uploads\/2024\/06\/Wholesale-Elf-bar-GH-20000-Puffs-Disposable-vape-5-510x383.webp 510w\" sizes=\"auto, (max-width: 800px) 100vw, 800px\" \/><figcaption id=\"caption-attachment-16726\" class=\"wp-caption-text\">Wholesale Elf bar GH 20000 Puffs Disposable vape<\/figcaption><\/figure>","protected":false},"excerpt":{"rendered":"<p>Quantit\u00e9 minimale de commande : <em><strong>10000<\/strong><\/em> PCS (m\u00e9lange d'ar\u00f4mes)<\/p>\n<p>(<strong>2%, 5% Nic<\/strong>)<\/p>","protected":false},"featured_media":16712,"comment_status":"open","ping_status":"closed","template":"","meta":[],"product_cat":[15],"product_tag":[],"class_list":{"0":"post-16715","1":"product","2":"type-product","3":"status-publish","4":"has-post-thumbnail","6":"product_cat-disposable-vape","7":"product_brand-elf-bar","9":"first","10":"outofstock","11":"shipping-taxable","12":"purchasable","13":"product-type-variable"},"aioseo_notices":[],"_links":{"self":[{"href":"https:\/\/www.vapeswholesaler.com\/fr\/wp-json\/wp\/v2\/product\/16715","targetHints":{"allow":["GET"]}}],"collection":[{"href":"https:\/\/www.vapeswholesaler.com\/fr\/wp-json\/wp\/v2\/product"}],"about":[{"href":"https:\/\/www.vapeswholesaler.com\/fr\/wp-json\/wp\/v2\/types\/product"}],"replies":[{"embeddable":true,"href":"https:\/\/www.vapeswholesaler.com\/fr\/wp-json\/wp\/v2\/comments?post=16715"}],"wp:featuredmedia":[{"embeddable":true,"href":"https:\/\/www.vapeswholesaler.com\/fr\/wp-json\/wp\/v2\/media\/16712"}],"wp:attachment":[{"href":"https:\/\/www.vapeswholesaler.com\/fr\/wp-json\/wp\/v2\/media?parent=16715"}],"wp:term":[{"taxonomy":"product_cat","embeddable":true,"href":"https:\/\/www.vapeswholesaler.com\/fr\/wp-json\/wp\/v2\/product_cat?post=16715"},{"taxonomy":"product_tag","embeddable":true,"href":"https:\/\/www.vapeswholesaler.com\/fr\/wp-json\/wp\/v2\/product_tag?post=16715"}],"curies":[{"name":"wp","href":"https:\/\/api.w.org\/{rel}","templated":true}]}}