{"id":16670,"date":"2024-06-18T11:01:12","date_gmt":"2024-06-18T03:01:12","guid":{"rendered":"https:\/\/www.vapeswholesaler.com\/?post_type=product&#038;p=16670"},"modified":"2025-03-26T11:01:37","modified_gmt":"2025-03-26T03:01:37","slug":"grossiste-geekbar-skyview-25k-jetable-vape","status":"publish","type":"product","link":"https:\/\/www.vapeswholesaler.com\/fr\/produit\/grossiste-geekbar-skyview-25k-jetable-vape","title":{"rendered":"Grossiste Geekbar Skyview 25K Jetable vape"},"content":{"rendered":"<p>Geekbar Skyview 25K jetable est une sensation de vapotage rafra\u00eechissante et fra\u00eeche rappelant un ciel venteux avec un soup\u00e7on d'agrumes gr\u00e2ce \u00e0 l'ar\u00f4me Sky Walker de la Geekbar Skyview 25K jetable Vape. Ce dispositif de pointe offre une capacit\u00e9 impressionnante de 25 000 bouff\u00e9es, ce qui vous permet de savourer ce m\u00e9lange unique et revigorant pendant une p\u00e9riode prolong\u00e9e. Explorez d'autres saveurs all\u00e9chantes comme la p\u00eache framboise juteuse, l'audacieux Triple Berry, ou le piquant Sour Apple Ice.<\/p>\n<p>La vape GeekBar Skyview est dot\u00e9e d'une puissante batterie de 800mAh et d'une g\u00e9n\u00e9reuse capacit\u00e9 de 18mL d'e-liquide, garantissant une performance durable et une saveur constante \u00e0 chaque bouff\u00e9e. Avec trois modes de vapotage r\u00e9glables - Soft, Norm et Pulse - vous pouvez personnaliser votre exp\u00e9rience de vapotage en fonction de vos pr\u00e9f\u00e9rences. La bobine \u00e0 double maille et le syst\u00e8me de chauffage \u00e0 double c\u0153ur fonctionnent ensemble pour offrir une extraction optimale des saveurs et une production de vapeur douce et satisfaisante.<\/p>\n<h2><strong><a href=\"https:\/\/www.vapeswholesaler.com\/fr\/marque_du_produit\/geekbar\/\">Geek Bar<\/a> Skyview 25K Feature:<\/strong><\/h2>\n<ul>\n<li>E-liquide pr\u00e9-rempli de 16mL<\/li>\n<li>5% (50mg) Teneur en nicotine<\/li>\n<li>Batterie rechargeable Type-C 800mAh<\/li>\n<li>Environ 25 000 bouff\u00e9es<\/li>\n<li>Trois options de mode de vapotage<\/li>\n<li>Doux - 12W<\/li>\n<li>Norm - 18W<\/li>\n<li>Impulsion - 25W<\/li>\n<li>Bobine \u00e0 double maille<\/li>\n<li>\u00c9cran TFT intelligent de 1,8 pouce plus grand que large<\/li>\n<li>5 Interfaces uniques de conception d'interface utilisateur<\/li>\n<li>Niveau de batterie, mode de vaporisation, niveau d'e-liquide<\/li>\n<li>Chauffage \u00e0 double c\u0153ur<\/li>\n<li>VPU Inside<\/li>\n<\/ul>\n<h2><strong>Geek Bar Skyview 25000 Saveurs :<\/strong><\/h2>\n<ol>\n<li>Blackberry Fcuking Fab<\/li>\n<li>Glace Blue Razz<\/li>\n<li>Cerise citron menthe<\/li>\n<li>Cerise Strazz<\/li>\n<li>Glace de raisin<\/li>\n<li>Monnaie de Miami<\/li>\n<li>Slushy \u00e0 la p\u00eache et au bleu<\/li>\n<li>P\u00eache Framboise<\/li>\n<li>Sky Walker<\/li>\n<li>Glace \u00e0 la pomme acide<\/li>\n<li>Past\u00e8que acidul\u00e9e Blue Razz<\/li>\n<li>Fraise et banane<\/li>\n<li>Glace \u00e0 la fraise<\/li>\n<li>Fraise past\u00e8que noix de coco<\/li>\n<li>Triple baie<\/li>\n<li>B-Pop tordue<\/li>\n<\/ol>\n<p><strong>D\u00e9tails de l'emballage :<\/strong><br \/>\n1ps dans une petite bo\u00eete<\/p>\n<figure id=\"attachment_16669\" aria-describedby=\"caption-attachment-16669\" style=\"width: 800px\" class=\"wp-caption alignnone\"><img loading=\"lazy\" decoding=\"async\" class=\"wp-image-16669 size-full\" title=\"Grossiste Geekbar Skyview 25K Jetable vape 7\" src=\"https:\/\/www.vapeswholesaler.com\/wp-content\/uploads\/2024\/06\/Wholesale-Geekbar-Skyview-25K-Disposable-vape-7.jpg\" alt=\"Grossiste Geekbar Skyview 25K Jetable vape 7\" width=\"800\" height=\"800\" srcset=\"https:\/\/www.vapeswholesaler.com\/wp-content\/uploads\/2024\/06\/Wholesale-Geekbar-Skyview-25K-Disposable-vape-7.jpg 800w, https:\/\/www.vapeswholesaler.com\/wp-content\/uploads\/2024\/06\/Wholesale-Geekbar-Skyview-25K-Disposable-vape-7-300x300.jpg 300w, https:\/\/www.vapeswholesaler.com\/wp-content\/uploads\/2024\/06\/Wholesale-Geekbar-Skyview-25K-Disposable-vape-7-150x150.jpg 150w, https:\/\/www.vapeswholesaler.com\/wp-content\/uploads\/2024\/06\/Wholesale-Geekbar-Skyview-25K-Disposable-vape-7-768x768.jpg 768w, https:\/\/www.vapeswholesaler.com\/wp-content\/uploads\/2024\/06\/Wholesale-Geekbar-Skyview-25K-Disposable-vape-7-12x12.jpg 12w, https:\/\/www.vapeswholesaler.com\/wp-content\/uploads\/2024\/06\/Wholesale-Geekbar-Skyview-25K-Disposable-vape-7-247x247.jpg 247w, https:\/\/www.vapeswholesaler.com\/wp-content\/uploads\/2024\/06\/Wholesale-Geekbar-Skyview-25K-Disposable-vape-7-510x510.jpg 510w, https:\/\/www.vapeswholesaler.com\/wp-content\/uploads\/2024\/06\/Wholesale-Geekbar-Skyview-25K-Disposable-vape-7-100x100.jpg 100w\" sizes=\"auto, (max-width: 800px) 100vw, 800px\" \/><figcaption id=\"caption-attachment-16669\" class=\"wp-caption-text\">Grossiste Geekbar Skyview 25K Jetable vape<\/figcaption><\/figure>","protected":false},"excerpt":{"rendered":"<p><span data-slate-fragment=\"JTVCJTdCJTIydHlwZSUyMiUzQSUyMnBhcmFncmFwaCUyMiUyQyUyMmNoaWxkcmVuJTIyJTNBJTVCJTdCJTIyaWQlMjIlM0ElMjIwQkF6V1hKNjV2JTIyJTJDJTIycGFyYUlkeCUyMiUzQTAlMkMlMjJzcmMlMjIlM0ElMjJNaW5pbXVtJTIwT3JkZXIlMjBRdWFudGl0eSUzQSUyMDEwMDAwJTIwUENTJTIwKE1peCUyMEZsYXZvcnMpJTIyJTJDJTIyZHN0JTIyJTNBJTIyJUU2JTlDJTgwJUU0JUJEJThFJUU4JUFFJUEyJUU4JUI0JUFEJUU5JTg3JThGJUVGJUJDJTlBMTAwMDAlRTQlQkIlQjYlRUYlQkMlODglRTYlQjclQjclRTUlOTAlODglRTUlOEYlQTMlRTUlOTElQjMlRUYlQkMlODklMjIlMkMlMjJtZXRhZGF0YSUyMiUzQSUyMiUyMiUyQyUyMm1ldGFEYXRhJTIyJTNBJTVCJTVEJTJDJTIydGV4dCUyMiUzQSUyMk1pbmltdW0lMjBPcmRlciUyMFF1YW50aXR5JTNBJTIwMTAwMDAlMjBQQ1MlMjAoTWl4JTIwRmxhdm9ycyklMjIlN0QlNUQlN0QlNUQ=\">Quantit\u00e9 minimale de commande : <em><strong>10000<\/strong> <\/em>PCS (m\u00e9lange d'ar\u00f4mes)\u00a0 <strong>Livraison gratuite<\/strong><\/span><\/p>\n<p>\uff08<strong>2%,5% Nic <\/strong>)<\/p>","protected":false},"featured_media":16663,"comment_status":"open","ping_status":"closed","template":"","meta":[],"product_cat":[15],"product_tag":[],"class_list":{"0":"post-16670","1":"product","2":"type-product","3":"status-publish","4":"has-post-thumbnail","6":"product_cat-disposable-vape","7":"product_brand-geekbar","9":"first","10":"instock","11":"shipping-taxable","12":"purchasable","13":"product-type-variable","14":"has-default-attributes"},"aioseo_notices":[],"_links":{"self":[{"href":"https:\/\/www.vapeswholesaler.com\/fr\/wp-json\/wp\/v2\/product\/16670","targetHints":{"allow":["GET"]}}],"collection":[{"href":"https:\/\/www.vapeswholesaler.com\/fr\/wp-json\/wp\/v2\/product"}],"about":[{"href":"https:\/\/www.vapeswholesaler.com\/fr\/wp-json\/wp\/v2\/types\/product"}],"replies":[{"embeddable":true,"href":"https:\/\/www.vapeswholesaler.com\/fr\/wp-json\/wp\/v2\/comments?post=16670"}],"wp:featuredmedia":[{"embeddable":true,"href":"https:\/\/www.vapeswholesaler.com\/fr\/wp-json\/wp\/v2\/media\/16663"}],"wp:attachment":[{"href":"https:\/\/www.vapeswholesaler.com\/fr\/wp-json\/wp\/v2\/media?parent=16670"}],"wp:term":[{"taxonomy":"product_cat","embeddable":true,"href":"https:\/\/www.vapeswholesaler.com\/fr\/wp-json\/wp\/v2\/product_cat?post=16670"},{"taxonomy":"product_tag","embeddable":true,"href":"https:\/\/www.vapeswholesaler.com\/fr\/wp-json\/wp\/v2\/product_tag?post=16670"}],"curies":[{"name":"wp","href":"https:\/\/api.w.org\/{rel}","templated":true}]}}