{"id":16503,"date":"2024-06-15T22:05:46","date_gmt":"2024-06-15T14:05:46","guid":{"rendered":"https:\/\/www.vapeswholesaler.com\/?post_type=product&#038;p=16503"},"modified":"2025-11-19T16:24:30","modified_gmt":"2025-11-19T08:24:30","slug":"wholesale-fumot-tornado-9000-puffs-diposable-vape","status":"publish","type":"product","link":"https:\/\/www.vapeswholesaler.com\/fr\/produit\/wholesale-fumot-tornado-9000-puffs-diposable-vape","title":{"rendered":"Wholesale Fumot Tornado 9000 Puffs Diposable Vape"},"content":{"rendered":"<p>Fumot Tornado 9000 Puffs vape device avec un design cool et il est rechargeable. Il contient 18ml d'e-juice au sel de nicotine 0\/2\/3\/5% et permet de vaper jusqu'\u00e0 9000 bouff\u00e9es. Il y a 38 saveurs au choix. Le port rechargeable au bas de l'appareil vous garantit de finir la derni\u00e8re goutte d'e-juice dans le r\u00e9servoir tout le temps.<\/p>\n<p>La bobine Mesh de Fumot Tornado 9000 Puffs est une technologie avanc\u00e9e pour un stylo \u00e0 vape jetable, vous aurez une exp\u00e9rience de vapotage plus fra\u00eeche et plus agr\u00e9able. Il g\u00e9n\u00e8re de plus gros nuages, d\u00e9livre une meilleure qualit\u00e9 de saveur et a une dur\u00e9e de vie plus longue, ce qui le rend plus populaire et plus appr\u00e9ci\u00e9 sur le march\u00e9.<\/p>\n<p>Fumot Tornado 9000 Puffs USB-C ou USB Type-C est la derni\u00e8re norme universelle pour la connexion filaire des appareils intelligents.C'est le successeur des anciennes normes, telles que Micro-USB et USB-A, qui sont encore courantes mais s'estompent rapidement.<\/p>\n<p>Fumot Tornado 9000 Puffs est \u00e9quip\u00e9 d'une lumi\u00e8re RGB au bas de l'appareil, la lumi\u00e8re RGB changera pendant le vapotage, vous aurez plus de plaisir \u00e0 jouer et \u00e0 vous sentir cool, avec une batterie rechargeable int\u00e9gr\u00e9e de 600mah, qui peut \u00eatre recharg\u00e9e plusieurs fois, de sorte que vous n'\u00eates pas coinc\u00e9 avec un jetable mort avant que le e-liquide ne s'\u00e9puise.<\/p>\n<h2><strong><a href=\"https:\/\/www.vapeswholesaler.com\/fr\/marque_du_produit\/randm\/\">Fumot<\/a> Tornado 9000 Puffs Caract\u00e9ristiques :<\/strong><\/h2>\n<ul>\n<li>Bouff\u00e9es : 9000<\/li>\n<li>Nicotine : 2\/3\/5%(50mg)<\/li>\n<li>Type de nicotine : sel de nicotine<\/li>\n<li>Capacit\u00e9 : 18ml<\/li>\n<li>R\u00e9sistance : 0.8ohm Mesh Coil<\/li>\n<li>Batterie : 850mAh rechargeable<\/li>\n<li>Chargeur : Type-c<\/li>\n<li>M\u00e9canisme de mise \u00e0 feu : Activ\u00e9 par le tirage<\/li>\n<\/ul>\n<h2><strong>Saveurs disponibles :<\/strong><\/h2>\n<ol>\n<li>M. Bleu<\/li>\n<li>Past\u00e8que \u00e0 la fraise<\/li>\n<li>Soda \u00e0 l'orange<\/li>\n<li>Chewing-gum \u00e0 la past\u00e8que<\/li>\n<li>Bonbons arc-en-ciel<\/li>\n<li>Limonade rose<\/li>\n<li>Peachy Mango Pineapple<\/li>\n<li>Fraise et banane<\/li>\n<li>Glace luxuriante<\/li>\n<li>Glace du dragon noir<\/li>\n<li>Alo\u00e8s raisin<\/li>\n<\/ol>\n<h2><strong>D\u00e9tails de l'emballage :<\/strong><\/h2>\n<p>Pi\u00e8ce unique avec emballage de bonbons<br \/>\nChaque bo\u00eete contient 10 pi\u00e8ces<br \/>\nChaque carton contient 200 pi\u00e8ces<br \/>\nChaque carton : 18 kg<\/p>\n<p>&nbsp;<\/p>\n<figure id=\"attachment_16502\" aria-describedby=\"caption-attachment-16502\" style=\"width: 590px\" class=\"wp-caption alignnone\"><img loading=\"lazy\" decoding=\"async\" class=\"wp-image-16502 size-full\" title=\"Wholesale Fumot RANDM Tornado 9000 Puffs Diposable Vape\" src=\"https:\/\/www.vapeswholesaler.com\/wp-content\/uploads\/2024\/06\/Wholesale-Fumot-RANDM-Tornado-9000-Puffs-Diposable-Vape.webp\" alt=\"Wholesale Fumot RANDM Tornado 9000 Puffs Diposable Vape\" width=\"590\" height=\"517\" srcset=\"https:\/\/www.vapeswholesaler.com\/wp-content\/uploads\/2024\/06\/Wholesale-Fumot-RANDM-Tornado-9000-Puffs-Diposable-Vape.webp 590w, https:\/\/www.vapeswholesaler.com\/wp-content\/uploads\/2024\/06\/Wholesale-Fumot-RANDM-Tornado-9000-Puffs-Diposable-Vape-300x263.webp 300w, https:\/\/www.vapeswholesaler.com\/wp-content\/uploads\/2024\/06\/Wholesale-Fumot-RANDM-Tornado-9000-Puffs-Diposable-Vape-14x12.webp 14w, https:\/\/www.vapeswholesaler.com\/wp-content\/uploads\/2024\/06\/Wholesale-Fumot-RANDM-Tornado-9000-Puffs-Diposable-Vape-510x447.webp 510w\" sizes=\"auto, (max-width: 590px) 100vw, 590px\" \/><figcaption id=\"caption-attachment-16502\" class=\"wp-caption-text\">Wholesale Fumot RANDM Tornado 9000 Puffs Diposable Vape<\/figcaption><\/figure>","protected":false},"excerpt":{"rendered":"<p>Quantit\u00e9 minimale de commande :\u00a0<strong>50 PCS<\/strong>\u00a0(M\u00e9lange de saveurs)\u00a0\u00a0<strong>Livraison gratuite<\/strong><\/p>\n<p>\uff08<strong>2%\uff0c3%\uff0c5%<\/strong><\/p>","protected":false},"featured_media":17139,"comment_status":"open","ping_status":"closed","template":"","meta":[],"product_cat":[15],"product_tag":[335,336,337],"class_list":{"0":"post-16503","1":"product","2":"type-product","3":"status-publish","4":"has-post-thumbnail","6":"product_cat-disposable-vape","7":"product_tag-fumot-tornado-9000-puffs","8":"product_tag-tornado-9000-puffs","9":"product_tag-fumot-9000-puffs","10":"product_brand-fumot","12":"first","13":"outofstock","14":"shipping-taxable","15":"purchasable","16":"product-type-variable","17":"has-default-attributes"},"aioseo_notices":[],"_links":{"self":[{"href":"https:\/\/www.vapeswholesaler.com\/fr\/wp-json\/wp\/v2\/product\/16503","targetHints":{"allow":["GET"]}}],"collection":[{"href":"https:\/\/www.vapeswholesaler.com\/fr\/wp-json\/wp\/v2\/product"}],"about":[{"href":"https:\/\/www.vapeswholesaler.com\/fr\/wp-json\/wp\/v2\/types\/product"}],"replies":[{"embeddable":true,"href":"https:\/\/www.vapeswholesaler.com\/fr\/wp-json\/wp\/v2\/comments?post=16503"}],"wp:featuredmedia":[{"embeddable":true,"href":"https:\/\/www.vapeswholesaler.com\/fr\/wp-json\/wp\/v2\/media\/17139"}],"wp:attachment":[{"href":"https:\/\/www.vapeswholesaler.com\/fr\/wp-json\/wp\/v2\/media?parent=16503"}],"wp:term":[{"taxonomy":"product_cat","embeddable":true,"href":"https:\/\/www.vapeswholesaler.com\/fr\/wp-json\/wp\/v2\/product_cat?post=16503"},{"taxonomy":"product_tag","embeddable":true,"href":"https:\/\/www.vapeswholesaler.com\/fr\/wp-json\/wp\/v2\/product_tag?post=16503"}],"curies":[{"name":"wp","href":"https:\/\/api.w.org\/{rel}","templated":true}]}}