{"id":16434,"date":"2024-06-14T18:13:59","date_gmt":"2024-06-14T10:13:59","guid":{"rendered":"https:\/\/www.vapeswholesaler.com\/?post_type=product&#038;p=16434"},"modified":"2025-02-22T22:55:44","modified_gmt":"2025-02-22T14:55:44","slug":"wholesale-fumot-randm-shisha-10000-puffs-sub-ohm-dtl-disposable-vape","status":"publish","type":"product","link":"https:\/\/www.vapeswholesaler.com\/fr\/produit\/wholesale-fumot-randm-shisha-10000-puffs-sub-ohm-dtl-disposable-vape","title":{"rendered":"Wholesale Fumot Randm Shisha 10000 Puffs Sub Ohm DTL Disposable Vape"},"content":{"rendered":"<p>Fumot Randm Shisha 10000 est une Vape DTL (Direct to Lungh) rechargeable dot\u00e9e d'un indicateur LED, avec des indicateurs pour les niveaux d'e-liquide et la puissance. Pratique, elle peut \u00eatre recharg\u00e9e via le port Type-C situ\u00e9 sur sa base. Pr\u00e9-remplie de 18ml d'e-liquide, elle est disponible avec un taux de nicotine de 0.5%. Cette vape permet jusqu'\u00e0 10000 bouff\u00e9es (dans un environnement de test) et offre une s\u00e9lection de 34 saveurs pour votre plus grand plaisir.<\/p>\n<p>La vape Fumot Randm Shisha 10000 DTL se distingue par un \u00e9cran LED vibrant. Cette caract\u00e9ristique offre des informations en temps r\u00e9el, fournissant aux vapoteurs des d\u00e9tails essentiels en un coup d'\u0153il. L'\u00e9cran affiche l'autonomie de la batterie et le niveau d'huile, ce qui ajoute non seulement une touche futuriste mais am\u00e9liore \u00e9galement l'exp\u00e9rience globale de l'utilisateur, facilitant le suivi de l'utilisation et permettant de savoir quand il est temps de recharger, restez inform\u00e9 et gardez le contr\u00f4le avec notre vape jetable \u00e0 \u00e9cran LED.<\/p>\n<h2><strong>Fumot Randm Shisha 10000 :<\/strong><\/h2>\n<ul>\n<li>10000 PUFFS Capacit\u00e9<\/li>\n<li>E-liquide : 18ml<\/li>\n<li>Recharge de type C<\/li>\n<li>Bobine de maille<\/li>\n<li>0,8 \u03a9 sortie<\/li>\n<li>Contr\u00f4le du d\u00e9bit d'air<\/li>\n<li>\u00c9cran OLED<\/li>\n<\/ul>\n<h2><strong>Saveurs disponibles :<\/strong><\/h2>\n<ol>\n<li>Mauvais sang<\/li>\n<li>Myrtille Raisin<\/li>\n<li>Glace de raisin<\/li>\n<li>Menthe citronn\u00e9e<\/li>\n<li>Amour 66<\/li>\n<li>R\u00eave lucide<\/li>\n<li>Fruit de la passion sucr\u00e9<\/li>\n<\/ol>\n<h2><strong>D\u00e9tails de l'emballage :<\/strong><\/h2>\n<p>Pi\u00e8ce unique avec emballage de bonbons<br \/>\nChaque bo\u00eete contient 10 pi\u00e8ces<br \/>\nChaque carton contient 200 pi\u00e8ces<\/p>\n<p>&nbsp;<\/p>\n<figure id=\"attachment_16423\" aria-describedby=\"caption-attachment-16423\" style=\"width: 800px\" class=\"wp-caption alignnone\"><img loading=\"lazy\" decoding=\"async\" class=\"wp-image-16423 size-full\" title=\"Wholesale Fumot Randm Shisha 10000 Puffs Sub Ohm DTL Disposable Vape 2\" src=\"https:\/\/www.vapeswholesaler.com\/wp-content\/uploads\/2024\/06\/Wholesale-Fumot-Randm-Shisha-10000-Puffs-Sub-Ohm-DTL-Disposable-Vape-2.webp\" alt=\"Wholesale Fumot Randm Shisha 10000 Puffs Sub Ohm DTL Disposable Vape 2\" width=\"800\" height=\"512\" srcset=\"https:\/\/www.vapeswholesaler.com\/wp-content\/uploads\/2024\/06\/Wholesale-Fumot-Randm-Shisha-10000-Puffs-Sub-Ohm-DTL-Disposable-Vape-2.webp 800w, https:\/\/www.vapeswholesaler.com\/wp-content\/uploads\/2024\/06\/Wholesale-Fumot-Randm-Shisha-10000-Puffs-Sub-Ohm-DTL-Disposable-Vape-2-300x192.webp 300w, https:\/\/www.vapeswholesaler.com\/wp-content\/uploads\/2024\/06\/Wholesale-Fumot-Randm-Shisha-10000-Puffs-Sub-Ohm-DTL-Disposable-Vape-2-768x492.webp 768w, https:\/\/www.vapeswholesaler.com\/wp-content\/uploads\/2024\/06\/Wholesale-Fumot-Randm-Shisha-10000-Puffs-Sub-Ohm-DTL-Disposable-Vape-2-18x12.webp 18w, https:\/\/www.vapeswholesaler.com\/wp-content\/uploads\/2024\/06\/Wholesale-Fumot-Randm-Shisha-10000-Puffs-Sub-Ohm-DTL-Disposable-Vape-2-510x326.webp 510w\" sizes=\"auto, (max-width: 800px) 100vw, 800px\" \/><figcaption id=\"caption-attachment-16423\" class=\"wp-caption-text\">Grossiste Fumot Randm Shisha 10000 bouff\u00e9es<\/figcaption><\/figure>\n<figure id=\"attachment_16433\" aria-describedby=\"caption-attachment-16433\" style=\"width: 800px\" class=\"wp-caption alignnone\"><img loading=\"lazy\" decoding=\"async\" class=\"wp-image-16433 size-full\" title=\"Wholesale Fumot Randm Shisha 10000 Puffs Sub Ohm DTL Disposable Vape\" src=\"https:\/\/www.vapeswholesaler.com\/wp-content\/uploads\/2024\/06\/Wholesale-Fumot-Randm-Shisha-10000-Puffs-Sub-Ohm-DTL-Disposable-Vape.webp\" alt=\"Wholesale Fumot Randm Shisha 10000 Puffs Sub Ohm DTL Disposable Vape\" width=\"800\" height=\"512\" srcset=\"https:\/\/www.vapeswholesaler.com\/wp-content\/uploads\/2024\/06\/Wholesale-Fumot-Randm-Shisha-10000-Puffs-Sub-Ohm-DTL-Disposable-Vape.webp 800w, https:\/\/www.vapeswholesaler.com\/wp-content\/uploads\/2024\/06\/Wholesale-Fumot-Randm-Shisha-10000-Puffs-Sub-Ohm-DTL-Disposable-Vape-300x192.webp 300w, https:\/\/www.vapeswholesaler.com\/wp-content\/uploads\/2024\/06\/Wholesale-Fumot-Randm-Shisha-10000-Puffs-Sub-Ohm-DTL-Disposable-Vape-768x492.webp 768w, https:\/\/www.vapeswholesaler.com\/wp-content\/uploads\/2024\/06\/Wholesale-Fumot-Randm-Shisha-10000-Puffs-Sub-Ohm-DTL-Disposable-Vape-18x12.webp 18w, https:\/\/www.vapeswholesaler.com\/wp-content\/uploads\/2024\/06\/Wholesale-Fumot-Randm-Shisha-10000-Puffs-Sub-Ohm-DTL-Disposable-Vape-510x326.webp 510w\" sizes=\"auto, (max-width: 800px) 100vw, 800px\" \/><figcaption id=\"caption-attachment-16433\" class=\"wp-caption-text\">Grossiste Fumot Randm Shisha 10000 bouff\u00e9es<\/figcaption><\/figure>","protected":false},"excerpt":{"rendered":"<p>Quantit\u00e9 minimale de commande :\u00a0<strong>50 PCS<\/strong>\u00a0(M\u00e9lange de saveurs)\u00a0\u00a0<strong>Livraison gratuite<\/strong><\/p>\n<p>\uff08<strong>2%\uff0c3%\uff0c5%<\/strong><\/p>","protected":false},"featured_media":16428,"comment_status":"open","ping_status":"closed","template":"","meta":[],"product_cat":[15],"product_tag":[],"class_list":{"0":"post-16434","1":"product","2":"type-product","3":"status-publish","4":"has-post-thumbnail","6":"product_cat-disposable-vape","7":"product_brand-fumot","9":"first","10":"outofstock","11":"shipping-taxable","12":"purchasable","13":"product-type-variable","14":"has-default-attributes"},"aioseo_notices":[],"_links":{"self":[{"href":"https:\/\/www.vapeswholesaler.com\/fr\/wp-json\/wp\/v2\/product\/16434","targetHints":{"allow":["GET"]}}],"collection":[{"href":"https:\/\/www.vapeswholesaler.com\/fr\/wp-json\/wp\/v2\/product"}],"about":[{"href":"https:\/\/www.vapeswholesaler.com\/fr\/wp-json\/wp\/v2\/types\/product"}],"replies":[{"embeddable":true,"href":"https:\/\/www.vapeswholesaler.com\/fr\/wp-json\/wp\/v2\/comments?post=16434"}],"wp:featuredmedia":[{"embeddable":true,"href":"https:\/\/www.vapeswholesaler.com\/fr\/wp-json\/wp\/v2\/media\/16428"}],"wp:attachment":[{"href":"https:\/\/www.vapeswholesaler.com\/fr\/wp-json\/wp\/v2\/media?parent=16434"}],"wp:term":[{"taxonomy":"product_cat","embeddable":true,"href":"https:\/\/www.vapeswholesaler.com\/fr\/wp-json\/wp\/v2\/product_cat?post=16434"},{"taxonomy":"product_tag","embeddable":true,"href":"https:\/\/www.vapeswholesaler.com\/fr\/wp-json\/wp\/v2\/product_tag?post=16434"}],"curies":[{"name":"wp","href":"https:\/\/api.w.org\/{rel}","templated":true}]}}