{"id":16380,"date":"2024-06-14T16:12:31","date_gmt":"2024-06-14T08:12:31","guid":{"rendered":"https:\/\/www.vapeswholesaler.com\/?post_type=product&#038;p=16380"},"modified":"2025-03-18T14:22:23","modified_gmt":"2025-03-18T06:22:23","slug":"grossiste-bang-20000-puffs-jetable-vape","status":"publish","type":"product","link":"https:\/\/www.vapeswholesaler.com\/fr\/produit\/grossiste-bang-20000-puffs-jetable-vape","title":{"rendered":"Wholesale Bang 20000 Puffs Disposable Vape"},"content":{"rendered":"<p><a href=\"https:\/\/www.vapeswholesaler.com\/fr\/marque_du_produit\/coup\/\">Bang<\/a> 20000 Puffs disposable Vape takes into account the user&#8217;s health, so the device will not exceed its functional range. We have eliminated the risk of burning heaters or using e-cigarettes containing inappropriate liquids. 650 mAh rechargeable battery and 16 milliliter electronic liquid capacity. We have provided you with a choice so that you can find the most satisfactory solution for yourself. More than 12 natural spices and flavors are 100% safe for health. There is no unpleasant smell of tobacco in the room. It can make you feel the beauty of this product, especially with a novel intelligent display screen and a large 16ml cigarette liquid.<\/p>\n<h2><strong><a href=\"https:\/\/www.facebook.com\/fred.luo.58\/\">Bang<\/a> 20000 Puffs:<\/strong><\/h2>\n<ul>\n<li>Bouff\u00e9es : Jusqu'\u00e0 20000 bouff\u00e9es<\/li>\n<li>Liquide : E-liquide pr\u00e9-rempli de 16 ml<\/li>\n<li>Nicotine : 0% 2% 3% 5%<\/li>\n<li>Noyau : Bobine de maille 1.0\u03a9<\/li>\n<li>Batterie : 650mAh rechargeable type-c<\/li>\n<li>1 caisse\/200pcs(21KG)<\/li>\n<\/ul>\n<h2><strong>Saveurs disponibles :<\/strong><\/h2>\n<ol>\n<li>Fraise-mangue<\/li>\n<li>Boisson \u00e9nerg\u00e9tique<\/li>\n<li>Limonade aux myrtilles et aux cerises<\/li>\n<li>Glace du dragon noir<\/li>\n<li>Glace de p\u00eache<\/li>\n<li>Banane fraise<\/li>\n<li>M\u00e9langer les fruits<\/li>\n<li>Glace aux myrtilles<\/li>\n<li>Glace \u00e0 la past\u00e8que<\/li>\n<li>Fraise kiwi<\/li>\n<li>Myrtille framboise<\/li>\n<li>Fraise-melon d'eau<\/li>\n<\/ol>\n<h2><strong>D\u00e9tails de l'emballage :<\/strong><\/h2>\n<p>10pcs\/ Med Box<br \/>\nQTY : 200 PCS\/ Carton<br \/>\nGW : 21KG<\/p>\n<p>&nbsp;<\/p>\n<figure id=\"attachment_16379\" aria-describedby=\"caption-attachment-16379\" style=\"width: 800px\" class=\"wp-caption alignnone\"><img loading=\"lazy\" decoding=\"async\" class=\"wp-image-16379 size-full\" title=\"Wholesale Bang 20000 Puffs Disposable Vape\" src=\"https:\/\/www.vapeswholesaler.com\/wp-content\/uploads\/2024\/06\/Wholesale-Bang-20000-Puffs-Disposable-Vape.webp\" alt=\"Wholesale Bang 20000 Puffs Disposable Vape\" width=\"800\" height=\"1301\" srcset=\"https:\/\/www.vapeswholesaler.com\/wp-content\/uploads\/2024\/06\/Wholesale-Bang-20000-Puffs-Disposable-Vape.webp 800w, https:\/\/www.vapeswholesaler.com\/wp-content\/uploads\/2024\/06\/Wholesale-Bang-20000-Puffs-Disposable-Vape-184x300.webp 184w, https:\/\/www.vapeswholesaler.com\/wp-content\/uploads\/2024\/06\/Wholesale-Bang-20000-Puffs-Disposable-Vape-630x1024.webp 630w, https:\/\/www.vapeswholesaler.com\/wp-content\/uploads\/2024\/06\/Wholesale-Bang-20000-Puffs-Disposable-Vape-768x1249.webp 768w, https:\/\/www.vapeswholesaler.com\/wp-content\/uploads\/2024\/06\/Wholesale-Bang-20000-Puffs-Disposable-Vape-7x12.webp 7w, https:\/\/www.vapeswholesaler.com\/wp-content\/uploads\/2024\/06\/Wholesale-Bang-20000-Puffs-Disposable-Vape-510x829.webp 510w\" sizes=\"auto, (max-width: 800px) 100vw, 800px\" \/><figcaption id=\"caption-attachment-16379\" class=\"wp-caption-text\">Wholesale Bang 20000 Puffs Disposable Vape<\/figcaption><\/figure>","protected":false},"excerpt":{"rendered":"<p>Quantit\u00e9 minimale de commande :\u00a0<strong>50pcs<\/strong>\u00a0(M\u00e9lange de saveurs)\u00a0\u00a0<strong>Livraison gratuite<\/strong><\/p>\n<p>\uff08<strong>0%\uff0c2%\uff0c3%\uff0c5%<\/strong><\/p>","protected":false},"featured_media":18535,"comment_status":"open","ping_status":"closed","template":"","meta":[],"product_cat":[15],"product_tag":[100,368,388],"class_list":{"0":"post-16380","1":"product","2":"type-product","3":"status-publish","4":"has-post-thumbnail","6":"product_cat-disposable-vape","7":"product_tag-20000-puffs","8":"product_tag-bang-king","9":"product_tag-bang","10":"product_brand-bang","12":"first","13":"instock","14":"shipping-taxable","15":"purchasable","16":"product-type-variable"},"aioseo_notices":[],"_links":{"self":[{"href":"https:\/\/www.vapeswholesaler.com\/fr\/wp-json\/wp\/v2\/product\/16380","targetHints":{"allow":["GET"]}}],"collection":[{"href":"https:\/\/www.vapeswholesaler.com\/fr\/wp-json\/wp\/v2\/product"}],"about":[{"href":"https:\/\/www.vapeswholesaler.com\/fr\/wp-json\/wp\/v2\/types\/product"}],"replies":[{"embeddable":true,"href":"https:\/\/www.vapeswholesaler.com\/fr\/wp-json\/wp\/v2\/comments?post=16380"}],"wp:featuredmedia":[{"embeddable":true,"href":"https:\/\/www.vapeswholesaler.com\/fr\/wp-json\/wp\/v2\/media\/18535"}],"wp:attachment":[{"href":"https:\/\/www.vapeswholesaler.com\/fr\/wp-json\/wp\/v2\/media?parent=16380"}],"wp:term":[{"taxonomy":"product_cat","embeddable":true,"href":"https:\/\/www.vapeswholesaler.com\/fr\/wp-json\/wp\/v2\/product_cat?post=16380"},{"taxonomy":"product_tag","embeddable":true,"href":"https:\/\/www.vapeswholesaler.com\/fr\/wp-json\/wp\/v2\/product_tag?post=16380"}],"curies":[{"name":"wp","href":"https:\/\/api.w.org\/{rel}","templated":true}]}}