{"id":16355,"date":"2024-06-14T15:23:10","date_gmt":"2024-06-14T07:23:10","guid":{"rendered":"https:\/\/www.vapeswholesaler.com\/?post_type=product&#038;p=16355"},"modified":"2025-03-05T14:43:20","modified_gmt":"2025-03-05T06:43:20","slug":"grossiste-lavie-eternal-10000-puffs-jetable-vape","status":"publish","type":"product","link":"https:\/\/www.vapeswholesaler.com\/fr\/produit\/grossiste-lavie-eternal-10000-puffs-jetable-vape","title":{"rendered":"Grossiste Lavie Eternal 10000 bouff\u00e9es Vape jetable"},"content":{"rendered":"<p>LAVIE ETERNAL 10000 est une vape rechargeable jetable au design moderne et novateur, tr\u00e8s professionnel. Il est dot\u00e9 d'un \u00e9cran qui affiche la puissance et le niveau de carburant. Son bo\u00eetier est enti\u00e8rement en m\u00e9tal et il est agr\u00e9able \u00e0 tenir en main. Nous avons \u00e9galement d\u00e9velopp\u00e9 12 saveurs merveilleuses sp\u00e9cifiquement bas\u00e9es sur cet appareil, avec une sensation de douceur et une saveur forte. La batterie est rechargeable et peut durer jusqu'\u00e0 10000 bouff\u00e9es.<\/p>\n<h2><strong>LAVIE ETERNEL 10000 bouff\u00e9es :<\/strong><\/h2>\n<ul>\n<li>Taille : 29,7*21,7*113,7mm<\/li>\n<li>Batterie : 550mAh<\/li>\n<li>Bouff\u00e9es : 10000 bouff\u00e9es<\/li>\n<li>Capacit\u00e9 du liquide : 18ml<\/li>\n<li>Sel Nic.2%,5%.OEM<\/li>\n<li>Poids net : 56g<\/li>\n<li>Poids brut : 65g<\/li>\n<li>Bobine de maille : Mesh 1.0\u03a9<\/li>\n<li>Mat\u00e9riau : Alliage d'aluminium+PCTG<\/li>\n<\/ul>\n<h2><strong>Saveurs disponibles :<\/strong><\/h2>\n<ol>\n<li>Caf\u00e9<\/li>\n<li>melon d'eau<\/li>\n<li>Raisin violet<\/li>\n<li>Double pomme<\/li>\n<li>Menthe<\/li>\n<li>Mangue<\/li>\n<li>Fruit de la passion<\/li>\n<li>Cola au citron<\/li>\n<li>Mojto<\/li>\n<li>Yakult<\/li>\n<li>Fraise Mangue<\/li>\n<li>Baies m\u00e9lang\u00e9es<\/li>\n<\/ol>\n<h2><strong>D\u00e9tails de l'emballage :<\/strong><\/h2>\n<p>10pcs\/ Med Box<br \/>\nMESURES : 375*260*278mm<br \/>\nQTY : 200 PCS\/ Carton<br \/>\nGW : 14KG<\/p>\n<figure id=\"attachment_16354\" aria-describedby=\"caption-attachment-16354\" style=\"width: 800px\" class=\"wp-caption alignnone\"><img loading=\"lazy\" decoding=\"async\" class=\"wp-image-16354 size-full\" title=\"Grossiste Lavie Eternal 10000 bouff\u00e9es Vape jetable\" src=\"https:\/\/www.vapeswholesaler.com\/wp-content\/uploads\/2024\/06\/Wholesale-Lavie-Eternal-10000-Puffs-Disposable-Vape.webp\" alt=\"Grossiste Lavie Eternal 10000 bouff\u00e9es Vape jetable\" width=\"800\" height=\"382\" srcset=\"https:\/\/www.vapeswholesaler.com\/wp-content\/uploads\/2024\/06\/Wholesale-Lavie-Eternal-10000-Puffs-Disposable-Vape.webp 800w, https:\/\/www.vapeswholesaler.com\/wp-content\/uploads\/2024\/06\/Wholesale-Lavie-Eternal-10000-Puffs-Disposable-Vape-300x143.webp 300w, https:\/\/www.vapeswholesaler.com\/wp-content\/uploads\/2024\/06\/Wholesale-Lavie-Eternal-10000-Puffs-Disposable-Vape-768x367.webp 768w, https:\/\/www.vapeswholesaler.com\/wp-content\/uploads\/2024\/06\/Wholesale-Lavie-Eternal-10000-Puffs-Disposable-Vape-18x9.webp 18w, https:\/\/www.vapeswholesaler.com\/wp-content\/uploads\/2024\/06\/Wholesale-Lavie-Eternal-10000-Puffs-Disposable-Vape-510x244.webp 510w\" sizes=\"auto, (max-width: 800px) 100vw, 800px\" \/><figcaption id=\"caption-attachment-16354\" class=\"wp-caption-text\">Grossiste Lavie Eternal 10000 bouff\u00e9es Vape jetable<\/figcaption><\/figure>\n<p>&nbsp;<\/p>","protected":false},"excerpt":{"rendered":"<p>Quantit\u00e9 minimale de commande :\u00a0<strong>50PCS<\/strong>\u00a0(M\u00e9lange de saveurs)\u00a0\u00a0<strong>Livraison gratuite<\/strong><\/p>\n<p>(<strong>2%, 5% Nic<\/strong>)<\/p>","protected":false},"featured_media":16352,"comment_status":"open","ping_status":"closed","template":"","meta":[],"product_cat":[15],"product_tag":[],"class_list":{"0":"post-16355","1":"product","2":"type-product","3":"status-publish","4":"has-post-thumbnail","6":"product_cat-disposable-vape","7":"product_brand-lavie","9":"first","10":"instock","11":"shipping-taxable","12":"purchasable","13":"product-type-variable","14":"has-default-attributes"},"aioseo_notices":[],"_links":{"self":[{"href":"https:\/\/www.vapeswholesaler.com\/fr\/wp-json\/wp\/v2\/product\/16355","targetHints":{"allow":["GET"]}}],"collection":[{"href":"https:\/\/www.vapeswholesaler.com\/fr\/wp-json\/wp\/v2\/product"}],"about":[{"href":"https:\/\/www.vapeswholesaler.com\/fr\/wp-json\/wp\/v2\/types\/product"}],"replies":[{"embeddable":true,"href":"https:\/\/www.vapeswholesaler.com\/fr\/wp-json\/wp\/v2\/comments?post=16355"}],"wp:featuredmedia":[{"embeddable":true,"href":"https:\/\/www.vapeswholesaler.com\/fr\/wp-json\/wp\/v2\/media\/16352"}],"wp:attachment":[{"href":"https:\/\/www.vapeswholesaler.com\/fr\/wp-json\/wp\/v2\/media?parent=16355"}],"wp:term":[{"taxonomy":"product_cat","embeddable":true,"href":"https:\/\/www.vapeswholesaler.com\/fr\/wp-json\/wp\/v2\/product_cat?post=16355"},{"taxonomy":"product_tag","embeddable":true,"href":"https:\/\/www.vapeswholesaler.com\/fr\/wp-json\/wp\/v2\/product_tag?post=16355"}],"curies":[{"name":"wp","href":"https:\/\/api.w.org\/{rel}","templated":true}]}}