{"id":16322,"date":"2024-06-14T14:48:06","date_gmt":"2024-06-14T06:48:06","guid":{"rendered":"https:\/\/www.vapeswholesaler.com\/?post_type=product&#038;p=16322"},"modified":"2025-03-12T19:19:44","modified_gmt":"2025-03-12T11:19:44","slug":"vente-en-gros-elf-bar-fs18000-puffs-disposable-vape","status":"publish","type":"product","link":"https:\/\/www.vapeswholesaler.com\/fr\/produit\/vente-en-gros-elf-bar-fs18000-puffs-disposable-vape","title":{"rendered":"Grossiste ELF BAR FS18000 Puffs Vape jetable"},"content":{"rendered":"<p><a href=\"https:\/\/www.vapeswholesaler.com\/fr\/marque_du_produit\/bar-des-elfes\/\">ELF BAR<\/a> La vapoteuse jetable FS18000 inaugure une nouvelle \u00e8re du vapotage avec ses modes r\u00e9glables innovants, son syst\u00e8me de bobines \u00e0 double maille et son interface utilisateur \u00e0 \u00e9cran plat. Vivez une exp\u00e9rience de vapotage comme jamais auparavant avec jusqu'\u00e0 18 000 bouff\u00e9es et une s\u00e9lection de 30 saveurs all\u00e9chantes.<\/p>\n<p>ELF BAR FS18000 Puff Vape jetable. Avec des modes r\u00e9glables, une double bobine et un \u00e9cran plat vibrant avec une interface utilisateur color\u00e9e, cette vape jetable offre une exp\u00e9rience de vapotage douce et savoureuse jusqu'\u00e0 18000 bouff\u00e9es.<\/p>\n<p>ELF BAR FS18000 Deux modes de vapotage : Choisissez entre le mode Boost pour une saveur intense et le mode Smooth pour un nombre de bouff\u00e9es plus important. Bobine Dual Mesh \u00e0 la pointe de la technologie : D\u00e9couvrez une vapeur riche et constante \u00e0 chaque bouff\u00e9e.<br \/>\n\u00c9cran plat convivial : Naviguez dans les param\u00e8tres et les pr\u00e9f\u00e9rences gr\u00e2ce \u00e0 une interface utilisateur intuitive et color\u00e9e.<br \/>\nIndicateurs en temps r\u00e9el : Restez inform\u00e9 gr\u00e2ce aux affichages clairs des niveaux de batterie et d'e-liquide.<br \/>\nUne grande vari\u00e9t\u00e9 d'ar\u00f4mes : Un \u00e9ventail de 30 saveurs diff\u00e9rentes, adapt\u00e9es \u00e0 tous les go\u00fbts.<\/p>\n<h2><strong>ELFBAR FS18000 Puffs :<\/strong><\/h2>\n<ul>\n<li>Batterie rechargeable int\u00e9gr\u00e9e<\/li>\n<li>Nombre de bouff\u00e9es : Environ 18000 (mode lisse)\/10000 bouff\u00e9es (mode Boost)<\/li>\n<li>E-Juice pr\u00e9-rempli<\/li>\n<li>Diff\u00e9rents modes de vaporisation : Mode Smooth\/Boost<\/li>\n<li>\u00c9cran plat avec interface utilisateur color\u00e9e<\/li>\n<li>Bobine \u00e0 double maille<\/li>\n<li>5%(50mg) Teneur en nicotine<\/li>\n<li>Chargement USB Type-C (non inclus)<\/li>\n<li>Dessin activ\u00e9<\/li>\n<li>MTL Vaping<\/li>\n<\/ul>\n<h2><strong>Saveurs disponibles :<\/strong><\/h2>\n<ol>\n<li>Glace \u00e0 la p\u00eache<\/li>\n<li>P\u00eache Baies<\/li>\n<li>Myrtille Framboise<\/li>\n<li>Past\u00e8que Citron<\/li>\n<li>M\u00fbre Canneberge<\/li>\n<li>Limonade \u00e0 la p\u00eache et \u00e0 la cerise<\/li>\n<li>Past\u00e8que \u00e0 l'orange<\/li>\n<li>Canneberge<\/li>\n<li>Menthe citronn\u00e9e<\/li>\n<li>Glace de raisin<\/li>\n<li>Gomme \u00e0 m\u00e2cher \u00e0 la past\u00e8que<\/li>\n<li>Double pomme<\/li>\n<li>Glace \u00e0 la past\u00e8que<\/li>\n<li>Glace au kiwi et \u00e0 l'ananas<\/li>\n<li>Raisin Cerise<\/li>\n<li>Pomogranate noix de coco<\/li>\n<li>Bluberry Razz Lemon<\/li>\n<li>Raisin Framboise<\/li>\n<li>Fraise Raisin<\/li>\n<\/ol>\n<h2>D\u00e9tails de l'emballage :<\/h2>\n<p>0.11KG\/PCS, Simple avec petit emballage<\/p>\n<p>10 pi\u00e8ces dans une bo\u00eete moyenne.<\/p>\n<p>200PCS en carton, 22KG.<\/p>\n<p>&nbsp;<\/p>\n<figure style=\"width: 800px\" class=\"wp-caption alignnone\"><img loading=\"lazy\" decoding=\"async\" class=\"wp-image-16319 size-full\" title=\"Grossiste ELF BAR FS18000 Puffs Vape jetable 5\" src=\"https:\/\/www.vapeswholesaler.com\/wp-content\/uploads\/2024\/06\/Wholesale-ELF-BAR-FS18000-Puffs-Disposable-Vape-5.webp\" alt=\"Grossiste ELF BAR FS18000 Puffs Vape jetable 5\" width=\"800\" height=\"800\" srcset=\"https:\/\/www.vapeswholesaler.com\/wp-content\/uploads\/2024\/06\/Wholesale-ELF-BAR-FS18000-Puffs-Disposable-Vape-5.webp 800w, https:\/\/www.vapeswholesaler.com\/wp-content\/uploads\/2024\/06\/Wholesale-ELF-BAR-FS18000-Puffs-Disposable-Vape-5-300x300.webp 300w, https:\/\/www.vapeswholesaler.com\/wp-content\/uploads\/2024\/06\/Wholesale-ELF-BAR-FS18000-Puffs-Disposable-Vape-5-150x150.webp 150w, https:\/\/www.vapeswholesaler.com\/wp-content\/uploads\/2024\/06\/Wholesale-ELF-BAR-FS18000-Puffs-Disposable-Vape-5-768x768.webp 768w, https:\/\/www.vapeswholesaler.com\/wp-content\/uploads\/2024\/06\/Wholesale-ELF-BAR-FS18000-Puffs-Disposable-Vape-5-12x12.webp 12w, https:\/\/www.vapeswholesaler.com\/wp-content\/uploads\/2024\/06\/Wholesale-ELF-BAR-FS18000-Puffs-Disposable-Vape-5-247x247.webp 247w, https:\/\/www.vapeswholesaler.com\/wp-content\/uploads\/2024\/06\/Wholesale-ELF-BAR-FS18000-Puffs-Disposable-Vape-5-510x510.webp 510w, https:\/\/www.vapeswholesaler.com\/wp-content\/uploads\/2024\/06\/Wholesale-ELF-BAR-FS18000-Puffs-Disposable-Vape-5-100x100.webp 100w\" sizes=\"auto, (max-width: 800px) 100vw, 800px\" \/><figcaption class=\"wp-caption-text\">Grossiste ELF BAR FS18000 Puffs Vape jetable<\/figcaption><\/figure>\n<p>&nbsp;<\/p>","protected":false},"excerpt":{"rendered":"<p>Quantit\u00e9 minimale de commande : <strong>5000<\/strong> PCS (m\u00e9lange d'ar\u00f4mes)\u00a0 <strong>Livraison gratuite<\/strong><\/p>\n<p>\uff08<strong>2%\uff0c5% Nic <\/strong>)<\/p>","protected":false},"featured_media":16315,"comment_status":"open","ping_status":"closed","template":"","meta":[],"product_cat":[15],"product_tag":[],"class_list":{"0":"post-16322","1":"product","2":"type-product","3":"status-publish","4":"has-post-thumbnail","6":"product_cat-disposable-vape","7":"product_brand-elf-bar","9":"first","10":"outofstock","11":"shipping-taxable","12":"purchasable","13":"product-type-variable","14":"has-default-attributes"},"aioseo_notices":[],"_links":{"self":[{"href":"https:\/\/www.vapeswholesaler.com\/fr\/wp-json\/wp\/v2\/product\/16322","targetHints":{"allow":["GET"]}}],"collection":[{"href":"https:\/\/www.vapeswholesaler.com\/fr\/wp-json\/wp\/v2\/product"}],"about":[{"href":"https:\/\/www.vapeswholesaler.com\/fr\/wp-json\/wp\/v2\/types\/product"}],"replies":[{"embeddable":true,"href":"https:\/\/www.vapeswholesaler.com\/fr\/wp-json\/wp\/v2\/comments?post=16322"}],"wp:featuredmedia":[{"embeddable":true,"href":"https:\/\/www.vapeswholesaler.com\/fr\/wp-json\/wp\/v2\/media\/16315"}],"wp:attachment":[{"href":"https:\/\/www.vapeswholesaler.com\/fr\/wp-json\/wp\/v2\/media?parent=16322"}],"wp:term":[{"taxonomy":"product_cat","embeddable":true,"href":"https:\/\/www.vapeswholesaler.com\/fr\/wp-json\/wp\/v2\/product_cat?post=16322"},{"taxonomy":"product_tag","embeddable":true,"href":"https:\/\/www.vapeswholesaler.com\/fr\/wp-json\/wp\/v2\/product_tag?post=16322"}],"curies":[{"name":"wp","href":"https:\/\/api.w.org\/{rel}","templated":true}]}}