{"id":16298,"date":"2024-06-14T12:30:09","date_gmt":"2024-06-14T04:30:09","guid":{"rendered":"https:\/\/www.vapeswholesaler.com\/?post_type=product&#038;p=16298"},"modified":"2025-02-23T16:15:41","modified_gmt":"2025-02-23T08:15:41","slug":"grossiste-geekbar-pulse-x-25000-puffs-jetable-vape","status":"publish","type":"product","link":"https:\/\/www.vapeswholesaler.com\/fr\/produit\/grossiste-geekbar-pulse-x-25000-puffs-jetable-vape","title":{"rendered":"Grossiste Geekbar Pulse x 25000 Puffs jetable vape"},"content":{"rendered":"<p>Geek Bar Pulse X 25000 Puffs Vape jetable est con\u00e7u pour les vapoteurs qui exigent l'excellence en mati\u00e8re de saveur, de technologie et de commodit\u00e9. Que ce soit \u00e0 la maison, au travail ou en d\u00e9placement, le Pulse X est votre compagnon id\u00e9al, offrant une exp\u00e9rience de vapotage raffin\u00e9e et in\u00e9gal\u00e9e. Savourez les saveurs riches et les performances de pointe de la Geek Bar Pulse X, votre porte d'entr\u00e9e vers l'exp\u00e9rience de vapotage ultime.<\/p>\n<p>Deux modes de vapotage : S\u00e9lectionnez le mode r\u00e9gulier pour une exp\u00e9rience r\u00e9guli\u00e8re et durable jusqu'\u00e0 25 000 bouff\u00e9es, ou passez au mode puls\u00e9 pour un voyage de saveurs vibrantes et intenses avec 15 000 bouff\u00e9es.<\/p>\n<p>Un taux de nicotine \u00e9lev\u00e9 : Avec un taux de nicotine de 5%, le Geek Bar Pulse X d\u00e9livre des bouff\u00e9es satisfaisantes, id\u00e9ales pour ceux qui recherchent une exp\u00e9rience nicotinique intense. Bobine Dual Mesh avanc\u00e9e : Une saveur constante et une production de vapeur impressionnante sont garanties tout au long de la dur\u00e9e de vie de l'appareil.<\/p>\n<h2><strong><a href=\"https:\/\/www.vapeswholesaler.com\/fr\/marque_du_produit\/geekbar\/\">Geek Bar<\/a> Pulse X 25000 Puffs:<\/strong><\/h2>\n<ul>\n<li>Batterie rechargeable Type-C de 820mAh<\/li>\n<li>\u00c9cran 3D incurv\u00e9 - Niveau de batterie, mode de vapotage, niveau d'e-liquide<\/li>\n<li>Deux modes de vaporisation, diff\u00e9rents nombres de bouff\u00e9es<\/li>\n<li>- Mode normal - Environ 25 000 bouff\u00e9es<\/li>\n<li>- Mode puls\u00e9 - Environ 15 000 bouff\u00e9es<\/li>\n<li>5% (50MG) Nicotine<\/li>\n<li>R\u00e9servoir pr\u00e9-rempli de 18 ml<\/li>\n<li>Bobine \u00e0 double maille<\/li>\n<li>Technologie d'affichage avanc\u00e9e - Starry UI<\/li>\n<li>Chargement plus rapide<\/li>\n<li>Charge \u00e0 1,5A<\/li>\n<li>Plage de tension 5-20V<\/li>\n<li>Chauffage \u00e0 double c\u0153ur<\/li>\n<\/ul>\n<h2><strong>Saveurs disponibles :<\/strong><\/h2>\n<ol>\n<li>B-Pop aux fraises<\/li>\n<li>Glace \u00e0 la past\u00e8que<\/li>\n<li>Glace \u00e0 la pomme acide<\/li>\n<li>Banana Taffy Freeze<\/li>\n<li>T\u00eates de citron<\/li>\n<li>Glace Blue Razz<\/li>\n<li>Mangue acide Ananas<\/li>\n<li>Lime Berry Orange<\/li>\n<li>Monnaie de Miami<\/li>\n<li>Rafra\u00eechissement au pamplemousse<\/li>\n<li>Sour Fcuking Fab<\/li>\n<li>Rancher bleu<\/li>\n<li>Framboise P\u00eache Citron vert<\/li>\n<li>Orange Fcuking Fab<\/li>\n<li>Blackberry B-Pop<\/li>\n<\/ol>\n<h2><strong>D\u00e9tails de l'emballage :<\/strong><\/h2>\n<p>0.11KG\/PCS, Simple avec petit emballage<\/p>\n<p>10 pi\u00e8ces dans une bo\u00eete moyenne.<\/p>\n<p>200PCS en carton, 22KG.<\/p>\n<p>&nbsp;<\/p>\n<figure id=\"attachment_16293\" aria-describedby=\"caption-attachment-16293\" style=\"width: 800px\" class=\"wp-caption alignnone\"><img loading=\"lazy\" decoding=\"async\" class=\"wp-image-16293 size-full\" title=\"Wholesale Geekbar Pulse x 25000 Puffs\" src=\"https:\/\/www.vapeswholesaler.com\/wp-content\/uploads\/2024\/06\/Wholesale-Geekbar-Pulse-x-25000-Puffs.webp\" alt=\"Wholesale Geekbar Pulse x 25000 Puffs\" width=\"800\" height=\"800\" srcset=\"https:\/\/www.vapeswholesaler.com\/wp-content\/uploads\/2024\/06\/Wholesale-Geekbar-Pulse-x-25000-Puffs.webp 800w, https:\/\/www.vapeswholesaler.com\/wp-content\/uploads\/2024\/06\/Wholesale-Geekbar-Pulse-x-25000-Puffs-300x300.webp 300w, https:\/\/www.vapeswholesaler.com\/wp-content\/uploads\/2024\/06\/Wholesale-Geekbar-Pulse-x-25000-Puffs-150x150.webp 150w, https:\/\/www.vapeswholesaler.com\/wp-content\/uploads\/2024\/06\/Wholesale-Geekbar-Pulse-x-25000-Puffs-768x768.webp 768w, https:\/\/www.vapeswholesaler.com\/wp-content\/uploads\/2024\/06\/Wholesale-Geekbar-Pulse-x-25000-Puffs-12x12.webp 12w, https:\/\/www.vapeswholesaler.com\/wp-content\/uploads\/2024\/06\/Wholesale-Geekbar-Pulse-x-25000-Puffs-247x247.webp 247w, https:\/\/www.vapeswholesaler.com\/wp-content\/uploads\/2024\/06\/Wholesale-Geekbar-Pulse-x-25000-Puffs-510x510.webp 510w, https:\/\/www.vapeswholesaler.com\/wp-content\/uploads\/2024\/06\/Wholesale-Geekbar-Pulse-x-25000-Puffs-100x100.webp 100w\" sizes=\"auto, (max-width: 800px) 100vw, 800px\" \/><figcaption id=\"caption-attachment-16293\" class=\"wp-caption-text\">Wholesale Geekbar Pulse x 25000 Puffs<\/figcaption><\/figure>","protected":false},"excerpt":{"rendered":"<p>Quantit\u00e9 minimale de commande : <em><strong>10000<\/strong><\/em> PCS (m\u00e9lange d'ar\u00f4mes)\u00a0 \u00a0<strong>Livraison gratuite<\/strong><\/p>\n<p>\uff08<strong>2%\uff0c5% Nic <\/strong>)<\/p>","protected":false},"featured_media":16293,"comment_status":"open","ping_status":"closed","template":"","meta":[],"product_cat":[15],"product_tag":[],"class_list":{"0":"post-16298","1":"product","2":"type-product","3":"status-publish","4":"has-post-thumbnail","6":"product_cat-disposable-vape","7":"product_brand-geekbar","9":"first","10":"instock","11":"shipping-taxable","12":"purchasable","13":"product-type-variable","14":"has-default-attributes"},"aioseo_notices":[],"_links":{"self":[{"href":"https:\/\/www.vapeswholesaler.com\/fr\/wp-json\/wp\/v2\/product\/16298","targetHints":{"allow":["GET"]}}],"collection":[{"href":"https:\/\/www.vapeswholesaler.com\/fr\/wp-json\/wp\/v2\/product"}],"about":[{"href":"https:\/\/www.vapeswholesaler.com\/fr\/wp-json\/wp\/v2\/types\/product"}],"replies":[{"embeddable":true,"href":"https:\/\/www.vapeswholesaler.com\/fr\/wp-json\/wp\/v2\/comments?post=16298"}],"wp:featuredmedia":[{"embeddable":true,"href":"https:\/\/www.vapeswholesaler.com\/fr\/wp-json\/wp\/v2\/media\/16293"}],"wp:attachment":[{"href":"https:\/\/www.vapeswholesaler.com\/fr\/wp-json\/wp\/v2\/media?parent=16298"}],"wp:term":[{"taxonomy":"product_cat","embeddable":true,"href":"https:\/\/www.vapeswholesaler.com\/fr\/wp-json\/wp\/v2\/product_cat?post=16298"},{"taxonomy":"product_tag","embeddable":true,"href":"https:\/\/www.vapeswholesaler.com\/fr\/wp-json\/wp\/v2\/product_tag?post=16298"}],"curies":[{"name":"wp","href":"https:\/\/api.w.org\/{rel}","templated":true}]}}