{"id":16235,"date":"2024-06-13T22:41:56","date_gmt":"2024-06-13T14:41:56","guid":{"rendered":"https:\/\/www.vapeswholesaler.com\/?post_type=product&#038;p=16235"},"modified":"2025-03-05T14:45:47","modified_gmt":"2025-03-05T06:45:47","slug":"grossiste-lavie-cube-20000-puffs-jetable-vape","status":"publish","type":"product","link":"https:\/\/www.vapeswholesaler.com\/fr\/produit\/grossiste-lavie-cube-20000-puffs-jetable-vape","title":{"rendered":"Grossiste Lavie Cube 20000 bouff\u00e9es Vape jetable"},"content":{"rendered":"<p>Lavie Cube 20000 est un dispositif de vape jetable \u00e9quip\u00e9 d'un affichage du niveau de la batterie et de l'ejuice. Il est \u00e9quip\u00e9 d'une batterie haute performance de 600mAh qui garantit une longue dur\u00e9e de vie, vous permettant de profiter de la vape sans avoir \u00e0 la recharger fr\u00e9quemment. En m\u00eame temps, la capacit\u00e9 de son r\u00e9servoir de 28 ml garantit un temps de fumage prolong\u00e9 pour que vous puissiez en profiter au maximum. Lavie Cube 20000 offre \u00e9galement une vari\u00e9t\u00e9 d'options de teneur en nicotine de 2%\/5% pour r\u00e9pondre aux besoins de tous les types de fumeurs. Leur s\u00e9lection d'ar\u00f4mes est tout aussi impressionnante, avec 16 ar\u00f4mes classiques et rafra\u00eechissants, du tabac traditionnel aux m\u00e9langes fruit\u00e9s, garantissant qu'il y en a pour tous les go\u00fbts.<\/p>\n<h2><strong>Lavie Cube 20000 Puffs :<\/strong><\/h2>\n<ul>\n<li>Taille : 112*40*17.5mm<\/li>\n<li>Batterie : 600mAh<\/li>\n<li>Bouff\u00e9es : 20000 bouff\u00e9es<\/li>\n<li>Capacit\u00e9 du liquide : 28ml<\/li>\n<li>Sel Nic.2%,5%.OEM<\/li>\n<li>Poids net : 74g<\/li>\n<li>Bobine en maille : Bobine \u00e0 double maille<\/li>\n<li>Mat\u00e9riau : PC, METAL<\/li>\n<li>R\u00e9sistance : 1.0\u03a9<\/li>\n<li>Type:\u00e9cran d'affichage<\/li>\n<\/ul>\n<h2><strong>Saveurs disponibles :<\/strong><\/h2>\n<ol>\n<li>Glace \u00e0 la fraise et au kiwi<\/li>\n<li>Aloe vera glace au raisin<\/li>\n<li>Fraise-melon d'eau<\/li>\n<li>Glace aux m\u00fbres et aux cerises<\/li>\n<li>Glace de raisin<\/li>\n<li>Glace \u00e0 la menthe<\/li>\n<li>Bacco<\/li>\n<li>Monstre de mangue<\/li>\n<li>Myrtille framboise raisin<\/li>\n<li>Fruit de la passion kiwi goyave<\/li>\n<li>Double pomme<\/li>\n<li>Cola au citron<\/li>\n<li>Glace au litchi et \u00e0 la fraise<\/li>\n<li>Glace \u00e0 la past\u00e8que<\/li>\n<li>Myrtille framboise bubblegum<\/li>\n<li>Glace au taro<\/li>\n<\/ol>\n<h2><strong>D\u00e9tails de l'emballage :<\/strong><\/h2>\n<p>Taille du carton : 645*378*230mm<br \/>\nPoids de l'emballage :<br \/>\nN\/W:14.6KG<br \/>\nG\/W:18KG<br \/>\nQuantit\u00e9 : 200PCS\/carton<\/p>\n<figure id=\"attachment_16234\" aria-describedby=\"caption-attachment-16234\" style=\"width: 800px\" class=\"wp-caption alignnone\"><img loading=\"lazy\" decoding=\"async\" class=\"wp-image-16234 size-full\" title=\"Grossiste Lavie Cube 20000 bouff\u00e9es Vape jetable\" src=\"https:\/\/www.vapeswholesaler.com\/wp-content\/uploads\/2024\/06\/Wholesale-Lavie-Cube-20000-Puffs-Disposable-Vape.webp\" alt=\"Grossiste Lavie Cube 20000 bouff\u00e9es Vape jetable\" width=\"800\" height=\"550\" srcset=\"https:\/\/www.vapeswholesaler.com\/wp-content\/uploads\/2024\/06\/Wholesale-Lavie-Cube-20000-Puffs-Disposable-Vape.webp 800w, https:\/\/www.vapeswholesaler.com\/wp-content\/uploads\/2024\/06\/Wholesale-Lavie-Cube-20000-Puffs-Disposable-Vape-300x206.webp 300w, https:\/\/www.vapeswholesaler.com\/wp-content\/uploads\/2024\/06\/Wholesale-Lavie-Cube-20000-Puffs-Disposable-Vape-768x528.webp 768w, https:\/\/www.vapeswholesaler.com\/wp-content\/uploads\/2024\/06\/Wholesale-Lavie-Cube-20000-Puffs-Disposable-Vape-18x12.webp 18w, https:\/\/www.vapeswholesaler.com\/wp-content\/uploads\/2024\/06\/Wholesale-Lavie-Cube-20000-Puffs-Disposable-Vape-510x351.webp 510w\" sizes=\"auto, (max-width: 800px) 100vw, 800px\" \/><figcaption id=\"caption-attachment-16234\" class=\"wp-caption-text\">Grossiste Lavie Cube 20000 bouff\u00e9es Vape jetable<\/figcaption><\/figure>","protected":false},"excerpt":{"rendered":"<p>Quantit\u00e9 minimale de commande :\u00a0<strong>50 PCS<\/strong>\u00a0(M\u00e9lange de saveurs)\u00a0\u00a0<strong>Livraison gratuite<\/strong><\/p>\n<p>(<strong>2%, 5% Nic<\/strong>)<\/p>","protected":false},"featured_media":16233,"comment_status":"open","ping_status":"closed","template":"","meta":[],"product_cat":[15],"product_tag":[],"class_list":{"0":"post-16235","1":"product","2":"type-product","3":"status-publish","4":"has-post-thumbnail","6":"product_cat-disposable-vape","7":"product_brand-lavie","9":"first","10":"instock","11":"shipping-taxable","12":"purchasable","13":"product-type-variable","14":"has-default-attributes"},"aioseo_notices":[],"_links":{"self":[{"href":"https:\/\/www.vapeswholesaler.com\/fr\/wp-json\/wp\/v2\/product\/16235","targetHints":{"allow":["GET"]}}],"collection":[{"href":"https:\/\/www.vapeswholesaler.com\/fr\/wp-json\/wp\/v2\/product"}],"about":[{"href":"https:\/\/www.vapeswholesaler.com\/fr\/wp-json\/wp\/v2\/types\/product"}],"replies":[{"embeddable":true,"href":"https:\/\/www.vapeswholesaler.com\/fr\/wp-json\/wp\/v2\/comments?post=16235"}],"wp:featuredmedia":[{"embeddable":true,"href":"https:\/\/www.vapeswholesaler.com\/fr\/wp-json\/wp\/v2\/media\/16233"}],"wp:attachment":[{"href":"https:\/\/www.vapeswholesaler.com\/fr\/wp-json\/wp\/v2\/media?parent=16235"}],"wp:term":[{"taxonomy":"product_cat","embeddable":true,"href":"https:\/\/www.vapeswholesaler.com\/fr\/wp-json\/wp\/v2\/product_cat?post=16235"},{"taxonomy":"product_tag","embeddable":true,"href":"https:\/\/www.vapeswholesaler.com\/fr\/wp-json\/wp\/v2\/product_tag?post=16235"}],"curies":[{"name":"wp","href":"https:\/\/api.w.org\/{rel}","templated":true}]}}