{"id":16060,"date":"2024-06-12T18:07:14","date_gmt":"2024-06-12T10:07:14","guid":{"rendered":"https:\/\/www.vapeswholesaler.com\/?post_type=product&#038;p=16060"},"modified":"2025-03-18T14:28:47","modified_gmt":"2025-03-18T06:28:47","slug":"grossiste-bang-25000-puffs-jetable-vape","status":"publish","type":"product","link":"https:\/\/www.vapeswholesaler.com\/fr\/produit\/grossiste-bang-25000-puffs-jetable-vape","title":{"rendered":"Wholesale Bang 25000 Puffs Vape jetable"},"content":{"rendered":"<p><a href=\"https:\/\/www.vapeswholesaler.com\/fr\/marque_du_produit\/coup\/\">Bang<\/a> 25000 Puffs est une vape jetable, c'est aussi un appareil de haut niveau con\u00e7u pour une exp\u00e9rience de vapotage exceptionnelle. Il est livr\u00e9 avec 30ml d'eliquide et une bobine de 1.0ohm, choisissez entre 0%, 2%, 3% ou 5% de concentration de nicotine pour r\u00e9pondre \u00e0 vos pr\u00e9f\u00e9rences et besoins personnels. Le Bang 25000 bouff\u00e9es Avec une dur\u00e9e de vie impressionnante de 25000 bouff\u00e9es, cette vape jetable offre une long\u00e9vit\u00e9 et une commodit\u00e9 in\u00e9gal\u00e9es.<\/p>\n<p>Notre appareil est aliment\u00e9 par une batterie fiable de 650mAh, qui garantit des performances constantes tout au long de sa dur\u00e9e de vie. La fonction rechargeable Type-C assure une charge rapide et efficace, minimisant ainsi les temps d'arr\u00eat. Un \u00e9cran num\u00e9rique LCD avanc\u00e9 vous informe de l'autonomie de la batterie et des niveaux d'e-liquide, offrant une exp\u00e9rience transparente et conviviale.<\/p>\n<p>La Vape jetable est con\u00e7ue pour les d\u00e9butants et les vapoteurs exp\u00e9riment\u00e9s. Elle combine une grande capacit\u00e9, une facilit\u00e9 d'utilisation et une technologie avanc\u00e9e. Son exceptionnelle diffusion d'ar\u00f4mes et sa conception conviviale en font un choix de premier ordre sur le march\u00e9 du vapotage.<\/p>\n<h2><strong><a href=\"https:\/\/www.facebook.com\/fred.luo.58\/\">Bang<\/a> 25000 bouff\u00e9es de vapeur jetables D\u00e9tails :<\/strong><\/h2>\n<ul>\n<li>Bouff\u00e9es : Jusqu'\u00e0 26000 bouff\u00e9es Double mode<\/li>\n<li>Liquide : 30 ml pr\u00e9-rempli<\/li>\n<li>Nicotine : 0% 2% 3% 5%<\/li>\n<li>Noyau : 1.0 &amp; 1.0 double maille<\/li>\n<li>Batterie : 650 mAh rechargeable type-c<\/li>\n<li>Mode de livraison : DHL<\/li>\n<li>10 pi\u00e8ces\/bo\u00eete<\/li>\n<li>1 caisse\/200pcs(22 KG)<\/li>\n<\/ul>\n<h2><strong>Saveurs disponibles :<\/strong><\/h2>\n<ol>\n<li>Myrtille Framboise<\/li>\n<li>Myrtille Menthe<\/li>\n<li>M\u00e9lange de fruits<\/li>\n<li>Past\u00e8que \u00e0 la fraise<\/li>\n<li>Glace de raisin<\/li>\n<li>Glace aux myrtilles<\/li>\n<li>Gomme melon d'eau<\/li>\n<li>Sang de tigre<\/li>\n<li>Fraise Kiwi<\/li>\n<li>Glace \u00e0 la past\u00e8que<\/li>\n<li>Glace \u00e0 la fraise<\/li>\n<li>Mangue P\u00eache<\/li>\n<\/ol>\n<h2><strong>D\u00e9tails de l'emballage :<\/strong><\/h2>\n<p>Pi\u00e8ce unique avec emballage de bonbons<br \/>\nChaque bo\u00eete contient 10 pi\u00e8ces<br \/>\nChaque carton contient 200 pi\u00e8ces<\/p>\n<figure id=\"attachment_16046\" aria-describedby=\"caption-attachment-16046\" style=\"width: 800px\" class=\"wp-caption alignnone\"><img loading=\"lazy\" decoding=\"async\" class=\"wp-image-16046 size-full\" title=\"Grossiste Bang 25000 bouff\u00e9es Vape jetable 4\" src=\"https:\/\/www.vapeswholesaler.com\/wp-content\/uploads\/2024\/06\/Wholesale-Bang-25000-Puffs-Disposable-Vape-4.webp\" alt=\"Grossiste Bang 25000 bouff\u00e9es Vape jetable 4\" width=\"800\" height=\"1321\" srcset=\"https:\/\/www.vapeswholesaler.com\/wp-content\/uploads\/2024\/06\/Wholesale-Bang-25000-Puffs-Disposable-Vape-4.webp 800w, https:\/\/www.vapeswholesaler.com\/wp-content\/uploads\/2024\/06\/Wholesale-Bang-25000-Puffs-Disposable-Vape-4-182x300.webp 182w, https:\/\/www.vapeswholesaler.com\/wp-content\/uploads\/2024\/06\/Wholesale-Bang-25000-Puffs-Disposable-Vape-4-620x1024.webp 620w, https:\/\/www.vapeswholesaler.com\/wp-content\/uploads\/2024\/06\/Wholesale-Bang-25000-Puffs-Disposable-Vape-4-768x1268.webp 768w, https:\/\/www.vapeswholesaler.com\/wp-content\/uploads\/2024\/06\/Wholesale-Bang-25000-Puffs-Disposable-Vape-4-7x12.webp 7w, https:\/\/www.vapeswholesaler.com\/wp-content\/uploads\/2024\/06\/Wholesale-Bang-25000-Puffs-Disposable-Vape-4-510x842.webp 510w\" sizes=\"auto, (max-width: 800px) 100vw, 800px\" \/><figcaption id=\"caption-attachment-16046\" class=\"wp-caption-text\">Wholesale Bang 25000 Puffs Vape jetable<\/figcaption><\/figure>","protected":false},"excerpt":{"rendered":"<p>Quantit\u00e9 minimale de commande :\u00a0<strong>50pcs<\/strong>\u00a0(M\u00e9lange de saveurs)\u00a0\u00a0<strong>Livraison gratuite<\/strong><\/p>\n<p>\uff08<strong>0%\uff0c2%\uff0c3%\uff0c5%<\/strong>\uff09<\/p>","protected":false},"featured_media":16059,"comment_status":"open","ping_status":"closed","template":"","meta":[],"product_cat":[15],"product_tag":[368,376,388],"class_list":{"0":"post-16060","1":"product","2":"type-product","3":"status-publish","4":"has-post-thumbnail","6":"product_cat-disposable-vape","7":"product_tag-bang-king","8":"product_tag-25000-puffs","9":"product_tag-bang","10":"product_brand-bang","12":"first","13":"instock","14":"shipping-taxable","15":"purchasable","16":"product-type-variable","17":"has-default-attributes"},"aioseo_notices":[],"_links":{"self":[{"href":"https:\/\/www.vapeswholesaler.com\/fr\/wp-json\/wp\/v2\/product\/16060","targetHints":{"allow":["GET"]}}],"collection":[{"href":"https:\/\/www.vapeswholesaler.com\/fr\/wp-json\/wp\/v2\/product"}],"about":[{"href":"https:\/\/www.vapeswholesaler.com\/fr\/wp-json\/wp\/v2\/types\/product"}],"replies":[{"embeddable":true,"href":"https:\/\/www.vapeswholesaler.com\/fr\/wp-json\/wp\/v2\/comments?post=16060"}],"wp:featuredmedia":[{"embeddable":true,"href":"https:\/\/www.vapeswholesaler.com\/fr\/wp-json\/wp\/v2\/media\/16059"}],"wp:attachment":[{"href":"https:\/\/www.vapeswholesaler.com\/fr\/wp-json\/wp\/v2\/media?parent=16060"}],"wp:term":[{"taxonomy":"product_cat","embeddable":true,"href":"https:\/\/www.vapeswholesaler.com\/fr\/wp-json\/wp\/v2\/product_cat?post=16060"},{"taxonomy":"product_tag","embeddable":true,"href":"https:\/\/www.vapeswholesaler.com\/fr\/wp-json\/wp\/v2\/product_tag?post=16060"}],"curies":[{"name":"wp","href":"https:\/\/api.w.org\/{rel}","templated":true}]}}