{"id":15832,"date":"2024-06-11T16:18:06","date_gmt":"2024-06-11T08:18:06","guid":{"rendered":"https:\/\/www.vapeswholesaler.com\/?post_type=product&#038;p=15832"},"modified":"2025-11-19T17:55:49","modified_gmt":"2025-11-19T09:55:49","slug":"aivono-aim-freak-13000-puffs-jetable-vape-wholesale","status":"publish","type":"product","link":"https:\/\/www.vapeswholesaler.com\/fr\/produit\/aivono-aim-freak-13000-puffs-jetable-vape-wholesale","title":{"rendered":"Aivono Aim Freak 13000 bouff\u00e9es Vape jetable Wholesale"},"content":{"rendered":"<p><a href=\"https:\/\/www.vapeswholesaler.com\/fr\/marque_du_produit\/aivono\/\">Aivono<\/a> Aim Freak 13000 Puffs - un dispositif de vapotage puissant qui offre une capacit\u00e9 stup\u00e9fiante de 13000 bouff\u00e9es. Avec son \u00e9cran LED indiquant l'autonomie restante de la batterie et le niveau de liquide, ainsi qu'une large gamme d'ar\u00f4mes \u00e0 choisir, cet appareil offre une exp\u00e9rience de vapotage in\u00e9gal\u00e9e. Pr\u00e9parez-vous \u00e0 lib\u00e9rer tout le potentiel de la vape avec l'Aim Freak 13000 Puffs et profitez d'une satisfaction durable avec style.<\/p>\n<h2>Aivono Aim Freak 13000 Informations sur le produit :<\/h2>\n<p>1. Nombre de bouches : 13000<br \/>\n2. Capacit\u00e9 de l'huile de fum\u00e9e : 20 ml<br \/>\n3. Cellule : Cellule au cobalt pur 13350<br \/>\n4. Capacit\u00e9 de la batterie : 500mA (rechargeable)<br \/>\n5. Valeur de r\u00e9sistance du fil chauffant : 1,0 \u03a9 maille de l'\u00e2me<br \/>\n6. Taille du produit : 43 * 110mm<br \/>\n7. Support OEM\/ODM<br \/>\n8. Teneur en sel de nicotine : 5%\/3%\/2%\/0%<br \/>\n9. Rechargeable : Interface de type C<\/p>\n<p>Fonction d'utilisation : Couleur<br \/>\n\u00c9cran d'affichage : peut afficher le niveau de la batterie, le contenu en carburant et en huile<\/p>\n<h2>Sp\u00e9cifications du produit :<\/h2>\n<p>Poids unique : 85g<br \/>\nTaille de la petite bo\u00eete : 55 * 100 * 30mm<br \/>\nGrande bo\u00eete : 113 * 113 * 155mm<br \/>\nBo\u00eete standard de 200 pi\u00e8ces\/bo\u00eete :<br \/>\nDimensions de la bo\u00eete : 58 * 35 * 35 cm<br \/>\nPoids d'une bo\u00eete : 18 kilogrammes<\/p>\n<h2>Liste des saveurs :<\/h2>\n<p>Glace Blue Razz<br \/>\nGlace \u00e0 la fraise<br \/>\nGlace \u00e0 la past\u00e8que<br \/>\nJus de fruits \u00e0 la p\u00eache<br \/>\nFraise Kiwi<br \/>\nLush Bubble Gum<br \/>\nGlace \u00e0 l'ananas et \u00e0 la noix de coco<br \/>\nLimonade rose<br \/>\nAnanas Mangue P\u00eache<br \/>\nRaisin Groseille<\/p>\n<p><img loading=\"lazy\" decoding=\"async\" class=\"alignnone wp-image-15844 size-full\" title=\"AIVINO Aim Freak 13000 jetable 1\" src=\"https:\/\/www.vapeswholesaler.com\/wp-content\/uploads\/2024\/06\/AIVINO-Aim-Freak-13000-Disposable-1.jpg\" alt=\"AIVINO Aim Freak 13000 jetable 1\" width=\"800\" height=\"650\" srcset=\"https:\/\/www.vapeswholesaler.com\/wp-content\/uploads\/2024\/06\/AIVINO-Aim-Freak-13000-Disposable-1.jpg 800w, https:\/\/www.vapeswholesaler.com\/wp-content\/uploads\/2024\/06\/AIVINO-Aim-Freak-13000-Disposable-1-300x244.jpg 300w, https:\/\/www.vapeswholesaler.com\/wp-content\/uploads\/2024\/06\/AIVINO-Aim-Freak-13000-Disposable-1-768x624.jpg 768w, https:\/\/www.vapeswholesaler.com\/wp-content\/uploads\/2024\/06\/AIVINO-Aim-Freak-13000-Disposable-1-15x12.jpg 15w, https:\/\/www.vapeswholesaler.com\/wp-content\/uploads\/2024\/06\/AIVINO-Aim-Freak-13000-Disposable-1-510x414.jpg 510w\" sizes=\"auto, (max-width: 800px) 100vw, 800px\" \/>\u00a0<img loading=\"lazy\" decoding=\"async\" class=\"alignnone wp-image-15851 size-full\" title=\"AIVINO Aim Freak 13000 jetable 2\" src=\"https:\/\/www.vapeswholesaler.com\/wp-content\/uploads\/2024\/06\/AIVINO-Aim-Freak-13000-Disposable-2.jpg\" alt=\"AIVINO Aim Freak 13000 jetable 2\" width=\"800\" height=\"1000\" srcset=\"https:\/\/www.vapeswholesaler.com\/wp-content\/uploads\/2024\/06\/AIVINO-Aim-Freak-13000-Disposable-2.jpg 800w, https:\/\/www.vapeswholesaler.com\/wp-content\/uploads\/2024\/06\/AIVINO-Aim-Freak-13000-Disposable-2-240x300.jpg 240w, https:\/\/www.vapeswholesaler.com\/wp-content\/uploads\/2024\/06\/AIVINO-Aim-Freak-13000-Disposable-2-768x960.jpg 768w, https:\/\/www.vapeswholesaler.com\/wp-content\/uploads\/2024\/06\/AIVINO-Aim-Freak-13000-Disposable-2-10x12.jpg 10w, https:\/\/www.vapeswholesaler.com\/wp-content\/uploads\/2024\/06\/AIVINO-Aim-Freak-13000-Disposable-2-510x638.jpg 510w\" sizes=\"auto, (max-width: 800px) 100vw, 800px\" \/><\/p>","protected":false},"excerpt":{"rendered":"<p>Quantit\u00e9 minimale de commande :\u00a0<strong>50PCS<\/strong>\u00a0(M\u00e9lange de saveurs)\u00a0\u00a0<strong>Livraison gratuite<\/strong><\/p>\n<p>(<strong>2%, 5% Nic<\/strong>)<\/p>","protected":false},"featured_media":15852,"comment_status":"open","ping_status":"closed","template":"","meta":[],"product_cat":[15],"product_tag":[47,48,49,50],"class_list":{"0":"post-15832","1":"product","2":"type-product","3":"status-publish","4":"has-post-thumbnail","6":"product_cat-disposable-vape","7":"product_tag-13000-puffs","8":"product_tag-aim-freak-13000","9":"product_tag-aivono","10":"product_tag-disposable-wholesale","11":"product_brand-aivono","13":"first","14":"instock","15":"shipping-taxable","16":"purchasable","17":"product-type-variable","18":"has-default-attributes"},"aioseo_notices":[],"_links":{"self":[{"href":"https:\/\/www.vapeswholesaler.com\/fr\/wp-json\/wp\/v2\/product\/15832","targetHints":{"allow":["GET"]}}],"collection":[{"href":"https:\/\/www.vapeswholesaler.com\/fr\/wp-json\/wp\/v2\/product"}],"about":[{"href":"https:\/\/www.vapeswholesaler.com\/fr\/wp-json\/wp\/v2\/types\/product"}],"replies":[{"embeddable":true,"href":"https:\/\/www.vapeswholesaler.com\/fr\/wp-json\/wp\/v2\/comments?post=15832"}],"wp:featuredmedia":[{"embeddable":true,"href":"https:\/\/www.vapeswholesaler.com\/fr\/wp-json\/wp\/v2\/media\/15852"}],"wp:attachment":[{"href":"https:\/\/www.vapeswholesaler.com\/fr\/wp-json\/wp\/v2\/media?parent=15832"}],"wp:term":[{"taxonomy":"product_cat","embeddable":true,"href":"https:\/\/www.vapeswholesaler.com\/fr\/wp-json\/wp\/v2\/product_cat?post=15832"},{"taxonomy":"product_tag","embeddable":true,"href":"https:\/\/www.vapeswholesaler.com\/fr\/wp-json\/wp\/v2\/product_tag?post=15832"}],"curies":[{"name":"wp","href":"https:\/\/api.w.org\/{rel}","templated":true}]}}