{"id":15736,"date":"2024-06-10T15:49:51","date_gmt":"2024-06-10T07:49:51","guid":{"rendered":"https:\/\/www.vapeswholesaler.com\/?post_type=product&#038;p=15736"},"modified":"2025-03-18T14:43:31","modified_gmt":"2025-03-18T06:43:31","slug":"bang-bc5000-jetable-vape-wholesale","status":"publish","type":"product","link":"https:\/\/www.vapeswholesaler.com\/fr\/produit\/bang-bc5000-jetable-vape-wholesale","title":{"rendered":"Bang BC5000 Vape jetable Vente en gros"},"content":{"rendered":"<p><a href=\"https:\/\/www.vapeswholesaler.com\/fr\/marque_du_produit\/coup\/\">Bang<\/a> BC5000 is a nice designed disposable vape, it comes with 13ml eliquid and with 50mg nicotine, it build with 650mah rechargeable battery which can support max 5000 puffs.<\/p>\n<p>Grossiste Bang BC5000 au meilleur prix et livraison rapide !<\/p>\n<h2><strong><a href=\"https:\/\/www.facebook.com\/fred.luo.58\/\">Bang<\/a> BC5000 Box Disposable Vape Quick Detail<\/strong><\/h2>\n<ol>\n<li>Puffs : 5000<\/li>\n<li>Sel de nicotine : 5%<\/li>\n<li>Capacit\u00e9 d'Eliquide : 13ML<\/li>\n<li>R\u00e9sistance : 1,2 ohm Mesh<\/li>\n<li>Poids du corps : 52g<\/li>\n<li>Taille du carton : 52.3*38*28.5cm<\/li>\n<li>Poids du carton : 16.5kg\/ 300 PCS<\/li>\n<li>Port de charge : Type C<\/li>\n<\/ol>\n<h2><strong>Liste des saveurs :<\/strong><\/h2>\n<ol>\n<li>Glace Blue Razz<\/li>\n<li>Glace aux myrtilles<\/li>\n<li>Myrtille Citron<\/li>\n<li>Cola Ice<\/li>\n<li>L'\u00e9nergie<\/li>\n<li>Ours en gomme<\/li>\n<li>Kiwi Fruit de la passion Goyave<\/li>\n<li>Menthe citronn\u00e9e<\/li>\n<li>Mangue P\u00eache<\/li>\n<li>Jus d'orange<\/li>\n<li>Glace \u00e0 la p\u00eache<\/li>\n<li>P\u00eache Mangue Past\u00e8que<\/li>\n<li>Ananas noix de coco<\/li>\n<li>Raisin Sakura<\/li>\n<li>Pomme acide Framboise<\/li>\n<li>Fraise et banane<\/li>\n<li>Glace \u00e0 la fraise<\/li>\n<li>Fraise Kiwi<\/li>\n<li>Fraise Mangue<\/li>\n<li>Past\u00e8que \u00e0 la fraise<\/li>\n<li>Triple baies<\/li>\n<li>L'explosion de l'arc-en-ciel tropical<\/li>\n<li>Gomme \u00e0 m\u00e2cher \u00e0 la past\u00e8que<\/li>\n<li>Glace \u00e0 la past\u00e8que<\/li>\n<\/ol>\n<figure id=\"attachment_15746\" aria-describedby=\"caption-attachment-15746\" style=\"width: 800px\" class=\"wp-caption alignnone\"><img loading=\"lazy\" decoding=\"async\" class=\"wp-image-15746 size-full\" title=\"Bang BC5000 Vape jetable en gros (11)\" src=\"https:\/\/www.vapeswholesaler.com\/wp-content\/uploads\/2024\/06\/Bang-BC5000-Disposable-Vape-Wholesale-11.jpg\" alt=\"Bang BC5000 Vape jetable en gros (11)\" width=\"800\" height=\"800\" srcset=\"https:\/\/www.vapeswholesaler.com\/wp-content\/uploads\/2024\/06\/Bang-BC5000-Disposable-Vape-Wholesale-11.jpg 800w, https:\/\/www.vapeswholesaler.com\/wp-content\/uploads\/2024\/06\/Bang-BC5000-Disposable-Vape-Wholesale-11-300x300.jpg 300w, https:\/\/www.vapeswholesaler.com\/wp-content\/uploads\/2024\/06\/Bang-BC5000-Disposable-Vape-Wholesale-11-150x150.jpg 150w, https:\/\/www.vapeswholesaler.com\/wp-content\/uploads\/2024\/06\/Bang-BC5000-Disposable-Vape-Wholesale-11-768x768.jpg 768w, https:\/\/www.vapeswholesaler.com\/wp-content\/uploads\/2024\/06\/Bang-BC5000-Disposable-Vape-Wholesale-11-12x12.jpg 12w, https:\/\/www.vapeswholesaler.com\/wp-content\/uploads\/2024\/06\/Bang-BC5000-Disposable-Vape-Wholesale-11-247x247.jpg 247w, https:\/\/www.vapeswholesaler.com\/wp-content\/uploads\/2024\/06\/Bang-BC5000-Disposable-Vape-Wholesale-11-510x510.jpg 510w, https:\/\/www.vapeswholesaler.com\/wp-content\/uploads\/2024\/06\/Bang-BC5000-Disposable-Vape-Wholesale-11-100x100.jpg 100w\" sizes=\"auto, (max-width: 800px) 100vw, 800px\" \/><figcaption id=\"caption-attachment-15746\" class=\"wp-caption-text\">Bang BC5000 Vape jetable Vente en gros<\/figcaption><\/figure>","protected":false},"excerpt":{"rendered":"<p>Quantit\u00e9 minimale de commande :\u00a0<strong>50pcs <\/strong>(M\u00e9lange de saveurs)\u00a0\u00a0<strong>Livraison gratuite<\/strong><\/p>\n<p>\uff08<strong>0%\uff0c2%\uff0c3%\uff0c5%<\/strong>\uff09<\/p>","protected":false},"featured_media":15747,"comment_status":"open","ping_status":"closed","template":"","meta":[],"product_cat":[15],"product_tag":[388,391],"class_list":{"0":"post-15736","1":"product","2":"type-product","3":"status-publish","4":"has-post-thumbnail","6":"product_cat-disposable-vape","7":"product_tag-bang","8":"product_tag-5000-puffs","9":"product_brand-bang","11":"first","12":"outofstock","13":"shipping-taxable","14":"purchasable","15":"product-type-variable"},"aioseo_notices":[],"_links":{"self":[{"href":"https:\/\/www.vapeswholesaler.com\/fr\/wp-json\/wp\/v2\/product\/15736","targetHints":{"allow":["GET"]}}],"collection":[{"href":"https:\/\/www.vapeswholesaler.com\/fr\/wp-json\/wp\/v2\/product"}],"about":[{"href":"https:\/\/www.vapeswholesaler.com\/fr\/wp-json\/wp\/v2\/types\/product"}],"replies":[{"embeddable":true,"href":"https:\/\/www.vapeswholesaler.com\/fr\/wp-json\/wp\/v2\/comments?post=15736"}],"wp:featuredmedia":[{"embeddable":true,"href":"https:\/\/www.vapeswholesaler.com\/fr\/wp-json\/wp\/v2\/media\/15747"}],"wp:attachment":[{"href":"https:\/\/www.vapeswholesaler.com\/fr\/wp-json\/wp\/v2\/media?parent=15736"}],"wp:term":[{"taxonomy":"product_cat","embeddable":true,"href":"https:\/\/www.vapeswholesaler.com\/fr\/wp-json\/wp\/v2\/product_cat?post=15736"},{"taxonomy":"product_tag","embeddable":true,"href":"https:\/\/www.vapeswholesaler.com\/fr\/wp-json\/wp\/v2\/product_tag?post=15736"}],"curies":[{"name":"wp","href":"https:\/\/api.w.org\/{rel}","templated":true}]}}