{"id":15562,"date":"2024-05-21T15:57:56","date_gmt":"2024-05-21T15:57:56","guid":{"rendered":"https:\/\/www.vapeswholesaler.com\/?post_type=product&#038;p=15562"},"modified":"2025-02-23T15:42:03","modified_gmt":"2025-02-23T07:42:03","slug":"rabbeats-rc10000-touch-disposable-vape-wholesale","status":"publish","type":"product","link":"https:\/\/www.vapeswholesaler.com\/fr\/produit\/rabbeats-rc10000-touch-disposable-vape-wholesale","title":{"rendered":"RabBeats RC10000 Touch Vape jetable en gros"},"content":{"rendered":"<p>Le futur est entre vos mains avec le nouveau RC10000 TOUCH Disposable de RabBeats. Dot\u00e9 d'un \u00e9cran tactile interactif avec des animations uniques, ce dispositif \u00e0 10 000 bouff\u00e9es est une mise \u00e0 jour plus ambitieuse de l'actuel RC10000 jetable de RabBeats, avec 3 modes r\u00e9glables diff\u00e9rents : Light, Smooth et Strong. En standard, l'appareil est aliment\u00e9 par une batterie rechargeable de 620mAh et contient 14mL d'e-liquide pr\u00e9-rempli. Ne vous contentez pas d'imaginer le futur de la vape, touchez-le.<\/p>\n<h2><strong>RabBeats RC10000 Touch Caract\u00e9ristiques :<\/strong><\/h2>\n<ul>\n<li>10 000 bouff\u00e9es<\/li>\n<li>\u00c9cran tactile interactif<\/li>\n<li>3 modes r\u00e9glables : L\u00c9GER, DOUX ET FORT<\/li>\n<li>14mL E-Liquid Pre-fill<\/li>\n<li>Batterie rechargeable 620mAh (Type-C)<\/li>\n<\/ul>\n<h2><strong>Liste des ar\u00f4mes :<\/strong><\/h2>\n<ol>\n<li>Bleu Razz lce<\/li>\n<li>Past\u00e8que \u00e0 la myrtille<\/li>\n<li>Cerise Citron<\/li>\n<li>Agrumes Raisin<\/li>\n<li>Banane \u00e0 la noix de coco<\/li>\n<li>Dragon Strawnana<\/li>\n<li>P\u00eache de G\u00e9orgie<\/li>\n<li>La Monnaie de LA<\/li>\n<li>Mont Splash<\/li>\n<li>OMG<\/li>\n<li>Framboise rubis<\/li>\n<li>Past\u00e8que BG<\/li>\n<\/ol>\n<p>&nbsp;<\/p>\n<figure id=\"attachment_15569\" aria-describedby=\"caption-attachment-15569\" style=\"width: 800px\" class=\"wp-caption alignnone\"><img loading=\"lazy\" decoding=\"async\" class=\"wp-image-15569 size-full\" title=\"RabBeats RC10000 Touch Vape jetable Mont\u00e9e en gros splash\" src=\"https:\/\/www.vapeswholesaler.com\/wp-content\/uploads\/2024\/05\/RabBeats-RC10000-Touch-Disposable-Vape-Wholesale-mount-splash.jpg\" alt=\"RabBeats RC10000 Touch Vape jetable Mont\u00e9e en gros splash\" width=\"800\" height=\"800\" srcset=\"https:\/\/www.vapeswholesaler.com\/wp-content\/uploads\/2024\/05\/RabBeats-RC10000-Touch-Disposable-Vape-Wholesale-mount-splash.jpg 800w, https:\/\/www.vapeswholesaler.com\/wp-content\/uploads\/2024\/05\/RabBeats-RC10000-Touch-Disposable-Vape-Wholesale-mount-splash-300x300.jpg 300w, https:\/\/www.vapeswholesaler.com\/wp-content\/uploads\/2024\/05\/RabBeats-RC10000-Touch-Disposable-Vape-Wholesale-mount-splash-150x150.jpg 150w, https:\/\/www.vapeswholesaler.com\/wp-content\/uploads\/2024\/05\/RabBeats-RC10000-Touch-Disposable-Vape-Wholesale-mount-splash-768x768.jpg 768w, https:\/\/www.vapeswholesaler.com\/wp-content\/uploads\/2024\/05\/RabBeats-RC10000-Touch-Disposable-Vape-Wholesale-mount-splash-12x12.jpg 12w, https:\/\/www.vapeswholesaler.com\/wp-content\/uploads\/2024\/05\/RabBeats-RC10000-Touch-Disposable-Vape-Wholesale-mount-splash-247x247.jpg 247w, https:\/\/www.vapeswholesaler.com\/wp-content\/uploads\/2024\/05\/RabBeats-RC10000-Touch-Disposable-Vape-Wholesale-mount-splash-510x510.jpg 510w, https:\/\/www.vapeswholesaler.com\/wp-content\/uploads\/2024\/05\/RabBeats-RC10000-Touch-Disposable-Vape-Wholesale-mount-splash-100x100.jpg 100w\" sizes=\"auto, (max-width: 800px) 100vw, 800px\" \/><figcaption id=\"caption-attachment-15569\" class=\"wp-caption-text\">RabBeats RC10000 Touch Vape jetable en gros<\/figcaption><\/figure>\n<p><img loading=\"lazy\" decoding=\"async\" class=\"alignnone wp-image-15573 size-full\" title=\"RabBeats RC10000 Touch Vape jetable en gros\" src=\"https:\/\/www.vapeswholesaler.com\/wp-content\/uploads\/2024\/05\/RabBeats-RC10000-Touch-Disposable-Vape-Wholesale.jpg\" alt=\"RabBeats RC10000 Touch Vape jetable en gros\" width=\"1000\" height=\"1343\" srcset=\"https:\/\/www.vapeswholesaler.com\/wp-content\/uploads\/2024\/05\/RabBeats-RC10000-Touch-Disposable-Vape-Wholesale.jpg 1000w, https:\/\/www.vapeswholesaler.com\/wp-content\/uploads\/2024\/05\/RabBeats-RC10000-Touch-Disposable-Vape-Wholesale-223x300.jpg 223w, https:\/\/www.vapeswholesaler.com\/wp-content\/uploads\/2024\/05\/RabBeats-RC10000-Touch-Disposable-Vape-Wholesale-762x1024.jpg 762w, https:\/\/www.vapeswholesaler.com\/wp-content\/uploads\/2024\/05\/RabBeats-RC10000-Touch-Disposable-Vape-Wholesale-768x1031.jpg 768w, https:\/\/www.vapeswholesaler.com\/wp-content\/uploads\/2024\/05\/RabBeats-RC10000-Touch-Disposable-Vape-Wholesale-9x12.jpg 9w, https:\/\/www.vapeswholesaler.com\/wp-content\/uploads\/2024\/05\/RabBeats-RC10000-Touch-Disposable-Vape-Wholesale-510x685.jpg 510w\" sizes=\"auto, (max-width: 1000px) 100vw, 1000px\" \/> <img loading=\"lazy\" decoding=\"async\" class=\"alignnone size-full wp-image-15574\" title=\"RabBeats RC10000 Touch Vape jetable en gros 2\" src=\"https:\/\/www.vapeswholesaler.com\/wp-content\/uploads\/2024\/05\/RabBeats-RC10000-Touch-Disposable-Vape-Wholesale_2.jpg\" alt=\"RabBeats RC10000 Touch Vape jetable en gros 2\" width=\"1000\" height=\"1117\" srcset=\"https:\/\/www.vapeswholesaler.com\/wp-content\/uploads\/2024\/05\/RabBeats-RC10000-Touch-Disposable-Vape-Wholesale_2.jpg 1000w, https:\/\/www.vapeswholesaler.com\/wp-content\/uploads\/2024\/05\/RabBeats-RC10000-Touch-Disposable-Vape-Wholesale_2-269x300.jpg 269w, https:\/\/www.vapeswholesaler.com\/wp-content\/uploads\/2024\/05\/RabBeats-RC10000-Touch-Disposable-Vape-Wholesale_2-917x1024.jpg 917w, https:\/\/www.vapeswholesaler.com\/wp-content\/uploads\/2024\/05\/RabBeats-RC10000-Touch-Disposable-Vape-Wholesale_2-768x858.jpg 768w, https:\/\/www.vapeswholesaler.com\/wp-content\/uploads\/2024\/05\/RabBeats-RC10000-Touch-Disposable-Vape-Wholesale_2-11x12.jpg 11w, https:\/\/www.vapeswholesaler.com\/wp-content\/uploads\/2024\/05\/RabBeats-RC10000-Touch-Disposable-Vape-Wholesale_2-510x570.jpg 510w\" sizes=\"auto, (max-width: 1000px) 100vw, 1000px\" \/><\/p>","protected":false},"excerpt":{"rendered":"<p>Quantit\u00e9 minimale de commande : 10000 PCS (m\u00e9lange d'ar\u00f4mes)\u00a0 \u00a0<strong>Livraison gratuite<\/strong><\/p>\n<p>\uff08<strong>2%\uff0c5%<\/strong>\uff09<\/p>","protected":false},"featured_media":15576,"comment_status":"open","ping_status":"closed","template":"","meta":[],"product_cat":[15],"product_tag":[],"class_list":{"0":"post-15562","1":"product","2":"type-product","3":"status-publish","4":"has-post-thumbnail","6":"product_cat-disposable-vape","7":"product_brand-rabbeats","9":"first","10":"instock","11":"shipping-taxable","12":"purchasable","13":"product-type-variable","14":"has-default-attributes"},"aioseo_notices":[],"_links":{"self":[{"href":"https:\/\/www.vapeswholesaler.com\/fr\/wp-json\/wp\/v2\/product\/15562","targetHints":{"allow":["GET"]}}],"collection":[{"href":"https:\/\/www.vapeswholesaler.com\/fr\/wp-json\/wp\/v2\/product"}],"about":[{"href":"https:\/\/www.vapeswholesaler.com\/fr\/wp-json\/wp\/v2\/types\/product"}],"replies":[{"embeddable":true,"href":"https:\/\/www.vapeswholesaler.com\/fr\/wp-json\/wp\/v2\/comments?post=15562"}],"wp:featuredmedia":[{"embeddable":true,"href":"https:\/\/www.vapeswholesaler.com\/fr\/wp-json\/wp\/v2\/media\/15576"}],"wp:attachment":[{"href":"https:\/\/www.vapeswholesaler.com\/fr\/wp-json\/wp\/v2\/media?parent=15562"}],"wp:term":[{"taxonomy":"product_cat","embeddable":true,"href":"https:\/\/www.vapeswholesaler.com\/fr\/wp-json\/wp\/v2\/product_cat?post=15562"},{"taxonomy":"product_tag","embeddable":true,"href":"https:\/\/www.vapeswholesaler.com\/fr\/wp-json\/wp\/v2\/product_tag?post=15562"}],"curies":[{"name":"wp","href":"https:\/\/api.w.org\/{rel}","templated":true}]}}