{"id":15512,"date":"2024-05-21T15:21:21","date_gmt":"2024-05-21T15:21:21","guid":{"rendered":"https:\/\/www.vapeswholesaler.com\/?post_type=product&#038;p=15512"},"modified":"2025-11-20T11:23:29","modified_gmt":"2025-11-20T03:23:29","slug":"elf-bar-bc18000-jetable-vape-wholesale","status":"publish","type":"product","link":"https:\/\/www.vapeswholesaler.com\/fr\/produit\/elf-bar-bc18000-jetable-vape-wholesale","title":{"rendered":"Elf Bar BC18000 Disposable Vape Wholesale"},"content":{"rendered":"<p>L'Elf Bar BC18000 est pr\u00e9-rempli avec un g\u00e9n\u00e9reux 25ml d'e-juice, il est con\u00e7u pour r\u00e9pondre \u00e0 vos besoins de vapotage pendant une p\u00e9riode prolong\u00e9e. La teneur en nicotine de 5% offre un \u00e9quilibre parfait entre satisfaction et douceur, rendant chaque bouff\u00e9e aussi agr\u00e9able que la pr\u00e9c\u00e9dente.<\/p>\n<p>Au c\u0153ur des performances impressionnantes de l'Elf Bar BC18000 se trouve une batterie rechargeable de 650mAh, qui garantit que le plaisir du vapotage peut se poursuivre sans interruption. L'inclusion d'un port de charge de type C repr\u00e9sente le summum de la commodit\u00e9, offrant un r\u00e9approvisionnement en \u00e9nergie rapide et fiable.<\/p>\n<h2>Elf Bar BC18000 puff Vape jetable Quick Details<\/h2>\n<p>Marque : Elf Bar<br \/>\nType : BC18000<br \/>\nBouff\u00e9es : 18000 bouff\u00e9es<br \/>\nNicotine : 5%<br \/>\nCapacit\u00e9 E-juice : 25 ML<br \/>\nCapacit\u00e9 de la batterie : 650mAh ( rechargeable )<br \/>\nPort de charge : Type C<\/p>\n<h2>Elf Bar BC18000 Liste des saveurs<\/h2>\n<p>M\u00fbre Cerise<br \/>\nGlace Blue Razz<br \/>\nCherry Lime<br \/>\nRaisin Canneberge<br \/>\nGlace de raisin<br \/>\nKiwi Fruit de la passion Goyave<br \/>\nP\u00eache Mangue Past\u00e8que<br \/>\nAnanas Pamplemousse Dragon Pamplemousse<br \/>\nPomme acide<br \/>\nFraise et banane<br \/>\nFraise Kiwi<br \/>\nMenthe poivr\u00e9e<br \/>\nGlace \u00e0 la past\u00e8que<br \/>\nKiwi Ananas P\u00eache<br \/>\nPamplemousse Fruit de la passion<\/p>\n<h2>Contenu de l'emballage :<\/h2>\n<p>C\u00e9libataire avec un petit paquet<br \/>\n10 pi\u00e8ces dans une bo\u00eete moyenne.<br \/>\n200 pi\u00e8ces par carton<\/p>\n<div><\/div>\n<div>\n<h2><strong>Caract\u00e9ristiques du produit :<\/strong><\/h2>\n<ul>\n<li><strong>Nombre massif de bouff\u00e9es :<\/strong>\u00a0D\u00e9livre jusqu'\u00e0 18 000 bouff\u00e9es pour une satisfaction durable.<\/li>\n<li><strong>Volume d'E-Juice g\u00e9n\u00e9reux :<\/strong>\u00a0Pr\u00e9-rempli de 25ml d'e-juice pour des sessions de vapotage prolong\u00e9es.<\/li>\n<li><strong>Intensit\u00e9 optimale de la nicotine :<\/strong>\u00a0Contient 5% de nicotine pour un effet de gorge \u00e9quilibr\u00e9.<\/li>\n<li><strong>Batterie rechargeable :<\/strong>\u00a0\u00c9quip\u00e9 d'une batterie de 650mAh pour soutenir son nombre important de bouff\u00e9es.<\/li>\n<li><strong>USB Type-C Chargement :<\/strong>\u00a0Capacit\u00e9 de charge moderne et efficace pour un temps d'arr\u00eat minimal.<\/li>\n<li><strong>Large choix d'ar\u00f4mes :<\/strong>\u00a0Choisissez parmi une liste \u00e9tendue de 15 saveurs d\u00e9licieuses.<\/li>\n<\/ul>\n<figure id=\"attachment_15559\" aria-describedby=\"caption-attachment-15559\" style=\"width: 800px\" class=\"wp-caption alignnone\"><img loading=\"lazy\" decoding=\"async\" class=\"wp-image-15559 size-full\" title=\"Elf Bar BC18000 Vape jetable en gros Watermelon Ice 18000 bouff\u00e9es\" src=\"https:\/\/www.vapeswholesaler.com\/wp-content\/uploads\/2024\/05\/Elf-Bar-BC18000-Disposable-Vape-Wholesale-Watermelon-Ice-18000-Puffs.jpg\" alt=\"Elf Bar BC18000 Vape jetable en gros Watermelon Ice 18000 bouff\u00e9es\" width=\"800\" height=\"800\" srcset=\"https:\/\/www.vapeswholesaler.com\/wp-content\/uploads\/2024\/05\/Elf-Bar-BC18000-Disposable-Vape-Wholesale-Watermelon-Ice-18000-Puffs.jpg 800w, https:\/\/www.vapeswholesaler.com\/wp-content\/uploads\/2024\/05\/Elf-Bar-BC18000-Disposable-Vape-Wholesale-Watermelon-Ice-18000-Puffs-300x300.jpg 300w, https:\/\/www.vapeswholesaler.com\/wp-content\/uploads\/2024\/05\/Elf-Bar-BC18000-Disposable-Vape-Wholesale-Watermelon-Ice-18000-Puffs-150x150.jpg 150w, https:\/\/www.vapeswholesaler.com\/wp-content\/uploads\/2024\/05\/Elf-Bar-BC18000-Disposable-Vape-Wholesale-Watermelon-Ice-18000-Puffs-768x768.jpg 768w, https:\/\/www.vapeswholesaler.com\/wp-content\/uploads\/2024\/05\/Elf-Bar-BC18000-Disposable-Vape-Wholesale-Watermelon-Ice-18000-Puffs-12x12.jpg 12w, https:\/\/www.vapeswholesaler.com\/wp-content\/uploads\/2024\/05\/Elf-Bar-BC18000-Disposable-Vape-Wholesale-Watermelon-Ice-18000-Puffs-247x247.jpg 247w, https:\/\/www.vapeswholesaler.com\/wp-content\/uploads\/2024\/05\/Elf-Bar-BC18000-Disposable-Vape-Wholesale-Watermelon-Ice-18000-Puffs-510x510.jpg 510w, https:\/\/www.vapeswholesaler.com\/wp-content\/uploads\/2024\/05\/Elf-Bar-BC18000-Disposable-Vape-Wholesale-Watermelon-Ice-18000-Puffs-100x100.jpg 100w\" sizes=\"auto, (max-width: 800px) 100vw, 800px\" \/><figcaption id=\"caption-attachment-15559\" class=\"wp-caption-text\">Elf Bar BC18000 Disposable Vape Wholesale<\/figcaption><\/figure>\n<\/div>","protected":false},"excerpt":{"rendered":"<p>Quantit\u00e9 minimale de commande : 10000 PCS (m\u00e9lange d'ar\u00f4mes)\u00a0 <strong>Livraison gratuite<\/strong><\/p>\n<p>\uff08<strong>2%\uff0c5%<\/strong>\uff09<\/p>","protected":false},"featured_media":15559,"comment_status":"open","ping_status":"closed","template":"","meta":[],"product_cat":[15],"product_tag":[],"class_list":{"0":"post-15512","1":"product","2":"type-product","3":"status-publish","4":"has-post-thumbnail","6":"product_cat-disposable-vape","7":"product_brand-elf-bar","9":"first","10":"outofstock","11":"shipping-taxable","12":"purchasable","13":"product-type-variable","14":"has-default-attributes"},"aioseo_notices":[],"_links":{"self":[{"href":"https:\/\/www.vapeswholesaler.com\/fr\/wp-json\/wp\/v2\/product\/15512","targetHints":{"allow":["GET"]}}],"collection":[{"href":"https:\/\/www.vapeswholesaler.com\/fr\/wp-json\/wp\/v2\/product"}],"about":[{"href":"https:\/\/www.vapeswholesaler.com\/fr\/wp-json\/wp\/v2\/types\/product"}],"replies":[{"embeddable":true,"href":"https:\/\/www.vapeswholesaler.com\/fr\/wp-json\/wp\/v2\/comments?post=15512"}],"wp:featuredmedia":[{"embeddable":true,"href":"https:\/\/www.vapeswholesaler.com\/fr\/wp-json\/wp\/v2\/media\/15559"}],"wp:attachment":[{"href":"https:\/\/www.vapeswholesaler.com\/fr\/wp-json\/wp\/v2\/media?parent=15512"}],"wp:term":[{"taxonomy":"product_cat","embeddable":true,"href":"https:\/\/www.vapeswholesaler.com\/fr\/wp-json\/wp\/v2\/product_cat?post=15512"},{"taxonomy":"product_tag","embeddable":true,"href":"https:\/\/www.vapeswholesaler.com\/fr\/wp-json\/wp\/v2\/product_tag?post=15512"}],"curies":[{"name":"wp","href":"https:\/\/api.w.org\/{rel}","templated":true}]}}